{"id":999,"date":"2024-02-14T00:53:55","date_gmt":"2024-02-14T00:53:55","guid":{"rendered":"https:\/\/tipu.ee\/toode\/zuckersuesse-karte-mit-schokoladenmedaillon\/"},"modified":"2024-02-14T00:53:55","modified_gmt":"2024-02-14T00:53:55","slug":"zuckersuesse-karte-mit-schokoladenmedaillon","status":"publish","type":"product","link":"https:\/\/tipu.ee\/de\/toode\/zuckersuesse-karte-mit-schokoladenmedaillon\/","title":{"rendered":"Zuckers\u00fc\u00dfe Karte mit Schokoladenmedaillon"},"content":{"rendered":"<p>Es gibt keine Nachricht, die nicht mit Schokolade vers\u00fc\u00dft werden k\u00f6nnte!<br \/>\nA4 gefaltet zu A5, mit einem k\u00f6stlichen Schokoladenmedaillon von einem europ\u00e4ischen Hersteller.<\/p>\n<p>PERSONALISIERBAR:<\/p>\n<p>Karte, beidseitiger Vollfarbdruck, wei\u00dfes \u00d6ko- oder Kraftpapier<br \/>\nWEITERE ELEMENTE:<\/p>\n<p>ausgew\u00e4hltes Milchschokoladen-Medaillon<\/p>\n<p>ABMESSUNGEN:<br \/>\nMedaillon: \u00d8: 90 mm, h: 10 mm<br \/>\nKarte: A4 gefaltet zu A5<\/p>\n<p>Verschiedene Schokoladen zur Auswahl.<\/p>\n","protected":false},"excerpt":{"rendered":"<p>Es gibt keine Nachricht, die nicht mit Schokolade vers\u00fc\u00dft werden k\u00f6nnte! A4 gefaltet zu A5, mit einem k\u00f6stlichen Schokoladenmedaillon von einem europ\u00e4ischen Hersteller. PERSONALISIERBAR: Karte, beidseitiger Vollfarbdruck, wei\u00dfes \u00d6ko- oder Kraftpapier WEITERE ELEMENTE: ausgew\u00e4hltes Milchschokoladen-Medaillon ABMESSUNGEN: Medaillon: \u00d8: 90 mm, h: 10 mm Karte: A4 gefaltet zu A5 Verschiedene Schokoladen zur Auswahl.<\/p>\n","protected":false},"featured_media":762,"comment_status":"open","ping_status":"closed","template":"","meta":{"_acf_changed":false},"product_cat":[15],"product_tag":[],"class_list":{"0":"post-999","1":"product","2":"type-product","3":"status-publish","4":"has-post-thumbnail","6":"product_cat-kasvavad-kingitused","8":"first","9":"instock","10":"shipping-taxable","11":"product-type-simple"},"acf":[],"yoast_head":"<!-- This site is optimized with the Yoast SEO plugin v22.1 - https:\/\/yoast.com\/wordpress\/plugins\/seo\/ -->\n<title>Zuckers\u00fc\u00dfe Karte mit Schokoladenmedaillon - TIPU<\/title>\n<meta name=\"robots\" content=\"index, follow, max-snippet:-1, max-image-preview:large, max-video-preview:-1\" \/>\n<link rel=\"canonical\" href=\"https:\/\/tipu.ee\/de\/toode\/zuckersuesse-karte-mit-schokoladenmedaillon\/\" \/>\n<meta property=\"og:locale\" content=\"de_DE\" \/>\n<meta property=\"og:type\" content=\"article\" \/>\n<meta property=\"og:title\" content=\"Zuckers\u00fc\u00dfe Karte mit Schokoladenmedaillon - TIPU\" \/>\n<meta property=\"og:description\" content=\"Es gibt keine Nachricht, die nicht mit Schokolade vers\u00fc\u00dft werden k\u00f6nnte! A4 gefaltet zu A5, mit einem k\u00f6stlichen Schokoladenmedaillon von einem europ\u00e4ischen Hersteller. PERSONALISIERBAR: Karte, beidseitiger Vollfarbdruck, wei\u00dfes \u00d6ko- oder Kraftpapier WEITERE ELEMENTE: ausgew\u00e4hltes Milchschokoladen-Medaillon ABMESSUNGEN: Medaillon: \u00d8: 90 mm, h: 10 mm Karte: A4 gefaltet zu A5 Verschiedene Schokoladen zur Auswahl.\" \/>\n<meta property=\"og:url\" content=\"https:\/\/tipu.ee\/de\/toode\/zuckersuesse-karte-mit-schokoladenmedaillon\/\" \/>\n<meta property=\"og:site_name\" content=\"TIPU\" \/>\n<meta property=\"og:image\" content=\"http:\/\/tipu.ee\/wp-content\/uploads\/2024\/02\/Eco-Gifts-made-in-EU-SPRING-SUMMER-2024-v1_Page_30_Image_0001.jpg\" \/>\n\t<meta property=\"og:image:width\" content=\"1002\" \/>\n\t<meta property=\"og:image:height\" content=\"1107\" \/>\n\t<meta property=\"og:image:type\" content=\"image\/jpeg\" \/>\n<meta name=\"twitter:card\" content=\"summary_large_image\" \/>\n<script type=\"application\/ld+json\" class=\"yoast-schema-graph\">{\"@context\":\"https:\/\/schema.org\",\"@graph\":[{\"@type\":\"WebPage\",\"@id\":\"https:\/\/tipu.ee\/de\/toode\/zuckersuesse-karte-mit-schokoladenmedaillon\/\",\"url\":\"https:\/\/tipu.ee\/de\/toode\/zuckersuesse-karte-mit-schokoladenmedaillon\/\",\"name\":\"Zuckers\u00fc\u00dfe Karte mit Schokoladenmedaillon - TIPU\",\"isPartOf\":{\"@id\":\"https:\/\/tipu.ee\/#website\"},\"datePublished\":\"2024-02-14T00:53:55+00:00\",\"dateModified\":\"2024-02-14T00:53:55+00:00\",\"breadcrumb\":{\"@id\":\"https:\/\/tipu.ee\/de\/toode\/zuckersuesse-karte-mit-schokoladenmedaillon\/#breadcrumb\"},\"inLanguage\":\"de\",\"potentialAction\":[{\"@type\":\"ReadAction\",\"target\":[\"https:\/\/tipu.ee\/de\/toode\/zuckersuesse-karte-mit-schokoladenmedaillon\/\"]}]},{\"@type\":\"BreadcrumbList\",\"@id\":\"https:\/\/tipu.ee\/de\/toode\/zuckersuesse-karte-mit-schokoladenmedaillon\/#breadcrumb\",\"itemListElement\":[{\"@type\":\"ListItem\",\"position\":1,\"name\":\"Home\",\"item\":\"https:\/\/tipu.ee\/\"},{\"@type\":\"ListItem\",\"position\":2,\"name\":\"Shop\",\"item\":\"https:\/\/tipu.ee\/de\/shop\/\"},{\"@type\":\"ListItem\",\"position\":3,\"name\":\"Zuckers\u00fc\u00dfe Karte mit Schokoladenmedaillon\"}]},{\"@type\":\"WebSite\",\"@id\":\"https:\/\/tipu.ee\/#website\",\"url\":\"https:\/\/tipu.ee\/\",\"name\":\"TIPU\",\"description\":\"\u00d6koloogilised \u00e4rikingitused\",\"publisher\":{\"@id\":\"https:\/\/tipu.ee\/#organization\"},\"potentialAction\":[{\"@type\":\"SearchAction\",\"target\":{\"@type\":\"EntryPoint\",\"urlTemplate\":\"https:\/\/tipu.ee\/?s={search_term_string}\"},\"query-input\":\"required name=search_term_string\"}],\"inLanguage\":\"de\"},{\"@type\":\"Organization\",\"@id\":\"https:\/\/tipu.ee\/#organization\",\"name\":\"TIPU\",\"url\":\"https:\/\/tipu.ee\/\",\"logo\":{\"@type\":\"ImageObject\",\"inLanguage\":\"de\",\"@id\":\"https:\/\/tipu.ee\/#\/schema\/logo\/image\/\",\"url\":\"https:\/\/tipu.ee\/wp-content\/uploads\/2024\/01\/tipulogo.png\",\"contentUrl\":\"https:\/\/tipu.ee\/wp-content\/uploads\/2024\/01\/tipulogo.png\",\"width\":205,\"height\":120,\"caption\":\"TIPU\"},\"image\":{\"@id\":\"https:\/\/tipu.ee\/#\/schema\/logo\/image\/\"}}]}<\/script>\n<!-- \/ Yoast SEO plugin. -->","yoast_head_json":{"title":"Zuckers\u00fc\u00dfe Karte mit Schokoladenmedaillon - TIPU","robots":{"index":"index","follow":"follow","max-snippet":"max-snippet:-1","max-image-preview":"max-image-preview:large","max-video-preview":"max-video-preview:-1"},"canonical":"https:\/\/tipu.ee\/de\/toode\/zuckersuesse-karte-mit-schokoladenmedaillon\/","og_locale":"de_DE","og_type":"article","og_title":"Zuckers\u00fc\u00dfe Karte mit Schokoladenmedaillon - TIPU","og_description":"Es gibt keine Nachricht, die nicht mit Schokolade vers\u00fc\u00dft werden k\u00f6nnte! A4 gefaltet zu A5, mit einem k\u00f6stlichen Schokoladenmedaillon von einem europ\u00e4ischen Hersteller. PERSONALISIERBAR: Karte, beidseitiger Vollfarbdruck, wei\u00dfes \u00d6ko- oder Kraftpapier WEITERE ELEMENTE: ausgew\u00e4hltes Milchschokoladen-Medaillon ABMESSUNGEN: Medaillon: \u00d8: 90 mm, h: 10 mm Karte: A4 gefaltet zu A5 Verschiedene Schokoladen zur Auswahl.","og_url":"https:\/\/tipu.ee\/de\/toode\/zuckersuesse-karte-mit-schokoladenmedaillon\/","og_site_name":"TIPU","og_image":[{"width":1002,"height":1107,"url":"http:\/\/tipu.ee\/wp-content\/uploads\/2024\/02\/Eco-Gifts-made-in-EU-SPRING-SUMMER-2024-v1_Page_30_Image_0001.jpg","type":"image\/jpeg"}],"twitter_card":"summary_large_image","schema":{"@context":"https:\/\/schema.org","@graph":[{"@type":"WebPage","@id":"https:\/\/tipu.ee\/de\/toode\/zuckersuesse-karte-mit-schokoladenmedaillon\/","url":"https:\/\/tipu.ee\/de\/toode\/zuckersuesse-karte-mit-schokoladenmedaillon\/","name":"Zuckers\u00fc\u00dfe Karte mit Schokoladenmedaillon - TIPU","isPartOf":{"@id":"https:\/\/tipu.ee\/#website"},"datePublished":"2024-02-14T00:53:55+00:00","dateModified":"2024-02-14T00:53:55+00:00","breadcrumb":{"@id":"https:\/\/tipu.ee\/de\/toode\/zuckersuesse-karte-mit-schokoladenmedaillon\/#breadcrumb"},"inLanguage":"de","potentialAction":[{"@type":"ReadAction","target":["https:\/\/tipu.ee\/de\/toode\/zuckersuesse-karte-mit-schokoladenmedaillon\/"]}]},{"@type":"BreadcrumbList","@id":"https:\/\/tipu.ee\/de\/toode\/zuckersuesse-karte-mit-schokoladenmedaillon\/#breadcrumb","itemListElement":[{"@type":"ListItem","position":1,"name":"Home","item":"https:\/\/tipu.ee\/"},{"@type":"ListItem","position":2,"name":"Shop","item":"https:\/\/tipu.ee\/de\/shop\/"},{"@type":"ListItem","position":3,"name":"Zuckers\u00fc\u00dfe Karte mit Schokoladenmedaillon"}]},{"@type":"WebSite","@id":"https:\/\/tipu.ee\/#website","url":"https:\/\/tipu.ee\/","name":"TIPU","description":"\u00d6koloogilised \u00e4rikingitused","publisher":{"@id":"https:\/\/tipu.ee\/#organization"},"potentialAction":[{"@type":"SearchAction","target":{"@type":"EntryPoint","urlTemplate":"https:\/\/tipu.ee\/?s={search_term_string}"},"query-input":"required name=search_term_string"}],"inLanguage":"de"},{"@type":"Organization","@id":"https:\/\/tipu.ee\/#organization","name":"TIPU","url":"https:\/\/tipu.ee\/","logo":{"@type":"ImageObject","inLanguage":"de","@id":"https:\/\/tipu.ee\/#\/schema\/logo\/image\/","url":"https:\/\/tipu.ee\/wp-content\/uploads\/2024\/01\/tipulogo.png","contentUrl":"https:\/\/tipu.ee\/wp-content\/uploads\/2024\/01\/tipulogo.png","width":205,"height":120,"caption":"TIPU"},"image":{"@id":"https:\/\/tipu.ee\/#\/schema\/logo\/image\/"}}]}},"_links":{"self":[{"href":"https:\/\/tipu.ee\/de\/wp-json\/wp\/v2\/product\/999","targetHints":{"allow":["GET"]}}],"collection":[{"href":"https:\/\/tipu.ee\/de\/wp-json\/wp\/v2\/product"}],"about":[{"href":"https:\/\/tipu.ee\/de\/wp-json\/wp\/v2\/types\/product"}],"replies":[{"embeddable":true,"href":"https:\/\/tipu.ee\/de\/wp-json\/wp\/v2\/comments?post=999"}],"wp:featuredmedia":[{"embeddable":true,"href":"https:\/\/tipu.ee\/de\/wp-json\/wp\/v2\/media\/762"}],"wp:attachment":[{"href":"https:\/\/tipu.ee\/de\/wp-json\/wp\/v2\/media?parent=999"}],"wp:term":[{"taxonomy":"product_cat","embeddable":true,"href":"https:\/\/tipu.ee\/de\/wp-json\/wp\/v2\/product_cat?post=999"},{"taxonomy":"product_tag","embeddable":true,"href":"https:\/\/tipu.ee\/de\/wp-json\/wp\/v2\/product_tag?post=999"}],"curies":[{"name":"wp","href":"https:\/\/api.w.org\/{rel}","templated":true}]}}