{"id":998,"date":"2024-02-14T01:01:31","date_gmt":"2024-02-14T01:01:31","guid":{"rendered":"https:\/\/tipu.ee\/toode\/oeko-schokolade\/"},"modified":"2024-02-14T01:01:31","modified_gmt":"2024-02-14T01:01:31","slug":"oeko-schokolade","status":"publish","type":"product","link":"https:\/\/tipu.ee\/de\/toode\/oeko-schokolade\/","title":{"rendered":"\u00d6ko-Schokolade"},"content":{"rendered":"<p>Schokolade: ein ewiger Klassiker in der Welt der Gesch\u00e4ftsgeschenke. Sie zu ignorieren ist wirklich schwer, besonders wenn sie handgefertigt ist, mit Fr\u00fcchten bedeckt und in einer sch\u00f6n bedruckten, speziell gestalteten Verpackung.<\/p>\n<p>PERSONALISIERBAR:<\/p>\n<p>Schokoladenpapier mit Vollfarbdruck, wei\u00dfes \u00d6kopapier oder Kraftpapier<br \/>\nWEITERE ELEMENTE:<\/p>\n<p>ausgew\u00e4hlte Schokolade mit ausgew\u00e4hlten Zus\u00e4tzen<br \/>\nABMESSUNGEN:<br \/>\nKLEIN, 53 g:<br \/>\n191 x 11 x 87 mm [Breite x Tiefe x H\u00f6he]<\/p>\n<p>GRO\u00df, 105 g:<br \/>\n220 x 13 x 120 mm [Breite x Tiefe x H\u00f6he]<\/p>\n<p>Erh\u00e4ltlich in verschiedenen Geschmacksrichtungen, in zwei Gr\u00f6\u00dfen und Gewichten, auch zuckerfreie Version oder mit BIO-Zertifikat.<\/p>\n","protected":false},"excerpt":{"rendered":"<p>Schokolade: ein ewiger Klassiker in der Welt der Gesch\u00e4ftsgeschenke. Sie zu ignorieren ist wirklich schwer, besonders wenn sie handgefertigt ist, mit Fr\u00fcchten bedeckt und in einer sch\u00f6n bedruckten, speziell gestalteten Verpackung. PERSONALISIERBAR: Schokoladenpapier mit Vollfarbdruck, wei\u00dfes \u00d6kopapier oder Kraftpapier WEITERE ELEMENTE: ausgew\u00e4hlte Schokolade mit ausgew\u00e4hlten Zus\u00e4tzen ABMESSUNGEN: KLEIN, 53 g: 191 x 11 x 87 [&hellip;]<\/p>\n","protected":false},"featured_media":764,"comment_status":"open","ping_status":"closed","template":"","meta":{"_acf_changed":false},"product_cat":[15],"product_tag":[],"class_list":{"0":"post-998","1":"product","2":"type-product","3":"status-publish","4":"has-post-thumbnail","6":"product_cat-kasvavad-kingitused","8":"first","9":"instock","10":"shipping-taxable","11":"product-type-simple"},"acf":[],"yoast_head":"<!-- This site is optimized with the Yoast SEO plugin v22.1 - https:\/\/yoast.com\/wordpress\/plugins\/seo\/ -->\n<title>\u00d6ko-Schokolade - TIPU<\/title>\n<meta name=\"robots\" content=\"index, follow, max-snippet:-1, max-image-preview:large, max-video-preview:-1\" \/>\n<link rel=\"canonical\" href=\"https:\/\/tipu.ee\/de\/toode\/oeko-schokolade\/\" \/>\n<meta property=\"og:locale\" content=\"de_DE\" \/>\n<meta property=\"og:type\" content=\"article\" \/>\n<meta property=\"og:title\" content=\"\u00d6ko-Schokolade - TIPU\" \/>\n<meta property=\"og:description\" content=\"Schokolade: ein ewiger Klassiker in der Welt der Gesch\u00e4ftsgeschenke. Sie zu ignorieren ist wirklich schwer, besonders wenn sie handgefertigt ist, mit Fr\u00fcchten bedeckt und in einer sch\u00f6n bedruckten, speziell gestalteten Verpackung. PERSONALISIERBAR: Schokoladenpapier mit Vollfarbdruck, wei\u00dfes \u00d6kopapier oder Kraftpapier WEITERE ELEMENTE: ausgew\u00e4hlte Schokolade mit ausgew\u00e4hlten Zus\u00e4tzen ABMESSUNGEN: KLEIN, 53 g: 191 x 11 x 87 [&hellip;]\" \/>\n<meta property=\"og:url\" content=\"https:\/\/tipu.ee\/de\/toode\/oeko-schokolade\/\" \/>\n<meta property=\"og:site_name\" content=\"TIPU\" \/>\n<meta property=\"og:image\" content=\"http:\/\/tipu.ee\/wp-content\/uploads\/2024\/02\/Eco-Gifts-made-in-EU-SPRING-SUMMER-2024-v1_Page_32_Image_0001.jpg\" \/>\n\t<meta property=\"og:image:width\" content=\"945\" \/>\n\t<meta property=\"og:image:height\" content=\"550\" \/>\n\t<meta property=\"og:image:type\" content=\"image\/jpeg\" \/>\n<meta name=\"twitter:card\" content=\"summary_large_image\" \/>\n<script type=\"application\/ld+json\" class=\"yoast-schema-graph\">{\"@context\":\"https:\/\/schema.org\",\"@graph\":[{\"@type\":\"WebPage\",\"@id\":\"https:\/\/tipu.ee\/de\/toode\/oeko-schokolade\/\",\"url\":\"https:\/\/tipu.ee\/de\/toode\/oeko-schokolade\/\",\"name\":\"\u00d6ko-Schokolade - TIPU\",\"isPartOf\":{\"@id\":\"https:\/\/tipu.ee\/#website\"},\"datePublished\":\"2024-02-14T01:01:31+00:00\",\"dateModified\":\"2024-02-14T01:01:31+00:00\",\"breadcrumb\":{\"@id\":\"https:\/\/tipu.ee\/de\/toode\/oeko-schokolade\/#breadcrumb\"},\"inLanguage\":\"de\",\"potentialAction\":[{\"@type\":\"ReadAction\",\"target\":[\"https:\/\/tipu.ee\/de\/toode\/oeko-schokolade\/\"]}]},{\"@type\":\"BreadcrumbList\",\"@id\":\"https:\/\/tipu.ee\/de\/toode\/oeko-schokolade\/#breadcrumb\",\"itemListElement\":[{\"@type\":\"ListItem\",\"position\":1,\"name\":\"Home\",\"item\":\"https:\/\/tipu.ee\/\"},{\"@type\":\"ListItem\",\"position\":2,\"name\":\"Shop\",\"item\":\"https:\/\/tipu.ee\/de\/shop\/\"},{\"@type\":\"ListItem\",\"position\":3,\"name\":\"\u00d6ko-Schokolade\"}]},{\"@type\":\"WebSite\",\"@id\":\"https:\/\/tipu.ee\/#website\",\"url\":\"https:\/\/tipu.ee\/\",\"name\":\"TIPU\",\"description\":\"\u00d6koloogilised \u00e4rikingitused\",\"publisher\":{\"@id\":\"https:\/\/tipu.ee\/#organization\"},\"potentialAction\":[{\"@type\":\"SearchAction\",\"target\":{\"@type\":\"EntryPoint\",\"urlTemplate\":\"https:\/\/tipu.ee\/?s={search_term_string}\"},\"query-input\":\"required name=search_term_string\"}],\"inLanguage\":\"de\"},{\"@type\":\"Organization\",\"@id\":\"https:\/\/tipu.ee\/#organization\",\"name\":\"TIPU\",\"url\":\"https:\/\/tipu.ee\/\",\"logo\":{\"@type\":\"ImageObject\",\"inLanguage\":\"de\",\"@id\":\"https:\/\/tipu.ee\/#\/schema\/logo\/image\/\",\"url\":\"https:\/\/tipu.ee\/wp-content\/uploads\/2024\/01\/tipulogo.png\",\"contentUrl\":\"https:\/\/tipu.ee\/wp-content\/uploads\/2024\/01\/tipulogo.png\",\"width\":205,\"height\":120,\"caption\":\"TIPU\"},\"image\":{\"@id\":\"https:\/\/tipu.ee\/#\/schema\/logo\/image\/\"}}]}<\/script>\n<!-- \/ Yoast SEO plugin. -->","yoast_head_json":{"title":"\u00d6ko-Schokolade - TIPU","robots":{"index":"index","follow":"follow","max-snippet":"max-snippet:-1","max-image-preview":"max-image-preview:large","max-video-preview":"max-video-preview:-1"},"canonical":"https:\/\/tipu.ee\/de\/toode\/oeko-schokolade\/","og_locale":"de_DE","og_type":"article","og_title":"\u00d6ko-Schokolade - TIPU","og_description":"Schokolade: ein ewiger Klassiker in der Welt der Gesch\u00e4ftsgeschenke. Sie zu ignorieren ist wirklich schwer, besonders wenn sie handgefertigt ist, mit Fr\u00fcchten bedeckt und in einer sch\u00f6n bedruckten, speziell gestalteten Verpackung. PERSONALISIERBAR: Schokoladenpapier mit Vollfarbdruck, wei\u00dfes \u00d6kopapier oder Kraftpapier WEITERE ELEMENTE: ausgew\u00e4hlte Schokolade mit ausgew\u00e4hlten Zus\u00e4tzen ABMESSUNGEN: KLEIN, 53 g: 191 x 11 x 87 [&hellip;]","og_url":"https:\/\/tipu.ee\/de\/toode\/oeko-schokolade\/","og_site_name":"TIPU","og_image":[{"width":945,"height":550,"url":"http:\/\/tipu.ee\/wp-content\/uploads\/2024\/02\/Eco-Gifts-made-in-EU-SPRING-SUMMER-2024-v1_Page_32_Image_0001.jpg","type":"image\/jpeg"}],"twitter_card":"summary_large_image","schema":{"@context":"https:\/\/schema.org","@graph":[{"@type":"WebPage","@id":"https:\/\/tipu.ee\/de\/toode\/oeko-schokolade\/","url":"https:\/\/tipu.ee\/de\/toode\/oeko-schokolade\/","name":"\u00d6ko-Schokolade - TIPU","isPartOf":{"@id":"https:\/\/tipu.ee\/#website"},"datePublished":"2024-02-14T01:01:31+00:00","dateModified":"2024-02-14T01:01:31+00:00","breadcrumb":{"@id":"https:\/\/tipu.ee\/de\/toode\/oeko-schokolade\/#breadcrumb"},"inLanguage":"de","potentialAction":[{"@type":"ReadAction","target":["https:\/\/tipu.ee\/de\/toode\/oeko-schokolade\/"]}]},{"@type":"BreadcrumbList","@id":"https:\/\/tipu.ee\/de\/toode\/oeko-schokolade\/#breadcrumb","itemListElement":[{"@type":"ListItem","position":1,"name":"Home","item":"https:\/\/tipu.ee\/"},{"@type":"ListItem","position":2,"name":"Shop","item":"https:\/\/tipu.ee\/de\/shop\/"},{"@type":"ListItem","position":3,"name":"\u00d6ko-Schokolade"}]},{"@type":"WebSite","@id":"https:\/\/tipu.ee\/#website","url":"https:\/\/tipu.ee\/","name":"TIPU","description":"\u00d6koloogilised \u00e4rikingitused","publisher":{"@id":"https:\/\/tipu.ee\/#organization"},"potentialAction":[{"@type":"SearchAction","target":{"@type":"EntryPoint","urlTemplate":"https:\/\/tipu.ee\/?s={search_term_string}"},"query-input":"required name=search_term_string"}],"inLanguage":"de"},{"@type":"Organization","@id":"https:\/\/tipu.ee\/#organization","name":"TIPU","url":"https:\/\/tipu.ee\/","logo":{"@type":"ImageObject","inLanguage":"de","@id":"https:\/\/tipu.ee\/#\/schema\/logo\/image\/","url":"https:\/\/tipu.ee\/wp-content\/uploads\/2024\/01\/tipulogo.png","contentUrl":"https:\/\/tipu.ee\/wp-content\/uploads\/2024\/01\/tipulogo.png","width":205,"height":120,"caption":"TIPU"},"image":{"@id":"https:\/\/tipu.ee\/#\/schema\/logo\/image\/"}}]}},"_links":{"self":[{"href":"https:\/\/tipu.ee\/de\/wp-json\/wp\/v2\/product\/998","targetHints":{"allow":["GET"]}}],"collection":[{"href":"https:\/\/tipu.ee\/de\/wp-json\/wp\/v2\/product"}],"about":[{"href":"https:\/\/tipu.ee\/de\/wp-json\/wp\/v2\/types\/product"}],"replies":[{"embeddable":true,"href":"https:\/\/tipu.ee\/de\/wp-json\/wp\/v2\/comments?post=998"}],"wp:featuredmedia":[{"embeddable":true,"href":"https:\/\/tipu.ee\/de\/wp-json\/wp\/v2\/media\/764"}],"wp:attachment":[{"href":"https:\/\/tipu.ee\/de\/wp-json\/wp\/v2\/media?parent=998"}],"wp:term":[{"taxonomy":"product_cat","embeddable":true,"href":"https:\/\/tipu.ee\/de\/wp-json\/wp\/v2\/product_cat?post=998"},{"taxonomy":"product_tag","embeddable":true,"href":"https:\/\/tipu.ee\/de\/wp-json\/wp\/v2\/product_tag?post=998"}],"curies":[{"name":"wp","href":"https:\/\/api.w.org\/{rel}","templated":true}]}}