{"id":997,"date":"2024-02-14T01:06:00","date_gmt":"2024-02-14T01:06:00","guid":{"rendered":"https:\/\/tipu.ee\/toode\/oeko-kaffee-in-einer-verpackung-oder-im-glas\/"},"modified":"2024-02-14T01:06:00","modified_gmt":"2024-02-14T01:06:00","slug":"oeko-kaffee-in-einer-verpackung-oder-im-glas","status":"publish","type":"product","link":"https:\/\/tipu.ee\/de\/toode\/oeko-kaffee-in-einer-verpackung-oder-im-glas\/","title":{"rendered":"\u00d6ko-Kaffee in einer Verpackung oder im Glas"},"content":{"rendered":"<p>Hei\u00dfer, reichhaltig aromatisierter Kaffee ist ein klassisches Werbegeschenk. Sorgf\u00e4ltig verpackter Naturkaffee funktioniert in jeder Situation hervorragend.<\/p>\n<p>KAFFEE IM GLAS:<\/p>\n<p>PERSONALISIERBAR:<\/p>\n<p>Vollfarb-UV-Etikett auf transparenter Folie, 65 x 57 mm<br \/>\nVollfarbetikett auf dem Deckel, \u00d8: 70 mm<br \/>\nVollfarbetikett, wei\u00dfes \u00d6kopapier oder Kraftpapier, 30 x 65 mm<br \/>\nVollfarbetikett auf der Schachtel, \u00d8: 45 mm<br \/>\nInformationskarte, Vollfarbdruck, wei\u00dfes \u00d6kopapier, 70 x 70 mm<br \/>\nausgew\u00e4hlter Kaffee<br \/>\nOptional:<br \/>\nVollfarbdruck auf der Schachtel<\/p>\n<p>WEITERE ELEMENTE:<\/p>\n<p>Glasgef\u00e4\u00df, 350 ml<br \/>\nPappschachtel mit Fenster<\/p>\n<p>ABMESSUNGEN:<br \/>\nGlas: \u00d8: 77 mm, h: 95 mm<br \/>\nSchachtel: 100 x 100 x 100 mm<\/p>\n<p>KAFFEE IN VERPACKUNG:<\/p>\n<p>BRANDING-ELEMENTE:<\/p>\n<p>Vollfarbetikett, 60 x 60 mm<br \/>\nausgew\u00e4hlter Kaffee<\/p>\n<p>WEITERE ELEMENTE:<\/p>\n<p>Verpackung aus Kraftpapier oder Folie<br \/>\nInformationsetikett auf der R\u00fcckseite der Verpackung<br \/>\nHolzklammer<\/p>\n<p>ABMESSUNGEN:<br \/>\n80 x 44 x 170 mm [Breite x Tiefe x H\u00f6he]<\/p>\n","protected":false},"excerpt":{"rendered":"<p>Hei\u00dfer, reichhaltig aromatisierter Kaffee ist ein klassisches Werbegeschenk. Sorgf\u00e4ltig verpackter Naturkaffee funktioniert in jeder Situation hervorragend. KAFFEE IM GLAS: PERSONALISIERBAR: Vollfarb-UV-Etikett auf transparenter Folie, 65 x 57 mm Vollfarbetikett auf dem Deckel, \u00d8: 70 mm Vollfarbetikett, wei\u00dfes \u00d6kopapier oder Kraftpapier, 30 x 65 mm Vollfarbetikett auf der Schachtel, \u00d8: 45 mm Informationskarte, Vollfarbdruck, wei\u00dfes \u00d6kopapier, [&hellip;]<\/p>\n","protected":false},"featured_media":768,"comment_status":"open","ping_status":"closed","template":"","meta":{"_acf_changed":false},"product_cat":[15],"product_tag":[],"class_list":{"0":"post-997","1":"product","2":"type-product","3":"status-publish","4":"has-post-thumbnail","6":"product_cat-kasvavad-kingitused","8":"first","9":"instock","10":"shipping-taxable","11":"product-type-simple"},"acf":[],"yoast_head":"<!-- This site is optimized with the Yoast SEO plugin v22.1 - https:\/\/yoast.com\/wordpress\/plugins\/seo\/ -->\n<title>\u00d6ko-Kaffee in einer Verpackung oder im Glas - TIPU<\/title>\n<meta name=\"robots\" content=\"index, follow, max-snippet:-1, max-image-preview:large, max-video-preview:-1\" \/>\n<link rel=\"canonical\" href=\"https:\/\/tipu.ee\/de\/toode\/oeko-kaffee-in-einer-verpackung-oder-im-glas\/\" \/>\n<meta property=\"og:locale\" content=\"de_DE\" \/>\n<meta property=\"og:type\" content=\"article\" \/>\n<meta property=\"og:title\" content=\"\u00d6ko-Kaffee in einer Verpackung oder im Glas - TIPU\" \/>\n<meta property=\"og:description\" content=\"Hei\u00dfer, reichhaltig aromatisierter Kaffee ist ein klassisches Werbegeschenk. Sorgf\u00e4ltig verpackter Naturkaffee funktioniert in jeder Situation hervorragend. KAFFEE IM GLAS: PERSONALISIERBAR: Vollfarb-UV-Etikett auf transparenter Folie, 65 x 57 mm Vollfarbetikett auf dem Deckel, \u00d8: 70 mm Vollfarbetikett, wei\u00dfes \u00d6kopapier oder Kraftpapier, 30 x 65 mm Vollfarbetikett auf der Schachtel, \u00d8: 45 mm Informationskarte, Vollfarbdruck, wei\u00dfes \u00d6kopapier, [&hellip;]\" \/>\n<meta property=\"og:url\" content=\"https:\/\/tipu.ee\/de\/toode\/oeko-kaffee-in-einer-verpackung-oder-im-glas\/\" \/>\n<meta property=\"og:site_name\" content=\"TIPU\" \/>\n<meta property=\"og:image\" content=\"http:\/\/tipu.ee\/wp-content\/uploads\/2024\/02\/coffee_teaa-886x886-1.jpg\" \/>\n\t<meta property=\"og:image:width\" content=\"850\" \/>\n\t<meta property=\"og:image:height\" content=\"850\" \/>\n\t<meta property=\"og:image:type\" content=\"image\/jpeg\" \/>\n<meta name=\"twitter:card\" content=\"summary_large_image\" \/>\n<meta name=\"twitter:label1\" content=\"Gesch\u00e4tzte Lesezeit\" \/>\n\t<meta name=\"twitter:data1\" content=\"1\u00a0Minute\" \/>\n<script type=\"application\/ld+json\" class=\"yoast-schema-graph\">{\"@context\":\"https:\/\/schema.org\",\"@graph\":[{\"@type\":\"WebPage\",\"@id\":\"https:\/\/tipu.ee\/de\/toode\/oeko-kaffee-in-einer-verpackung-oder-im-glas\/\",\"url\":\"https:\/\/tipu.ee\/de\/toode\/oeko-kaffee-in-einer-verpackung-oder-im-glas\/\",\"name\":\"\u00d6ko-Kaffee in einer Verpackung oder im Glas - TIPU\",\"isPartOf\":{\"@id\":\"https:\/\/tipu.ee\/#website\"},\"datePublished\":\"2024-02-14T01:06:00+00:00\",\"dateModified\":\"2024-02-14T01:06:00+00:00\",\"breadcrumb\":{\"@id\":\"https:\/\/tipu.ee\/de\/toode\/oeko-kaffee-in-einer-verpackung-oder-im-glas\/#breadcrumb\"},\"inLanguage\":\"de\",\"potentialAction\":[{\"@type\":\"ReadAction\",\"target\":[\"https:\/\/tipu.ee\/de\/toode\/oeko-kaffee-in-einer-verpackung-oder-im-glas\/\"]}]},{\"@type\":\"BreadcrumbList\",\"@id\":\"https:\/\/tipu.ee\/de\/toode\/oeko-kaffee-in-einer-verpackung-oder-im-glas\/#breadcrumb\",\"itemListElement\":[{\"@type\":\"ListItem\",\"position\":1,\"name\":\"Home\",\"item\":\"https:\/\/tipu.ee\/\"},{\"@type\":\"ListItem\",\"position\":2,\"name\":\"Shop\",\"item\":\"https:\/\/tipu.ee\/de\/shop\/\"},{\"@type\":\"ListItem\",\"position\":3,\"name\":\"\u00d6ko-Kaffee in einer Verpackung oder im Glas\"}]},{\"@type\":\"WebSite\",\"@id\":\"https:\/\/tipu.ee\/#website\",\"url\":\"https:\/\/tipu.ee\/\",\"name\":\"TIPU\",\"description\":\"\u00d6koloogilised \u00e4rikingitused\",\"publisher\":{\"@id\":\"https:\/\/tipu.ee\/#organization\"},\"potentialAction\":[{\"@type\":\"SearchAction\",\"target\":{\"@type\":\"EntryPoint\",\"urlTemplate\":\"https:\/\/tipu.ee\/?s={search_term_string}\"},\"query-input\":\"required name=search_term_string\"}],\"inLanguage\":\"de\"},{\"@type\":\"Organization\",\"@id\":\"https:\/\/tipu.ee\/#organization\",\"name\":\"TIPU\",\"url\":\"https:\/\/tipu.ee\/\",\"logo\":{\"@type\":\"ImageObject\",\"inLanguage\":\"de\",\"@id\":\"https:\/\/tipu.ee\/#\/schema\/logo\/image\/\",\"url\":\"https:\/\/tipu.ee\/wp-content\/uploads\/2024\/01\/tipulogo.png\",\"contentUrl\":\"https:\/\/tipu.ee\/wp-content\/uploads\/2024\/01\/tipulogo.png\",\"width\":205,\"height\":120,\"caption\":\"TIPU\"},\"image\":{\"@id\":\"https:\/\/tipu.ee\/#\/schema\/logo\/image\/\"}}]}<\/script>\n<!-- \/ Yoast SEO plugin. -->","yoast_head_json":{"title":"\u00d6ko-Kaffee in einer Verpackung oder im Glas - TIPU","robots":{"index":"index","follow":"follow","max-snippet":"max-snippet:-1","max-image-preview":"max-image-preview:large","max-video-preview":"max-video-preview:-1"},"canonical":"https:\/\/tipu.ee\/de\/toode\/oeko-kaffee-in-einer-verpackung-oder-im-glas\/","og_locale":"de_DE","og_type":"article","og_title":"\u00d6ko-Kaffee in einer Verpackung oder im Glas - TIPU","og_description":"Hei\u00dfer, reichhaltig aromatisierter Kaffee ist ein klassisches Werbegeschenk. Sorgf\u00e4ltig verpackter Naturkaffee funktioniert in jeder Situation hervorragend. KAFFEE IM GLAS: PERSONALISIERBAR: Vollfarb-UV-Etikett auf transparenter Folie, 65 x 57 mm Vollfarbetikett auf dem Deckel, \u00d8: 70 mm Vollfarbetikett, wei\u00dfes \u00d6kopapier oder Kraftpapier, 30 x 65 mm Vollfarbetikett auf der Schachtel, \u00d8: 45 mm Informationskarte, Vollfarbdruck, wei\u00dfes \u00d6kopapier, [&hellip;]","og_url":"https:\/\/tipu.ee\/de\/toode\/oeko-kaffee-in-einer-verpackung-oder-im-glas\/","og_site_name":"TIPU","og_image":[{"width":850,"height":850,"url":"http:\/\/tipu.ee\/wp-content\/uploads\/2024\/02\/coffee_teaa-886x886-1.jpg","type":"image\/jpeg"}],"twitter_card":"summary_large_image","twitter_misc":{"Gesch\u00e4tzte Lesezeit":"1\u00a0Minute"},"schema":{"@context":"https:\/\/schema.org","@graph":[{"@type":"WebPage","@id":"https:\/\/tipu.ee\/de\/toode\/oeko-kaffee-in-einer-verpackung-oder-im-glas\/","url":"https:\/\/tipu.ee\/de\/toode\/oeko-kaffee-in-einer-verpackung-oder-im-glas\/","name":"\u00d6ko-Kaffee in einer Verpackung oder im Glas - TIPU","isPartOf":{"@id":"https:\/\/tipu.ee\/#website"},"datePublished":"2024-02-14T01:06:00+00:00","dateModified":"2024-02-14T01:06:00+00:00","breadcrumb":{"@id":"https:\/\/tipu.ee\/de\/toode\/oeko-kaffee-in-einer-verpackung-oder-im-glas\/#breadcrumb"},"inLanguage":"de","potentialAction":[{"@type":"ReadAction","target":["https:\/\/tipu.ee\/de\/toode\/oeko-kaffee-in-einer-verpackung-oder-im-glas\/"]}]},{"@type":"BreadcrumbList","@id":"https:\/\/tipu.ee\/de\/toode\/oeko-kaffee-in-einer-verpackung-oder-im-glas\/#breadcrumb","itemListElement":[{"@type":"ListItem","position":1,"name":"Home","item":"https:\/\/tipu.ee\/"},{"@type":"ListItem","position":2,"name":"Shop","item":"https:\/\/tipu.ee\/de\/shop\/"},{"@type":"ListItem","position":3,"name":"\u00d6ko-Kaffee in einer Verpackung oder im Glas"}]},{"@type":"WebSite","@id":"https:\/\/tipu.ee\/#website","url":"https:\/\/tipu.ee\/","name":"TIPU","description":"\u00d6koloogilised \u00e4rikingitused","publisher":{"@id":"https:\/\/tipu.ee\/#organization"},"potentialAction":[{"@type":"SearchAction","target":{"@type":"EntryPoint","urlTemplate":"https:\/\/tipu.ee\/?s={search_term_string}"},"query-input":"required name=search_term_string"}],"inLanguage":"de"},{"@type":"Organization","@id":"https:\/\/tipu.ee\/#organization","name":"TIPU","url":"https:\/\/tipu.ee\/","logo":{"@type":"ImageObject","inLanguage":"de","@id":"https:\/\/tipu.ee\/#\/schema\/logo\/image\/","url":"https:\/\/tipu.ee\/wp-content\/uploads\/2024\/01\/tipulogo.png","contentUrl":"https:\/\/tipu.ee\/wp-content\/uploads\/2024\/01\/tipulogo.png","width":205,"height":120,"caption":"TIPU"},"image":{"@id":"https:\/\/tipu.ee\/#\/schema\/logo\/image\/"}}]}},"_links":{"self":[{"href":"https:\/\/tipu.ee\/de\/wp-json\/wp\/v2\/product\/997","targetHints":{"allow":["GET"]}}],"collection":[{"href":"https:\/\/tipu.ee\/de\/wp-json\/wp\/v2\/product"}],"about":[{"href":"https:\/\/tipu.ee\/de\/wp-json\/wp\/v2\/types\/product"}],"replies":[{"embeddable":true,"href":"https:\/\/tipu.ee\/de\/wp-json\/wp\/v2\/comments?post=997"}],"wp:featuredmedia":[{"embeddable":true,"href":"https:\/\/tipu.ee\/de\/wp-json\/wp\/v2\/media\/768"}],"wp:attachment":[{"href":"https:\/\/tipu.ee\/de\/wp-json\/wp\/v2\/media?parent=997"}],"wp:term":[{"taxonomy":"product_cat","embeddable":true,"href":"https:\/\/tipu.ee\/de\/wp-json\/wp\/v2\/product_cat?post=997"},{"taxonomy":"product_tag","embeddable":true,"href":"https:\/\/tipu.ee\/de\/wp-json\/wp\/v2\/product_tag?post=997"}],"curies":[{"name":"wp","href":"https:\/\/api.w.org\/{rel}","templated":true}]}}