{"id":995,"date":"2024-02-14T01:11:49","date_gmt":"2024-02-14T01:11:49","guid":{"rendered":"https:\/\/tipu.ee\/toode\/seifen-mit-logo-handgefertigt\/"},"modified":"2024-02-14T01:11:49","modified_gmt":"2024-02-14T01:11:49","slug":"seifen-mit-logo-handgefertigt","status":"publish","type":"product","link":"https:\/\/tipu.ee\/de\/toode\/seifen-mit-logo-handgefertigt\/","title":{"rendered":"Seifen mit Logo, handgefertigt"},"content":{"rendered":"<p>Handgefertigte Seifen mit angenehmem Duft werden nach Originalrezept hergestellt. Seifen k\u00f6nnen in verschiedenen Formen, Farben, Gewichten, Verpackungstypen und Duftnoten bestellt werden. Hergestellt in Polen. 100% handgefertigte Seife 45 g oder 90 g, personalisiert mit Logostempel oder Logo in der Seife.<\/p>\n<p>Die Seife kann in eine elegante Geschenkbox mit \u00f6kologischer Holzwolle gef\u00fcllt werden, auf der das Logo gedruckt werden kann. Bequemes und handliches Gesch\u00e4ftsgeschenk.<\/p>\n<p>Logodruck- und Verpackungsoptionen:<\/p>\n<p>Karton aus wei\u00dfem \u00d6kopapier oder Kraftpapier mit gedrucktem Logo<br \/>\nDruck oder Aufkleber auf der Box<br \/>\nJutesack mit gedrucktem Etikett, wei\u00dfes \u00d6kopapier oder Kraftpapier<br \/>\nLogo in der Seife<br \/>\nPapiergeschenktasche mit Logo<br \/>\nSeife in Ihrer gew\u00e4hlten Farbe und Duft<\/p>\n","protected":false},"excerpt":{"rendered":"<p>Handgefertigte Seifen mit angenehmem Duft werden nach Originalrezept hergestellt. Seifen k\u00f6nnen in verschiedenen Formen, Farben, Gewichten, Verpackungstypen und Duftnoten bestellt werden. Hergestellt in Polen. 100% handgefertigte Seife 45 g oder 90 g, personalisiert mit Logostempel oder Logo in der Seife. Die Seife kann in eine elegante Geschenkbox mit \u00f6kologischer Holzwolle gef\u00fcllt werden, auf der das [&hellip;]<\/p>\n","protected":false},"featured_media":776,"comment_status":"open","ping_status":"closed","template":"","meta":{"_acf_changed":false},"product_cat":[15],"product_tag":[],"class_list":{"0":"post-995","1":"product","2":"type-product","3":"status-publish","4":"has-post-thumbnail","6":"product_cat-kasvavad-kingitused","8":"first","9":"instock","10":"shipping-taxable","11":"product-type-simple"},"acf":[],"yoast_head":"<!-- This site is optimized with the Yoast SEO plugin v22.1 - https:\/\/yoast.com\/wordpress\/plugins\/seo\/ -->\n<title>Seifen mit Logo, handgefertigt - TIPU<\/title>\n<meta name=\"robots\" content=\"index, follow, max-snippet:-1, max-image-preview:large, max-video-preview:-1\" \/>\n<link rel=\"canonical\" href=\"https:\/\/tipu.ee\/de\/toode\/seifen-mit-logo-handgefertigt\/\" \/>\n<meta property=\"og:locale\" content=\"de_DE\" \/>\n<meta property=\"og:type\" content=\"article\" \/>\n<meta property=\"og:title\" content=\"Seifen mit Logo, handgefertigt - TIPU\" \/>\n<meta property=\"og:description\" content=\"Handgefertigte Seifen mit angenehmem Duft werden nach Originalrezept hergestellt. Seifen k\u00f6nnen in verschiedenen Formen, Farben, Gewichten, Verpackungstypen und Duftnoten bestellt werden. Hergestellt in Polen. 100% handgefertigte Seife 45 g oder 90 g, personalisiert mit Logostempel oder Logo in der Seife. Die Seife kann in eine elegante Geschenkbox mit \u00f6kologischer Holzwolle gef\u00fcllt werden, auf der das [&hellip;]\" \/>\n<meta property=\"og:url\" content=\"https:\/\/tipu.ee\/de\/toode\/seifen-mit-logo-handgefertigt\/\" \/>\n<meta property=\"og:site_name\" content=\"TIPU\" \/>\n<meta property=\"og:image\" content=\"http:\/\/tipu.ee\/wp-content\/uploads\/2024\/02\/Eco-Gifts-made-in-EU-SPRING-SUMMER-2024-v1_Page_36_Image_0002.jpg\" \/>\n\t<meta property=\"og:image:width\" content=\"383\" \/>\n\t<meta property=\"og:image:height\" content=\"471\" \/>\n\t<meta property=\"og:image:type\" content=\"image\/jpeg\" \/>\n<meta name=\"twitter:card\" content=\"summary_large_image\" \/>\n<meta name=\"twitter:label1\" content=\"Gesch\u00e4tzte Lesezeit\" \/>\n\t<meta name=\"twitter:data1\" content=\"1\u00a0Minute\" \/>\n<script type=\"application\/ld+json\" class=\"yoast-schema-graph\">{\"@context\":\"https:\/\/schema.org\",\"@graph\":[{\"@type\":\"WebPage\",\"@id\":\"https:\/\/tipu.ee\/de\/toode\/seifen-mit-logo-handgefertigt\/\",\"url\":\"https:\/\/tipu.ee\/de\/toode\/seifen-mit-logo-handgefertigt\/\",\"name\":\"Seifen mit Logo, handgefertigt - TIPU\",\"isPartOf\":{\"@id\":\"https:\/\/tipu.ee\/#website\"},\"datePublished\":\"2024-02-14T01:11:49+00:00\",\"dateModified\":\"2024-02-14T01:11:49+00:00\",\"breadcrumb\":{\"@id\":\"https:\/\/tipu.ee\/de\/toode\/seifen-mit-logo-handgefertigt\/#breadcrumb\"},\"inLanguage\":\"de\",\"potentialAction\":[{\"@type\":\"ReadAction\",\"target\":[\"https:\/\/tipu.ee\/de\/toode\/seifen-mit-logo-handgefertigt\/\"]}]},{\"@type\":\"BreadcrumbList\",\"@id\":\"https:\/\/tipu.ee\/de\/toode\/seifen-mit-logo-handgefertigt\/#breadcrumb\",\"itemListElement\":[{\"@type\":\"ListItem\",\"position\":1,\"name\":\"Home\",\"item\":\"https:\/\/tipu.ee\/\"},{\"@type\":\"ListItem\",\"position\":2,\"name\":\"Shop\",\"item\":\"https:\/\/tipu.ee\/de\/shop\/\"},{\"@type\":\"ListItem\",\"position\":3,\"name\":\"Seifen mit Logo, handgefertigt\"}]},{\"@type\":\"WebSite\",\"@id\":\"https:\/\/tipu.ee\/#website\",\"url\":\"https:\/\/tipu.ee\/\",\"name\":\"TIPU\",\"description\":\"\u00d6koloogilised \u00e4rikingitused\",\"publisher\":{\"@id\":\"https:\/\/tipu.ee\/#organization\"},\"potentialAction\":[{\"@type\":\"SearchAction\",\"target\":{\"@type\":\"EntryPoint\",\"urlTemplate\":\"https:\/\/tipu.ee\/?s={search_term_string}\"},\"query-input\":\"required name=search_term_string\"}],\"inLanguage\":\"de\"},{\"@type\":\"Organization\",\"@id\":\"https:\/\/tipu.ee\/#organization\",\"name\":\"TIPU\",\"url\":\"https:\/\/tipu.ee\/\",\"logo\":{\"@type\":\"ImageObject\",\"inLanguage\":\"de\",\"@id\":\"https:\/\/tipu.ee\/#\/schema\/logo\/image\/\",\"url\":\"https:\/\/tipu.ee\/wp-content\/uploads\/2024\/01\/tipulogo.png\",\"contentUrl\":\"https:\/\/tipu.ee\/wp-content\/uploads\/2024\/01\/tipulogo.png\",\"width\":205,\"height\":120,\"caption\":\"TIPU\"},\"image\":{\"@id\":\"https:\/\/tipu.ee\/#\/schema\/logo\/image\/\"}}]}<\/script>\n<!-- \/ Yoast SEO plugin. -->","yoast_head_json":{"title":"Seifen mit Logo, handgefertigt - TIPU","robots":{"index":"index","follow":"follow","max-snippet":"max-snippet:-1","max-image-preview":"max-image-preview:large","max-video-preview":"max-video-preview:-1"},"canonical":"https:\/\/tipu.ee\/de\/toode\/seifen-mit-logo-handgefertigt\/","og_locale":"de_DE","og_type":"article","og_title":"Seifen mit Logo, handgefertigt - TIPU","og_description":"Handgefertigte Seifen mit angenehmem Duft werden nach Originalrezept hergestellt. Seifen k\u00f6nnen in verschiedenen Formen, Farben, Gewichten, Verpackungstypen und Duftnoten bestellt werden. Hergestellt in Polen. 100% handgefertigte Seife 45 g oder 90 g, personalisiert mit Logostempel oder Logo in der Seife. Die Seife kann in eine elegante Geschenkbox mit \u00f6kologischer Holzwolle gef\u00fcllt werden, auf der das [&hellip;]","og_url":"https:\/\/tipu.ee\/de\/toode\/seifen-mit-logo-handgefertigt\/","og_site_name":"TIPU","og_image":[{"width":383,"height":471,"url":"http:\/\/tipu.ee\/wp-content\/uploads\/2024\/02\/Eco-Gifts-made-in-EU-SPRING-SUMMER-2024-v1_Page_36_Image_0002.jpg","type":"image\/jpeg"}],"twitter_card":"summary_large_image","twitter_misc":{"Gesch\u00e4tzte Lesezeit":"1\u00a0Minute"},"schema":{"@context":"https:\/\/schema.org","@graph":[{"@type":"WebPage","@id":"https:\/\/tipu.ee\/de\/toode\/seifen-mit-logo-handgefertigt\/","url":"https:\/\/tipu.ee\/de\/toode\/seifen-mit-logo-handgefertigt\/","name":"Seifen mit Logo, handgefertigt - TIPU","isPartOf":{"@id":"https:\/\/tipu.ee\/#website"},"datePublished":"2024-02-14T01:11:49+00:00","dateModified":"2024-02-14T01:11:49+00:00","breadcrumb":{"@id":"https:\/\/tipu.ee\/de\/toode\/seifen-mit-logo-handgefertigt\/#breadcrumb"},"inLanguage":"de","potentialAction":[{"@type":"ReadAction","target":["https:\/\/tipu.ee\/de\/toode\/seifen-mit-logo-handgefertigt\/"]}]},{"@type":"BreadcrumbList","@id":"https:\/\/tipu.ee\/de\/toode\/seifen-mit-logo-handgefertigt\/#breadcrumb","itemListElement":[{"@type":"ListItem","position":1,"name":"Home","item":"https:\/\/tipu.ee\/"},{"@type":"ListItem","position":2,"name":"Shop","item":"https:\/\/tipu.ee\/de\/shop\/"},{"@type":"ListItem","position":3,"name":"Seifen mit Logo, handgefertigt"}]},{"@type":"WebSite","@id":"https:\/\/tipu.ee\/#website","url":"https:\/\/tipu.ee\/","name":"TIPU","description":"\u00d6koloogilised \u00e4rikingitused","publisher":{"@id":"https:\/\/tipu.ee\/#organization"},"potentialAction":[{"@type":"SearchAction","target":{"@type":"EntryPoint","urlTemplate":"https:\/\/tipu.ee\/?s={search_term_string}"},"query-input":"required name=search_term_string"}],"inLanguage":"de"},{"@type":"Organization","@id":"https:\/\/tipu.ee\/#organization","name":"TIPU","url":"https:\/\/tipu.ee\/","logo":{"@type":"ImageObject","inLanguage":"de","@id":"https:\/\/tipu.ee\/#\/schema\/logo\/image\/","url":"https:\/\/tipu.ee\/wp-content\/uploads\/2024\/01\/tipulogo.png","contentUrl":"https:\/\/tipu.ee\/wp-content\/uploads\/2024\/01\/tipulogo.png","width":205,"height":120,"caption":"TIPU"},"image":{"@id":"https:\/\/tipu.ee\/#\/schema\/logo\/image\/"}}]}},"_links":{"self":[{"href":"https:\/\/tipu.ee\/de\/wp-json\/wp\/v2\/product\/995","targetHints":{"allow":["GET"]}}],"collection":[{"href":"https:\/\/tipu.ee\/de\/wp-json\/wp\/v2\/product"}],"about":[{"href":"https:\/\/tipu.ee\/de\/wp-json\/wp\/v2\/types\/product"}],"replies":[{"embeddable":true,"href":"https:\/\/tipu.ee\/de\/wp-json\/wp\/v2\/comments?post=995"}],"wp:featuredmedia":[{"embeddable":true,"href":"https:\/\/tipu.ee\/de\/wp-json\/wp\/v2\/media\/776"}],"wp:attachment":[{"href":"https:\/\/tipu.ee\/de\/wp-json\/wp\/v2\/media?parent=995"}],"wp:term":[{"taxonomy":"product_cat","embeddable":true,"href":"https:\/\/tipu.ee\/de\/wp-json\/wp\/v2\/product_cat?post=995"},{"taxonomy":"product_tag","embeddable":true,"href":"https:\/\/tipu.ee\/de\/wp-json\/wp\/v2\/product_tag?post=995"}],"curies":[{"name":"wp","href":"https:\/\/api.w.org\/{rel}","templated":true}]}}