{"id":994,"date":"2024-02-14T00:09:34","date_gmt":"2024-02-14T00:09:34","guid":{"rendered":"https:\/\/tipu.ee\/toode\/fichte-mit-logo\/"},"modified":"2024-02-14T00:09:34","modified_gmt":"2024-02-14T00:09:34","slug":"fichte-mit-logo","status":"publish","type":"product","link":"https:\/\/tipu.ee\/de\/toode\/fichte-mit-logo\/","title":{"rendered":"Fichte mit Logo"},"content":{"rendered":"<p>Das Set enth\u00e4lt einen kleinen Tannenbaum, dem ein Logo hinzugef\u00fcgt werden kann. Ein wirklich gr\u00fcnes und unvergessliches Gesch\u00e4ftsgeschenk f\u00fcr Weihnachten.<\/p>\n<p>Die Fichte ist in einen Jutesack verpackt, der sich in einem Karton befindet. Ein elegantes Geschenk, das die Feiertage stimmungsvoll macht.<\/p>\n<ul>\n<li>Logoschild 50 x 70 mm, vollfarbiges Kraftpapier oder \u00d6ko-wei\u00dfes Papier; zus\u00e4tzlich kann das Logo auf den Karton gedruckt werden.<\/li>\n<li>W\u00e4hlen Sie die Pflanze (z.B. Fichte, Zypresse) \u2013 W\u00e4hlen Sie die Box (Bild 1 oder 2) \u2013 Das Set enth\u00e4lt Anbauanleitungen \u2013 W\u00e4hlen Sie die Farbe des Jutesacks (hell oder dunkel) \u2013 Holzdekoration<\/li>\n<\/ul>\n<p>Box 1: Boden: 85 x 85 mm, H\u00f6he: 340 \u2013 350 mm<\/p>\n<p>Box 2: Boden: 100 x 100 mm, H\u00f6he: 270 mm<\/p>\n<p>Der Preis beinhaltet ein individuelles Design:<\/p>\n<ul>\n<li>Schild 70 x 50 mm, vollfarbig<\/li>\n<\/ul>\n<p>Kraftpapier oder \u00f6ko wei\u00dfes Papier<\/p>\n<p>Optional:<\/p>\n<ul>\n<li>Druck auf der Box<\/li>\n<\/ul>\n","protected":false},"excerpt":{"rendered":"<p>Das Set enth\u00e4lt einen kleinen Tannenbaum, dem ein Logo hinzugef\u00fcgt werden kann. Ein wirklich gr\u00fcnes und unvergessliches Gesch\u00e4ftsgeschenk f\u00fcr Weihnachten. Die Fichte ist in einen Jutesack verpackt, der sich in einem Karton befindet. Ein elegantes Geschenk, das die Feiertage stimmungsvoll macht. Logoschild 50 x 70 mm, vollfarbiges Kraftpapier oder \u00d6ko-wei\u00dfes Papier; zus\u00e4tzlich kann das Logo [&hellip;]<\/p>\n","protected":false},"featured_media":751,"comment_status":"open","ping_status":"closed","template":"","meta":{"_acf_changed":false},"product_cat":[15],"product_tag":[],"class_list":{"0":"post-994","1":"product","2":"type-product","3":"status-publish","4":"has-post-thumbnail","6":"product_cat-kasvavad-kingitused","8":"first","9":"instock","10":"shipping-taxable","11":"product-type-simple"},"acf":[],"yoast_head":"<!-- This site is optimized with the Yoast SEO plugin v22.1 - https:\/\/yoast.com\/wordpress\/plugins\/seo\/ -->\n<title>Fichte mit Logo - TIPU<\/title>\n<meta name=\"robots\" content=\"index, follow, max-snippet:-1, max-image-preview:large, max-video-preview:-1\" \/>\n<link rel=\"canonical\" href=\"https:\/\/tipu.ee\/de\/toode\/fichte-mit-logo\/\" \/>\n<meta property=\"og:locale\" content=\"de_DE\" \/>\n<meta property=\"og:type\" content=\"article\" \/>\n<meta property=\"og:title\" content=\"Fichte mit Logo - TIPU\" \/>\n<meta property=\"og:description\" content=\"Das Set enth\u00e4lt einen kleinen Tannenbaum, dem ein Logo hinzugef\u00fcgt werden kann. Ein wirklich gr\u00fcnes und unvergessliches Gesch\u00e4ftsgeschenk f\u00fcr Weihnachten. Die Fichte ist in einen Jutesack verpackt, der sich in einem Karton befindet. Ein elegantes Geschenk, das die Feiertage stimmungsvoll macht. Logoschild 50 x 70 mm, vollfarbiges Kraftpapier oder \u00d6ko-wei\u00dfes Papier; zus\u00e4tzlich kann das Logo [&hellip;]\" \/>\n<meta property=\"og:url\" content=\"https:\/\/tipu.ee\/de\/toode\/fichte-mit-logo\/\" \/>\n<meta property=\"og:site_name\" content=\"TIPU\" \/>\n<meta property=\"og:image\" content=\"http:\/\/tipu.ee\/wp-content\/uploads\/2024\/02\/TIPU-eco-catalog-Autumn-Winter-2022_Page_17_Image_0003.jpg\" \/>\n\t<meta property=\"og:image:width\" content=\"650\" \/>\n\t<meta property=\"og:image:height\" content=\"948\" \/>\n\t<meta property=\"og:image:type\" content=\"image\/jpeg\" \/>\n<meta name=\"twitter:card\" content=\"summary_large_image\" \/>\n<meta name=\"twitter:label1\" content=\"Gesch\u00e4tzte Lesezeit\" \/>\n\t<meta name=\"twitter:data1\" content=\"1\u00a0Minute\" \/>\n<script type=\"application\/ld+json\" class=\"yoast-schema-graph\">{\"@context\":\"https:\/\/schema.org\",\"@graph\":[{\"@type\":\"WebPage\",\"@id\":\"https:\/\/tipu.ee\/de\/toode\/fichte-mit-logo\/\",\"url\":\"https:\/\/tipu.ee\/de\/toode\/fichte-mit-logo\/\",\"name\":\"Fichte mit Logo - TIPU\",\"isPartOf\":{\"@id\":\"https:\/\/tipu.ee\/#website\"},\"datePublished\":\"2024-02-14T00:09:34+00:00\",\"dateModified\":\"2024-02-14T00:09:34+00:00\",\"breadcrumb\":{\"@id\":\"https:\/\/tipu.ee\/de\/toode\/fichte-mit-logo\/#breadcrumb\"},\"inLanguage\":\"de\",\"potentialAction\":[{\"@type\":\"ReadAction\",\"target\":[\"https:\/\/tipu.ee\/de\/toode\/fichte-mit-logo\/\"]}]},{\"@type\":\"BreadcrumbList\",\"@id\":\"https:\/\/tipu.ee\/de\/toode\/fichte-mit-logo\/#breadcrumb\",\"itemListElement\":[{\"@type\":\"ListItem\",\"position\":1,\"name\":\"Home\",\"item\":\"https:\/\/tipu.ee\/\"},{\"@type\":\"ListItem\",\"position\":2,\"name\":\"Shop\",\"item\":\"https:\/\/tipu.ee\/de\/shop\/\"},{\"@type\":\"ListItem\",\"position\":3,\"name\":\"Fichte mit Logo\"}]},{\"@type\":\"WebSite\",\"@id\":\"https:\/\/tipu.ee\/#website\",\"url\":\"https:\/\/tipu.ee\/\",\"name\":\"TIPU\",\"description\":\"\u00d6koloogilised \u00e4rikingitused\",\"publisher\":{\"@id\":\"https:\/\/tipu.ee\/#organization\"},\"potentialAction\":[{\"@type\":\"SearchAction\",\"target\":{\"@type\":\"EntryPoint\",\"urlTemplate\":\"https:\/\/tipu.ee\/?s={search_term_string}\"},\"query-input\":\"required name=search_term_string\"}],\"inLanguage\":\"de\"},{\"@type\":\"Organization\",\"@id\":\"https:\/\/tipu.ee\/#organization\",\"name\":\"TIPU\",\"url\":\"https:\/\/tipu.ee\/\",\"logo\":{\"@type\":\"ImageObject\",\"inLanguage\":\"de\",\"@id\":\"https:\/\/tipu.ee\/#\/schema\/logo\/image\/\",\"url\":\"https:\/\/tipu.ee\/wp-content\/uploads\/2024\/01\/tipulogo.png\",\"contentUrl\":\"https:\/\/tipu.ee\/wp-content\/uploads\/2024\/01\/tipulogo.png\",\"width\":205,\"height\":120,\"caption\":\"TIPU\"},\"image\":{\"@id\":\"https:\/\/tipu.ee\/#\/schema\/logo\/image\/\"}}]}<\/script>\n<!-- \/ Yoast SEO plugin. -->","yoast_head_json":{"title":"Fichte mit Logo - TIPU","robots":{"index":"index","follow":"follow","max-snippet":"max-snippet:-1","max-image-preview":"max-image-preview:large","max-video-preview":"max-video-preview:-1"},"canonical":"https:\/\/tipu.ee\/de\/toode\/fichte-mit-logo\/","og_locale":"de_DE","og_type":"article","og_title":"Fichte mit Logo - TIPU","og_description":"Das Set enth\u00e4lt einen kleinen Tannenbaum, dem ein Logo hinzugef\u00fcgt werden kann. Ein wirklich gr\u00fcnes und unvergessliches Gesch\u00e4ftsgeschenk f\u00fcr Weihnachten. Die Fichte ist in einen Jutesack verpackt, der sich in einem Karton befindet. Ein elegantes Geschenk, das die Feiertage stimmungsvoll macht. Logoschild 50 x 70 mm, vollfarbiges Kraftpapier oder \u00d6ko-wei\u00dfes Papier; zus\u00e4tzlich kann das Logo [&hellip;]","og_url":"https:\/\/tipu.ee\/de\/toode\/fichte-mit-logo\/","og_site_name":"TIPU","og_image":[{"width":650,"height":948,"url":"http:\/\/tipu.ee\/wp-content\/uploads\/2024\/02\/TIPU-eco-catalog-Autumn-Winter-2022_Page_17_Image_0003.jpg","type":"image\/jpeg"}],"twitter_card":"summary_large_image","twitter_misc":{"Gesch\u00e4tzte Lesezeit":"1\u00a0Minute"},"schema":{"@context":"https:\/\/schema.org","@graph":[{"@type":"WebPage","@id":"https:\/\/tipu.ee\/de\/toode\/fichte-mit-logo\/","url":"https:\/\/tipu.ee\/de\/toode\/fichte-mit-logo\/","name":"Fichte mit Logo - TIPU","isPartOf":{"@id":"https:\/\/tipu.ee\/#website"},"datePublished":"2024-02-14T00:09:34+00:00","dateModified":"2024-02-14T00:09:34+00:00","breadcrumb":{"@id":"https:\/\/tipu.ee\/de\/toode\/fichte-mit-logo\/#breadcrumb"},"inLanguage":"de","potentialAction":[{"@type":"ReadAction","target":["https:\/\/tipu.ee\/de\/toode\/fichte-mit-logo\/"]}]},{"@type":"BreadcrumbList","@id":"https:\/\/tipu.ee\/de\/toode\/fichte-mit-logo\/#breadcrumb","itemListElement":[{"@type":"ListItem","position":1,"name":"Home","item":"https:\/\/tipu.ee\/"},{"@type":"ListItem","position":2,"name":"Shop","item":"https:\/\/tipu.ee\/de\/shop\/"},{"@type":"ListItem","position":3,"name":"Fichte mit Logo"}]},{"@type":"WebSite","@id":"https:\/\/tipu.ee\/#website","url":"https:\/\/tipu.ee\/","name":"TIPU","description":"\u00d6koloogilised \u00e4rikingitused","publisher":{"@id":"https:\/\/tipu.ee\/#organization"},"potentialAction":[{"@type":"SearchAction","target":{"@type":"EntryPoint","urlTemplate":"https:\/\/tipu.ee\/?s={search_term_string}"},"query-input":"required name=search_term_string"}],"inLanguage":"de"},{"@type":"Organization","@id":"https:\/\/tipu.ee\/#organization","name":"TIPU","url":"https:\/\/tipu.ee\/","logo":{"@type":"ImageObject","inLanguage":"de","@id":"https:\/\/tipu.ee\/#\/schema\/logo\/image\/","url":"https:\/\/tipu.ee\/wp-content\/uploads\/2024\/01\/tipulogo.png","contentUrl":"https:\/\/tipu.ee\/wp-content\/uploads\/2024\/01\/tipulogo.png","width":205,"height":120,"caption":"TIPU"},"image":{"@id":"https:\/\/tipu.ee\/#\/schema\/logo\/image\/"}}]}},"_links":{"self":[{"href":"https:\/\/tipu.ee\/de\/wp-json\/wp\/v2\/product\/994","targetHints":{"allow":["GET"]}}],"collection":[{"href":"https:\/\/tipu.ee\/de\/wp-json\/wp\/v2\/product"}],"about":[{"href":"https:\/\/tipu.ee\/de\/wp-json\/wp\/v2\/types\/product"}],"replies":[{"embeddable":true,"href":"https:\/\/tipu.ee\/de\/wp-json\/wp\/v2\/comments?post=994"}],"wp:featuredmedia":[{"embeddable":true,"href":"https:\/\/tipu.ee\/de\/wp-json\/wp\/v2\/media\/751"}],"wp:attachment":[{"href":"https:\/\/tipu.ee\/de\/wp-json\/wp\/v2\/media?parent=994"}],"wp:term":[{"taxonomy":"product_cat","embeddable":true,"href":"https:\/\/tipu.ee\/de\/wp-json\/wp\/v2\/product_cat?post=994"},{"taxonomy":"product_tag","embeddable":true,"href":"https:\/\/tipu.ee\/de\/wp-json\/wp\/v2\/product_tag?post=994"}],"curies":[{"name":"wp","href":"https:\/\/api.w.org\/{rel}","templated":true}]}}