{"id":993,"date":"2024-02-14T01:14:54","date_gmt":"2024-02-14T01:14:54","guid":{"rendered":"https:\/\/tipu.ee\/toode\/natuerliche-pflanzliche-wachskerze-zum-selbermachen\/"},"modified":"2024-02-14T01:14:54","modified_gmt":"2024-02-14T01:14:54","slug":"natuerliche-pflanzliche-wachskerze-zum-selbermachen","status":"publish","type":"product","link":"https:\/\/tipu.ee\/de\/toode\/natuerliche-pflanzliche-wachskerze-zum-selbermachen\/","title":{"rendered":"Nat\u00fcrliche pflanzliche Wachskerze zum Selbermachen"},"content":{"rendered":"<p>Nat\u00fcrliches Pflanzenwachs in Granulatform. Gie\u00dfen Sie es in ein Gef\u00e4\u00df, f\u00fcgen Sie den beiliegenden Docht hinzu und fertig! Nach dem L\u00f6schen der Kerze und Entfernen des Dochtes beh\u00e4lt das verbleibende Wachs alle seine Eigenschaften \u2013 Sie k\u00f6nnen es zur\u00fcck in den Beutel geben, den Beh\u00e4lter wechseln oder einfach einen neuen Kerzendocht einsetzen und die Kerze erneut anz\u00fcnden. Ein Set, viele M\u00f6glichkeiten. Die Wachsgranulate k\u00f6nnen in verschiedene Beh\u00e4lter gegossen, unterschiedliche Duft\u00f6le usw. verwendet werden \u2013 jedes Mal ist die Kerze wie neu!<\/p>\n<p>ZUR PERSONALISIERUNG:<\/p>\n<p>UV-Etikett auf dem Glas, 60 x 40 mm<br \/>\nVollfarbetikett auf dem Deckel, \u00d8: 45 mm<br \/>\nVollfarbetikett auf der \u00d6lflasche, 50 x 22 mm<br \/>\nVollfarbetikett auf dem Beutel mit Wachs, \u00d8: 40 mm<br \/>\nVollfarbetikett auf Papier, \u00d8: 25 mm<br \/>\nVollfarbetikett mit Gebrauchsanweisung auf der Schachtel, 80 x 100 mm<br \/>\nWEITERE DETAILS:<\/p>\n<p>120 g pflanzliche Wachsgranulate<br \/>\n5 Dochte<br \/>\nausgew\u00e4hltes Duft\u00f6l mit Dosierer, 5 ml<br \/>\nGlasgef\u00e4\u00df f\u00fcr Wachs, 120 ml<br \/>\nKarton<br \/>\nPapierschachtel<br \/>\nABMESSUNGEN:<br \/>\nGlas: \u00d8: 60 mm, h: 70 mm<br \/>\nSchachtel: 160 x 80 x 65 mm [Breite x Tiefe x H\u00f6he]<\/p>\n","protected":false},"excerpt":{"rendered":"<p>Nat\u00fcrliches Pflanzenwachs in Granulatform. Gie\u00dfen Sie es in ein Gef\u00e4\u00df, f\u00fcgen Sie den beiliegenden Docht hinzu und fertig! Nach dem L\u00f6schen der Kerze und Entfernen des Dochtes beh\u00e4lt das verbleibende Wachs alle seine Eigenschaften \u2013 Sie k\u00f6nnen es zur\u00fcck in den Beutel geben, den Beh\u00e4lter wechseln oder einfach einen neuen Kerzendocht einsetzen und die Kerze [&hellip;]<\/p>\n","protected":false},"featured_media":786,"comment_status":"open","ping_status":"closed","template":"","meta":{"_acf_changed":false},"product_cat":[15],"product_tag":[],"class_list":{"0":"post-993","1":"product","2":"type-product","3":"status-publish","4":"has-post-thumbnail","6":"product_cat-kasvavad-kingitused","8":"first","9":"instock","10":"shipping-taxable","11":"product-type-simple"},"acf":[],"yoast_head":"<!-- This site is optimized with the Yoast SEO plugin v22.1 - https:\/\/yoast.com\/wordpress\/plugins\/seo\/ -->\n<title>Nat\u00fcrliche pflanzliche Wachskerze zum Selbermachen - TIPU<\/title>\n<meta name=\"robots\" content=\"index, follow, max-snippet:-1, max-image-preview:large, max-video-preview:-1\" \/>\n<link rel=\"canonical\" href=\"https:\/\/tipu.ee\/de\/toode\/natuerliche-pflanzliche-wachskerze-zum-selbermachen\/\" \/>\n<meta property=\"og:locale\" content=\"de_DE\" \/>\n<meta property=\"og:type\" content=\"article\" \/>\n<meta property=\"og:title\" content=\"Nat\u00fcrliche pflanzliche Wachskerze zum Selbermachen - TIPU\" \/>\n<meta property=\"og:description\" content=\"Nat\u00fcrliches Pflanzenwachs in Granulatform. Gie\u00dfen Sie es in ein Gef\u00e4\u00df, f\u00fcgen Sie den beiliegenden Docht hinzu und fertig! Nach dem L\u00f6schen der Kerze und Entfernen des Dochtes beh\u00e4lt das verbleibende Wachs alle seine Eigenschaften \u2013 Sie k\u00f6nnen es zur\u00fcck in den Beutel geben, den Beh\u00e4lter wechseln oder einfach einen neuen Kerzendocht einsetzen und die Kerze [&hellip;]\" \/>\n<meta property=\"og:url\" content=\"https:\/\/tipu.ee\/de\/toode\/natuerliche-pflanzliche-wachskerze-zum-selbermachen\/\" \/>\n<meta property=\"og:site_name\" content=\"TIPU\" \/>\n<meta property=\"og:image\" content=\"http:\/\/tipu.ee\/wp-content\/uploads\/2024\/02\/perlage2-886x886-1.jpg\" \/>\n\t<meta property=\"og:image:width\" content=\"850\" \/>\n\t<meta property=\"og:image:height\" content=\"850\" \/>\n\t<meta property=\"og:image:type\" content=\"image\/jpeg\" \/>\n<meta name=\"twitter:card\" content=\"summary_large_image\" \/>\n<meta name=\"twitter:label1\" content=\"Gesch\u00e4tzte Lesezeit\" \/>\n\t<meta name=\"twitter:data1\" content=\"1\u00a0Minute\" \/>\n<script type=\"application\/ld+json\" class=\"yoast-schema-graph\">{\"@context\":\"https:\/\/schema.org\",\"@graph\":[{\"@type\":\"WebPage\",\"@id\":\"https:\/\/tipu.ee\/de\/toode\/natuerliche-pflanzliche-wachskerze-zum-selbermachen\/\",\"url\":\"https:\/\/tipu.ee\/de\/toode\/natuerliche-pflanzliche-wachskerze-zum-selbermachen\/\",\"name\":\"Nat\u00fcrliche pflanzliche Wachskerze zum Selbermachen - TIPU\",\"isPartOf\":{\"@id\":\"https:\/\/tipu.ee\/#website\"},\"datePublished\":\"2024-02-14T01:14:54+00:00\",\"dateModified\":\"2024-02-14T01:14:54+00:00\",\"breadcrumb\":{\"@id\":\"https:\/\/tipu.ee\/de\/toode\/natuerliche-pflanzliche-wachskerze-zum-selbermachen\/#breadcrumb\"},\"inLanguage\":\"de\",\"potentialAction\":[{\"@type\":\"ReadAction\",\"target\":[\"https:\/\/tipu.ee\/de\/toode\/natuerliche-pflanzliche-wachskerze-zum-selbermachen\/\"]}]},{\"@type\":\"BreadcrumbList\",\"@id\":\"https:\/\/tipu.ee\/de\/toode\/natuerliche-pflanzliche-wachskerze-zum-selbermachen\/#breadcrumb\",\"itemListElement\":[{\"@type\":\"ListItem\",\"position\":1,\"name\":\"Home\",\"item\":\"https:\/\/tipu.ee\/\"},{\"@type\":\"ListItem\",\"position\":2,\"name\":\"Shop\",\"item\":\"https:\/\/tipu.ee\/de\/shop\/\"},{\"@type\":\"ListItem\",\"position\":3,\"name\":\"Nat\u00fcrliche pflanzliche Wachskerze zum Selbermachen\"}]},{\"@type\":\"WebSite\",\"@id\":\"https:\/\/tipu.ee\/#website\",\"url\":\"https:\/\/tipu.ee\/\",\"name\":\"TIPU\",\"description\":\"\u00d6koloogilised \u00e4rikingitused\",\"publisher\":{\"@id\":\"https:\/\/tipu.ee\/#organization\"},\"potentialAction\":[{\"@type\":\"SearchAction\",\"target\":{\"@type\":\"EntryPoint\",\"urlTemplate\":\"https:\/\/tipu.ee\/?s={search_term_string}\"},\"query-input\":\"required name=search_term_string\"}],\"inLanguage\":\"de\"},{\"@type\":\"Organization\",\"@id\":\"https:\/\/tipu.ee\/#organization\",\"name\":\"TIPU\",\"url\":\"https:\/\/tipu.ee\/\",\"logo\":{\"@type\":\"ImageObject\",\"inLanguage\":\"de\",\"@id\":\"https:\/\/tipu.ee\/#\/schema\/logo\/image\/\",\"url\":\"https:\/\/tipu.ee\/wp-content\/uploads\/2024\/01\/tipulogo.png\",\"contentUrl\":\"https:\/\/tipu.ee\/wp-content\/uploads\/2024\/01\/tipulogo.png\",\"width\":205,\"height\":120,\"caption\":\"TIPU\"},\"image\":{\"@id\":\"https:\/\/tipu.ee\/#\/schema\/logo\/image\/\"}}]}<\/script>\n<!-- \/ Yoast SEO plugin. -->","yoast_head_json":{"title":"Nat\u00fcrliche pflanzliche Wachskerze zum Selbermachen - TIPU","robots":{"index":"index","follow":"follow","max-snippet":"max-snippet:-1","max-image-preview":"max-image-preview:large","max-video-preview":"max-video-preview:-1"},"canonical":"https:\/\/tipu.ee\/de\/toode\/natuerliche-pflanzliche-wachskerze-zum-selbermachen\/","og_locale":"de_DE","og_type":"article","og_title":"Nat\u00fcrliche pflanzliche Wachskerze zum Selbermachen - TIPU","og_description":"Nat\u00fcrliches Pflanzenwachs in Granulatform. Gie\u00dfen Sie es in ein Gef\u00e4\u00df, f\u00fcgen Sie den beiliegenden Docht hinzu und fertig! Nach dem L\u00f6schen der Kerze und Entfernen des Dochtes beh\u00e4lt das verbleibende Wachs alle seine Eigenschaften \u2013 Sie k\u00f6nnen es zur\u00fcck in den Beutel geben, den Beh\u00e4lter wechseln oder einfach einen neuen Kerzendocht einsetzen und die Kerze [&hellip;]","og_url":"https:\/\/tipu.ee\/de\/toode\/natuerliche-pflanzliche-wachskerze-zum-selbermachen\/","og_site_name":"TIPU","og_image":[{"width":850,"height":850,"url":"http:\/\/tipu.ee\/wp-content\/uploads\/2024\/02\/perlage2-886x886-1.jpg","type":"image\/jpeg"}],"twitter_card":"summary_large_image","twitter_misc":{"Gesch\u00e4tzte Lesezeit":"1\u00a0Minute"},"schema":{"@context":"https:\/\/schema.org","@graph":[{"@type":"WebPage","@id":"https:\/\/tipu.ee\/de\/toode\/natuerliche-pflanzliche-wachskerze-zum-selbermachen\/","url":"https:\/\/tipu.ee\/de\/toode\/natuerliche-pflanzliche-wachskerze-zum-selbermachen\/","name":"Nat\u00fcrliche pflanzliche Wachskerze zum Selbermachen - TIPU","isPartOf":{"@id":"https:\/\/tipu.ee\/#website"},"datePublished":"2024-02-14T01:14:54+00:00","dateModified":"2024-02-14T01:14:54+00:00","breadcrumb":{"@id":"https:\/\/tipu.ee\/de\/toode\/natuerliche-pflanzliche-wachskerze-zum-selbermachen\/#breadcrumb"},"inLanguage":"de","potentialAction":[{"@type":"ReadAction","target":["https:\/\/tipu.ee\/de\/toode\/natuerliche-pflanzliche-wachskerze-zum-selbermachen\/"]}]},{"@type":"BreadcrumbList","@id":"https:\/\/tipu.ee\/de\/toode\/natuerliche-pflanzliche-wachskerze-zum-selbermachen\/#breadcrumb","itemListElement":[{"@type":"ListItem","position":1,"name":"Home","item":"https:\/\/tipu.ee\/"},{"@type":"ListItem","position":2,"name":"Shop","item":"https:\/\/tipu.ee\/de\/shop\/"},{"@type":"ListItem","position":3,"name":"Nat\u00fcrliche pflanzliche Wachskerze zum Selbermachen"}]},{"@type":"WebSite","@id":"https:\/\/tipu.ee\/#website","url":"https:\/\/tipu.ee\/","name":"TIPU","description":"\u00d6koloogilised \u00e4rikingitused","publisher":{"@id":"https:\/\/tipu.ee\/#organization"},"potentialAction":[{"@type":"SearchAction","target":{"@type":"EntryPoint","urlTemplate":"https:\/\/tipu.ee\/?s={search_term_string}"},"query-input":"required name=search_term_string"}],"inLanguage":"de"},{"@type":"Organization","@id":"https:\/\/tipu.ee\/#organization","name":"TIPU","url":"https:\/\/tipu.ee\/","logo":{"@type":"ImageObject","inLanguage":"de","@id":"https:\/\/tipu.ee\/#\/schema\/logo\/image\/","url":"https:\/\/tipu.ee\/wp-content\/uploads\/2024\/01\/tipulogo.png","contentUrl":"https:\/\/tipu.ee\/wp-content\/uploads\/2024\/01\/tipulogo.png","width":205,"height":120,"caption":"TIPU"},"image":{"@id":"https:\/\/tipu.ee\/#\/schema\/logo\/image\/"}}]}},"_links":{"self":[{"href":"https:\/\/tipu.ee\/de\/wp-json\/wp\/v2\/product\/993","targetHints":{"allow":["GET"]}}],"collection":[{"href":"https:\/\/tipu.ee\/de\/wp-json\/wp\/v2\/product"}],"about":[{"href":"https:\/\/tipu.ee\/de\/wp-json\/wp\/v2\/types\/product"}],"replies":[{"embeddable":true,"href":"https:\/\/tipu.ee\/de\/wp-json\/wp\/v2\/comments?post=993"}],"wp:featuredmedia":[{"embeddable":true,"href":"https:\/\/tipu.ee\/de\/wp-json\/wp\/v2\/media\/786"}],"wp:attachment":[{"href":"https:\/\/tipu.ee\/de\/wp-json\/wp\/v2\/media?parent=993"}],"wp:term":[{"taxonomy":"product_cat","embeddable":true,"href":"https:\/\/tipu.ee\/de\/wp-json\/wp\/v2\/product_cat?post=993"},{"taxonomy":"product_tag","embeddable":true,"href":"https:\/\/tipu.ee\/de\/wp-json\/wp\/v2\/product_tag?post=993"}],"curies":[{"name":"wp","href":"https:\/\/api.w.org\/{rel}","templated":true}]}}