{"id":992,"date":"2024-02-14T01:19:49","date_gmt":"2024-02-14T01:19:49","guid":{"rendered":"https:\/\/tipu.ee\/toode\/pflanzenwachskerzen\/"},"modified":"2024-02-14T01:19:49","modified_gmt":"2024-02-14T01:19:49","slug":"pflanzenwachskerzen","status":"publish","type":"product","link":"https:\/\/tipu.ee\/de\/toode\/pflanzenwachskerzen\/","title":{"rendered":"Pflanzenwachskerzen"},"content":{"rendered":"<p>Statt giftigem Paraffin sind diese nat\u00fcrlichen Kerzen aus Pflanzenwachs hergestellt, statt Aromen nat\u00fcrliche \u00e4therische \u00d6le, statt Plastik elegantes Glas. Auch mit Holzdeckel erh\u00e4ltlich.<\/p>\n<p>PERSONALISIERBAR:<\/p>\n<ul>\n<li>Vollfarb-UV-Etikett aus transparenter Folie, 65 x 57 mm<\/li>\n<li>Vollfarbetikett auf dem Deckel, \u00d8: 70 mm<\/li>\n<li>Vollfarbetikett, wei\u00dfes \u00d6ko- oder Kraftpapier:<\/li>\n<\/ul>\n<p>gro\u00dfe Kerze: 30 x 65 mm kleine Kerze: 27 x 42 mm<\/p>\n<ul>\n<li>Vollfarbetikett auf der Schachtel, \u00d8: 45 mm<\/li>\n<li>Informationskarte, Vollfarbdruck, wei\u00dfes \u00d6kopapier, 70 x 70 mm<\/li>\n<li>Pflanzenbasiertes Wachs mit ausgew\u00e4hltem Duft Optional:<\/li>\n<li>Vollfarbdruck auf der Schachtel<\/li>\n<\/ul>\n<p>WEITERE ELEMENTE:<\/p>\n<ul>\n<li>Glasgef\u00e4\u00df:<\/li>\n<\/ul>\n<p>gro\u00dfe Kerze: 350 ml kleine Kerze: 235 ml<\/p>\n<ul>\n<li>Pappschachtel mit Fenster<\/li>\n<\/ul>\n<p>ABMESSUNGEN: KLEIN (235 ml): Glas: \u00d8: 77 mm, h: 65 mm Schachtel: 100 x 100 x 100 mm<\/p>\n<p>GRO\u00df (350 ml): Glas: \u00d8: 77 mm, h: 95 mm Schachtel: 100 x 100 x 100 mm<\/p>\n<p>FRAGEN SIE NACH VERF\u00dcGBAREN D\u00dcFTEN<\/p>\n","protected":false},"excerpt":{"rendered":"<p><br data-mce-bogus=\"1\"><\/p>\n","protected":false},"featured_media":792,"comment_status":"open","ping_status":"closed","template":"","meta":{"_acf_changed":false},"product_cat":[15],"product_tag":[],"class_list":{"0":"post-992","1":"product","2":"type-product","3":"status-publish","4":"has-post-thumbnail","6":"product_cat-kasvavad-kingitused","8":"first","9":"instock","10":"shipping-taxable","11":"product-type-simple"},"acf":[],"yoast_head":"<!-- This site is optimized with the Yoast SEO plugin v22.1 - https:\/\/yoast.com\/wordpress\/plugins\/seo\/ -->\n<title>Pflanzenwachskerzen - TIPU<\/title>\n<meta name=\"robots\" content=\"index, follow, max-snippet:-1, max-image-preview:large, max-video-preview:-1\" \/>\n<link rel=\"canonical\" href=\"https:\/\/tipu.ee\/de\/toode\/pflanzenwachskerzen\/\" \/>\n<meta property=\"og:locale\" content=\"de_DE\" \/>\n<meta property=\"og:type\" content=\"article\" \/>\n<meta property=\"og:title\" content=\"Pflanzenwachskerzen - TIPU\" \/>\n<meta property=\"og:url\" content=\"https:\/\/tipu.ee\/de\/toode\/pflanzenwachskerzen\/\" \/>\n<meta property=\"og:site_name\" content=\"TIPU\" \/>\n<meta property=\"og:image\" content=\"http:\/\/tipu.ee\/wp-content\/uploads\/2024\/02\/850x850_swieca01-886x886-1.jpg\" \/>\n\t<meta property=\"og:image:width\" content=\"850\" \/>\n\t<meta property=\"og:image:height\" content=\"850\" \/>\n\t<meta property=\"og:image:type\" content=\"image\/jpeg\" \/>\n<meta name=\"twitter:card\" content=\"summary_large_image\" \/>\n<meta name=\"twitter:label1\" content=\"Gesch\u00e4tzte Lesezeit\" \/>\n\t<meta name=\"twitter:data1\" content=\"1\u00a0Minute\" \/>\n<script type=\"application\/ld+json\" class=\"yoast-schema-graph\">{\"@context\":\"https:\/\/schema.org\",\"@graph\":[{\"@type\":\"WebPage\",\"@id\":\"https:\/\/tipu.ee\/de\/toode\/pflanzenwachskerzen\/\",\"url\":\"https:\/\/tipu.ee\/de\/toode\/pflanzenwachskerzen\/\",\"name\":\"Pflanzenwachskerzen - TIPU\",\"isPartOf\":{\"@id\":\"https:\/\/tipu.ee\/#website\"},\"datePublished\":\"2024-02-14T01:19:49+00:00\",\"dateModified\":\"2024-02-14T01:19:49+00:00\",\"breadcrumb\":{\"@id\":\"https:\/\/tipu.ee\/de\/toode\/pflanzenwachskerzen\/#breadcrumb\"},\"inLanguage\":\"de\",\"potentialAction\":[{\"@type\":\"ReadAction\",\"target\":[\"https:\/\/tipu.ee\/de\/toode\/pflanzenwachskerzen\/\"]}]},{\"@type\":\"BreadcrumbList\",\"@id\":\"https:\/\/tipu.ee\/de\/toode\/pflanzenwachskerzen\/#breadcrumb\",\"itemListElement\":[{\"@type\":\"ListItem\",\"position\":1,\"name\":\"Home\",\"item\":\"https:\/\/tipu.ee\/\"},{\"@type\":\"ListItem\",\"position\":2,\"name\":\"Shop\",\"item\":\"https:\/\/tipu.ee\/de\/shop\/\"},{\"@type\":\"ListItem\",\"position\":3,\"name\":\"Pflanzenwachskerzen\"}]},{\"@type\":\"WebSite\",\"@id\":\"https:\/\/tipu.ee\/#website\",\"url\":\"https:\/\/tipu.ee\/\",\"name\":\"TIPU\",\"description\":\"\u00d6koloogilised \u00e4rikingitused\",\"publisher\":{\"@id\":\"https:\/\/tipu.ee\/#organization\"},\"potentialAction\":[{\"@type\":\"SearchAction\",\"target\":{\"@type\":\"EntryPoint\",\"urlTemplate\":\"https:\/\/tipu.ee\/?s={search_term_string}\"},\"query-input\":\"required name=search_term_string\"}],\"inLanguage\":\"de\"},{\"@type\":\"Organization\",\"@id\":\"https:\/\/tipu.ee\/#organization\",\"name\":\"TIPU\",\"url\":\"https:\/\/tipu.ee\/\",\"logo\":{\"@type\":\"ImageObject\",\"inLanguage\":\"de\",\"@id\":\"https:\/\/tipu.ee\/#\/schema\/logo\/image\/\",\"url\":\"https:\/\/tipu.ee\/wp-content\/uploads\/2024\/01\/tipulogo.png\",\"contentUrl\":\"https:\/\/tipu.ee\/wp-content\/uploads\/2024\/01\/tipulogo.png\",\"width\":205,\"height\":120,\"caption\":\"TIPU\"},\"image\":{\"@id\":\"https:\/\/tipu.ee\/#\/schema\/logo\/image\/\"}}]}<\/script>\n<!-- \/ Yoast SEO plugin. -->","yoast_head_json":{"title":"Pflanzenwachskerzen - TIPU","robots":{"index":"index","follow":"follow","max-snippet":"max-snippet:-1","max-image-preview":"max-image-preview:large","max-video-preview":"max-video-preview:-1"},"canonical":"https:\/\/tipu.ee\/de\/toode\/pflanzenwachskerzen\/","og_locale":"de_DE","og_type":"article","og_title":"Pflanzenwachskerzen - TIPU","og_url":"https:\/\/tipu.ee\/de\/toode\/pflanzenwachskerzen\/","og_site_name":"TIPU","og_image":[{"width":850,"height":850,"url":"http:\/\/tipu.ee\/wp-content\/uploads\/2024\/02\/850x850_swieca01-886x886-1.jpg","type":"image\/jpeg"}],"twitter_card":"summary_large_image","twitter_misc":{"Gesch\u00e4tzte Lesezeit":"1\u00a0Minute"},"schema":{"@context":"https:\/\/schema.org","@graph":[{"@type":"WebPage","@id":"https:\/\/tipu.ee\/de\/toode\/pflanzenwachskerzen\/","url":"https:\/\/tipu.ee\/de\/toode\/pflanzenwachskerzen\/","name":"Pflanzenwachskerzen - TIPU","isPartOf":{"@id":"https:\/\/tipu.ee\/#website"},"datePublished":"2024-02-14T01:19:49+00:00","dateModified":"2024-02-14T01:19:49+00:00","breadcrumb":{"@id":"https:\/\/tipu.ee\/de\/toode\/pflanzenwachskerzen\/#breadcrumb"},"inLanguage":"de","potentialAction":[{"@type":"ReadAction","target":["https:\/\/tipu.ee\/de\/toode\/pflanzenwachskerzen\/"]}]},{"@type":"BreadcrumbList","@id":"https:\/\/tipu.ee\/de\/toode\/pflanzenwachskerzen\/#breadcrumb","itemListElement":[{"@type":"ListItem","position":1,"name":"Home","item":"https:\/\/tipu.ee\/"},{"@type":"ListItem","position":2,"name":"Shop","item":"https:\/\/tipu.ee\/de\/shop\/"},{"@type":"ListItem","position":3,"name":"Pflanzenwachskerzen"}]},{"@type":"WebSite","@id":"https:\/\/tipu.ee\/#website","url":"https:\/\/tipu.ee\/","name":"TIPU","description":"\u00d6koloogilised \u00e4rikingitused","publisher":{"@id":"https:\/\/tipu.ee\/#organization"},"potentialAction":[{"@type":"SearchAction","target":{"@type":"EntryPoint","urlTemplate":"https:\/\/tipu.ee\/?s={search_term_string}"},"query-input":"required name=search_term_string"}],"inLanguage":"de"},{"@type":"Organization","@id":"https:\/\/tipu.ee\/#organization","name":"TIPU","url":"https:\/\/tipu.ee\/","logo":{"@type":"ImageObject","inLanguage":"de","@id":"https:\/\/tipu.ee\/#\/schema\/logo\/image\/","url":"https:\/\/tipu.ee\/wp-content\/uploads\/2024\/01\/tipulogo.png","contentUrl":"https:\/\/tipu.ee\/wp-content\/uploads\/2024\/01\/tipulogo.png","width":205,"height":120,"caption":"TIPU"},"image":{"@id":"https:\/\/tipu.ee\/#\/schema\/logo\/image\/"}}]}},"_links":{"self":[{"href":"https:\/\/tipu.ee\/de\/wp-json\/wp\/v2\/product\/992","targetHints":{"allow":["GET"]}}],"collection":[{"href":"https:\/\/tipu.ee\/de\/wp-json\/wp\/v2\/product"}],"about":[{"href":"https:\/\/tipu.ee\/de\/wp-json\/wp\/v2\/types\/product"}],"replies":[{"embeddable":true,"href":"https:\/\/tipu.ee\/de\/wp-json\/wp\/v2\/comments?post=992"}],"wp:featuredmedia":[{"embeddable":true,"href":"https:\/\/tipu.ee\/de\/wp-json\/wp\/v2\/media\/792"}],"wp:attachment":[{"href":"https:\/\/tipu.ee\/de\/wp-json\/wp\/v2\/media?parent=992"}],"wp:term":[{"taxonomy":"product_cat","embeddable":true,"href":"https:\/\/tipu.ee\/de\/wp-json\/wp\/v2\/product_cat?post=992"},{"taxonomy":"product_tag","embeddable":true,"href":"https:\/\/tipu.ee\/de\/wp-json\/wp\/v2\/product_tag?post=992"}],"curies":[{"name":"wp","href":"https:\/\/api.w.org\/{rel}","templated":true}]}}