{"id":990,"date":"2024-02-14T01:25:27","date_gmt":"2024-02-14T01:25:27","guid":{"rendered":"https:\/\/tipu.ee\/toode\/natuerliches-badesalz\/"},"modified":"2024-02-14T01:25:27","modified_gmt":"2024-02-14T01:25:27","slug":"natuerliches-badesalz","status":"publish","type":"product","link":"https:\/\/tipu.ee\/de\/toode\/natuerliches-badesalz\/","title":{"rendered":"Nat\u00fcrliches Badesalz"},"content":{"rendered":"<p>Nat\u00fcrliche Badesalze Zeigen Sie Ihren Kunden, dass Sie sich um ihre Gesundheit k\u00fcmmern. Schenken Sie ihnen ein kompaktes Spa-Erlebnis. Nat\u00fcrliche Badesalze sind ein originelles und stilvolles Gesch\u00e4ftsgeschenk.<\/p>\n<p>Wie das Salz verwendet wird Geben Sie einen Teil des Salzes in die Badewanne und schaffen Sie Ihr pers\u00f6nliches Spa-Erlebnis. Jede Salzmischung hat einzigartige Eigenschaften. Ein Glas reicht f\u00fcr mehrere B\u00e4der.<\/p>\n<p>Heim-Spa entsprechend Ihrer Marke<\/p>\n<p>Sie k\u00f6nnen Ihr ganz eigenes Badesalz kreieren. W\u00e4hlen Sie Farbe, Duft, Zus\u00e4tze, personalisieren Sie das Glas, die Box und den Umschlag \u2013 wir helfen Ihnen, die beste L\u00f6sung f\u00fcr Ihr Unternehmen zu finden.<\/p>\n<p>Farbe und Duft Nat\u00fcrliche \u00d6le und Farbstoffe machen das Salz wirklich einzigartig. Der bezaubernde Duft bleibt Ihren Kunden noch lange im Ged\u00e4chtnis.<\/p>\n<p>F\u00fcgen Sie Bl\u00e4tter zum Salz hinzu Rosenbl\u00e4tter, getrocknete Orangenscheiben, Zimtst\u00fccke, Lavendel: Das Badesalz sieht nicht nur gro\u00dfartig aus, es wirkt auch wunderbar.<\/p>\n<p>Heilende Wirkung Das Badesalz ist energetisierend, stimulierend, heilend, w\u00e4rmend und beruhigend nach einem langen, harten Tag. Wir bieten passendes Badesalz f\u00fcr jeden Anlass.<\/p>\n<p>Vollst\u00e4ndig personalisiert Gestalten Sie Etiketten, Deckel, Labels und Aufkleber mit Ihrem Firmenlogo. Wir k\u00f6nnen auch Badesalz in Ihren Firmenfarben herstellen. Wir helfen Ihnen, die besten L\u00f6sungen zu finden \u2013 seien Sie kreativ!<\/p>\n<p>Box Drucken Sie Ihr Logo darauf.<\/p>\n<p>Umschlag Logo, Slogan, Widmung. Auf der eleganten, strapazierf\u00e4higen Papierkarte stehen die Eigenschaften des gew\u00e4hlten Salzes und eine Begr\u00fc\u00dfungsnachricht. Das \u00f6kologische, nat\u00fcrliche und hochwertige Salz stammt aus polnischen Minen in den Regionen Ciechocinek, Inowroc\u0142aw und K\u0142odawa. Jede hat ihre eigenen einzigartigen Salzeigenschaften.<\/p>\n<p>Bereits fertige L\u00f6sungen Wir bieten fertige L\u00f6sungen \u2013 f\u00fcgen Sie Ihr Firmendesign hinzu. \u00c4nderungen nach Ihren W\u00fcnschen sind ebenfalls m\u00f6glich.<\/p>\n<p>Entspannender Lavendel Salz mit Lavendelbl\u00fcten und Lavendel\u00f6l. Verbessert die Stimmung, f\u00f6rdert den Schlaf, reguliert den Stoffwechsel und verbessert die Durchblutung. Reines Vergn\u00fcgen!<\/p>\n<p>Orangen-Detox Badesalz mit Orangen\u00f6l und getrockneten Orangenscheiben. Nat\u00fcrliches Orangen\u00f6l hat eine tonisierende Wirkung. Ideal f\u00fcr ein erfrischendes Bad vor dem Verlassen des Hauses.<\/p>\n<p>W\u00e4rmender Zimt Aromatischer Zimt erzeugt ein warmes Gef\u00fchl, das auch nach dem Baden anh\u00e4lt. Kombiniert mit Zitrus\u00f6len. Hervorragende entspannende Wirkung nach einem langen Arbeitstag.<\/p>\n<p>Belebende Rose Nat\u00fcrliche verj\u00fcngende Wirkung und k\u00f6stlicher Duft. Dieses Badesalz hat starke antioxidative Eigenschaften und eine feuchtigkeitsspendende Wirkung, die die Haut lange sch\u00f6n h\u00e4lt.<\/p>\n<ul>\n<li>W\u00e4hlen Sie die Zusammensetzung des Salzes<\/li>\n<li>UV-Etikett oder transparente Folie mit vollfarbigem Druck<\/li>\n<li>Personalisierter Deckel<\/li>\n<li>Label<\/li>\n<li>Spezielles Kartondesign (Aufkleber oder Druck)<\/li>\n<li>Produktinformationen mit Anleitung 85 x 85 mm<\/li>\n<\/ul>\n<p>Gewicht: 350 g H\u00f6he: 95 mm : 77 mm<\/p>\n<p>Badesalz in einem Beutel 200 g<\/p>\n<ul>\n<li>W\u00e4hlen Sie die Zusammensetzung des Salzes<\/li>\n<\/ul>\n<p>Beispiele f\u00fcr D\u00fcfte: \u00d6le: Vanille, Kokosnuss, Moschus, Orchidee, Kaschmir, Holz, Bambus, Tanne, Walderdbeere, Eukalyptus, Rose, Lavendel, Vanille mit Zimt und Honig usw.<\/p>\n<p>Von Parf\u00fcms inspiriert: Code, Mademoiselle, Amber, Allure, Si, DG. Light Blue, Boss No.6, SHE<\/p>\n","protected":false},"excerpt":{"rendered":"<p>Nat\u00fcrliche Badesalze Zeigen Sie Ihren Kunden, dass Sie sich um ihre Gesundheit k\u00fcmmern. Schenken Sie ihnen ein kompaktes Spa-Erlebnis. Nat\u00fcrliche Badesalze sind ein originelles und stilvolles Gesch\u00e4ftsgeschenk. Wie das Salz verwendet wird Geben Sie einen Teil des Salzes in die Badewanne und schaffen Sie Ihr pers\u00f6nliches Spa-Erlebnis. Jede Salzmischung hat einzigartige Eigenschaften. Ein Glas reicht [&hellip;]<\/p>\n","protected":false},"featured_media":803,"comment_status":"open","ping_status":"closed","template":"","meta":{"_acf_changed":false},"product_cat":[15],"product_tag":[],"class_list":{"0":"post-990","1":"product","2":"type-product","3":"status-publish","4":"has-post-thumbnail","6":"product_cat-kasvavad-kingitused","8":"first","9":"instock","10":"shipping-taxable","11":"product-type-simple"},"acf":[],"yoast_head":"<!-- This site is optimized with the Yoast SEO plugin v22.1 - https:\/\/yoast.com\/wordpress\/plugins\/seo\/ -->\n<title>Nat\u00fcrliches Badesalz - TIPU<\/title>\n<meta name=\"robots\" content=\"index, follow, max-snippet:-1, max-image-preview:large, max-video-preview:-1\" \/>\n<link rel=\"canonical\" href=\"https:\/\/tipu.ee\/de\/toode\/natuerliches-badesalz\/\" \/>\n<meta property=\"og:locale\" content=\"de_DE\" \/>\n<meta property=\"og:type\" content=\"article\" \/>\n<meta property=\"og:title\" content=\"Nat\u00fcrliches Badesalz - TIPU\" \/>\n<meta property=\"og:description\" content=\"Nat\u00fcrliche Badesalze Zeigen Sie Ihren Kunden, dass Sie sich um ihre Gesundheit k\u00fcmmern. Schenken Sie ihnen ein kompaktes Spa-Erlebnis. Nat\u00fcrliche Badesalze sind ein originelles und stilvolles Gesch\u00e4ftsgeschenk. Wie das Salz verwendet wird Geben Sie einen Teil des Salzes in die Badewanne und schaffen Sie Ihr pers\u00f6nliches Spa-Erlebnis. Jede Salzmischung hat einzigartige Eigenschaften. Ein Glas reicht [&hellip;]\" \/>\n<meta property=\"og:url\" content=\"https:\/\/tipu.ee\/de\/toode\/natuerliches-badesalz\/\" \/>\n<meta property=\"og:site_name\" content=\"TIPU\" \/>\n<meta property=\"og:image\" content=\"http:\/\/tipu.ee\/wp-content\/uploads\/2024\/02\/850x850_sol-886x886-1.jpg\" \/>\n\t<meta property=\"og:image:width\" content=\"850\" \/>\n\t<meta property=\"og:image:height\" content=\"850\" \/>\n\t<meta property=\"og:image:type\" content=\"image\/jpeg\" \/>\n<meta name=\"twitter:card\" content=\"summary_large_image\" \/>\n<meta name=\"twitter:label1\" content=\"Gesch\u00e4tzte Lesezeit\" \/>\n\t<meta name=\"twitter:data1\" content=\"2\u00a0Minuten\" \/>\n<script type=\"application\/ld+json\" class=\"yoast-schema-graph\">{\"@context\":\"https:\/\/schema.org\",\"@graph\":[{\"@type\":\"WebPage\",\"@id\":\"https:\/\/tipu.ee\/de\/toode\/natuerliches-badesalz\/\",\"url\":\"https:\/\/tipu.ee\/de\/toode\/natuerliches-badesalz\/\",\"name\":\"Nat\u00fcrliches Badesalz - TIPU\",\"isPartOf\":{\"@id\":\"https:\/\/tipu.ee\/#website\"},\"datePublished\":\"2024-02-14T01:25:27+00:00\",\"dateModified\":\"2024-02-14T01:25:27+00:00\",\"breadcrumb\":{\"@id\":\"https:\/\/tipu.ee\/de\/toode\/natuerliches-badesalz\/#breadcrumb\"},\"inLanguage\":\"de\",\"potentialAction\":[{\"@type\":\"ReadAction\",\"target\":[\"https:\/\/tipu.ee\/de\/toode\/natuerliches-badesalz\/\"]}]},{\"@type\":\"BreadcrumbList\",\"@id\":\"https:\/\/tipu.ee\/de\/toode\/natuerliches-badesalz\/#breadcrumb\",\"itemListElement\":[{\"@type\":\"ListItem\",\"position\":1,\"name\":\"Home\",\"item\":\"https:\/\/tipu.ee\/\"},{\"@type\":\"ListItem\",\"position\":2,\"name\":\"Shop\",\"item\":\"https:\/\/tipu.ee\/de\/shop\/\"},{\"@type\":\"ListItem\",\"position\":3,\"name\":\"Nat\u00fcrliches Badesalz\"}]},{\"@type\":\"WebSite\",\"@id\":\"https:\/\/tipu.ee\/#website\",\"url\":\"https:\/\/tipu.ee\/\",\"name\":\"TIPU\",\"description\":\"\u00d6koloogilised \u00e4rikingitused\",\"publisher\":{\"@id\":\"https:\/\/tipu.ee\/#organization\"},\"potentialAction\":[{\"@type\":\"SearchAction\",\"target\":{\"@type\":\"EntryPoint\",\"urlTemplate\":\"https:\/\/tipu.ee\/?s={search_term_string}\"},\"query-input\":\"required name=search_term_string\"}],\"inLanguage\":\"de\"},{\"@type\":\"Organization\",\"@id\":\"https:\/\/tipu.ee\/#organization\",\"name\":\"TIPU\",\"url\":\"https:\/\/tipu.ee\/\",\"logo\":{\"@type\":\"ImageObject\",\"inLanguage\":\"de\",\"@id\":\"https:\/\/tipu.ee\/#\/schema\/logo\/image\/\",\"url\":\"https:\/\/tipu.ee\/wp-content\/uploads\/2024\/01\/tipulogo.png\",\"contentUrl\":\"https:\/\/tipu.ee\/wp-content\/uploads\/2024\/01\/tipulogo.png\",\"width\":205,\"height\":120,\"caption\":\"TIPU\"},\"image\":{\"@id\":\"https:\/\/tipu.ee\/#\/schema\/logo\/image\/\"}}]}<\/script>\n<!-- \/ Yoast SEO plugin. -->","yoast_head_json":{"title":"Nat\u00fcrliches Badesalz - TIPU","robots":{"index":"index","follow":"follow","max-snippet":"max-snippet:-1","max-image-preview":"max-image-preview:large","max-video-preview":"max-video-preview:-1"},"canonical":"https:\/\/tipu.ee\/de\/toode\/natuerliches-badesalz\/","og_locale":"de_DE","og_type":"article","og_title":"Nat\u00fcrliches Badesalz - TIPU","og_description":"Nat\u00fcrliche Badesalze Zeigen Sie Ihren Kunden, dass Sie sich um ihre Gesundheit k\u00fcmmern. Schenken Sie ihnen ein kompaktes Spa-Erlebnis. Nat\u00fcrliche Badesalze sind ein originelles und stilvolles Gesch\u00e4ftsgeschenk. Wie das Salz verwendet wird Geben Sie einen Teil des Salzes in die Badewanne und schaffen Sie Ihr pers\u00f6nliches Spa-Erlebnis. Jede Salzmischung hat einzigartige Eigenschaften. Ein Glas reicht [&hellip;]","og_url":"https:\/\/tipu.ee\/de\/toode\/natuerliches-badesalz\/","og_site_name":"TIPU","og_image":[{"width":850,"height":850,"url":"http:\/\/tipu.ee\/wp-content\/uploads\/2024\/02\/850x850_sol-886x886-1.jpg","type":"image\/jpeg"}],"twitter_card":"summary_large_image","twitter_misc":{"Gesch\u00e4tzte Lesezeit":"2\u00a0Minuten"},"schema":{"@context":"https:\/\/schema.org","@graph":[{"@type":"WebPage","@id":"https:\/\/tipu.ee\/de\/toode\/natuerliches-badesalz\/","url":"https:\/\/tipu.ee\/de\/toode\/natuerliches-badesalz\/","name":"Nat\u00fcrliches Badesalz - TIPU","isPartOf":{"@id":"https:\/\/tipu.ee\/#website"},"datePublished":"2024-02-14T01:25:27+00:00","dateModified":"2024-02-14T01:25:27+00:00","breadcrumb":{"@id":"https:\/\/tipu.ee\/de\/toode\/natuerliches-badesalz\/#breadcrumb"},"inLanguage":"de","potentialAction":[{"@type":"ReadAction","target":["https:\/\/tipu.ee\/de\/toode\/natuerliches-badesalz\/"]}]},{"@type":"BreadcrumbList","@id":"https:\/\/tipu.ee\/de\/toode\/natuerliches-badesalz\/#breadcrumb","itemListElement":[{"@type":"ListItem","position":1,"name":"Home","item":"https:\/\/tipu.ee\/"},{"@type":"ListItem","position":2,"name":"Shop","item":"https:\/\/tipu.ee\/de\/shop\/"},{"@type":"ListItem","position":3,"name":"Nat\u00fcrliches Badesalz"}]},{"@type":"WebSite","@id":"https:\/\/tipu.ee\/#website","url":"https:\/\/tipu.ee\/","name":"TIPU","description":"\u00d6koloogilised \u00e4rikingitused","publisher":{"@id":"https:\/\/tipu.ee\/#organization"},"potentialAction":[{"@type":"SearchAction","target":{"@type":"EntryPoint","urlTemplate":"https:\/\/tipu.ee\/?s={search_term_string}"},"query-input":"required name=search_term_string"}],"inLanguage":"de"},{"@type":"Organization","@id":"https:\/\/tipu.ee\/#organization","name":"TIPU","url":"https:\/\/tipu.ee\/","logo":{"@type":"ImageObject","inLanguage":"de","@id":"https:\/\/tipu.ee\/#\/schema\/logo\/image\/","url":"https:\/\/tipu.ee\/wp-content\/uploads\/2024\/01\/tipulogo.png","contentUrl":"https:\/\/tipu.ee\/wp-content\/uploads\/2024\/01\/tipulogo.png","width":205,"height":120,"caption":"TIPU"},"image":{"@id":"https:\/\/tipu.ee\/#\/schema\/logo\/image\/"}}]}},"_links":{"self":[{"href":"https:\/\/tipu.ee\/de\/wp-json\/wp\/v2\/product\/990","targetHints":{"allow":["GET"]}}],"collection":[{"href":"https:\/\/tipu.ee\/de\/wp-json\/wp\/v2\/product"}],"about":[{"href":"https:\/\/tipu.ee\/de\/wp-json\/wp\/v2\/types\/product"}],"replies":[{"embeddable":true,"href":"https:\/\/tipu.ee\/de\/wp-json\/wp\/v2\/comments?post=990"}],"wp:featuredmedia":[{"embeddable":true,"href":"https:\/\/tipu.ee\/de\/wp-json\/wp\/v2\/media\/803"}],"wp:attachment":[{"href":"https:\/\/tipu.ee\/de\/wp-json\/wp\/v2\/media?parent=990"}],"wp:term":[{"taxonomy":"product_cat","embeddable":true,"href":"https:\/\/tipu.ee\/de\/wp-json\/wp\/v2\/product_cat?post=990"},{"taxonomy":"product_tag","embeddable":true,"href":"https:\/\/tipu.ee\/de\/wp-json\/wp\/v2\/product_tag?post=990"}],"curies":[{"name":"wp","href":"https:\/\/api.w.org\/{rel}","templated":true}]}}