{"id":989,"date":"2024-02-14T01:28:55","date_gmt":"2024-02-14T01:28:55","guid":{"rendered":"https:\/\/tipu.ee\/toode\/bee-love-honig-und-bienenwachsgeschenkset\/"},"modified":"2024-02-14T01:28:55","modified_gmt":"2024-02-14T01:28:55","slug":"bee-love-honig-und-bienenwachsgeschenkset","status":"publish","type":"product","link":"https:\/\/tipu.ee\/de\/toode\/bee-love-honig-und-bienenwachsgeschenkset\/","title":{"rendered":"Bee Love. Honig- und Bienenwachsgeschenkset"},"content":{"rendered":"<p>Das perfekte Geschenk f\u00fcr Honigliebhaber!<br \/>\nW\u00e4hlen Sie aus einer Vielzahl von Honig- und Bienenwachsprodukten: Nat\u00fcrliche Bienenwachskerze, Bee Bomb Samenball, nat\u00fcrliche Seife, Honig.<\/p>\n<p>Auf die Verpackung kann ein individuelles Design gedruckt werden.<br \/>\nMa\u00dfe der Box: Breite: 158 mm, Tiefe: 61 mm, H\u00f6he: 54 mm<\/p>\n","protected":false},"excerpt":{"rendered":"<p>Das perfekte Geschenk f\u00fcr Honigliebhaber! W\u00e4hlen Sie aus einer Vielzahl von Honig- und Bienenwachsprodukten: Nat\u00fcrliche Bienenwachskerze, Bee Bomb Samenball, nat\u00fcrliche Seife, Honig. Auf die Verpackung kann ein individuelles Design gedruckt werden. Ma\u00dfe der Box: Breite: 158 mm, Tiefe: 61 mm, H\u00f6he: 54 mm<\/p>\n","protected":false},"featured_media":810,"comment_status":"open","ping_status":"closed","template":"","meta":{"_acf_changed":false},"product_cat":[15],"product_tag":[],"class_list":{"0":"post-989","1":"product","2":"type-product","3":"status-publish","4":"has-post-thumbnail","6":"product_cat-kasvavad-kingitused","8":"first","9":"instock","10":"shipping-taxable","11":"product-type-simple"},"acf":[],"yoast_head":"<!-- This site is optimized with the Yoast SEO plugin v22.1 - https:\/\/yoast.com\/wordpress\/plugins\/seo\/ -->\n<title>Bee Love. Honig- und Bienenwachsgeschenkset - TIPU<\/title>\n<meta name=\"robots\" content=\"index, follow, max-snippet:-1, max-image-preview:large, max-video-preview:-1\" \/>\n<link rel=\"canonical\" href=\"https:\/\/tipu.ee\/de\/toode\/bee-love-honig-und-bienenwachsgeschenkset\/\" \/>\n<meta property=\"og:locale\" content=\"de_DE\" \/>\n<meta property=\"og:type\" content=\"article\" \/>\n<meta property=\"og:title\" content=\"Bee Love. Honig- und Bienenwachsgeschenkset - TIPU\" \/>\n<meta property=\"og:description\" content=\"Das perfekte Geschenk f\u00fcr Honigliebhaber! W\u00e4hlen Sie aus einer Vielzahl von Honig- und Bienenwachsprodukten: Nat\u00fcrliche Bienenwachskerze, Bee Bomb Samenball, nat\u00fcrliche Seife, Honig. Auf die Verpackung kann ein individuelles Design gedruckt werden. Ma\u00dfe der Box: Breite: 158 mm, Tiefe: 61 mm, H\u00f6he: 54 mm\" \/>\n<meta property=\"og:url\" content=\"https:\/\/tipu.ee\/de\/toode\/bee-love-honig-und-bienenwachsgeschenkset\/\" \/>\n<meta property=\"og:site_name\" content=\"TIPU\" \/>\n<meta property=\"og:image\" content=\"http:\/\/tipu.ee\/wp-content\/uploads\/2024\/02\/Eco-Gifts-made-in-EU-SPRING-SUMMER-2024-v1_Page_27_Image_0002.jpg\" \/>\n\t<meta property=\"og:image:width\" content=\"879\" \/>\n\t<meta property=\"og:image:height\" content=\"557\" \/>\n\t<meta property=\"og:image:type\" content=\"image\/jpeg\" \/>\n<meta name=\"twitter:card\" content=\"summary_large_image\" \/>\n<script type=\"application\/ld+json\" class=\"yoast-schema-graph\">{\"@context\":\"https:\/\/schema.org\",\"@graph\":[{\"@type\":\"WebPage\",\"@id\":\"https:\/\/tipu.ee\/de\/toode\/bee-love-honig-und-bienenwachsgeschenkset\/\",\"url\":\"https:\/\/tipu.ee\/de\/toode\/bee-love-honig-und-bienenwachsgeschenkset\/\",\"name\":\"Bee Love. Honig- und Bienenwachsgeschenkset - TIPU\",\"isPartOf\":{\"@id\":\"https:\/\/tipu.ee\/#website\"},\"datePublished\":\"2024-02-14T01:28:55+00:00\",\"dateModified\":\"2024-02-14T01:28:55+00:00\",\"breadcrumb\":{\"@id\":\"https:\/\/tipu.ee\/de\/toode\/bee-love-honig-und-bienenwachsgeschenkset\/#breadcrumb\"},\"inLanguage\":\"de\",\"potentialAction\":[{\"@type\":\"ReadAction\",\"target\":[\"https:\/\/tipu.ee\/de\/toode\/bee-love-honig-und-bienenwachsgeschenkset\/\"]}]},{\"@type\":\"BreadcrumbList\",\"@id\":\"https:\/\/tipu.ee\/de\/toode\/bee-love-honig-und-bienenwachsgeschenkset\/#breadcrumb\",\"itemListElement\":[{\"@type\":\"ListItem\",\"position\":1,\"name\":\"Home\",\"item\":\"https:\/\/tipu.ee\/\"},{\"@type\":\"ListItem\",\"position\":2,\"name\":\"Shop\",\"item\":\"https:\/\/tipu.ee\/de\/shop\/\"},{\"@type\":\"ListItem\",\"position\":3,\"name\":\"Bee Love. Honig- und Bienenwachsgeschenkset\"}]},{\"@type\":\"WebSite\",\"@id\":\"https:\/\/tipu.ee\/#website\",\"url\":\"https:\/\/tipu.ee\/\",\"name\":\"TIPU\",\"description\":\"\u00d6koloogilised \u00e4rikingitused\",\"publisher\":{\"@id\":\"https:\/\/tipu.ee\/#organization\"},\"potentialAction\":[{\"@type\":\"SearchAction\",\"target\":{\"@type\":\"EntryPoint\",\"urlTemplate\":\"https:\/\/tipu.ee\/?s={search_term_string}\"},\"query-input\":\"required name=search_term_string\"}],\"inLanguage\":\"de\"},{\"@type\":\"Organization\",\"@id\":\"https:\/\/tipu.ee\/#organization\",\"name\":\"TIPU\",\"url\":\"https:\/\/tipu.ee\/\",\"logo\":{\"@type\":\"ImageObject\",\"inLanguage\":\"de\",\"@id\":\"https:\/\/tipu.ee\/#\/schema\/logo\/image\/\",\"url\":\"https:\/\/tipu.ee\/wp-content\/uploads\/2024\/01\/tipulogo.png\",\"contentUrl\":\"https:\/\/tipu.ee\/wp-content\/uploads\/2024\/01\/tipulogo.png\",\"width\":205,\"height\":120,\"caption\":\"TIPU\"},\"image\":{\"@id\":\"https:\/\/tipu.ee\/#\/schema\/logo\/image\/\"}}]}<\/script>\n<!-- \/ Yoast SEO plugin. -->","yoast_head_json":{"title":"Bee Love. Honig- und Bienenwachsgeschenkset - TIPU","robots":{"index":"index","follow":"follow","max-snippet":"max-snippet:-1","max-image-preview":"max-image-preview:large","max-video-preview":"max-video-preview:-1"},"canonical":"https:\/\/tipu.ee\/de\/toode\/bee-love-honig-und-bienenwachsgeschenkset\/","og_locale":"de_DE","og_type":"article","og_title":"Bee Love. Honig- und Bienenwachsgeschenkset - TIPU","og_description":"Das perfekte Geschenk f\u00fcr Honigliebhaber! W\u00e4hlen Sie aus einer Vielzahl von Honig- und Bienenwachsprodukten: Nat\u00fcrliche Bienenwachskerze, Bee Bomb Samenball, nat\u00fcrliche Seife, Honig. Auf die Verpackung kann ein individuelles Design gedruckt werden. Ma\u00dfe der Box: Breite: 158 mm, Tiefe: 61 mm, H\u00f6he: 54 mm","og_url":"https:\/\/tipu.ee\/de\/toode\/bee-love-honig-und-bienenwachsgeschenkset\/","og_site_name":"TIPU","og_image":[{"width":879,"height":557,"url":"http:\/\/tipu.ee\/wp-content\/uploads\/2024\/02\/Eco-Gifts-made-in-EU-SPRING-SUMMER-2024-v1_Page_27_Image_0002.jpg","type":"image\/jpeg"}],"twitter_card":"summary_large_image","schema":{"@context":"https:\/\/schema.org","@graph":[{"@type":"WebPage","@id":"https:\/\/tipu.ee\/de\/toode\/bee-love-honig-und-bienenwachsgeschenkset\/","url":"https:\/\/tipu.ee\/de\/toode\/bee-love-honig-und-bienenwachsgeschenkset\/","name":"Bee Love. Honig- und Bienenwachsgeschenkset - TIPU","isPartOf":{"@id":"https:\/\/tipu.ee\/#website"},"datePublished":"2024-02-14T01:28:55+00:00","dateModified":"2024-02-14T01:28:55+00:00","breadcrumb":{"@id":"https:\/\/tipu.ee\/de\/toode\/bee-love-honig-und-bienenwachsgeschenkset\/#breadcrumb"},"inLanguage":"de","potentialAction":[{"@type":"ReadAction","target":["https:\/\/tipu.ee\/de\/toode\/bee-love-honig-und-bienenwachsgeschenkset\/"]}]},{"@type":"BreadcrumbList","@id":"https:\/\/tipu.ee\/de\/toode\/bee-love-honig-und-bienenwachsgeschenkset\/#breadcrumb","itemListElement":[{"@type":"ListItem","position":1,"name":"Home","item":"https:\/\/tipu.ee\/"},{"@type":"ListItem","position":2,"name":"Shop","item":"https:\/\/tipu.ee\/de\/shop\/"},{"@type":"ListItem","position":3,"name":"Bee Love. Honig- und Bienenwachsgeschenkset"}]},{"@type":"WebSite","@id":"https:\/\/tipu.ee\/#website","url":"https:\/\/tipu.ee\/","name":"TIPU","description":"\u00d6koloogilised \u00e4rikingitused","publisher":{"@id":"https:\/\/tipu.ee\/#organization"},"potentialAction":[{"@type":"SearchAction","target":{"@type":"EntryPoint","urlTemplate":"https:\/\/tipu.ee\/?s={search_term_string}"},"query-input":"required name=search_term_string"}],"inLanguage":"de"},{"@type":"Organization","@id":"https:\/\/tipu.ee\/#organization","name":"TIPU","url":"https:\/\/tipu.ee\/","logo":{"@type":"ImageObject","inLanguage":"de","@id":"https:\/\/tipu.ee\/#\/schema\/logo\/image\/","url":"https:\/\/tipu.ee\/wp-content\/uploads\/2024\/01\/tipulogo.png","contentUrl":"https:\/\/tipu.ee\/wp-content\/uploads\/2024\/01\/tipulogo.png","width":205,"height":120,"caption":"TIPU"},"image":{"@id":"https:\/\/tipu.ee\/#\/schema\/logo\/image\/"}}]}},"_links":{"self":[{"href":"https:\/\/tipu.ee\/de\/wp-json\/wp\/v2\/product\/989","targetHints":{"allow":["GET"]}}],"collection":[{"href":"https:\/\/tipu.ee\/de\/wp-json\/wp\/v2\/product"}],"about":[{"href":"https:\/\/tipu.ee\/de\/wp-json\/wp\/v2\/types\/product"}],"replies":[{"embeddable":true,"href":"https:\/\/tipu.ee\/de\/wp-json\/wp\/v2\/comments?post=989"}],"wp:featuredmedia":[{"embeddable":true,"href":"https:\/\/tipu.ee\/de\/wp-json\/wp\/v2\/media\/810"}],"wp:attachment":[{"href":"https:\/\/tipu.ee\/de\/wp-json\/wp\/v2\/media?parent=989"}],"wp:term":[{"taxonomy":"product_cat","embeddable":true,"href":"https:\/\/tipu.ee\/de\/wp-json\/wp\/v2\/product_cat?post=989"},{"taxonomy":"product_tag","embeddable":true,"href":"https:\/\/tipu.ee\/de\/wp-json\/wp\/v2\/product_tag?post=989"}],"curies":[{"name":"wp","href":"https:\/\/api.w.org\/{rel}","templated":true}]}}