{"id":988,"date":"2024-02-14T15:44:41","date_gmt":"2024-02-14T15:44:41","guid":{"rendered":"https:\/\/tipu.ee\/toode\/geschenkset-aus-ihren-ausgewaehlten-produkten\/"},"modified":"2024-02-14T15:44:41","modified_gmt":"2024-02-14T15:44:41","slug":"geschenkset-aus-ihren-ausgewaehlten-produkten","status":"publish","type":"product","link":"https:\/\/tipu.ee\/de\/toode\/geschenkset-aus-ihren-ausgewaehlten-produkten\/","title":{"rendered":"Geschenkset aus Ihren ausgew\u00e4hlten Produkten"},"content":{"rendered":"<p>Ein sch\u00f6n verpacktes Geschenkset ist ein gro\u00dfartiges Gesch\u00e4ftsgeschenk! W\u00e4hlen Sie eines der Standardpakete oder stellen Sie aus unseren Geschenken etwas v\u00f6llig Besonderes zusammen. Neben den Produkten aus dem Katalog k\u00f6nnen die Sets spezielle Zus\u00e4tze und S\u00fc\u00dfigkeiten enthalten.<\/p>\n","protected":false},"excerpt":{"rendered":"<p>Ein sch\u00f6n verpacktes Geschenkset ist ein gro\u00dfartiges Gesch\u00e4ftsgeschenk! W\u00e4hlen Sie eines der Standardpakete oder stellen Sie aus unseren Geschenken etwas v\u00f6llig Besonderes zusammen. Neben den Produkten aus dem Katalog k\u00f6nnen die Sets spezielle Zus\u00e4tze und S\u00fc\u00dfigkeiten enthalten.<\/p>\n","protected":false},"featured_media":812,"comment_status":"open","ping_status":"closed","template":"","meta":{"_acf_changed":false},"product_cat":[15],"product_tag":[],"class_list":{"0":"post-988","1":"product","2":"type-product","3":"status-publish","4":"has-post-thumbnail","6":"product_cat-kasvavad-kingitused","8":"first","9":"instock","10":"shipping-taxable","11":"product-type-simple"},"acf":[],"yoast_head":"<!-- This site is optimized with the Yoast SEO plugin v22.1 - https:\/\/yoast.com\/wordpress\/plugins\/seo\/ -->\n<title>Geschenkset aus Ihren ausgew\u00e4hlten Produkten - TIPU<\/title>\n<meta name=\"robots\" content=\"index, follow, max-snippet:-1, max-image-preview:large, max-video-preview:-1\" \/>\n<link rel=\"canonical\" href=\"https:\/\/tipu.ee\/de\/toode\/geschenkset-aus-ihren-ausgewaehlten-produkten\/\" \/>\n<meta property=\"og:locale\" content=\"de_DE\" \/>\n<meta property=\"og:type\" content=\"article\" \/>\n<meta property=\"og:title\" content=\"Geschenkset aus Ihren ausgew\u00e4hlten Produkten - TIPU\" \/>\n<meta property=\"og:description\" content=\"Ein sch\u00f6n verpacktes Geschenkset ist ein gro\u00dfartiges Gesch\u00e4ftsgeschenk! W\u00e4hlen Sie eines der Standardpakete oder stellen Sie aus unseren Geschenken etwas v\u00f6llig Besonderes zusammen. Neben den Produkten aus dem Katalog k\u00f6nnen die Sets spezielle Zus\u00e4tze und S\u00fc\u00dfigkeiten enthalten.\" \/>\n<meta property=\"og:url\" content=\"https:\/\/tipu.ee\/de\/toode\/geschenkset-aus-ihren-ausgewaehlten-produkten\/\" \/>\n<meta property=\"og:site_name\" content=\"TIPU\" \/>\n<meta property=\"og:image\" content=\"http:\/\/tipu.ee\/wp-content\/uploads\/2024\/02\/850x850_zestaw04-886x886-1.jpg\" \/>\n\t<meta property=\"og:image:width\" content=\"850\" \/>\n\t<meta property=\"og:image:height\" content=\"850\" \/>\n\t<meta property=\"og:image:type\" content=\"image\/jpeg\" \/>\n<meta name=\"twitter:card\" content=\"summary_large_image\" \/>\n<script type=\"application\/ld+json\" class=\"yoast-schema-graph\">{\"@context\":\"https:\/\/schema.org\",\"@graph\":[{\"@type\":\"WebPage\",\"@id\":\"https:\/\/tipu.ee\/de\/toode\/geschenkset-aus-ihren-ausgewaehlten-produkten\/\",\"url\":\"https:\/\/tipu.ee\/de\/toode\/geschenkset-aus-ihren-ausgewaehlten-produkten\/\",\"name\":\"Geschenkset aus Ihren ausgew\u00e4hlten Produkten - TIPU\",\"isPartOf\":{\"@id\":\"https:\/\/tipu.ee\/#website\"},\"datePublished\":\"2024-02-14T15:44:41+00:00\",\"dateModified\":\"2024-02-14T15:44:41+00:00\",\"breadcrumb\":{\"@id\":\"https:\/\/tipu.ee\/de\/toode\/geschenkset-aus-ihren-ausgewaehlten-produkten\/#breadcrumb\"},\"inLanguage\":\"de\",\"potentialAction\":[{\"@type\":\"ReadAction\",\"target\":[\"https:\/\/tipu.ee\/de\/toode\/geschenkset-aus-ihren-ausgewaehlten-produkten\/\"]}]},{\"@type\":\"BreadcrumbList\",\"@id\":\"https:\/\/tipu.ee\/de\/toode\/geschenkset-aus-ihren-ausgewaehlten-produkten\/#breadcrumb\",\"itemListElement\":[{\"@type\":\"ListItem\",\"position\":1,\"name\":\"Home\",\"item\":\"https:\/\/tipu.ee\/\"},{\"@type\":\"ListItem\",\"position\":2,\"name\":\"Shop\",\"item\":\"https:\/\/tipu.ee\/de\/shop\/\"},{\"@type\":\"ListItem\",\"position\":3,\"name\":\"Geschenkset aus Ihren ausgew\u00e4hlten Produkten\"}]},{\"@type\":\"WebSite\",\"@id\":\"https:\/\/tipu.ee\/#website\",\"url\":\"https:\/\/tipu.ee\/\",\"name\":\"TIPU\",\"description\":\"\u00d6koloogilised \u00e4rikingitused\",\"publisher\":{\"@id\":\"https:\/\/tipu.ee\/#organization\"},\"potentialAction\":[{\"@type\":\"SearchAction\",\"target\":{\"@type\":\"EntryPoint\",\"urlTemplate\":\"https:\/\/tipu.ee\/?s={search_term_string}\"},\"query-input\":\"required name=search_term_string\"}],\"inLanguage\":\"de\"},{\"@type\":\"Organization\",\"@id\":\"https:\/\/tipu.ee\/#organization\",\"name\":\"TIPU\",\"url\":\"https:\/\/tipu.ee\/\",\"logo\":{\"@type\":\"ImageObject\",\"inLanguage\":\"de\",\"@id\":\"https:\/\/tipu.ee\/#\/schema\/logo\/image\/\",\"url\":\"https:\/\/tipu.ee\/wp-content\/uploads\/2024\/01\/tipulogo.png\",\"contentUrl\":\"https:\/\/tipu.ee\/wp-content\/uploads\/2024\/01\/tipulogo.png\",\"width\":205,\"height\":120,\"caption\":\"TIPU\"},\"image\":{\"@id\":\"https:\/\/tipu.ee\/#\/schema\/logo\/image\/\"}}]}<\/script>\n<!-- \/ Yoast SEO plugin. -->","yoast_head_json":{"title":"Geschenkset aus Ihren ausgew\u00e4hlten Produkten - TIPU","robots":{"index":"index","follow":"follow","max-snippet":"max-snippet:-1","max-image-preview":"max-image-preview:large","max-video-preview":"max-video-preview:-1"},"canonical":"https:\/\/tipu.ee\/de\/toode\/geschenkset-aus-ihren-ausgewaehlten-produkten\/","og_locale":"de_DE","og_type":"article","og_title":"Geschenkset aus Ihren ausgew\u00e4hlten Produkten - TIPU","og_description":"Ein sch\u00f6n verpacktes Geschenkset ist ein gro\u00dfartiges Gesch\u00e4ftsgeschenk! W\u00e4hlen Sie eines der Standardpakete oder stellen Sie aus unseren Geschenken etwas v\u00f6llig Besonderes zusammen. Neben den Produkten aus dem Katalog k\u00f6nnen die Sets spezielle Zus\u00e4tze und S\u00fc\u00dfigkeiten enthalten.","og_url":"https:\/\/tipu.ee\/de\/toode\/geschenkset-aus-ihren-ausgewaehlten-produkten\/","og_site_name":"TIPU","og_image":[{"width":850,"height":850,"url":"http:\/\/tipu.ee\/wp-content\/uploads\/2024\/02\/850x850_zestaw04-886x886-1.jpg","type":"image\/jpeg"}],"twitter_card":"summary_large_image","schema":{"@context":"https:\/\/schema.org","@graph":[{"@type":"WebPage","@id":"https:\/\/tipu.ee\/de\/toode\/geschenkset-aus-ihren-ausgewaehlten-produkten\/","url":"https:\/\/tipu.ee\/de\/toode\/geschenkset-aus-ihren-ausgewaehlten-produkten\/","name":"Geschenkset aus Ihren ausgew\u00e4hlten Produkten - TIPU","isPartOf":{"@id":"https:\/\/tipu.ee\/#website"},"datePublished":"2024-02-14T15:44:41+00:00","dateModified":"2024-02-14T15:44:41+00:00","breadcrumb":{"@id":"https:\/\/tipu.ee\/de\/toode\/geschenkset-aus-ihren-ausgewaehlten-produkten\/#breadcrumb"},"inLanguage":"de","potentialAction":[{"@type":"ReadAction","target":["https:\/\/tipu.ee\/de\/toode\/geschenkset-aus-ihren-ausgewaehlten-produkten\/"]}]},{"@type":"BreadcrumbList","@id":"https:\/\/tipu.ee\/de\/toode\/geschenkset-aus-ihren-ausgewaehlten-produkten\/#breadcrumb","itemListElement":[{"@type":"ListItem","position":1,"name":"Home","item":"https:\/\/tipu.ee\/"},{"@type":"ListItem","position":2,"name":"Shop","item":"https:\/\/tipu.ee\/de\/shop\/"},{"@type":"ListItem","position":3,"name":"Geschenkset aus Ihren ausgew\u00e4hlten Produkten"}]},{"@type":"WebSite","@id":"https:\/\/tipu.ee\/#website","url":"https:\/\/tipu.ee\/","name":"TIPU","description":"\u00d6koloogilised \u00e4rikingitused","publisher":{"@id":"https:\/\/tipu.ee\/#organization"},"potentialAction":[{"@type":"SearchAction","target":{"@type":"EntryPoint","urlTemplate":"https:\/\/tipu.ee\/?s={search_term_string}"},"query-input":"required name=search_term_string"}],"inLanguage":"de"},{"@type":"Organization","@id":"https:\/\/tipu.ee\/#organization","name":"TIPU","url":"https:\/\/tipu.ee\/","logo":{"@type":"ImageObject","inLanguage":"de","@id":"https:\/\/tipu.ee\/#\/schema\/logo\/image\/","url":"https:\/\/tipu.ee\/wp-content\/uploads\/2024\/01\/tipulogo.png","contentUrl":"https:\/\/tipu.ee\/wp-content\/uploads\/2024\/01\/tipulogo.png","width":205,"height":120,"caption":"TIPU"},"image":{"@id":"https:\/\/tipu.ee\/#\/schema\/logo\/image\/"}}]}},"_links":{"self":[{"href":"https:\/\/tipu.ee\/de\/wp-json\/wp\/v2\/product\/988","targetHints":{"allow":["GET"]}}],"collection":[{"href":"https:\/\/tipu.ee\/de\/wp-json\/wp\/v2\/product"}],"about":[{"href":"https:\/\/tipu.ee\/de\/wp-json\/wp\/v2\/types\/product"}],"replies":[{"embeddable":true,"href":"https:\/\/tipu.ee\/de\/wp-json\/wp\/v2\/comments?post=988"}],"wp:featuredmedia":[{"embeddable":true,"href":"https:\/\/tipu.ee\/de\/wp-json\/wp\/v2\/media\/812"}],"wp:attachment":[{"href":"https:\/\/tipu.ee\/de\/wp-json\/wp\/v2\/media?parent=988"}],"wp:term":[{"taxonomy":"product_cat","embeddable":true,"href":"https:\/\/tipu.ee\/de\/wp-json\/wp\/v2\/product_cat?post=988"},{"taxonomy":"product_tag","embeddable":true,"href":"https:\/\/tipu.ee\/de\/wp-json\/wp\/v2\/product_tag?post=988"}],"curies":[{"name":"wp","href":"https:\/\/api.w.org\/{rel}","templated":true}]}}