{"id":986,"date":"2024-02-14T16:28:16","date_gmt":"2024-02-14T16:28:16","guid":{"rendered":"https:\/\/tipu.ee\/toode\/3er-set-xxl-keramiktoepfe\/"},"modified":"2024-02-14T16:28:16","modified_gmt":"2024-02-14T16:28:16","slug":"3er-set-xxl-keramiktoepfe","status":"publish","type":"product","link":"https:\/\/tipu.ee\/de\/toode\/3er-set-xxl-keramiktoepfe\/","title":{"rendered":"3er Set XXL Keramikt\u00f6pfe"},"content":{"rendered":"<p>F\u00fcgen Sie Wasser hinzu und nach ein paar Tagen beginnen Pflanzen zu wachsen, die positive Emotionen hervorrufen und Blicke auf sich ziehen. Das Set enth\u00e4lt 3 Pflanzen in einer \u00f6kologischen Box, auf die ein individuelles Design gedruckt werden kann. In den Keramikt\u00f6pfen befinden sich Samen und Kompost. Kombinieren Sie verschiedene Pflanzen!<\/p>\n<p>Vollfarbdruckbox (wei\u00df oder aus Pappe)<\/p>\n<p>Optional: Vollfarbdruck auf T\u00f6pfen<br \/>\n3 Keramikt\u00f6pfe<br \/>\n3 Pflanzensamen Ihrer Wahl<br \/>\n3 Kompostpellets<br \/>\nAbmessungen der Box: 224 x 62 x 81 mm [Breite x H\u00f6he x Tiefe]<br \/>\nAbmessungen des Topfes: Durchmesser des oberen Teils: \u00d8 70 mm, H\u00f6he: 59 mm<br \/>\nInklusive Keramikuntertassen<\/p>\n","protected":false},"excerpt":{"rendered":"<p>F\u00fcgen Sie Wasser hinzu und nach ein paar Tagen beginnen Pflanzen zu wachsen, die positive Emotionen hervorrufen und Blicke auf sich ziehen. Das Set enth\u00e4lt 3 Pflanzen in einer \u00f6kologischen Box, auf die ein individuelles Design gedruckt werden kann. In den Keramikt\u00f6pfen befinden sich Samen und Kompost. Kombinieren Sie verschiedene Pflanzen! Vollfarbdruckbox (wei\u00df oder aus [&hellip;]<\/p>\n","protected":false},"featured_media":822,"comment_status":"open","ping_status":"closed","template":"","meta":{"_acf_changed":false},"product_cat":[15],"product_tag":[],"class_list":{"0":"post-986","1":"product","2":"type-product","3":"status-publish","4":"has-post-thumbnail","6":"product_cat-kasvavad-kingitused","8":"first","9":"instock","10":"shipping-taxable","11":"product-type-simple"},"acf":[],"yoast_head":"<!-- This site is optimized with the Yoast SEO plugin v22.1 - https:\/\/yoast.com\/wordpress\/plugins\/seo\/ -->\n<title>3er Set XXL Keramikt\u00f6pfe - TIPU<\/title>\n<meta name=\"robots\" content=\"index, follow, max-snippet:-1, max-image-preview:large, max-video-preview:-1\" \/>\n<link rel=\"canonical\" href=\"https:\/\/tipu.ee\/de\/toode\/3er-set-xxl-keramiktoepfe\/\" \/>\n<meta property=\"og:locale\" content=\"de_DE\" \/>\n<meta property=\"og:type\" content=\"article\" \/>\n<meta property=\"og:title\" content=\"3er Set XXL Keramikt\u00f6pfe - TIPU\" \/>\n<meta property=\"og:description\" content=\"F\u00fcgen Sie Wasser hinzu und nach ein paar Tagen beginnen Pflanzen zu wachsen, die positive Emotionen hervorrufen und Blicke auf sich ziehen. Das Set enth\u00e4lt 3 Pflanzen in einer \u00f6kologischen Box, auf die ein individuelles Design gedruckt werden kann. In den Keramikt\u00f6pfen befinden sich Samen und Kompost. Kombinieren Sie verschiedene Pflanzen! Vollfarbdruckbox (wei\u00df oder aus [&hellip;]\" \/>\n<meta property=\"og:url\" content=\"https:\/\/tipu.ee\/de\/toode\/3er-set-xxl-keramiktoepfe\/\" \/>\n<meta property=\"og:site_name\" content=\"TIPU\" \/>\n<meta property=\"og:image\" content=\"http:\/\/tipu.ee\/wp-content\/uploads\/2024\/02\/TIPU-eco-catalog-Autumn-Winter-2022_Page_02_Image_0003.jpg\" \/>\n\t<meta property=\"og:image:width\" content=\"1113\" \/>\n\t<meta property=\"og:image:height\" content=\"1013\" \/>\n\t<meta property=\"og:image:type\" content=\"image\/jpeg\" \/>\n<meta name=\"twitter:card\" content=\"summary_large_image\" \/>\n<script type=\"application\/ld+json\" class=\"yoast-schema-graph\">{\"@context\":\"https:\/\/schema.org\",\"@graph\":[{\"@type\":\"WebPage\",\"@id\":\"https:\/\/tipu.ee\/de\/toode\/3er-set-xxl-keramiktoepfe\/\",\"url\":\"https:\/\/tipu.ee\/de\/toode\/3er-set-xxl-keramiktoepfe\/\",\"name\":\"3er Set XXL Keramikt\u00f6pfe - TIPU\",\"isPartOf\":{\"@id\":\"https:\/\/tipu.ee\/#website\"},\"datePublished\":\"2024-02-14T16:28:16+00:00\",\"dateModified\":\"2024-02-14T16:28:16+00:00\",\"breadcrumb\":{\"@id\":\"https:\/\/tipu.ee\/de\/toode\/3er-set-xxl-keramiktoepfe\/#breadcrumb\"},\"inLanguage\":\"de\",\"potentialAction\":[{\"@type\":\"ReadAction\",\"target\":[\"https:\/\/tipu.ee\/de\/toode\/3er-set-xxl-keramiktoepfe\/\"]}]},{\"@type\":\"BreadcrumbList\",\"@id\":\"https:\/\/tipu.ee\/de\/toode\/3er-set-xxl-keramiktoepfe\/#breadcrumb\",\"itemListElement\":[{\"@type\":\"ListItem\",\"position\":1,\"name\":\"Home\",\"item\":\"https:\/\/tipu.ee\/\"},{\"@type\":\"ListItem\",\"position\":2,\"name\":\"Shop\",\"item\":\"https:\/\/tipu.ee\/de\/shop\/\"},{\"@type\":\"ListItem\",\"position\":3,\"name\":\"3er Set XXL Keramikt\u00f6pfe\"}]},{\"@type\":\"WebSite\",\"@id\":\"https:\/\/tipu.ee\/#website\",\"url\":\"https:\/\/tipu.ee\/\",\"name\":\"TIPU\",\"description\":\"\u00d6koloogilised \u00e4rikingitused\",\"publisher\":{\"@id\":\"https:\/\/tipu.ee\/#organization\"},\"potentialAction\":[{\"@type\":\"SearchAction\",\"target\":{\"@type\":\"EntryPoint\",\"urlTemplate\":\"https:\/\/tipu.ee\/?s={search_term_string}\"},\"query-input\":\"required name=search_term_string\"}],\"inLanguage\":\"de\"},{\"@type\":\"Organization\",\"@id\":\"https:\/\/tipu.ee\/#organization\",\"name\":\"TIPU\",\"url\":\"https:\/\/tipu.ee\/\",\"logo\":{\"@type\":\"ImageObject\",\"inLanguage\":\"de\",\"@id\":\"https:\/\/tipu.ee\/#\/schema\/logo\/image\/\",\"url\":\"https:\/\/tipu.ee\/wp-content\/uploads\/2024\/01\/tipulogo.png\",\"contentUrl\":\"https:\/\/tipu.ee\/wp-content\/uploads\/2024\/01\/tipulogo.png\",\"width\":205,\"height\":120,\"caption\":\"TIPU\"},\"image\":{\"@id\":\"https:\/\/tipu.ee\/#\/schema\/logo\/image\/\"}}]}<\/script>\n<!-- \/ Yoast SEO plugin. -->","yoast_head_json":{"title":"3er Set XXL Keramikt\u00f6pfe - TIPU","robots":{"index":"index","follow":"follow","max-snippet":"max-snippet:-1","max-image-preview":"max-image-preview:large","max-video-preview":"max-video-preview:-1"},"canonical":"https:\/\/tipu.ee\/de\/toode\/3er-set-xxl-keramiktoepfe\/","og_locale":"de_DE","og_type":"article","og_title":"3er Set XXL Keramikt\u00f6pfe - TIPU","og_description":"F\u00fcgen Sie Wasser hinzu und nach ein paar Tagen beginnen Pflanzen zu wachsen, die positive Emotionen hervorrufen und Blicke auf sich ziehen. Das Set enth\u00e4lt 3 Pflanzen in einer \u00f6kologischen Box, auf die ein individuelles Design gedruckt werden kann. In den Keramikt\u00f6pfen befinden sich Samen und Kompost. Kombinieren Sie verschiedene Pflanzen! Vollfarbdruckbox (wei\u00df oder aus [&hellip;]","og_url":"https:\/\/tipu.ee\/de\/toode\/3er-set-xxl-keramiktoepfe\/","og_site_name":"TIPU","og_image":[{"width":1113,"height":1013,"url":"http:\/\/tipu.ee\/wp-content\/uploads\/2024\/02\/TIPU-eco-catalog-Autumn-Winter-2022_Page_02_Image_0003.jpg","type":"image\/jpeg"}],"twitter_card":"summary_large_image","schema":{"@context":"https:\/\/schema.org","@graph":[{"@type":"WebPage","@id":"https:\/\/tipu.ee\/de\/toode\/3er-set-xxl-keramiktoepfe\/","url":"https:\/\/tipu.ee\/de\/toode\/3er-set-xxl-keramiktoepfe\/","name":"3er Set XXL Keramikt\u00f6pfe - TIPU","isPartOf":{"@id":"https:\/\/tipu.ee\/#website"},"datePublished":"2024-02-14T16:28:16+00:00","dateModified":"2024-02-14T16:28:16+00:00","breadcrumb":{"@id":"https:\/\/tipu.ee\/de\/toode\/3er-set-xxl-keramiktoepfe\/#breadcrumb"},"inLanguage":"de","potentialAction":[{"@type":"ReadAction","target":["https:\/\/tipu.ee\/de\/toode\/3er-set-xxl-keramiktoepfe\/"]}]},{"@type":"BreadcrumbList","@id":"https:\/\/tipu.ee\/de\/toode\/3er-set-xxl-keramiktoepfe\/#breadcrumb","itemListElement":[{"@type":"ListItem","position":1,"name":"Home","item":"https:\/\/tipu.ee\/"},{"@type":"ListItem","position":2,"name":"Shop","item":"https:\/\/tipu.ee\/de\/shop\/"},{"@type":"ListItem","position":3,"name":"3er Set XXL Keramikt\u00f6pfe"}]},{"@type":"WebSite","@id":"https:\/\/tipu.ee\/#website","url":"https:\/\/tipu.ee\/","name":"TIPU","description":"\u00d6koloogilised \u00e4rikingitused","publisher":{"@id":"https:\/\/tipu.ee\/#organization"},"potentialAction":[{"@type":"SearchAction","target":{"@type":"EntryPoint","urlTemplate":"https:\/\/tipu.ee\/?s={search_term_string}"},"query-input":"required name=search_term_string"}],"inLanguage":"de"},{"@type":"Organization","@id":"https:\/\/tipu.ee\/#organization","name":"TIPU","url":"https:\/\/tipu.ee\/","logo":{"@type":"ImageObject","inLanguage":"de","@id":"https:\/\/tipu.ee\/#\/schema\/logo\/image\/","url":"https:\/\/tipu.ee\/wp-content\/uploads\/2024\/01\/tipulogo.png","contentUrl":"https:\/\/tipu.ee\/wp-content\/uploads\/2024\/01\/tipulogo.png","width":205,"height":120,"caption":"TIPU"},"image":{"@id":"https:\/\/tipu.ee\/#\/schema\/logo\/image\/"}}]}},"_links":{"self":[{"href":"https:\/\/tipu.ee\/de\/wp-json\/wp\/v2\/product\/986","targetHints":{"allow":["GET"]}}],"collection":[{"href":"https:\/\/tipu.ee\/de\/wp-json\/wp\/v2\/product"}],"about":[{"href":"https:\/\/tipu.ee\/de\/wp-json\/wp\/v2\/types\/product"}],"replies":[{"embeddable":true,"href":"https:\/\/tipu.ee\/de\/wp-json\/wp\/v2\/comments?post=986"}],"wp:featuredmedia":[{"embeddable":true,"href":"https:\/\/tipu.ee\/de\/wp-json\/wp\/v2\/media\/822"}],"wp:attachment":[{"href":"https:\/\/tipu.ee\/de\/wp-json\/wp\/v2\/media?parent=986"}],"wp:term":[{"taxonomy":"product_cat","embeddable":true,"href":"https:\/\/tipu.ee\/de\/wp-json\/wp\/v2\/product_cat?post=986"},{"taxonomy":"product_tag","embeddable":true,"href":"https:\/\/tipu.ee\/de\/wp-json\/wp\/v2\/product_tag?post=986"}],"curies":[{"name":"wp","href":"https:\/\/api.w.org\/{rel}","templated":true}]}}