{"id":982,"date":"2024-02-14T16:54:57","date_gmt":"2024-02-14T16:54:57","guid":{"rendered":"https:\/\/tipu.ee\/toode\/nature-3er-pack-pflanzenzucht-set\/"},"modified":"2024-02-14T16:54:57","modified_gmt":"2024-02-14T16:54:57","slug":"nature-3er-pack-pflanzenzucht-set","status":"publish","type":"product","link":"https:\/\/tipu.ee\/de\/toode\/nature-3er-pack-pflanzenzucht-set\/","title":{"rendered":"Nature 3er-Pack Pflanzenzucht-Set"},"content":{"rendered":"<p>Drei Pflanzen in einem Set. Wenn die Pflanzen gr\u00f6\u00dfer wachsen, pflanzen Sie sie um.<\/p>\n<p>Personalisierbare Elemente:<\/p>\n<p>3 Anleitungen zum Z\u00fcchten<br \/>\n40 x 50 mm, 4+4, wei\u00dfes \u00d6kopapier oder Kraftpapier<br \/>\nan der Box befestigtes Label:<br \/>\nVollfarbdruck, 4+4, wei\u00dfes \u00d6kopapier oder Kraftpapier<br \/>\nWeitere Details:<\/p>\n<p>3 x Samen, Pflanzen Ihrer Wahl<br \/>\n3 Holzklammern<br \/>\n3 Torft\u00f6pfe 60 x 60 mm<br \/>\n3 Torfpellets in \u00d6kotasche<br \/>\nKann hinzugef\u00fcgt werden:<\/p>\n<p>Label\/Druck auf der Box<br \/>\nUmschlag auf der Box<br \/>\nKarte, 4+4 Druck, 85 x 85 mm<br \/>\nMa\u00dfe:<\/p>\n<p>100 x 100 x 100 mm<\/p>\n","protected":false},"excerpt":{"rendered":"<p>Drei Pflanzen in einem Set. Wenn die Pflanzen gr\u00f6\u00dfer wachsen, pflanzen Sie sie um. Personalisierbare Elemente: 3 Anleitungen zum Z\u00fcchten 40 x 50 mm, 4+4, wei\u00dfes \u00d6kopapier oder Kraftpapier an der Box befestigtes Label: Vollfarbdruck, 4+4, wei\u00dfes \u00d6kopapier oder Kraftpapier Weitere Details: 3 x Samen, Pflanzen Ihrer Wahl 3 Holzklammern 3 Torft\u00f6pfe 60 x 60 [&hellip;]<\/p>\n","protected":false},"featured_media":831,"comment_status":"open","ping_status":"closed","template":"","meta":{"_acf_changed":false},"product_cat":[15],"product_tag":[],"class_list":{"0":"post-982","1":"product","2":"type-product","3":"status-publish","4":"has-post-thumbnail","6":"product_cat-kasvavad-kingitused","8":"first","9":"instock","10":"shipping-taxable","11":"product-type-simple"},"acf":[],"yoast_head":"<!-- This site is optimized with the Yoast SEO plugin v22.1 - https:\/\/yoast.com\/wordpress\/plugins\/seo\/ -->\n<title>Nature 3er-Pack Pflanzenzucht-Set - TIPU<\/title>\n<meta name=\"robots\" content=\"index, follow, max-snippet:-1, max-image-preview:large, max-video-preview:-1\" \/>\n<link rel=\"canonical\" href=\"https:\/\/tipu.ee\/de\/toode\/nature-3er-pack-pflanzenzucht-set\/\" \/>\n<meta property=\"og:locale\" content=\"de_DE\" \/>\n<meta property=\"og:type\" content=\"article\" \/>\n<meta property=\"og:title\" content=\"Nature 3er-Pack Pflanzenzucht-Set - TIPU\" \/>\n<meta property=\"og:description\" content=\"Drei Pflanzen in einem Set. Wenn die Pflanzen gr\u00f6\u00dfer wachsen, pflanzen Sie sie um. Personalisierbare Elemente: 3 Anleitungen zum Z\u00fcchten 40 x 50 mm, 4+4, wei\u00dfes \u00d6kopapier oder Kraftpapier an der Box befestigtes Label: Vollfarbdruck, 4+4, wei\u00dfes \u00d6kopapier oder Kraftpapier Weitere Details: 3 x Samen, Pflanzen Ihrer Wahl 3 Holzklammern 3 Torft\u00f6pfe 60 x 60 [&hellip;]\" \/>\n<meta property=\"og:url\" content=\"https:\/\/tipu.ee\/de\/toode\/nature-3er-pack-pflanzenzucht-set\/\" \/>\n<meta property=\"og:site_name\" content=\"TIPU\" \/>\n<meta property=\"og:image\" content=\"http:\/\/tipu.ee\/wp-content\/uploads\/2024\/02\/850x850_natura_trojpak02-886x886-1.jpg\" \/>\n\t<meta property=\"og:image:width\" content=\"850\" \/>\n\t<meta property=\"og:image:height\" content=\"850\" \/>\n\t<meta property=\"og:image:type\" content=\"image\/jpeg\" \/>\n<meta name=\"twitter:card\" content=\"summary_large_image\" \/>\n<script type=\"application\/ld+json\" class=\"yoast-schema-graph\">{\"@context\":\"https:\/\/schema.org\",\"@graph\":[{\"@type\":\"WebPage\",\"@id\":\"https:\/\/tipu.ee\/de\/toode\/nature-3er-pack-pflanzenzucht-set\/\",\"url\":\"https:\/\/tipu.ee\/de\/toode\/nature-3er-pack-pflanzenzucht-set\/\",\"name\":\"Nature 3er-Pack Pflanzenzucht-Set - TIPU\",\"isPartOf\":{\"@id\":\"https:\/\/tipu.ee\/#website\"},\"datePublished\":\"2024-02-14T16:54:57+00:00\",\"dateModified\":\"2024-02-14T16:54:57+00:00\",\"breadcrumb\":{\"@id\":\"https:\/\/tipu.ee\/de\/toode\/nature-3er-pack-pflanzenzucht-set\/#breadcrumb\"},\"inLanguage\":\"de\",\"potentialAction\":[{\"@type\":\"ReadAction\",\"target\":[\"https:\/\/tipu.ee\/de\/toode\/nature-3er-pack-pflanzenzucht-set\/\"]}]},{\"@type\":\"BreadcrumbList\",\"@id\":\"https:\/\/tipu.ee\/de\/toode\/nature-3er-pack-pflanzenzucht-set\/#breadcrumb\",\"itemListElement\":[{\"@type\":\"ListItem\",\"position\":1,\"name\":\"Home\",\"item\":\"https:\/\/tipu.ee\/\"},{\"@type\":\"ListItem\",\"position\":2,\"name\":\"Shop\",\"item\":\"https:\/\/tipu.ee\/de\/shop\/\"},{\"@type\":\"ListItem\",\"position\":3,\"name\":\"Nature 3er-Pack Pflanzenzucht-Set\"}]},{\"@type\":\"WebSite\",\"@id\":\"https:\/\/tipu.ee\/#website\",\"url\":\"https:\/\/tipu.ee\/\",\"name\":\"TIPU\",\"description\":\"\u00d6koloogilised \u00e4rikingitused\",\"publisher\":{\"@id\":\"https:\/\/tipu.ee\/#organization\"},\"potentialAction\":[{\"@type\":\"SearchAction\",\"target\":{\"@type\":\"EntryPoint\",\"urlTemplate\":\"https:\/\/tipu.ee\/?s={search_term_string}\"},\"query-input\":\"required name=search_term_string\"}],\"inLanguage\":\"de\"},{\"@type\":\"Organization\",\"@id\":\"https:\/\/tipu.ee\/#organization\",\"name\":\"TIPU\",\"url\":\"https:\/\/tipu.ee\/\",\"logo\":{\"@type\":\"ImageObject\",\"inLanguage\":\"de\",\"@id\":\"https:\/\/tipu.ee\/#\/schema\/logo\/image\/\",\"url\":\"https:\/\/tipu.ee\/wp-content\/uploads\/2024\/01\/tipulogo.png\",\"contentUrl\":\"https:\/\/tipu.ee\/wp-content\/uploads\/2024\/01\/tipulogo.png\",\"width\":205,\"height\":120,\"caption\":\"TIPU\"},\"image\":{\"@id\":\"https:\/\/tipu.ee\/#\/schema\/logo\/image\/\"}}]}<\/script>\n<!-- \/ Yoast SEO plugin. -->","yoast_head_json":{"title":"Nature 3er-Pack Pflanzenzucht-Set - TIPU","robots":{"index":"index","follow":"follow","max-snippet":"max-snippet:-1","max-image-preview":"max-image-preview:large","max-video-preview":"max-video-preview:-1"},"canonical":"https:\/\/tipu.ee\/de\/toode\/nature-3er-pack-pflanzenzucht-set\/","og_locale":"de_DE","og_type":"article","og_title":"Nature 3er-Pack Pflanzenzucht-Set - TIPU","og_description":"Drei Pflanzen in einem Set. Wenn die Pflanzen gr\u00f6\u00dfer wachsen, pflanzen Sie sie um. Personalisierbare Elemente: 3 Anleitungen zum Z\u00fcchten 40 x 50 mm, 4+4, wei\u00dfes \u00d6kopapier oder Kraftpapier an der Box befestigtes Label: Vollfarbdruck, 4+4, wei\u00dfes \u00d6kopapier oder Kraftpapier Weitere Details: 3 x Samen, Pflanzen Ihrer Wahl 3 Holzklammern 3 Torft\u00f6pfe 60 x 60 [&hellip;]","og_url":"https:\/\/tipu.ee\/de\/toode\/nature-3er-pack-pflanzenzucht-set\/","og_site_name":"TIPU","og_image":[{"width":850,"height":850,"url":"http:\/\/tipu.ee\/wp-content\/uploads\/2024\/02\/850x850_natura_trojpak02-886x886-1.jpg","type":"image\/jpeg"}],"twitter_card":"summary_large_image","schema":{"@context":"https:\/\/schema.org","@graph":[{"@type":"WebPage","@id":"https:\/\/tipu.ee\/de\/toode\/nature-3er-pack-pflanzenzucht-set\/","url":"https:\/\/tipu.ee\/de\/toode\/nature-3er-pack-pflanzenzucht-set\/","name":"Nature 3er-Pack Pflanzenzucht-Set - TIPU","isPartOf":{"@id":"https:\/\/tipu.ee\/#website"},"datePublished":"2024-02-14T16:54:57+00:00","dateModified":"2024-02-14T16:54:57+00:00","breadcrumb":{"@id":"https:\/\/tipu.ee\/de\/toode\/nature-3er-pack-pflanzenzucht-set\/#breadcrumb"},"inLanguage":"de","potentialAction":[{"@type":"ReadAction","target":["https:\/\/tipu.ee\/de\/toode\/nature-3er-pack-pflanzenzucht-set\/"]}]},{"@type":"BreadcrumbList","@id":"https:\/\/tipu.ee\/de\/toode\/nature-3er-pack-pflanzenzucht-set\/#breadcrumb","itemListElement":[{"@type":"ListItem","position":1,"name":"Home","item":"https:\/\/tipu.ee\/"},{"@type":"ListItem","position":2,"name":"Shop","item":"https:\/\/tipu.ee\/de\/shop\/"},{"@type":"ListItem","position":3,"name":"Nature 3er-Pack Pflanzenzucht-Set"}]},{"@type":"WebSite","@id":"https:\/\/tipu.ee\/#website","url":"https:\/\/tipu.ee\/","name":"TIPU","description":"\u00d6koloogilised \u00e4rikingitused","publisher":{"@id":"https:\/\/tipu.ee\/#organization"},"potentialAction":[{"@type":"SearchAction","target":{"@type":"EntryPoint","urlTemplate":"https:\/\/tipu.ee\/?s={search_term_string}"},"query-input":"required name=search_term_string"}],"inLanguage":"de"},{"@type":"Organization","@id":"https:\/\/tipu.ee\/#organization","name":"TIPU","url":"https:\/\/tipu.ee\/","logo":{"@type":"ImageObject","inLanguage":"de","@id":"https:\/\/tipu.ee\/#\/schema\/logo\/image\/","url":"https:\/\/tipu.ee\/wp-content\/uploads\/2024\/01\/tipulogo.png","contentUrl":"https:\/\/tipu.ee\/wp-content\/uploads\/2024\/01\/tipulogo.png","width":205,"height":120,"caption":"TIPU"},"image":{"@id":"https:\/\/tipu.ee\/#\/schema\/logo\/image\/"}}]}},"_links":{"self":[{"href":"https:\/\/tipu.ee\/de\/wp-json\/wp\/v2\/product\/982","targetHints":{"allow":["GET"]}}],"collection":[{"href":"https:\/\/tipu.ee\/de\/wp-json\/wp\/v2\/product"}],"about":[{"href":"https:\/\/tipu.ee\/de\/wp-json\/wp\/v2\/types\/product"}],"replies":[{"embeddable":true,"href":"https:\/\/tipu.ee\/de\/wp-json\/wp\/v2\/comments?post=982"}],"wp:featuredmedia":[{"embeddable":true,"href":"https:\/\/tipu.ee\/de\/wp-json\/wp\/v2\/media\/831"}],"wp:attachment":[{"href":"https:\/\/tipu.ee\/de\/wp-json\/wp\/v2\/media?parent=982"}],"wp:term":[{"taxonomy":"product_cat","embeddable":true,"href":"https:\/\/tipu.ee\/de\/wp-json\/wp\/v2\/product_cat?post=982"},{"taxonomy":"product_tag","embeddable":true,"href":"https:\/\/tipu.ee\/de\/wp-json\/wp\/v2\/product_tag?post=982"}],"curies":[{"name":"wp","href":"https:\/\/api.w.org\/{rel}","templated":true}]}}