{"id":981,"date":"2024-02-14T17:03:16","date_gmt":"2024-02-14T17:03:16","guid":{"rendered":"https:\/\/tipu.ee\/toode\/pflanzenzucht-set-im-glasgefaess-natuerliche-erde\/"},"modified":"2024-02-14T17:03:16","modified_gmt":"2024-02-14T17:03:16","slug":"pflanzenzucht-set-im-glasgefaess-natuerliche-erde","status":"publish","type":"product","link":"https:\/\/tipu.ee\/de\/toode\/pflanzenzucht-set-im-glasgefaess-natuerliche-erde\/","title":{"rendered":"Pflanzenzucht-Set im Glasgef\u00e4\u00df, nat\u00fcrliche Erde"},"content":{"rendered":"<p><strong>Personalisierbare Details:<\/strong><\/p>\n<p>UV-gedrucktes Etikett oder transparente Folie<br \/>\nDeckel mit Farbdruck<br \/>\nEtikett<br \/>\nLogo-Aufkleber oder Etikett auf der Schachtel<br \/>\nnat\u00fcrliche Erde<\/p>\n<p><strong>Weitere Details:<\/strong><\/p>\n<p>ausgew\u00e4hlte Samen der Pflanze<br \/>\nAnleitung zur Pflanzenzucht<br \/>\nwei\u00dfe oder braune Papierbox<\/p>\n<p><strong>Ma\u00dfe:<\/strong><\/p>\n<p>H\u00f6he: 95 mm<br \/>\n\u00d8: 75 mm<\/p>\n<p>Box: 100 x 100 x 100 mm<\/p>\n<p>Beispiele f\u00fcr Pflanzen, die in die Box gew\u00e4hlt werden k\u00f6nnen:<br \/>\nZinnie, gew\u00f6hnlicher Kosmos, Chili-Pfeffer, Vergissmeinnicht, Kirschtomate, gew\u00f6hnlicher G\u00e4nsebl\u00fcmchen, Zitronenmelisse, Basilikum, Thymian, Kiefer, Ringelblume, Kamille, Tanne, Platane.<\/p>\n","protected":false},"excerpt":{"rendered":"<p>Personalisierbare Details: UV-gedrucktes Etikett oder transparente Folie Deckel mit Farbdruck Etikett Logo-Aufkleber oder Etikett auf der Schachtel nat\u00fcrliche Erde Weitere Details: ausgew\u00e4hlte Samen der Pflanze Anleitung zur Pflanzenzucht wei\u00dfe oder braune Papierbox Ma\u00dfe: H\u00f6he: 95 mm \u00d8: 75 mm Box: 100 x 100 x 100 mm Beispiele f\u00fcr Pflanzen, die in die Box gew\u00e4hlt werden [&hellip;]<\/p>\n","protected":false},"featured_media":834,"comment_status":"open","ping_status":"closed","template":"","meta":{"_acf_changed":false},"product_cat":[15],"product_tag":[],"class_list":{"0":"post-981","1":"product","2":"type-product","3":"status-publish","4":"has-post-thumbnail","6":"product_cat-kasvavad-kingitused","8":"first","9":"instock","10":"shipping-taxable","11":"product-type-simple"},"acf":[],"yoast_head":"<!-- This site is optimized with the Yoast SEO plugin v22.1 - https:\/\/yoast.com\/wordpress\/plugins\/seo\/ -->\n<title>Pflanzenzucht-Set im Glasgef\u00e4\u00df, nat\u00fcrliche Erde - TIPU<\/title>\n<meta name=\"robots\" content=\"index, follow, max-snippet:-1, max-image-preview:large, max-video-preview:-1\" \/>\n<link rel=\"canonical\" href=\"https:\/\/tipu.ee\/de\/toode\/pflanzenzucht-set-im-glasgefaess-natuerliche-erde\/\" \/>\n<meta property=\"og:locale\" content=\"de_DE\" \/>\n<meta property=\"og:type\" content=\"article\" \/>\n<meta property=\"og:title\" content=\"Pflanzenzucht-Set im Glasgef\u00e4\u00df, nat\u00fcrliche Erde - TIPU\" \/>\n<meta property=\"og:description\" content=\"Personalisierbare Details: UV-gedrucktes Etikett oder transparente Folie Deckel mit Farbdruck Etikett Logo-Aufkleber oder Etikett auf der Schachtel nat\u00fcrliche Erde Weitere Details: ausgew\u00e4hlte Samen der Pflanze Anleitung zur Pflanzenzucht wei\u00dfe oder braune Papierbox Ma\u00dfe: H\u00f6he: 95 mm \u00d8: 75 mm Box: 100 x 100 x 100 mm Beispiele f\u00fcr Pflanzen, die in die Box gew\u00e4hlt werden [&hellip;]\" \/>\n<meta property=\"og:url\" content=\"https:\/\/tipu.ee\/de\/toode\/pflanzenzucht-set-im-glasgefaess-natuerliche-erde\/\" \/>\n<meta property=\"og:site_name\" content=\"TIPU\" \/>\n<meta property=\"og:image\" content=\"http:\/\/tipu.ee\/wp-content\/uploads\/2024\/02\/vienna2-886x886-1.jpg\" \/>\n\t<meta property=\"og:image:width\" content=\"886\" \/>\n\t<meta property=\"og:image:height\" content=\"886\" \/>\n\t<meta property=\"og:image:type\" content=\"image\/jpeg\" \/>\n<meta name=\"twitter:card\" content=\"summary_large_image\" \/>\n<script type=\"application\/ld+json\" class=\"yoast-schema-graph\">{\"@context\":\"https:\/\/schema.org\",\"@graph\":[{\"@type\":\"WebPage\",\"@id\":\"https:\/\/tipu.ee\/de\/toode\/pflanzenzucht-set-im-glasgefaess-natuerliche-erde\/\",\"url\":\"https:\/\/tipu.ee\/de\/toode\/pflanzenzucht-set-im-glasgefaess-natuerliche-erde\/\",\"name\":\"Pflanzenzucht-Set im Glasgef\u00e4\u00df, nat\u00fcrliche Erde - TIPU\",\"isPartOf\":{\"@id\":\"https:\/\/tipu.ee\/#website\"},\"datePublished\":\"2024-02-14T17:03:16+00:00\",\"dateModified\":\"2024-02-14T17:03:16+00:00\",\"breadcrumb\":{\"@id\":\"https:\/\/tipu.ee\/de\/toode\/pflanzenzucht-set-im-glasgefaess-natuerliche-erde\/#breadcrumb\"},\"inLanguage\":\"de\",\"potentialAction\":[{\"@type\":\"ReadAction\",\"target\":[\"https:\/\/tipu.ee\/de\/toode\/pflanzenzucht-set-im-glasgefaess-natuerliche-erde\/\"]}]},{\"@type\":\"BreadcrumbList\",\"@id\":\"https:\/\/tipu.ee\/de\/toode\/pflanzenzucht-set-im-glasgefaess-natuerliche-erde\/#breadcrumb\",\"itemListElement\":[{\"@type\":\"ListItem\",\"position\":1,\"name\":\"Home\",\"item\":\"https:\/\/tipu.ee\/\"},{\"@type\":\"ListItem\",\"position\":2,\"name\":\"Shop\",\"item\":\"https:\/\/tipu.ee\/de\/shop\/\"},{\"@type\":\"ListItem\",\"position\":3,\"name\":\"Pflanzenzucht-Set im Glasgef\u00e4\u00df, nat\u00fcrliche Erde\"}]},{\"@type\":\"WebSite\",\"@id\":\"https:\/\/tipu.ee\/#website\",\"url\":\"https:\/\/tipu.ee\/\",\"name\":\"TIPU\",\"description\":\"\u00d6koloogilised \u00e4rikingitused\",\"publisher\":{\"@id\":\"https:\/\/tipu.ee\/#organization\"},\"potentialAction\":[{\"@type\":\"SearchAction\",\"target\":{\"@type\":\"EntryPoint\",\"urlTemplate\":\"https:\/\/tipu.ee\/?s={search_term_string}\"},\"query-input\":\"required name=search_term_string\"}],\"inLanguage\":\"de\"},{\"@type\":\"Organization\",\"@id\":\"https:\/\/tipu.ee\/#organization\",\"name\":\"TIPU\",\"url\":\"https:\/\/tipu.ee\/\",\"logo\":{\"@type\":\"ImageObject\",\"inLanguage\":\"de\",\"@id\":\"https:\/\/tipu.ee\/#\/schema\/logo\/image\/\",\"url\":\"https:\/\/tipu.ee\/wp-content\/uploads\/2024\/01\/tipulogo.png\",\"contentUrl\":\"https:\/\/tipu.ee\/wp-content\/uploads\/2024\/01\/tipulogo.png\",\"width\":205,\"height\":120,\"caption\":\"TIPU\"},\"image\":{\"@id\":\"https:\/\/tipu.ee\/#\/schema\/logo\/image\/\"}}]}<\/script>\n<!-- \/ Yoast SEO plugin. -->","yoast_head_json":{"title":"Pflanzenzucht-Set im Glasgef\u00e4\u00df, nat\u00fcrliche Erde - TIPU","robots":{"index":"index","follow":"follow","max-snippet":"max-snippet:-1","max-image-preview":"max-image-preview:large","max-video-preview":"max-video-preview:-1"},"canonical":"https:\/\/tipu.ee\/de\/toode\/pflanzenzucht-set-im-glasgefaess-natuerliche-erde\/","og_locale":"de_DE","og_type":"article","og_title":"Pflanzenzucht-Set im Glasgef\u00e4\u00df, nat\u00fcrliche Erde - TIPU","og_description":"Personalisierbare Details: UV-gedrucktes Etikett oder transparente Folie Deckel mit Farbdruck Etikett Logo-Aufkleber oder Etikett auf der Schachtel nat\u00fcrliche Erde Weitere Details: ausgew\u00e4hlte Samen der Pflanze Anleitung zur Pflanzenzucht wei\u00dfe oder braune Papierbox Ma\u00dfe: H\u00f6he: 95 mm \u00d8: 75 mm Box: 100 x 100 x 100 mm Beispiele f\u00fcr Pflanzen, die in die Box gew\u00e4hlt werden [&hellip;]","og_url":"https:\/\/tipu.ee\/de\/toode\/pflanzenzucht-set-im-glasgefaess-natuerliche-erde\/","og_site_name":"TIPU","og_image":[{"width":886,"height":886,"url":"http:\/\/tipu.ee\/wp-content\/uploads\/2024\/02\/vienna2-886x886-1.jpg","type":"image\/jpeg"}],"twitter_card":"summary_large_image","schema":{"@context":"https:\/\/schema.org","@graph":[{"@type":"WebPage","@id":"https:\/\/tipu.ee\/de\/toode\/pflanzenzucht-set-im-glasgefaess-natuerliche-erde\/","url":"https:\/\/tipu.ee\/de\/toode\/pflanzenzucht-set-im-glasgefaess-natuerliche-erde\/","name":"Pflanzenzucht-Set im Glasgef\u00e4\u00df, nat\u00fcrliche Erde - TIPU","isPartOf":{"@id":"https:\/\/tipu.ee\/#website"},"datePublished":"2024-02-14T17:03:16+00:00","dateModified":"2024-02-14T17:03:16+00:00","breadcrumb":{"@id":"https:\/\/tipu.ee\/de\/toode\/pflanzenzucht-set-im-glasgefaess-natuerliche-erde\/#breadcrumb"},"inLanguage":"de","potentialAction":[{"@type":"ReadAction","target":["https:\/\/tipu.ee\/de\/toode\/pflanzenzucht-set-im-glasgefaess-natuerliche-erde\/"]}]},{"@type":"BreadcrumbList","@id":"https:\/\/tipu.ee\/de\/toode\/pflanzenzucht-set-im-glasgefaess-natuerliche-erde\/#breadcrumb","itemListElement":[{"@type":"ListItem","position":1,"name":"Home","item":"https:\/\/tipu.ee\/"},{"@type":"ListItem","position":2,"name":"Shop","item":"https:\/\/tipu.ee\/de\/shop\/"},{"@type":"ListItem","position":3,"name":"Pflanzenzucht-Set im Glasgef\u00e4\u00df, nat\u00fcrliche Erde"}]},{"@type":"WebSite","@id":"https:\/\/tipu.ee\/#website","url":"https:\/\/tipu.ee\/","name":"TIPU","description":"\u00d6koloogilised \u00e4rikingitused","publisher":{"@id":"https:\/\/tipu.ee\/#organization"},"potentialAction":[{"@type":"SearchAction","target":{"@type":"EntryPoint","urlTemplate":"https:\/\/tipu.ee\/?s={search_term_string}"},"query-input":"required name=search_term_string"}],"inLanguage":"de"},{"@type":"Organization","@id":"https:\/\/tipu.ee\/#organization","name":"TIPU","url":"https:\/\/tipu.ee\/","logo":{"@type":"ImageObject","inLanguage":"de","@id":"https:\/\/tipu.ee\/#\/schema\/logo\/image\/","url":"https:\/\/tipu.ee\/wp-content\/uploads\/2024\/01\/tipulogo.png","contentUrl":"https:\/\/tipu.ee\/wp-content\/uploads\/2024\/01\/tipulogo.png","width":205,"height":120,"caption":"TIPU"},"image":{"@id":"https:\/\/tipu.ee\/#\/schema\/logo\/image\/"}}]}},"_links":{"self":[{"href":"https:\/\/tipu.ee\/de\/wp-json\/wp\/v2\/product\/981","targetHints":{"allow":["GET"]}}],"collection":[{"href":"https:\/\/tipu.ee\/de\/wp-json\/wp\/v2\/product"}],"about":[{"href":"https:\/\/tipu.ee\/de\/wp-json\/wp\/v2\/types\/product"}],"replies":[{"embeddable":true,"href":"https:\/\/tipu.ee\/de\/wp-json\/wp\/v2\/comments?post=981"}],"wp:featuredmedia":[{"embeddable":true,"href":"https:\/\/tipu.ee\/de\/wp-json\/wp\/v2\/media\/834"}],"wp:attachment":[{"href":"https:\/\/tipu.ee\/de\/wp-json\/wp\/v2\/media?parent=981"}],"wp:term":[{"taxonomy":"product_cat","embeddable":true,"href":"https:\/\/tipu.ee\/de\/wp-json\/wp\/v2\/product_cat?post=981"},{"taxonomy":"product_tag","embeddable":true,"href":"https:\/\/tipu.ee\/de\/wp-json\/wp\/v2\/product_tag?post=981"}],"curies":[{"name":"wp","href":"https:\/\/api.w.org\/{rel}","templated":true}]}}