{"id":980,"date":"2024-02-14T17:07:25","date_gmt":"2024-02-14T17:07:25","guid":{"rendered":"https:\/\/tipu.ee\/toode\/pflanzenzucht-set-im-glasgefaess-mit-farbiger-erde\/"},"modified":"2024-02-14T17:07:25","modified_gmt":"2024-02-14T17:07:25","slug":"pflanzenzucht-set-im-glasgefaess-mit-farbiger-erde","status":"publish","type":"product","link":"https:\/\/tipu.ee\/de\/toode\/pflanzenzucht-set-im-glasgefaess-mit-farbiger-erde\/","title":{"rendered":"Pflanzenzucht-Set im Glasgef\u00e4\u00df mit farbiger Erde"},"content":{"rendered":"<p>Personalisierbare Details:<\/p>\n<ul>\n<li>UV-Drucketikett oder transparente Folie<\/li>\n<li>Deckel mit Farbdruck<\/li>\n<li>Etikett<\/li>\n<li>Logo-Aufkleber oder Etikett auf der Box<\/li>\n<li>Farbige Erde oder glitzernde Erde<\/li>\n<\/ul>\n<p>F\u00fcr die Feiertage sind 3 Glitzerfarben verf\u00fcgbar: Silber, Kupfer und Gold.<\/p>\n<p>Weitere Details:<\/p>\n<ul>\n<li>Ausgew\u00e4hlte Pflanzensamen<\/li>\n<li>Anleitung zur Zucht<\/li>\n<li>Wei\u00dfe oder braune Pappschachtel<\/li>\n<\/ul>\n<p>Ma\u00dfe:<\/p>\n<p>H\u00f6he: 95 mm \u00d8: 75 mm<\/p>\n<p>Schachtel: 100 x 100 x 100 mm<\/p>\n<p>Beispiele f\u00fcr Pflanzen, die man w\u00e4hlen kann: Zinnie, Kosmee, Chilipfeffer, Vergissmeinnicht, Kirschtomate, G\u00e4nsebl\u00fcmchen, Zitronenmelisse, Basilikum, Thymian, Kiefer, Ringelblume, Kamille, Tanne, Platane.<\/p>\n","protected":false},"excerpt":{"rendered":"<p>Personalisierbare Details: UV-Drucketikett oder transparente Folie Deckel mit Farbdruck Etikett Logo-Aufkleber oder Etikett auf der Box Farbige Erde oder glitzernde Erde F\u00fcr die Feiertage sind 3 Glitzerfarben verf\u00fcgbar: Silber, Kupfer und Gold. Weitere Details: Ausgew\u00e4hlte Pflanzensamen Anleitung zur Zucht Wei\u00dfe oder braune Pappschachtel Ma\u00dfe: H\u00f6he: 95 mm \u00d8: 75 mm Schachtel: 100 x 100 x [&hellip;]<\/p>\n","protected":false},"featured_media":841,"comment_status":"open","ping_status":"closed","template":"","meta":{"_acf_changed":false},"product_cat":[15],"product_tag":[],"class_list":{"0":"post-980","1":"product","2":"type-product","3":"status-publish","4":"has-post-thumbnail","6":"product_cat-kasvavad-kingitused","8":"first","9":"instock","10":"shipping-taxable","11":"product-type-simple"},"acf":[],"yoast_head":"<!-- This site is optimized with the Yoast SEO plugin v22.1 - https:\/\/yoast.com\/wordpress\/plugins\/seo\/ -->\n<title>Pflanzenzucht-Set im Glasgef\u00e4\u00df mit farbiger Erde - TIPU<\/title>\n<meta name=\"robots\" content=\"index, follow, max-snippet:-1, max-image-preview:large, max-video-preview:-1\" \/>\n<link rel=\"canonical\" href=\"https:\/\/tipu.ee\/de\/toode\/pflanzenzucht-set-im-glasgefaess-mit-farbiger-erde\/\" \/>\n<meta property=\"og:locale\" content=\"de_DE\" \/>\n<meta property=\"og:type\" content=\"article\" \/>\n<meta property=\"og:title\" content=\"Pflanzenzucht-Set im Glasgef\u00e4\u00df mit farbiger Erde - TIPU\" \/>\n<meta property=\"og:description\" content=\"Personalisierbare Details: UV-Drucketikett oder transparente Folie Deckel mit Farbdruck Etikett Logo-Aufkleber oder Etikett auf der Box Farbige Erde oder glitzernde Erde F\u00fcr die Feiertage sind 3 Glitzerfarben verf\u00fcgbar: Silber, Kupfer und Gold. Weitere Details: Ausgew\u00e4hlte Pflanzensamen Anleitung zur Zucht Wei\u00dfe oder braune Pappschachtel Ma\u00dfe: H\u00f6he: 95 mm \u00d8: 75 mm Schachtel: 100 x 100 x [&hellip;]\" \/>\n<meta property=\"og:url\" content=\"https:\/\/tipu.ee\/de\/toode\/pflanzenzucht-set-im-glasgefaess-mit-farbiger-erde\/\" \/>\n<meta property=\"og:site_name\" content=\"TIPU\" \/>\n<meta property=\"og:image\" content=\"http:\/\/tipu.ee\/wp-content\/uploads\/2024\/02\/850x850_kwarc01-886x886-1.jpg\" \/>\n\t<meta property=\"og:image:width\" content=\"850\" \/>\n\t<meta property=\"og:image:height\" content=\"850\" \/>\n\t<meta property=\"og:image:type\" content=\"image\/jpeg\" \/>\n<meta name=\"twitter:card\" content=\"summary_large_image\" \/>\n<script type=\"application\/ld+json\" class=\"yoast-schema-graph\">{\"@context\":\"https:\/\/schema.org\",\"@graph\":[{\"@type\":\"WebPage\",\"@id\":\"https:\/\/tipu.ee\/de\/toode\/pflanzenzucht-set-im-glasgefaess-mit-farbiger-erde\/\",\"url\":\"https:\/\/tipu.ee\/de\/toode\/pflanzenzucht-set-im-glasgefaess-mit-farbiger-erde\/\",\"name\":\"Pflanzenzucht-Set im Glasgef\u00e4\u00df mit farbiger Erde - TIPU\",\"isPartOf\":{\"@id\":\"https:\/\/tipu.ee\/#website\"},\"datePublished\":\"2024-02-14T17:07:25+00:00\",\"dateModified\":\"2024-02-14T17:07:25+00:00\",\"breadcrumb\":{\"@id\":\"https:\/\/tipu.ee\/de\/toode\/pflanzenzucht-set-im-glasgefaess-mit-farbiger-erde\/#breadcrumb\"},\"inLanguage\":\"de\",\"potentialAction\":[{\"@type\":\"ReadAction\",\"target\":[\"https:\/\/tipu.ee\/de\/toode\/pflanzenzucht-set-im-glasgefaess-mit-farbiger-erde\/\"]}]},{\"@type\":\"BreadcrumbList\",\"@id\":\"https:\/\/tipu.ee\/de\/toode\/pflanzenzucht-set-im-glasgefaess-mit-farbiger-erde\/#breadcrumb\",\"itemListElement\":[{\"@type\":\"ListItem\",\"position\":1,\"name\":\"Home\",\"item\":\"https:\/\/tipu.ee\/\"},{\"@type\":\"ListItem\",\"position\":2,\"name\":\"Shop\",\"item\":\"https:\/\/tipu.ee\/de\/shop\/\"},{\"@type\":\"ListItem\",\"position\":3,\"name\":\"Pflanzenzucht-Set im Glasgef\u00e4\u00df mit farbiger Erde\"}]},{\"@type\":\"WebSite\",\"@id\":\"https:\/\/tipu.ee\/#website\",\"url\":\"https:\/\/tipu.ee\/\",\"name\":\"TIPU\",\"description\":\"\u00d6koloogilised \u00e4rikingitused\",\"publisher\":{\"@id\":\"https:\/\/tipu.ee\/#organization\"},\"potentialAction\":[{\"@type\":\"SearchAction\",\"target\":{\"@type\":\"EntryPoint\",\"urlTemplate\":\"https:\/\/tipu.ee\/?s={search_term_string}\"},\"query-input\":\"required name=search_term_string\"}],\"inLanguage\":\"de\"},{\"@type\":\"Organization\",\"@id\":\"https:\/\/tipu.ee\/#organization\",\"name\":\"TIPU\",\"url\":\"https:\/\/tipu.ee\/\",\"logo\":{\"@type\":\"ImageObject\",\"inLanguage\":\"de\",\"@id\":\"https:\/\/tipu.ee\/#\/schema\/logo\/image\/\",\"url\":\"https:\/\/tipu.ee\/wp-content\/uploads\/2024\/01\/tipulogo.png\",\"contentUrl\":\"https:\/\/tipu.ee\/wp-content\/uploads\/2024\/01\/tipulogo.png\",\"width\":205,\"height\":120,\"caption\":\"TIPU\"},\"image\":{\"@id\":\"https:\/\/tipu.ee\/#\/schema\/logo\/image\/\"}}]}<\/script>\n<!-- \/ Yoast SEO plugin. -->","yoast_head_json":{"title":"Pflanzenzucht-Set im Glasgef\u00e4\u00df mit farbiger Erde - TIPU","robots":{"index":"index","follow":"follow","max-snippet":"max-snippet:-1","max-image-preview":"max-image-preview:large","max-video-preview":"max-video-preview:-1"},"canonical":"https:\/\/tipu.ee\/de\/toode\/pflanzenzucht-set-im-glasgefaess-mit-farbiger-erde\/","og_locale":"de_DE","og_type":"article","og_title":"Pflanzenzucht-Set im Glasgef\u00e4\u00df mit farbiger Erde - TIPU","og_description":"Personalisierbare Details: UV-Drucketikett oder transparente Folie Deckel mit Farbdruck Etikett Logo-Aufkleber oder Etikett auf der Box Farbige Erde oder glitzernde Erde F\u00fcr die Feiertage sind 3 Glitzerfarben verf\u00fcgbar: Silber, Kupfer und Gold. Weitere Details: Ausgew\u00e4hlte Pflanzensamen Anleitung zur Zucht Wei\u00dfe oder braune Pappschachtel Ma\u00dfe: H\u00f6he: 95 mm \u00d8: 75 mm Schachtel: 100 x 100 x [&hellip;]","og_url":"https:\/\/tipu.ee\/de\/toode\/pflanzenzucht-set-im-glasgefaess-mit-farbiger-erde\/","og_site_name":"TIPU","og_image":[{"width":850,"height":850,"url":"http:\/\/tipu.ee\/wp-content\/uploads\/2024\/02\/850x850_kwarc01-886x886-1.jpg","type":"image\/jpeg"}],"twitter_card":"summary_large_image","schema":{"@context":"https:\/\/schema.org","@graph":[{"@type":"WebPage","@id":"https:\/\/tipu.ee\/de\/toode\/pflanzenzucht-set-im-glasgefaess-mit-farbiger-erde\/","url":"https:\/\/tipu.ee\/de\/toode\/pflanzenzucht-set-im-glasgefaess-mit-farbiger-erde\/","name":"Pflanzenzucht-Set im Glasgef\u00e4\u00df mit farbiger Erde - TIPU","isPartOf":{"@id":"https:\/\/tipu.ee\/#website"},"datePublished":"2024-02-14T17:07:25+00:00","dateModified":"2024-02-14T17:07:25+00:00","breadcrumb":{"@id":"https:\/\/tipu.ee\/de\/toode\/pflanzenzucht-set-im-glasgefaess-mit-farbiger-erde\/#breadcrumb"},"inLanguage":"de","potentialAction":[{"@type":"ReadAction","target":["https:\/\/tipu.ee\/de\/toode\/pflanzenzucht-set-im-glasgefaess-mit-farbiger-erde\/"]}]},{"@type":"BreadcrumbList","@id":"https:\/\/tipu.ee\/de\/toode\/pflanzenzucht-set-im-glasgefaess-mit-farbiger-erde\/#breadcrumb","itemListElement":[{"@type":"ListItem","position":1,"name":"Home","item":"https:\/\/tipu.ee\/"},{"@type":"ListItem","position":2,"name":"Shop","item":"https:\/\/tipu.ee\/de\/shop\/"},{"@type":"ListItem","position":3,"name":"Pflanzenzucht-Set im Glasgef\u00e4\u00df mit farbiger Erde"}]},{"@type":"WebSite","@id":"https:\/\/tipu.ee\/#website","url":"https:\/\/tipu.ee\/","name":"TIPU","description":"\u00d6koloogilised \u00e4rikingitused","publisher":{"@id":"https:\/\/tipu.ee\/#organization"},"potentialAction":[{"@type":"SearchAction","target":{"@type":"EntryPoint","urlTemplate":"https:\/\/tipu.ee\/?s={search_term_string}"},"query-input":"required name=search_term_string"}],"inLanguage":"de"},{"@type":"Organization","@id":"https:\/\/tipu.ee\/#organization","name":"TIPU","url":"https:\/\/tipu.ee\/","logo":{"@type":"ImageObject","inLanguage":"de","@id":"https:\/\/tipu.ee\/#\/schema\/logo\/image\/","url":"https:\/\/tipu.ee\/wp-content\/uploads\/2024\/01\/tipulogo.png","contentUrl":"https:\/\/tipu.ee\/wp-content\/uploads\/2024\/01\/tipulogo.png","width":205,"height":120,"caption":"TIPU"},"image":{"@id":"https:\/\/tipu.ee\/#\/schema\/logo\/image\/"}}]}},"_links":{"self":[{"href":"https:\/\/tipu.ee\/de\/wp-json\/wp\/v2\/product\/980","targetHints":{"allow":["GET"]}}],"collection":[{"href":"https:\/\/tipu.ee\/de\/wp-json\/wp\/v2\/product"}],"about":[{"href":"https:\/\/tipu.ee\/de\/wp-json\/wp\/v2\/types\/product"}],"replies":[{"embeddable":true,"href":"https:\/\/tipu.ee\/de\/wp-json\/wp\/v2\/comments?post=980"}],"wp:featuredmedia":[{"embeddable":true,"href":"https:\/\/tipu.ee\/de\/wp-json\/wp\/v2\/media\/841"}],"wp:attachment":[{"href":"https:\/\/tipu.ee\/de\/wp-json\/wp\/v2\/media?parent=980"}],"wp:term":[{"taxonomy":"product_cat","embeddable":true,"href":"https:\/\/tipu.ee\/de\/wp-json\/wp\/v2\/product_cat?post=980"},{"taxonomy":"product_tag","embeddable":true,"href":"https:\/\/tipu.ee\/de\/wp-json\/wp\/v2\/product_tag?post=980"}],"curies":[{"name":"wp","href":"https:\/\/api.w.org\/{rel}","templated":true}]}}