{"id":978,"date":"2024-02-14T17:23:10","date_gmt":"2024-02-14T17:23:10","guid":{"rendered":"https:\/\/tipu.ee\/toode\/pflanzenzucht-set-in-einem-keramischen-topf\/"},"modified":"2024-02-14T17:23:10","modified_gmt":"2024-02-14T17:23:10","slug":"pflanzenzucht-set-in-einem-keramischen-topf","status":"publish","type":"product","link":"https:\/\/tipu.ee\/de\/toode\/pflanzenzucht-set-in-einem-keramischen-topf\/","title":{"rendered":"Pflanzenzucht-Set in einem keramischen Topf"},"content":{"rendered":"<p>Keramisches Pflanzenzucht-Set mit Ihrer ausgew\u00e4hlten Pflanze \u2013 f\u00fcgen Sie einfach etwas Wasser hinzu und sehen Sie, wie sie von Tag zu Tag w\u00e4chst!<\/p>\n<ul>\n<li>Verpackung mit einseitigem Vollfarbdruck, wei\u00dfes \u00d6kopapier oder Kraftpapier<\/li>\n<li>Vollfarbiges Etikett auf dem Topf, \u00d8: 30 mm<\/li>\n<li>Vollfarbiges oberes Etikett, 16 x 120 mm<\/li>\n<li>Pflanzanleitung, Vollfarbdruck, wei\u00dfes \u00d6kopapier oder Kraftpapier, 36 x 52 mm<\/li>\n<li>Keramiktopf und Untersetzer<\/li>\n<li>Ausgew\u00e4hlte Pflanzensamen in einer veganen Kapsel und Torfgranulat<\/li>\n<\/ul>\n<p>Verpackung: 76 x 76 x 78 mm [L\u00e4nge x Breite x H\u00f6he]<\/p>\n<p>Topf: \u00d8: 70 mm, H\u00f6he: 59 mm<\/p>\n","protected":false},"excerpt":{"rendered":"<p>Keramisches Pflanzenzucht-Set mit Ihrer ausgew\u00e4hlten Pflanze \u2013 f\u00fcgen Sie einfach etwas Wasser hinzu und sehen Sie, wie sie von Tag zu Tag w\u00e4chst! Verpackung mit einseitigem Vollfarbdruck, wei\u00dfes \u00d6kopapier oder Kraftpapier Vollfarbiges Etikett auf dem Topf, \u00d8: 30 mm Vollfarbiges oberes Etikett, 16 x 120 mm Pflanzanleitung, Vollfarbdruck, wei\u00dfes \u00d6kopapier oder Kraftpapier, 36 x 52 [&hellip;]<\/p>\n","protected":false},"featured_media":855,"comment_status":"open","ping_status":"closed","template":"","meta":{"_acf_changed":false},"product_cat":[15],"product_tag":[],"class_list":{"0":"post-978","1":"product","2":"type-product","3":"status-publish","4":"has-post-thumbnail","6":"product_cat-kasvavad-kingitused","8":"first","9":"instock","10":"shipping-taxable","11":"product-type-simple"},"acf":[],"yoast_head":"<!-- This site is optimized with the Yoast SEO plugin v22.1 - https:\/\/yoast.com\/wordpress\/plugins\/seo\/ -->\n<title>Pflanzenzucht-Set in einem keramischen Topf - TIPU<\/title>\n<meta name=\"robots\" content=\"index, follow, max-snippet:-1, max-image-preview:large, max-video-preview:-1\" \/>\n<link rel=\"canonical\" href=\"https:\/\/tipu.ee\/de\/toode\/pflanzenzucht-set-in-einem-keramischen-topf\/\" \/>\n<meta property=\"og:locale\" content=\"de_DE\" \/>\n<meta property=\"og:type\" content=\"article\" \/>\n<meta property=\"og:title\" content=\"Pflanzenzucht-Set in einem keramischen Topf - TIPU\" \/>\n<meta property=\"og:description\" content=\"Keramisches Pflanzenzucht-Set mit Ihrer ausgew\u00e4hlten Pflanze \u2013 f\u00fcgen Sie einfach etwas Wasser hinzu und sehen Sie, wie sie von Tag zu Tag w\u00e4chst! Verpackung mit einseitigem Vollfarbdruck, wei\u00dfes \u00d6kopapier oder Kraftpapier Vollfarbiges Etikett auf dem Topf, \u00d8: 30 mm Vollfarbiges oberes Etikett, 16 x 120 mm Pflanzanleitung, Vollfarbdruck, wei\u00dfes \u00d6kopapier oder Kraftpapier, 36 x 52 [&hellip;]\" \/>\n<meta property=\"og:url\" content=\"https:\/\/tipu.ee\/de\/toode\/pflanzenzucht-set-in-einem-keramischen-topf\/\" \/>\n<meta property=\"og:site_name\" content=\"TIPU\" \/>\n<meta property=\"og:image\" content=\"http:\/\/tipu.ee\/wp-content\/uploads\/2024\/02\/ceramika-884x886-1.jpg\" \/>\n\t<meta property=\"og:image:width\" content=\"849\" \/>\n\t<meta property=\"og:image:height\" content=\"850\" \/>\n\t<meta property=\"og:image:type\" content=\"image\/jpeg\" \/>\n<meta name=\"twitter:card\" content=\"summary_large_image\" \/>\n<script type=\"application\/ld+json\" class=\"yoast-schema-graph\">{\"@context\":\"https:\/\/schema.org\",\"@graph\":[{\"@type\":\"WebPage\",\"@id\":\"https:\/\/tipu.ee\/de\/toode\/pflanzenzucht-set-in-einem-keramischen-topf\/\",\"url\":\"https:\/\/tipu.ee\/de\/toode\/pflanzenzucht-set-in-einem-keramischen-topf\/\",\"name\":\"Pflanzenzucht-Set in einem keramischen Topf - TIPU\",\"isPartOf\":{\"@id\":\"https:\/\/tipu.ee\/#website\"},\"datePublished\":\"2024-02-14T17:23:10+00:00\",\"dateModified\":\"2024-02-14T17:23:10+00:00\",\"breadcrumb\":{\"@id\":\"https:\/\/tipu.ee\/de\/toode\/pflanzenzucht-set-in-einem-keramischen-topf\/#breadcrumb\"},\"inLanguage\":\"de\",\"potentialAction\":[{\"@type\":\"ReadAction\",\"target\":[\"https:\/\/tipu.ee\/de\/toode\/pflanzenzucht-set-in-einem-keramischen-topf\/\"]}]},{\"@type\":\"BreadcrumbList\",\"@id\":\"https:\/\/tipu.ee\/de\/toode\/pflanzenzucht-set-in-einem-keramischen-topf\/#breadcrumb\",\"itemListElement\":[{\"@type\":\"ListItem\",\"position\":1,\"name\":\"Home\",\"item\":\"https:\/\/tipu.ee\/\"},{\"@type\":\"ListItem\",\"position\":2,\"name\":\"Shop\",\"item\":\"https:\/\/tipu.ee\/de\/shop\/\"},{\"@type\":\"ListItem\",\"position\":3,\"name\":\"Pflanzenzucht-Set in einem keramischen Topf\"}]},{\"@type\":\"WebSite\",\"@id\":\"https:\/\/tipu.ee\/#website\",\"url\":\"https:\/\/tipu.ee\/\",\"name\":\"TIPU\",\"description\":\"\u00d6koloogilised \u00e4rikingitused\",\"publisher\":{\"@id\":\"https:\/\/tipu.ee\/#organization\"},\"potentialAction\":[{\"@type\":\"SearchAction\",\"target\":{\"@type\":\"EntryPoint\",\"urlTemplate\":\"https:\/\/tipu.ee\/?s={search_term_string}\"},\"query-input\":\"required name=search_term_string\"}],\"inLanguage\":\"de\"},{\"@type\":\"Organization\",\"@id\":\"https:\/\/tipu.ee\/#organization\",\"name\":\"TIPU\",\"url\":\"https:\/\/tipu.ee\/\",\"logo\":{\"@type\":\"ImageObject\",\"inLanguage\":\"de\",\"@id\":\"https:\/\/tipu.ee\/#\/schema\/logo\/image\/\",\"url\":\"https:\/\/tipu.ee\/wp-content\/uploads\/2024\/01\/tipulogo.png\",\"contentUrl\":\"https:\/\/tipu.ee\/wp-content\/uploads\/2024\/01\/tipulogo.png\",\"width\":205,\"height\":120,\"caption\":\"TIPU\"},\"image\":{\"@id\":\"https:\/\/tipu.ee\/#\/schema\/logo\/image\/\"}}]}<\/script>\n<!-- \/ Yoast SEO plugin. -->","yoast_head_json":{"title":"Pflanzenzucht-Set in einem keramischen Topf - TIPU","robots":{"index":"index","follow":"follow","max-snippet":"max-snippet:-1","max-image-preview":"max-image-preview:large","max-video-preview":"max-video-preview:-1"},"canonical":"https:\/\/tipu.ee\/de\/toode\/pflanzenzucht-set-in-einem-keramischen-topf\/","og_locale":"de_DE","og_type":"article","og_title":"Pflanzenzucht-Set in einem keramischen Topf - TIPU","og_description":"Keramisches Pflanzenzucht-Set mit Ihrer ausgew\u00e4hlten Pflanze \u2013 f\u00fcgen Sie einfach etwas Wasser hinzu und sehen Sie, wie sie von Tag zu Tag w\u00e4chst! Verpackung mit einseitigem Vollfarbdruck, wei\u00dfes \u00d6kopapier oder Kraftpapier Vollfarbiges Etikett auf dem Topf, \u00d8: 30 mm Vollfarbiges oberes Etikett, 16 x 120 mm Pflanzanleitung, Vollfarbdruck, wei\u00dfes \u00d6kopapier oder Kraftpapier, 36 x 52 [&hellip;]","og_url":"https:\/\/tipu.ee\/de\/toode\/pflanzenzucht-set-in-einem-keramischen-topf\/","og_site_name":"TIPU","og_image":[{"width":849,"height":850,"url":"http:\/\/tipu.ee\/wp-content\/uploads\/2024\/02\/ceramika-884x886-1.jpg","type":"image\/jpeg"}],"twitter_card":"summary_large_image","schema":{"@context":"https:\/\/schema.org","@graph":[{"@type":"WebPage","@id":"https:\/\/tipu.ee\/de\/toode\/pflanzenzucht-set-in-einem-keramischen-topf\/","url":"https:\/\/tipu.ee\/de\/toode\/pflanzenzucht-set-in-einem-keramischen-topf\/","name":"Pflanzenzucht-Set in einem keramischen Topf - TIPU","isPartOf":{"@id":"https:\/\/tipu.ee\/#website"},"datePublished":"2024-02-14T17:23:10+00:00","dateModified":"2024-02-14T17:23:10+00:00","breadcrumb":{"@id":"https:\/\/tipu.ee\/de\/toode\/pflanzenzucht-set-in-einem-keramischen-topf\/#breadcrumb"},"inLanguage":"de","potentialAction":[{"@type":"ReadAction","target":["https:\/\/tipu.ee\/de\/toode\/pflanzenzucht-set-in-einem-keramischen-topf\/"]}]},{"@type":"BreadcrumbList","@id":"https:\/\/tipu.ee\/de\/toode\/pflanzenzucht-set-in-einem-keramischen-topf\/#breadcrumb","itemListElement":[{"@type":"ListItem","position":1,"name":"Home","item":"https:\/\/tipu.ee\/"},{"@type":"ListItem","position":2,"name":"Shop","item":"https:\/\/tipu.ee\/de\/shop\/"},{"@type":"ListItem","position":3,"name":"Pflanzenzucht-Set in einem keramischen Topf"}]},{"@type":"WebSite","@id":"https:\/\/tipu.ee\/#website","url":"https:\/\/tipu.ee\/","name":"TIPU","description":"\u00d6koloogilised \u00e4rikingitused","publisher":{"@id":"https:\/\/tipu.ee\/#organization"},"potentialAction":[{"@type":"SearchAction","target":{"@type":"EntryPoint","urlTemplate":"https:\/\/tipu.ee\/?s={search_term_string}"},"query-input":"required name=search_term_string"}],"inLanguage":"de"},{"@type":"Organization","@id":"https:\/\/tipu.ee\/#organization","name":"TIPU","url":"https:\/\/tipu.ee\/","logo":{"@type":"ImageObject","inLanguage":"de","@id":"https:\/\/tipu.ee\/#\/schema\/logo\/image\/","url":"https:\/\/tipu.ee\/wp-content\/uploads\/2024\/01\/tipulogo.png","contentUrl":"https:\/\/tipu.ee\/wp-content\/uploads\/2024\/01\/tipulogo.png","width":205,"height":120,"caption":"TIPU"},"image":{"@id":"https:\/\/tipu.ee\/#\/schema\/logo\/image\/"}}]}},"_links":{"self":[{"href":"https:\/\/tipu.ee\/de\/wp-json\/wp\/v2\/product\/978","targetHints":{"allow":["GET"]}}],"collection":[{"href":"https:\/\/tipu.ee\/de\/wp-json\/wp\/v2\/product"}],"about":[{"href":"https:\/\/tipu.ee\/de\/wp-json\/wp\/v2\/types\/product"}],"replies":[{"embeddable":true,"href":"https:\/\/tipu.ee\/de\/wp-json\/wp\/v2\/comments?post=978"}],"wp:featuredmedia":[{"embeddable":true,"href":"https:\/\/tipu.ee\/de\/wp-json\/wp\/v2\/media\/855"}],"wp:attachment":[{"href":"https:\/\/tipu.ee\/de\/wp-json\/wp\/v2\/media?parent=978"}],"wp:term":[{"taxonomy":"product_cat","embeddable":true,"href":"https:\/\/tipu.ee\/de\/wp-json\/wp\/v2\/product_cat?post=978"},{"taxonomy":"product_tag","embeddable":true,"href":"https:\/\/tipu.ee\/de\/wp-json\/wp\/v2\/product_tag?post=978"}],"curies":[{"name":"wp","href":"https:\/\/api.w.org\/{rel}","templated":true}]}}