{"id":975,"date":"2024-02-14T18:34:07","date_gmt":"2024-02-14T18:34:07","guid":{"rendered":"https:\/\/tipu.ee\/toode\/pflanzenzucht-set-in-einem-runden-holzbecher\/"},"modified":"2024-02-14T18:34:07","modified_gmt":"2024-02-14T18:34:07","slug":"pflanzenzucht-set-in-einem-runden-holzbecher","status":"publish","type":"product","link":"https:\/\/tipu.ee\/de\/toode\/pflanzenzucht-set-in-einem-runden-holzbecher\/","title":{"rendered":"Pflanzenzucht-Set in einem runden Holzbecher"},"content":{"rendered":"<p>Eine in einem stilvollen Holzzylinder wachsende Pflanze wird schnell zum Star jedes B\u00fcros und jeder Fensterbank. Sie erzeugt positive Emotionen und zieht Aufmerksamkeit auf sich, ebenso wie Ihre Marke.<\/p>\n<ul>\n<li>Etikett auf dem Deckel des Bechers, Vollfarbdruck: 16 x 120 mm<\/li>\n<li>Gravur auf dem Holzbecher, maximale Gr\u00f6\u00dfe: 30 x 80 mm<\/li>\n<li>Pflanzanleitung, Vollfarbdruck, wei\u00dfes \u00d6kopapier oder Kraftpapier, 40 x 55 mm<\/li>\n<li>Etikett auf der Box, Vollfarbdruck, \u00d8: 40 mm<\/li>\n<li>Ab 1000 St\u00fcck ist ein Vollfarbdruck direkt auf die Box m\u00f6glich<\/li>\n<li>Holzdeckel<\/li>\n<li>Torfgranulat<\/li>\n<li>Ausgew\u00e4hlte Pflanzensamen in einer Vegan-Kapsel<\/li>\n<li>Karton mit Fenster<\/li>\n<\/ul>\n<p>Holzbecher: ~ \u00d8: 60 x 95 mm (+\/- 5 mm)<\/p>\n<p>Box: 70 x 70 x 110 mm [Breite x Tiefe x H\u00f6he]<\/p>\n","protected":false},"excerpt":{"rendered":"<p>Eine in einem stilvollen Holzzylinder wachsende Pflanze wird schnell zum Star jedes B\u00fcros und jeder Fensterbank. Sie erzeugt positive Emotionen und zieht Aufmerksamkeit auf sich, ebenso wie Ihre Marke. Etikett auf dem Deckel des Bechers, Vollfarbdruck: 16 x 120 mm Gravur auf dem Holzbecher, maximale Gr\u00f6\u00dfe: 30 x 80 mm Pflanzanleitung, Vollfarbdruck, wei\u00dfes \u00d6kopapier oder [&hellip;]<\/p>\n","protected":false},"featured_media":863,"comment_status":"open","ping_status":"closed","template":"","meta":{"_acf_changed":false},"product_cat":[15],"product_tag":[],"class_list":{"0":"post-975","1":"product","2":"type-product","3":"status-publish","4":"has-post-thumbnail","6":"product_cat-kasvavad-kingitused","8":"first","9":"instock","10":"shipping-taxable","11":"product-type-simple"},"acf":[],"yoast_head":"<!-- This site is optimized with the Yoast SEO plugin v22.1 - https:\/\/yoast.com\/wordpress\/plugins\/seo\/ -->\n<title>Pflanzenzucht-Set in einem runden Holzbecher - TIPU<\/title>\n<meta name=\"robots\" content=\"index, follow, max-snippet:-1, max-image-preview:large, max-video-preview:-1\" \/>\n<link rel=\"canonical\" href=\"https:\/\/tipu.ee\/de\/toode\/pflanzenzucht-set-in-einem-runden-holzbecher\/\" \/>\n<meta property=\"og:locale\" content=\"de_DE\" \/>\n<meta property=\"og:type\" content=\"article\" \/>\n<meta property=\"og:title\" content=\"Pflanzenzucht-Set in einem runden Holzbecher - TIPU\" \/>\n<meta property=\"og:description\" content=\"Eine in einem stilvollen Holzzylinder wachsende Pflanze wird schnell zum Star jedes B\u00fcros und jeder Fensterbank. Sie erzeugt positive Emotionen und zieht Aufmerksamkeit auf sich, ebenso wie Ihre Marke. Etikett auf dem Deckel des Bechers, Vollfarbdruck: 16 x 120 mm Gravur auf dem Holzbecher, maximale Gr\u00f6\u00dfe: 30 x 80 mm Pflanzanleitung, Vollfarbdruck, wei\u00dfes \u00d6kopapier oder [&hellip;]\" \/>\n<meta property=\"og:url\" content=\"https:\/\/tipu.ee\/de\/toode\/pflanzenzucht-set-in-einem-runden-holzbecher\/\" \/>\n<meta property=\"og:site_name\" content=\"TIPU\" \/>\n<meta property=\"og:image\" content=\"http:\/\/tipu.ee\/wp-content\/uploads\/2024\/02\/okragly_-1112x886-1.jpg\" \/>\n\t<meta property=\"og:image:width\" content=\"693\" \/>\n\t<meta property=\"og:image:height\" content=\"552\" \/>\n\t<meta property=\"og:image:type\" content=\"image\/jpeg\" \/>\n<meta name=\"twitter:card\" content=\"summary_large_image\" \/>\n<meta name=\"twitter:label1\" content=\"Gesch\u00e4tzte Lesezeit\" \/>\n\t<meta name=\"twitter:data1\" content=\"1\u00a0Minute\" \/>\n<script type=\"application\/ld+json\" class=\"yoast-schema-graph\">{\"@context\":\"https:\/\/schema.org\",\"@graph\":[{\"@type\":\"WebPage\",\"@id\":\"https:\/\/tipu.ee\/de\/toode\/pflanzenzucht-set-in-einem-runden-holzbecher\/\",\"url\":\"https:\/\/tipu.ee\/de\/toode\/pflanzenzucht-set-in-einem-runden-holzbecher\/\",\"name\":\"Pflanzenzucht-Set in einem runden Holzbecher - TIPU\",\"isPartOf\":{\"@id\":\"https:\/\/tipu.ee\/#website\"},\"datePublished\":\"2024-02-14T18:34:07+00:00\",\"dateModified\":\"2024-02-14T18:34:07+00:00\",\"breadcrumb\":{\"@id\":\"https:\/\/tipu.ee\/de\/toode\/pflanzenzucht-set-in-einem-runden-holzbecher\/#breadcrumb\"},\"inLanguage\":\"de\",\"potentialAction\":[{\"@type\":\"ReadAction\",\"target\":[\"https:\/\/tipu.ee\/de\/toode\/pflanzenzucht-set-in-einem-runden-holzbecher\/\"]}]},{\"@type\":\"BreadcrumbList\",\"@id\":\"https:\/\/tipu.ee\/de\/toode\/pflanzenzucht-set-in-einem-runden-holzbecher\/#breadcrumb\",\"itemListElement\":[{\"@type\":\"ListItem\",\"position\":1,\"name\":\"Home\",\"item\":\"https:\/\/tipu.ee\/\"},{\"@type\":\"ListItem\",\"position\":2,\"name\":\"Shop\",\"item\":\"https:\/\/tipu.ee\/de\/shop\/\"},{\"@type\":\"ListItem\",\"position\":3,\"name\":\"Pflanzenzucht-Set in einem runden Holzbecher\"}]},{\"@type\":\"WebSite\",\"@id\":\"https:\/\/tipu.ee\/#website\",\"url\":\"https:\/\/tipu.ee\/\",\"name\":\"TIPU\",\"description\":\"\u00d6koloogilised \u00e4rikingitused\",\"publisher\":{\"@id\":\"https:\/\/tipu.ee\/#organization\"},\"potentialAction\":[{\"@type\":\"SearchAction\",\"target\":{\"@type\":\"EntryPoint\",\"urlTemplate\":\"https:\/\/tipu.ee\/?s={search_term_string}\"},\"query-input\":\"required name=search_term_string\"}],\"inLanguage\":\"de\"},{\"@type\":\"Organization\",\"@id\":\"https:\/\/tipu.ee\/#organization\",\"name\":\"TIPU\",\"url\":\"https:\/\/tipu.ee\/\",\"logo\":{\"@type\":\"ImageObject\",\"inLanguage\":\"de\",\"@id\":\"https:\/\/tipu.ee\/#\/schema\/logo\/image\/\",\"url\":\"https:\/\/tipu.ee\/wp-content\/uploads\/2024\/01\/tipulogo.png\",\"contentUrl\":\"https:\/\/tipu.ee\/wp-content\/uploads\/2024\/01\/tipulogo.png\",\"width\":205,\"height\":120,\"caption\":\"TIPU\"},\"image\":{\"@id\":\"https:\/\/tipu.ee\/#\/schema\/logo\/image\/\"}}]}<\/script>\n<!-- \/ Yoast SEO plugin. -->","yoast_head_json":{"title":"Pflanzenzucht-Set in einem runden Holzbecher - TIPU","robots":{"index":"index","follow":"follow","max-snippet":"max-snippet:-1","max-image-preview":"max-image-preview:large","max-video-preview":"max-video-preview:-1"},"canonical":"https:\/\/tipu.ee\/de\/toode\/pflanzenzucht-set-in-einem-runden-holzbecher\/","og_locale":"de_DE","og_type":"article","og_title":"Pflanzenzucht-Set in einem runden Holzbecher - TIPU","og_description":"Eine in einem stilvollen Holzzylinder wachsende Pflanze wird schnell zum Star jedes B\u00fcros und jeder Fensterbank. Sie erzeugt positive Emotionen und zieht Aufmerksamkeit auf sich, ebenso wie Ihre Marke. Etikett auf dem Deckel des Bechers, Vollfarbdruck: 16 x 120 mm Gravur auf dem Holzbecher, maximale Gr\u00f6\u00dfe: 30 x 80 mm Pflanzanleitung, Vollfarbdruck, wei\u00dfes \u00d6kopapier oder [&hellip;]","og_url":"https:\/\/tipu.ee\/de\/toode\/pflanzenzucht-set-in-einem-runden-holzbecher\/","og_site_name":"TIPU","og_image":[{"width":693,"height":552,"url":"http:\/\/tipu.ee\/wp-content\/uploads\/2024\/02\/okragly_-1112x886-1.jpg","type":"image\/jpeg"}],"twitter_card":"summary_large_image","twitter_misc":{"Gesch\u00e4tzte Lesezeit":"1\u00a0Minute"},"schema":{"@context":"https:\/\/schema.org","@graph":[{"@type":"WebPage","@id":"https:\/\/tipu.ee\/de\/toode\/pflanzenzucht-set-in-einem-runden-holzbecher\/","url":"https:\/\/tipu.ee\/de\/toode\/pflanzenzucht-set-in-einem-runden-holzbecher\/","name":"Pflanzenzucht-Set in einem runden Holzbecher - TIPU","isPartOf":{"@id":"https:\/\/tipu.ee\/#website"},"datePublished":"2024-02-14T18:34:07+00:00","dateModified":"2024-02-14T18:34:07+00:00","breadcrumb":{"@id":"https:\/\/tipu.ee\/de\/toode\/pflanzenzucht-set-in-einem-runden-holzbecher\/#breadcrumb"},"inLanguage":"de","potentialAction":[{"@type":"ReadAction","target":["https:\/\/tipu.ee\/de\/toode\/pflanzenzucht-set-in-einem-runden-holzbecher\/"]}]},{"@type":"BreadcrumbList","@id":"https:\/\/tipu.ee\/de\/toode\/pflanzenzucht-set-in-einem-runden-holzbecher\/#breadcrumb","itemListElement":[{"@type":"ListItem","position":1,"name":"Home","item":"https:\/\/tipu.ee\/"},{"@type":"ListItem","position":2,"name":"Shop","item":"https:\/\/tipu.ee\/de\/shop\/"},{"@type":"ListItem","position":3,"name":"Pflanzenzucht-Set in einem runden Holzbecher"}]},{"@type":"WebSite","@id":"https:\/\/tipu.ee\/#website","url":"https:\/\/tipu.ee\/","name":"TIPU","description":"\u00d6koloogilised \u00e4rikingitused","publisher":{"@id":"https:\/\/tipu.ee\/#organization"},"potentialAction":[{"@type":"SearchAction","target":{"@type":"EntryPoint","urlTemplate":"https:\/\/tipu.ee\/?s={search_term_string}"},"query-input":"required name=search_term_string"}],"inLanguage":"de"},{"@type":"Organization","@id":"https:\/\/tipu.ee\/#organization","name":"TIPU","url":"https:\/\/tipu.ee\/","logo":{"@type":"ImageObject","inLanguage":"de","@id":"https:\/\/tipu.ee\/#\/schema\/logo\/image\/","url":"https:\/\/tipu.ee\/wp-content\/uploads\/2024\/01\/tipulogo.png","contentUrl":"https:\/\/tipu.ee\/wp-content\/uploads\/2024\/01\/tipulogo.png","width":205,"height":120,"caption":"TIPU"},"image":{"@id":"https:\/\/tipu.ee\/#\/schema\/logo\/image\/"}}]}},"_links":{"self":[{"href":"https:\/\/tipu.ee\/de\/wp-json\/wp\/v2\/product\/975","targetHints":{"allow":["GET"]}}],"collection":[{"href":"https:\/\/tipu.ee\/de\/wp-json\/wp\/v2\/product"}],"about":[{"href":"https:\/\/tipu.ee\/de\/wp-json\/wp\/v2\/types\/product"}],"replies":[{"embeddable":true,"href":"https:\/\/tipu.ee\/de\/wp-json\/wp\/v2\/comments?post=975"}],"wp:featuredmedia":[{"embeddable":true,"href":"https:\/\/tipu.ee\/de\/wp-json\/wp\/v2\/media\/863"}],"wp:attachment":[{"href":"https:\/\/tipu.ee\/de\/wp-json\/wp\/v2\/media?parent=975"}],"wp:term":[{"taxonomy":"product_cat","embeddable":true,"href":"https:\/\/tipu.ee\/de\/wp-json\/wp\/v2\/product_cat?post=975"},{"taxonomy":"product_tag","embeddable":true,"href":"https:\/\/tipu.ee\/de\/wp-json\/wp\/v2\/product_tag?post=975"}],"curies":[{"name":"wp","href":"https:\/\/api.w.org\/{rel}","templated":true}]}}