{"id":974,"date":"2024-02-14T20:35:06","date_gmt":"2024-02-14T20:35:06","guid":{"rendered":"https:\/\/tipu.ee\/toode\/entspannendes-augenkissen-mit-kirschsteinen-oder-lavendel\/"},"modified":"2024-02-14T20:35:06","modified_gmt":"2024-02-14T20:35:06","slug":"entspannendes-augenkissen-mit-kirschsteinen-oder-lavendel","status":"publish","type":"product","link":"https:\/\/tipu.ee\/de\/toode\/entspannendes-augenkissen-mit-kirschsteinen-oder-lavendel\/","title":{"rendered":"Entspannendes Augenkissen mit Kirschsteinen oder Lavendel"},"content":{"rendered":"<p>Das handgefertigte Augenkissen enth\u00e4lt Kirschkerne, die W\u00e4rme gut speichern und die Augen entspannen. Ideal f\u00fcr kaltes Wetter, im Herbst\/Winter.<\/p>\n<p>Ebenfalls verf\u00fcgbar: Entspannendes Augenkissen gef\u00fcllt mit Leinsamen sowie nat\u00fcrlichem und beruhigendem Lavendel. Handgefertigt in der EU.<\/p>\n<p>Personalisierung:<\/p>\n<ul>\n<li>W\u00e4hlen Sie ein Muster des Materials<\/li>\n<li>Label mit Logo (schwarz-wei\u00df)<\/li>\n<\/ul>\n<p>Ma\u00dfe: ~ 105 x 190 mm<\/p>\n","protected":false},"excerpt":{"rendered":"<p>Das handgefertigte Augenkissen enth\u00e4lt Kirschkerne, die W\u00e4rme gut speichern und die Augen entspannen. Ideal f\u00fcr kaltes Wetter, im Herbst\/Winter. Ebenfalls verf\u00fcgbar: Entspannendes Augenkissen gef\u00fcllt mit Leinsamen sowie nat\u00fcrlichem und beruhigendem Lavendel. Handgefertigt in der EU. Personalisierung: W\u00e4hlen Sie ein Muster des Materials Label mit Logo (schwarz-wei\u00df) Ma\u00dfe: ~ 105 x 190 mm<\/p>\n","protected":false},"featured_media":868,"comment_status":"open","ping_status":"closed","template":"","meta":{"_acf_changed":false},"product_cat":[15],"product_tag":[],"class_list":{"0":"post-974","1":"product","2":"type-product","3":"status-publish","4":"has-post-thumbnail","6":"product_cat-kasvavad-kingitused","8":"first","9":"instock","10":"shipping-taxable","11":"product-type-simple"},"acf":[],"yoast_head":"<!-- This site is optimized with the Yoast SEO plugin v22.1 - https:\/\/yoast.com\/wordpress\/plugins\/seo\/ -->\n<title>Entspannendes Augenkissen mit Kirschsteinen oder Lavendel - TIPU<\/title>\n<meta name=\"robots\" content=\"index, follow, max-snippet:-1, max-image-preview:large, max-video-preview:-1\" \/>\n<link rel=\"canonical\" href=\"https:\/\/tipu.ee\/de\/toode\/entspannendes-augenkissen-mit-kirschsteinen-oder-lavendel\/\" \/>\n<meta property=\"og:locale\" content=\"de_DE\" \/>\n<meta property=\"og:type\" content=\"article\" \/>\n<meta property=\"og:title\" content=\"Entspannendes Augenkissen mit Kirschsteinen oder Lavendel - TIPU\" \/>\n<meta property=\"og:description\" content=\"Das handgefertigte Augenkissen enth\u00e4lt Kirschkerne, die W\u00e4rme gut speichern und die Augen entspannen. Ideal f\u00fcr kaltes Wetter, im Herbst\/Winter. Ebenfalls verf\u00fcgbar: Entspannendes Augenkissen gef\u00fcllt mit Leinsamen sowie nat\u00fcrlichem und beruhigendem Lavendel. Handgefertigt in der EU. Personalisierung: W\u00e4hlen Sie ein Muster des Materials Label mit Logo (schwarz-wei\u00df) Ma\u00dfe: ~ 105 x 190 mm\" \/>\n<meta property=\"og:url\" content=\"https:\/\/tipu.ee\/de\/toode\/entspannendes-augenkissen-mit-kirschsteinen-oder-lavendel\/\" \/>\n<meta property=\"og:site_name\" content=\"TIPU\" \/>\n<meta property=\"og:image\" content=\"http:\/\/tipu.ee\/wp-content\/uploads\/2024\/02\/TIPU-eco-catalog-Autumn-Winter-2022_Page_23_Image_0001.jpg\" \/>\n\t<meta property=\"og:image:width\" content=\"883\" \/>\n\t<meta property=\"og:image:height\" content=\"710\" \/>\n\t<meta property=\"og:image:type\" content=\"image\/jpeg\" \/>\n<meta name=\"twitter:card\" content=\"summary_large_image\" \/>\n<script type=\"application\/ld+json\" class=\"yoast-schema-graph\">{\"@context\":\"https:\/\/schema.org\",\"@graph\":[{\"@type\":\"WebPage\",\"@id\":\"https:\/\/tipu.ee\/de\/toode\/entspannendes-augenkissen-mit-kirschsteinen-oder-lavendel\/\",\"url\":\"https:\/\/tipu.ee\/de\/toode\/entspannendes-augenkissen-mit-kirschsteinen-oder-lavendel\/\",\"name\":\"Entspannendes Augenkissen mit Kirschsteinen oder Lavendel - TIPU\",\"isPartOf\":{\"@id\":\"https:\/\/tipu.ee\/#website\"},\"datePublished\":\"2024-02-14T20:35:06+00:00\",\"dateModified\":\"2024-02-14T20:35:06+00:00\",\"breadcrumb\":{\"@id\":\"https:\/\/tipu.ee\/de\/toode\/entspannendes-augenkissen-mit-kirschsteinen-oder-lavendel\/#breadcrumb\"},\"inLanguage\":\"de\",\"potentialAction\":[{\"@type\":\"ReadAction\",\"target\":[\"https:\/\/tipu.ee\/de\/toode\/entspannendes-augenkissen-mit-kirschsteinen-oder-lavendel\/\"]}]},{\"@type\":\"BreadcrumbList\",\"@id\":\"https:\/\/tipu.ee\/de\/toode\/entspannendes-augenkissen-mit-kirschsteinen-oder-lavendel\/#breadcrumb\",\"itemListElement\":[{\"@type\":\"ListItem\",\"position\":1,\"name\":\"Home\",\"item\":\"https:\/\/tipu.ee\/\"},{\"@type\":\"ListItem\",\"position\":2,\"name\":\"Shop\",\"item\":\"https:\/\/tipu.ee\/de\/shop\/\"},{\"@type\":\"ListItem\",\"position\":3,\"name\":\"Entspannendes Augenkissen mit Kirschsteinen oder Lavendel\"}]},{\"@type\":\"WebSite\",\"@id\":\"https:\/\/tipu.ee\/#website\",\"url\":\"https:\/\/tipu.ee\/\",\"name\":\"TIPU\",\"description\":\"\u00d6koloogilised \u00e4rikingitused\",\"publisher\":{\"@id\":\"https:\/\/tipu.ee\/#organization\"},\"potentialAction\":[{\"@type\":\"SearchAction\",\"target\":{\"@type\":\"EntryPoint\",\"urlTemplate\":\"https:\/\/tipu.ee\/?s={search_term_string}\"},\"query-input\":\"required name=search_term_string\"}],\"inLanguage\":\"de\"},{\"@type\":\"Organization\",\"@id\":\"https:\/\/tipu.ee\/#organization\",\"name\":\"TIPU\",\"url\":\"https:\/\/tipu.ee\/\",\"logo\":{\"@type\":\"ImageObject\",\"inLanguage\":\"de\",\"@id\":\"https:\/\/tipu.ee\/#\/schema\/logo\/image\/\",\"url\":\"https:\/\/tipu.ee\/wp-content\/uploads\/2024\/01\/tipulogo.png\",\"contentUrl\":\"https:\/\/tipu.ee\/wp-content\/uploads\/2024\/01\/tipulogo.png\",\"width\":205,\"height\":120,\"caption\":\"TIPU\"},\"image\":{\"@id\":\"https:\/\/tipu.ee\/#\/schema\/logo\/image\/\"}}]}<\/script>\n<!-- \/ Yoast SEO plugin. -->","yoast_head_json":{"title":"Entspannendes Augenkissen mit Kirschsteinen oder Lavendel - TIPU","robots":{"index":"index","follow":"follow","max-snippet":"max-snippet:-1","max-image-preview":"max-image-preview:large","max-video-preview":"max-video-preview:-1"},"canonical":"https:\/\/tipu.ee\/de\/toode\/entspannendes-augenkissen-mit-kirschsteinen-oder-lavendel\/","og_locale":"de_DE","og_type":"article","og_title":"Entspannendes Augenkissen mit Kirschsteinen oder Lavendel - TIPU","og_description":"Das handgefertigte Augenkissen enth\u00e4lt Kirschkerne, die W\u00e4rme gut speichern und die Augen entspannen. Ideal f\u00fcr kaltes Wetter, im Herbst\/Winter. Ebenfalls verf\u00fcgbar: Entspannendes Augenkissen gef\u00fcllt mit Leinsamen sowie nat\u00fcrlichem und beruhigendem Lavendel. Handgefertigt in der EU. Personalisierung: W\u00e4hlen Sie ein Muster des Materials Label mit Logo (schwarz-wei\u00df) Ma\u00dfe: ~ 105 x 190 mm","og_url":"https:\/\/tipu.ee\/de\/toode\/entspannendes-augenkissen-mit-kirschsteinen-oder-lavendel\/","og_site_name":"TIPU","og_image":[{"width":883,"height":710,"url":"http:\/\/tipu.ee\/wp-content\/uploads\/2024\/02\/TIPU-eco-catalog-Autumn-Winter-2022_Page_23_Image_0001.jpg","type":"image\/jpeg"}],"twitter_card":"summary_large_image","schema":{"@context":"https:\/\/schema.org","@graph":[{"@type":"WebPage","@id":"https:\/\/tipu.ee\/de\/toode\/entspannendes-augenkissen-mit-kirschsteinen-oder-lavendel\/","url":"https:\/\/tipu.ee\/de\/toode\/entspannendes-augenkissen-mit-kirschsteinen-oder-lavendel\/","name":"Entspannendes Augenkissen mit Kirschsteinen oder Lavendel - TIPU","isPartOf":{"@id":"https:\/\/tipu.ee\/#website"},"datePublished":"2024-02-14T20:35:06+00:00","dateModified":"2024-02-14T20:35:06+00:00","breadcrumb":{"@id":"https:\/\/tipu.ee\/de\/toode\/entspannendes-augenkissen-mit-kirschsteinen-oder-lavendel\/#breadcrumb"},"inLanguage":"de","potentialAction":[{"@type":"ReadAction","target":["https:\/\/tipu.ee\/de\/toode\/entspannendes-augenkissen-mit-kirschsteinen-oder-lavendel\/"]}]},{"@type":"BreadcrumbList","@id":"https:\/\/tipu.ee\/de\/toode\/entspannendes-augenkissen-mit-kirschsteinen-oder-lavendel\/#breadcrumb","itemListElement":[{"@type":"ListItem","position":1,"name":"Home","item":"https:\/\/tipu.ee\/"},{"@type":"ListItem","position":2,"name":"Shop","item":"https:\/\/tipu.ee\/de\/shop\/"},{"@type":"ListItem","position":3,"name":"Entspannendes Augenkissen mit Kirschsteinen oder Lavendel"}]},{"@type":"WebSite","@id":"https:\/\/tipu.ee\/#website","url":"https:\/\/tipu.ee\/","name":"TIPU","description":"\u00d6koloogilised \u00e4rikingitused","publisher":{"@id":"https:\/\/tipu.ee\/#organization"},"potentialAction":[{"@type":"SearchAction","target":{"@type":"EntryPoint","urlTemplate":"https:\/\/tipu.ee\/?s={search_term_string}"},"query-input":"required name=search_term_string"}],"inLanguage":"de"},{"@type":"Organization","@id":"https:\/\/tipu.ee\/#organization","name":"TIPU","url":"https:\/\/tipu.ee\/","logo":{"@type":"ImageObject","inLanguage":"de","@id":"https:\/\/tipu.ee\/#\/schema\/logo\/image\/","url":"https:\/\/tipu.ee\/wp-content\/uploads\/2024\/01\/tipulogo.png","contentUrl":"https:\/\/tipu.ee\/wp-content\/uploads\/2024\/01\/tipulogo.png","width":205,"height":120,"caption":"TIPU"},"image":{"@id":"https:\/\/tipu.ee\/#\/schema\/logo\/image\/"}}]}},"_links":{"self":[{"href":"https:\/\/tipu.ee\/de\/wp-json\/wp\/v2\/product\/974","targetHints":{"allow":["GET"]}}],"collection":[{"href":"https:\/\/tipu.ee\/de\/wp-json\/wp\/v2\/product"}],"about":[{"href":"https:\/\/tipu.ee\/de\/wp-json\/wp\/v2\/types\/product"}],"replies":[{"embeddable":true,"href":"https:\/\/tipu.ee\/de\/wp-json\/wp\/v2\/comments?post=974"}],"wp:featuredmedia":[{"embeddable":true,"href":"https:\/\/tipu.ee\/de\/wp-json\/wp\/v2\/media\/868"}],"wp:attachment":[{"href":"https:\/\/tipu.ee\/de\/wp-json\/wp\/v2\/media?parent=974"}],"wp:term":[{"taxonomy":"product_cat","embeddable":true,"href":"https:\/\/tipu.ee\/de\/wp-json\/wp\/v2\/product_cat?post=974"},{"taxonomy":"product_tag","embeddable":true,"href":"https:\/\/tipu.ee\/de\/wp-json\/wp\/v2\/product_tag?post=974"}],"curies":[{"name":"wp","href":"https:\/\/api.w.org\/{rel}","templated":true}]}}