{"id":972,"date":"2024-02-14T23:12:30","date_gmt":"2024-02-14T23:12:30","guid":{"rendered":"https:\/\/tipu.ee\/toode\/bio-pet-material-anzuchtset-mit-erde\/"},"modified":"2024-02-14T23:12:30","modified_gmt":"2024-02-14T23:12:30","slug":"bio-pet-material-anzuchtset-mit-erde","status":"publish","type":"product","link":"https:\/\/tipu.ee\/de\/toode\/bio-pet-material-anzuchtset-mit-erde\/","title":{"rendered":"Bio-PET-Material Anzuchtset mit Erde"},"content":{"rendered":"<p>PERSONALISIERBAR:<\/p>\n<ul>\n<li>Vollfarbetikett 55 x 55 mm<\/li>\n<li>Vollfarbetikett auf dem Deckel, \u00d8 45 mm<\/li>\n<li>Vollfarbetikett auf der Box, \u00d8: 45 mm<\/li>\n<li>Pflanzanleitung, Vollfarbdruck, wei\u00dfes \u00d6kopapier, 70 x 70 mm<\/li>\n<li>Optional: Vollfarbdruck auf der Box<\/li>\n<\/ul>\n<p>WEITERE ELEMENTE:<\/p>\n<ul>\n<li>Ausgew\u00e4hlte Pflanzensamen<\/li>\n<li>Becher aus Bio-PET-Material<\/li>\n<li>Nat\u00fcrliche Erde<\/li>\n<li>Karton aus Kraftpapier mit Fenster<\/li>\n<\/ul>\n<p>ABMESSUNGEN:<\/p>\n<ul>\n<li>Becher: \u00d8: 78 mm, H: 95 mm<\/li>\n<li>Box: 100 x 100 x 100 mm<\/li>\n<\/ul>\n","protected":false},"excerpt":{"rendered":"<p>PERSONALISIERBAR: Vollfarbetikett 55 x 55 mm Vollfarbetikett auf dem Deckel, \u00d8 45 mm Vollfarbetikett auf der Box, \u00d8: 45 mm Pflanzanleitung, Vollfarbdruck, wei\u00dfes \u00d6kopapier, 70 x 70 mm Optional: Vollfarbdruck auf der Box WEITERE ELEMENTE: Ausgew\u00e4hlte Pflanzensamen Becher aus Bio-PET-Material Nat\u00fcrliche Erde Karton aus Kraftpapier mit Fenster ABMESSUNGEN: Becher: \u00d8: 78 mm, H: 95 mm [&hellip;]<\/p>\n","protected":false},"featured_media":875,"comment_status":"open","ping_status":"closed","template":"","meta":{"_acf_changed":false},"product_cat":[15],"product_tag":[],"class_list":{"0":"post-972","1":"product","2":"type-product","3":"status-publish","4":"has-post-thumbnail","6":"product_cat-kasvavad-kingitused","8":"first","9":"instock","10":"shipping-taxable","11":"product-type-simple"},"acf":[],"yoast_head":"<!-- This site is optimized with the Yoast SEO plugin v22.1 - https:\/\/yoast.com\/wordpress\/plugins\/seo\/ -->\n<title>Bio-PET-Material Anzuchtset mit Erde - TIPU<\/title>\n<meta name=\"robots\" content=\"index, follow, max-snippet:-1, max-image-preview:large, max-video-preview:-1\" \/>\n<link rel=\"canonical\" href=\"https:\/\/tipu.ee\/de\/toode\/bio-pet-material-anzuchtset-mit-erde\/\" \/>\n<meta property=\"og:locale\" content=\"de_DE\" \/>\n<meta property=\"og:type\" content=\"article\" \/>\n<meta property=\"og:title\" content=\"Bio-PET-Material Anzuchtset mit Erde - TIPU\" \/>\n<meta property=\"og:description\" content=\"PERSONALISIERBAR: Vollfarbetikett 55 x 55 mm Vollfarbetikett auf dem Deckel, \u00d8 45 mm Vollfarbetikett auf der Box, \u00d8: 45 mm Pflanzanleitung, Vollfarbdruck, wei\u00dfes \u00d6kopapier, 70 x 70 mm Optional: Vollfarbdruck auf der Box WEITERE ELEMENTE: Ausgew\u00e4hlte Pflanzensamen Becher aus Bio-PET-Material Nat\u00fcrliche Erde Karton aus Kraftpapier mit Fenster ABMESSUNGEN: Becher: \u00d8: 78 mm, H: 95 mm [&hellip;]\" \/>\n<meta property=\"og:url\" content=\"https:\/\/tipu.ee\/de\/toode\/bio-pet-material-anzuchtset-mit-erde\/\" \/>\n<meta property=\"og:site_name\" content=\"TIPU\" \/>\n<meta property=\"og:image\" content=\"http:\/\/tipu.ee\/wp-content\/uploads\/2024\/02\/850x850_biopet-886x886-1.jpg\" \/>\n\t<meta property=\"og:image:width\" content=\"850\" \/>\n\t<meta property=\"og:image:height\" content=\"850\" \/>\n\t<meta property=\"og:image:type\" content=\"image\/jpeg\" \/>\n<meta name=\"twitter:card\" content=\"summary_large_image\" \/>\n<script type=\"application\/ld+json\" class=\"yoast-schema-graph\">{\"@context\":\"https:\/\/schema.org\",\"@graph\":[{\"@type\":\"WebPage\",\"@id\":\"https:\/\/tipu.ee\/de\/toode\/bio-pet-material-anzuchtset-mit-erde\/\",\"url\":\"https:\/\/tipu.ee\/de\/toode\/bio-pet-material-anzuchtset-mit-erde\/\",\"name\":\"Bio-PET-Material Anzuchtset mit Erde - TIPU\",\"isPartOf\":{\"@id\":\"https:\/\/tipu.ee\/#website\"},\"datePublished\":\"2024-02-14T23:12:30+00:00\",\"dateModified\":\"2024-02-14T23:12:30+00:00\",\"breadcrumb\":{\"@id\":\"https:\/\/tipu.ee\/de\/toode\/bio-pet-material-anzuchtset-mit-erde\/#breadcrumb\"},\"inLanguage\":\"de\",\"potentialAction\":[{\"@type\":\"ReadAction\",\"target\":[\"https:\/\/tipu.ee\/de\/toode\/bio-pet-material-anzuchtset-mit-erde\/\"]}]},{\"@type\":\"BreadcrumbList\",\"@id\":\"https:\/\/tipu.ee\/de\/toode\/bio-pet-material-anzuchtset-mit-erde\/#breadcrumb\",\"itemListElement\":[{\"@type\":\"ListItem\",\"position\":1,\"name\":\"Home\",\"item\":\"https:\/\/tipu.ee\/\"},{\"@type\":\"ListItem\",\"position\":2,\"name\":\"Shop\",\"item\":\"https:\/\/tipu.ee\/de\/shop\/\"},{\"@type\":\"ListItem\",\"position\":3,\"name\":\"Bio-PET-Material Anzuchtset mit Erde\"}]},{\"@type\":\"WebSite\",\"@id\":\"https:\/\/tipu.ee\/#website\",\"url\":\"https:\/\/tipu.ee\/\",\"name\":\"TIPU\",\"description\":\"\u00d6koloogilised \u00e4rikingitused\",\"publisher\":{\"@id\":\"https:\/\/tipu.ee\/#organization\"},\"potentialAction\":[{\"@type\":\"SearchAction\",\"target\":{\"@type\":\"EntryPoint\",\"urlTemplate\":\"https:\/\/tipu.ee\/?s={search_term_string}\"},\"query-input\":\"required name=search_term_string\"}],\"inLanguage\":\"de\"},{\"@type\":\"Organization\",\"@id\":\"https:\/\/tipu.ee\/#organization\",\"name\":\"TIPU\",\"url\":\"https:\/\/tipu.ee\/\",\"logo\":{\"@type\":\"ImageObject\",\"inLanguage\":\"de\",\"@id\":\"https:\/\/tipu.ee\/#\/schema\/logo\/image\/\",\"url\":\"https:\/\/tipu.ee\/wp-content\/uploads\/2024\/01\/tipulogo.png\",\"contentUrl\":\"https:\/\/tipu.ee\/wp-content\/uploads\/2024\/01\/tipulogo.png\",\"width\":205,\"height\":120,\"caption\":\"TIPU\"},\"image\":{\"@id\":\"https:\/\/tipu.ee\/#\/schema\/logo\/image\/\"}}]}<\/script>\n<!-- \/ Yoast SEO plugin. -->","yoast_head_json":{"title":"Bio-PET-Material Anzuchtset mit Erde - TIPU","robots":{"index":"index","follow":"follow","max-snippet":"max-snippet:-1","max-image-preview":"max-image-preview:large","max-video-preview":"max-video-preview:-1"},"canonical":"https:\/\/tipu.ee\/de\/toode\/bio-pet-material-anzuchtset-mit-erde\/","og_locale":"de_DE","og_type":"article","og_title":"Bio-PET-Material Anzuchtset mit Erde - TIPU","og_description":"PERSONALISIERBAR: Vollfarbetikett 55 x 55 mm Vollfarbetikett auf dem Deckel, \u00d8 45 mm Vollfarbetikett auf der Box, \u00d8: 45 mm Pflanzanleitung, Vollfarbdruck, wei\u00dfes \u00d6kopapier, 70 x 70 mm Optional: Vollfarbdruck auf der Box WEITERE ELEMENTE: Ausgew\u00e4hlte Pflanzensamen Becher aus Bio-PET-Material Nat\u00fcrliche Erde Karton aus Kraftpapier mit Fenster ABMESSUNGEN: Becher: \u00d8: 78 mm, H: 95 mm [&hellip;]","og_url":"https:\/\/tipu.ee\/de\/toode\/bio-pet-material-anzuchtset-mit-erde\/","og_site_name":"TIPU","og_image":[{"width":850,"height":850,"url":"http:\/\/tipu.ee\/wp-content\/uploads\/2024\/02\/850x850_biopet-886x886-1.jpg","type":"image\/jpeg"}],"twitter_card":"summary_large_image","schema":{"@context":"https:\/\/schema.org","@graph":[{"@type":"WebPage","@id":"https:\/\/tipu.ee\/de\/toode\/bio-pet-material-anzuchtset-mit-erde\/","url":"https:\/\/tipu.ee\/de\/toode\/bio-pet-material-anzuchtset-mit-erde\/","name":"Bio-PET-Material Anzuchtset mit Erde - TIPU","isPartOf":{"@id":"https:\/\/tipu.ee\/#website"},"datePublished":"2024-02-14T23:12:30+00:00","dateModified":"2024-02-14T23:12:30+00:00","breadcrumb":{"@id":"https:\/\/tipu.ee\/de\/toode\/bio-pet-material-anzuchtset-mit-erde\/#breadcrumb"},"inLanguage":"de","potentialAction":[{"@type":"ReadAction","target":["https:\/\/tipu.ee\/de\/toode\/bio-pet-material-anzuchtset-mit-erde\/"]}]},{"@type":"BreadcrumbList","@id":"https:\/\/tipu.ee\/de\/toode\/bio-pet-material-anzuchtset-mit-erde\/#breadcrumb","itemListElement":[{"@type":"ListItem","position":1,"name":"Home","item":"https:\/\/tipu.ee\/"},{"@type":"ListItem","position":2,"name":"Shop","item":"https:\/\/tipu.ee\/de\/shop\/"},{"@type":"ListItem","position":3,"name":"Bio-PET-Material Anzuchtset mit Erde"}]},{"@type":"WebSite","@id":"https:\/\/tipu.ee\/#website","url":"https:\/\/tipu.ee\/","name":"TIPU","description":"\u00d6koloogilised \u00e4rikingitused","publisher":{"@id":"https:\/\/tipu.ee\/#organization"},"potentialAction":[{"@type":"SearchAction","target":{"@type":"EntryPoint","urlTemplate":"https:\/\/tipu.ee\/?s={search_term_string}"},"query-input":"required name=search_term_string"}],"inLanguage":"de"},{"@type":"Organization","@id":"https:\/\/tipu.ee\/#organization","name":"TIPU","url":"https:\/\/tipu.ee\/","logo":{"@type":"ImageObject","inLanguage":"de","@id":"https:\/\/tipu.ee\/#\/schema\/logo\/image\/","url":"https:\/\/tipu.ee\/wp-content\/uploads\/2024\/01\/tipulogo.png","contentUrl":"https:\/\/tipu.ee\/wp-content\/uploads\/2024\/01\/tipulogo.png","width":205,"height":120,"caption":"TIPU"},"image":{"@id":"https:\/\/tipu.ee\/#\/schema\/logo\/image\/"}}]}},"_links":{"self":[{"href":"https:\/\/tipu.ee\/de\/wp-json\/wp\/v2\/product\/972","targetHints":{"allow":["GET"]}}],"collection":[{"href":"https:\/\/tipu.ee\/de\/wp-json\/wp\/v2\/product"}],"about":[{"href":"https:\/\/tipu.ee\/de\/wp-json\/wp\/v2\/types\/product"}],"replies":[{"embeddable":true,"href":"https:\/\/tipu.ee\/de\/wp-json\/wp\/v2\/comments?post=972"}],"wp:featuredmedia":[{"embeddable":true,"href":"https:\/\/tipu.ee\/de\/wp-json\/wp\/v2\/media\/875"}],"wp:attachment":[{"href":"https:\/\/tipu.ee\/de\/wp-json\/wp\/v2\/media?parent=972"}],"wp:term":[{"taxonomy":"product_cat","embeddable":true,"href":"https:\/\/tipu.ee\/de\/wp-json\/wp\/v2\/product_cat?post=972"},{"taxonomy":"product_tag","embeddable":true,"href":"https:\/\/tipu.ee\/de\/wp-json\/wp\/v2\/product_tag?post=972"}],"curies":[{"name":"wp","href":"https:\/\/api.w.org\/{rel}","templated":true}]}}