{"id":971,"date":"2024-02-14T23:33:32","date_gmt":"2024-02-14T23:33:32","guid":{"rendered":"https:\/\/tipu.ee\/toode\/pflanzenanbau-set-ecobag\/"},"modified":"2024-02-14T23:33:32","modified_gmt":"2024-02-14T23:33:32","slug":"pflanzenanbau-set-ecobag","status":"publish","type":"product","link":"https:\/\/tipu.ee\/de\/toode\/pflanzenanbau-set-ecobag\/","title":{"rendered":"Pflanzenanbau-Set Ecobag"},"content":{"rendered":"<p>\u00d6ko-Taschen enthalten ausgew\u00e4hlte Pflanzensamen und einen Torfpellet. Wenn die Pflanze keimt, ist es sehr einfach, sie zum Beispiel in einen gr\u00f6\u00dferen Beh\u00e4lter, in den Garten oder in die freie Natur umzupflanzen.<\/p>\n<p>PERSONALISIERBAR:<\/p>\n<p>Vollfarbetikett 75 x 80 mm,<br \/>\nPflanzanleitung, Vollfarbdruck, wei\u00dfes \u00d6kopapier, 50 x 70 mm<br \/>\nWEITERE ELEMENTE:<\/p>\n<p>Kraftpapiert\u00fcte<br \/>\nTorfpellet<br \/>\nAusgew\u00e4hlte Pflanzensamen in einer veganen Kapsel<\/p>\n<p>ABMESSUNGEN:<br \/>\n85 x 30 x 145 mm [Breite x Tiefe x H\u00f6he]<\/p>\n","protected":false},"excerpt":{"rendered":"<p>\u00d6ko-Taschen enthalten ausgew\u00e4hlte Pflanzensamen und einen Torfpellet. Wenn die Pflanze keimt, ist es sehr einfach, sie zum Beispiel in einen gr\u00f6\u00dferen Beh\u00e4lter, in den Garten oder in die freie Natur umzupflanzen. PERSONALISIERBAR: Vollfarbetikett 75 x 80 mm, Pflanzanleitung, Vollfarbdruck, wei\u00dfes \u00d6kopapier, 50 x 70 mm WEITERE ELEMENTE: Kraftpapiert\u00fcte Torfpellet Ausgew\u00e4hlte Pflanzensamen in einer veganen Kapsel [&hellip;]<\/p>\n","protected":false},"featured_media":876,"comment_status":"open","ping_status":"closed","template":"","meta":{"_acf_changed":false},"product_cat":[15],"product_tag":[],"class_list":{"0":"post-971","1":"product","2":"type-product","3":"status-publish","4":"has-post-thumbnail","6":"product_cat-kasvavad-kingitused","8":"first","9":"instock","10":"shipping-taxable","11":"product-type-simple"},"acf":[],"yoast_head":"<!-- This site is optimized with the Yoast SEO plugin v22.1 - https:\/\/yoast.com\/wordpress\/plugins\/seo\/ -->\n<title>Pflanzenanbau-Set Ecobag - TIPU<\/title>\n<meta name=\"robots\" content=\"index, follow, max-snippet:-1, max-image-preview:large, max-video-preview:-1\" \/>\n<link rel=\"canonical\" href=\"https:\/\/tipu.ee\/de\/toode\/pflanzenanbau-set-ecobag\/\" \/>\n<meta property=\"og:locale\" content=\"de_DE\" \/>\n<meta property=\"og:type\" content=\"article\" \/>\n<meta property=\"og:title\" content=\"Pflanzenanbau-Set Ecobag - TIPU\" \/>\n<meta property=\"og:description\" content=\"\u00d6ko-Taschen enthalten ausgew\u00e4hlte Pflanzensamen und einen Torfpellet. Wenn die Pflanze keimt, ist es sehr einfach, sie zum Beispiel in einen gr\u00f6\u00dferen Beh\u00e4lter, in den Garten oder in die freie Natur umzupflanzen. PERSONALISIERBAR: Vollfarbetikett 75 x 80 mm, Pflanzanleitung, Vollfarbdruck, wei\u00dfes \u00d6kopapier, 50 x 70 mm WEITERE ELEMENTE: Kraftpapiert\u00fcte Torfpellet Ausgew\u00e4hlte Pflanzensamen in einer veganen Kapsel [&hellip;]\" \/>\n<meta property=\"og:url\" content=\"https:\/\/tipu.ee\/de\/toode\/pflanzenanbau-set-ecobag\/\" \/>\n<meta property=\"og:site_name\" content=\"TIPU\" \/>\n<meta property=\"og:image\" content=\"http:\/\/tipu.ee\/wp-content\/uploads\/2024\/02\/850x850_ekosaszetka01-886x886-1.jpg\" \/>\n\t<meta property=\"og:image:width\" content=\"850\" \/>\n\t<meta property=\"og:image:height\" content=\"850\" \/>\n\t<meta property=\"og:image:type\" content=\"image\/jpeg\" \/>\n<meta name=\"twitter:card\" content=\"summary_large_image\" \/>\n<script type=\"application\/ld+json\" class=\"yoast-schema-graph\">{\"@context\":\"https:\/\/schema.org\",\"@graph\":[{\"@type\":\"WebPage\",\"@id\":\"https:\/\/tipu.ee\/de\/toode\/pflanzenanbau-set-ecobag\/\",\"url\":\"https:\/\/tipu.ee\/de\/toode\/pflanzenanbau-set-ecobag\/\",\"name\":\"Pflanzenanbau-Set Ecobag - TIPU\",\"isPartOf\":{\"@id\":\"https:\/\/tipu.ee\/#website\"},\"datePublished\":\"2024-02-14T23:33:32+00:00\",\"dateModified\":\"2024-02-14T23:33:32+00:00\",\"breadcrumb\":{\"@id\":\"https:\/\/tipu.ee\/de\/toode\/pflanzenanbau-set-ecobag\/#breadcrumb\"},\"inLanguage\":\"de\",\"potentialAction\":[{\"@type\":\"ReadAction\",\"target\":[\"https:\/\/tipu.ee\/de\/toode\/pflanzenanbau-set-ecobag\/\"]}]},{\"@type\":\"BreadcrumbList\",\"@id\":\"https:\/\/tipu.ee\/de\/toode\/pflanzenanbau-set-ecobag\/#breadcrumb\",\"itemListElement\":[{\"@type\":\"ListItem\",\"position\":1,\"name\":\"Home\",\"item\":\"https:\/\/tipu.ee\/\"},{\"@type\":\"ListItem\",\"position\":2,\"name\":\"Shop\",\"item\":\"https:\/\/tipu.ee\/de\/shop\/\"},{\"@type\":\"ListItem\",\"position\":3,\"name\":\"Pflanzenanbau-Set Ecobag\"}]},{\"@type\":\"WebSite\",\"@id\":\"https:\/\/tipu.ee\/#website\",\"url\":\"https:\/\/tipu.ee\/\",\"name\":\"TIPU\",\"description\":\"\u00d6koloogilised \u00e4rikingitused\",\"publisher\":{\"@id\":\"https:\/\/tipu.ee\/#organization\"},\"potentialAction\":[{\"@type\":\"SearchAction\",\"target\":{\"@type\":\"EntryPoint\",\"urlTemplate\":\"https:\/\/tipu.ee\/?s={search_term_string}\"},\"query-input\":\"required name=search_term_string\"}],\"inLanguage\":\"de\"},{\"@type\":\"Organization\",\"@id\":\"https:\/\/tipu.ee\/#organization\",\"name\":\"TIPU\",\"url\":\"https:\/\/tipu.ee\/\",\"logo\":{\"@type\":\"ImageObject\",\"inLanguage\":\"de\",\"@id\":\"https:\/\/tipu.ee\/#\/schema\/logo\/image\/\",\"url\":\"https:\/\/tipu.ee\/wp-content\/uploads\/2024\/01\/tipulogo.png\",\"contentUrl\":\"https:\/\/tipu.ee\/wp-content\/uploads\/2024\/01\/tipulogo.png\",\"width\":205,\"height\":120,\"caption\":\"TIPU\"},\"image\":{\"@id\":\"https:\/\/tipu.ee\/#\/schema\/logo\/image\/\"}}]}<\/script>\n<!-- \/ Yoast SEO plugin. -->","yoast_head_json":{"title":"Pflanzenanbau-Set Ecobag - TIPU","robots":{"index":"index","follow":"follow","max-snippet":"max-snippet:-1","max-image-preview":"max-image-preview:large","max-video-preview":"max-video-preview:-1"},"canonical":"https:\/\/tipu.ee\/de\/toode\/pflanzenanbau-set-ecobag\/","og_locale":"de_DE","og_type":"article","og_title":"Pflanzenanbau-Set Ecobag - TIPU","og_description":"\u00d6ko-Taschen enthalten ausgew\u00e4hlte Pflanzensamen und einen Torfpellet. Wenn die Pflanze keimt, ist es sehr einfach, sie zum Beispiel in einen gr\u00f6\u00dferen Beh\u00e4lter, in den Garten oder in die freie Natur umzupflanzen. PERSONALISIERBAR: Vollfarbetikett 75 x 80 mm, Pflanzanleitung, Vollfarbdruck, wei\u00dfes \u00d6kopapier, 50 x 70 mm WEITERE ELEMENTE: Kraftpapiert\u00fcte Torfpellet Ausgew\u00e4hlte Pflanzensamen in einer veganen Kapsel [&hellip;]","og_url":"https:\/\/tipu.ee\/de\/toode\/pflanzenanbau-set-ecobag\/","og_site_name":"TIPU","og_image":[{"width":850,"height":850,"url":"http:\/\/tipu.ee\/wp-content\/uploads\/2024\/02\/850x850_ekosaszetka01-886x886-1.jpg","type":"image\/jpeg"}],"twitter_card":"summary_large_image","schema":{"@context":"https:\/\/schema.org","@graph":[{"@type":"WebPage","@id":"https:\/\/tipu.ee\/de\/toode\/pflanzenanbau-set-ecobag\/","url":"https:\/\/tipu.ee\/de\/toode\/pflanzenanbau-set-ecobag\/","name":"Pflanzenanbau-Set Ecobag - TIPU","isPartOf":{"@id":"https:\/\/tipu.ee\/#website"},"datePublished":"2024-02-14T23:33:32+00:00","dateModified":"2024-02-14T23:33:32+00:00","breadcrumb":{"@id":"https:\/\/tipu.ee\/de\/toode\/pflanzenanbau-set-ecobag\/#breadcrumb"},"inLanguage":"de","potentialAction":[{"@type":"ReadAction","target":["https:\/\/tipu.ee\/de\/toode\/pflanzenanbau-set-ecobag\/"]}]},{"@type":"BreadcrumbList","@id":"https:\/\/tipu.ee\/de\/toode\/pflanzenanbau-set-ecobag\/#breadcrumb","itemListElement":[{"@type":"ListItem","position":1,"name":"Home","item":"https:\/\/tipu.ee\/"},{"@type":"ListItem","position":2,"name":"Shop","item":"https:\/\/tipu.ee\/de\/shop\/"},{"@type":"ListItem","position":3,"name":"Pflanzenanbau-Set Ecobag"}]},{"@type":"WebSite","@id":"https:\/\/tipu.ee\/#website","url":"https:\/\/tipu.ee\/","name":"TIPU","description":"\u00d6koloogilised \u00e4rikingitused","publisher":{"@id":"https:\/\/tipu.ee\/#organization"},"potentialAction":[{"@type":"SearchAction","target":{"@type":"EntryPoint","urlTemplate":"https:\/\/tipu.ee\/?s={search_term_string}"},"query-input":"required name=search_term_string"}],"inLanguage":"de"},{"@type":"Organization","@id":"https:\/\/tipu.ee\/#organization","name":"TIPU","url":"https:\/\/tipu.ee\/","logo":{"@type":"ImageObject","inLanguage":"de","@id":"https:\/\/tipu.ee\/#\/schema\/logo\/image\/","url":"https:\/\/tipu.ee\/wp-content\/uploads\/2024\/01\/tipulogo.png","contentUrl":"https:\/\/tipu.ee\/wp-content\/uploads\/2024\/01\/tipulogo.png","width":205,"height":120,"caption":"TIPU"},"image":{"@id":"https:\/\/tipu.ee\/#\/schema\/logo\/image\/"}}]}},"_links":{"self":[{"href":"https:\/\/tipu.ee\/de\/wp-json\/wp\/v2\/product\/971","targetHints":{"allow":["GET"]}}],"collection":[{"href":"https:\/\/tipu.ee\/de\/wp-json\/wp\/v2\/product"}],"about":[{"href":"https:\/\/tipu.ee\/de\/wp-json\/wp\/v2\/types\/product"}],"replies":[{"embeddable":true,"href":"https:\/\/tipu.ee\/de\/wp-json\/wp\/v2\/comments?post=971"}],"wp:featuredmedia":[{"embeddable":true,"href":"https:\/\/tipu.ee\/de\/wp-json\/wp\/v2\/media\/876"}],"wp:attachment":[{"href":"https:\/\/tipu.ee\/de\/wp-json\/wp\/v2\/media?parent=971"}],"wp:term":[{"taxonomy":"product_cat","embeddable":true,"href":"https:\/\/tipu.ee\/de\/wp-json\/wp\/v2\/product_cat?post=971"},{"taxonomy":"product_tag","embeddable":true,"href":"https:\/\/tipu.ee\/de\/wp-json\/wp\/v2\/product_tag?post=971"}],"curies":[{"name":"wp","href":"https:\/\/api.w.org\/{rel}","templated":true}]}}