{"id":969,"date":"2024-02-14T23:46:59","date_gmt":"2024-02-14T23:46:59","guid":{"rendered":"https:\/\/tipu.ee\/toode\/papierkugelschreiber-mit-samen\/"},"modified":"2024-02-14T23:46:59","modified_gmt":"2024-02-14T23:46:59","slug":"papierkugelschreiber-mit-samen","status":"publish","type":"product","link":"https:\/\/tipu.ee\/de\/toode\/papierkugelschreiber-mit-samen\/","title":{"rendered":"Papierkugelschreiber mit Samen"},"content":{"rendered":"<p>Papierkugelschreiber \u2013 in allen Regenbogenfarben erh\u00e4ltlich. Umweltfreundliches Produkt. An den Kugelschreiber befestigen wir eine Kapsel mit Ihren ausgew\u00e4hlten Samen und verpacken ihn sch\u00f6n.<\/p>\n<p>PERSONALISIERBAR:<\/p>\n<p>Etikett am Kugelschreiber mit Vollfarbdruck, auf der R\u00fcckseite Pflanzanleitung, wei\u00dfes \u00d6kopapier oder Kraftpapier<br \/>\nOptional:<br \/>\nDruck auf den Stift in Mengen von 100 Stk., max. 7 x 50 mm<\/p>\n<p>WEITERE DETAILS:<\/p>\n<p>aus Papier hergestellter Kugelschreiber<br \/>\nausgew\u00e4hlte Pflanzensamen in veganer Kapsel<\/p>\n<p>ABMESSUNGEN:<br \/>\nStift: \u00d8: 7 mm, H: ~145 mm<br \/>\nH\u00fclle: 47,5 x 60 mm<\/p>\n","protected":false},"excerpt":{"rendered":"<p>Papierkugelschreiber \u2013 in allen Regenbogenfarben erh\u00e4ltlich. Umweltfreundliches Produkt. An den Kugelschreiber befestigen wir eine Kapsel mit Ihren ausgew\u00e4hlten Samen und verpacken ihn sch\u00f6n. PERSONALISIERBAR: Etikett am Kugelschreiber mit Vollfarbdruck, auf der R\u00fcckseite Pflanzanleitung, wei\u00dfes \u00d6kopapier oder Kraftpapier Optional: Druck auf den Stift in Mengen von 100 Stk., max. 7 x 50 mm WEITERE DETAILS: aus [&hellip;]<\/p>\n","protected":false},"featured_media":884,"comment_status":"open","ping_status":"closed","template":"","meta":{"_acf_changed":false},"product_cat":[15],"product_tag":[],"class_list":{"0":"post-969","1":"product","2":"type-product","3":"status-publish","4":"has-post-thumbnail","6":"product_cat-kasvavad-kingitused","8":"first","9":"instock","10":"shipping-taxable","11":"product-type-simple"},"acf":[],"yoast_head":"<!-- This site is optimized with the Yoast SEO plugin v22.1 - https:\/\/yoast.com\/wordpress\/plugins\/seo\/ -->\n<title>Papierkugelschreiber mit Samen - TIPU<\/title>\n<meta name=\"robots\" content=\"index, follow, max-snippet:-1, max-image-preview:large, max-video-preview:-1\" \/>\n<link rel=\"canonical\" href=\"https:\/\/tipu.ee\/de\/toode\/papierkugelschreiber-mit-samen\/\" \/>\n<meta property=\"og:locale\" content=\"de_DE\" \/>\n<meta property=\"og:type\" content=\"article\" \/>\n<meta property=\"og:title\" content=\"Papierkugelschreiber mit Samen - TIPU\" \/>\n<meta property=\"og:description\" content=\"Papierkugelschreiber \u2013 in allen Regenbogenfarben erh\u00e4ltlich. Umweltfreundliches Produkt. An den Kugelschreiber befestigen wir eine Kapsel mit Ihren ausgew\u00e4hlten Samen und verpacken ihn sch\u00f6n. PERSONALISIERBAR: Etikett am Kugelschreiber mit Vollfarbdruck, auf der R\u00fcckseite Pflanzanleitung, wei\u00dfes \u00d6kopapier oder Kraftpapier Optional: Druck auf den Stift in Mengen von 100 Stk., max. 7 x 50 mm WEITERE DETAILS: aus [&hellip;]\" \/>\n<meta property=\"og:url\" content=\"https:\/\/tipu.ee\/de\/toode\/papierkugelschreiber-mit-samen\/\" \/>\n<meta property=\"og:site_name\" content=\"TIPU\" \/>\n<meta property=\"og:image\" content=\"http:\/\/tipu.ee\/wp-content\/uploads\/2024\/02\/dlugopis-886x886-1.jpg\" \/>\n\t<meta property=\"og:image:width\" content=\"850\" \/>\n\t<meta property=\"og:image:height\" content=\"850\" \/>\n\t<meta property=\"og:image:type\" content=\"image\/jpeg\" \/>\n<meta name=\"twitter:card\" content=\"summary_large_image\" \/>\n<script type=\"application\/ld+json\" class=\"yoast-schema-graph\">{\"@context\":\"https:\/\/schema.org\",\"@graph\":[{\"@type\":\"WebPage\",\"@id\":\"https:\/\/tipu.ee\/de\/toode\/papierkugelschreiber-mit-samen\/\",\"url\":\"https:\/\/tipu.ee\/de\/toode\/papierkugelschreiber-mit-samen\/\",\"name\":\"Papierkugelschreiber mit Samen - TIPU\",\"isPartOf\":{\"@id\":\"https:\/\/tipu.ee\/#website\"},\"datePublished\":\"2024-02-14T23:46:59+00:00\",\"dateModified\":\"2024-02-14T23:46:59+00:00\",\"breadcrumb\":{\"@id\":\"https:\/\/tipu.ee\/de\/toode\/papierkugelschreiber-mit-samen\/#breadcrumb\"},\"inLanguage\":\"de\",\"potentialAction\":[{\"@type\":\"ReadAction\",\"target\":[\"https:\/\/tipu.ee\/de\/toode\/papierkugelschreiber-mit-samen\/\"]}]},{\"@type\":\"BreadcrumbList\",\"@id\":\"https:\/\/tipu.ee\/de\/toode\/papierkugelschreiber-mit-samen\/#breadcrumb\",\"itemListElement\":[{\"@type\":\"ListItem\",\"position\":1,\"name\":\"Home\",\"item\":\"https:\/\/tipu.ee\/\"},{\"@type\":\"ListItem\",\"position\":2,\"name\":\"Shop\",\"item\":\"https:\/\/tipu.ee\/de\/shop\/\"},{\"@type\":\"ListItem\",\"position\":3,\"name\":\"Papierkugelschreiber mit Samen\"}]},{\"@type\":\"WebSite\",\"@id\":\"https:\/\/tipu.ee\/#website\",\"url\":\"https:\/\/tipu.ee\/\",\"name\":\"TIPU\",\"description\":\"\u00d6koloogilised \u00e4rikingitused\",\"publisher\":{\"@id\":\"https:\/\/tipu.ee\/#organization\"},\"potentialAction\":[{\"@type\":\"SearchAction\",\"target\":{\"@type\":\"EntryPoint\",\"urlTemplate\":\"https:\/\/tipu.ee\/?s={search_term_string}\"},\"query-input\":\"required name=search_term_string\"}],\"inLanguage\":\"de\"},{\"@type\":\"Organization\",\"@id\":\"https:\/\/tipu.ee\/#organization\",\"name\":\"TIPU\",\"url\":\"https:\/\/tipu.ee\/\",\"logo\":{\"@type\":\"ImageObject\",\"inLanguage\":\"de\",\"@id\":\"https:\/\/tipu.ee\/#\/schema\/logo\/image\/\",\"url\":\"https:\/\/tipu.ee\/wp-content\/uploads\/2024\/01\/tipulogo.png\",\"contentUrl\":\"https:\/\/tipu.ee\/wp-content\/uploads\/2024\/01\/tipulogo.png\",\"width\":205,\"height\":120,\"caption\":\"TIPU\"},\"image\":{\"@id\":\"https:\/\/tipu.ee\/#\/schema\/logo\/image\/\"}}]}<\/script>\n<!-- \/ Yoast SEO plugin. -->","yoast_head_json":{"title":"Papierkugelschreiber mit Samen - TIPU","robots":{"index":"index","follow":"follow","max-snippet":"max-snippet:-1","max-image-preview":"max-image-preview:large","max-video-preview":"max-video-preview:-1"},"canonical":"https:\/\/tipu.ee\/de\/toode\/papierkugelschreiber-mit-samen\/","og_locale":"de_DE","og_type":"article","og_title":"Papierkugelschreiber mit Samen - TIPU","og_description":"Papierkugelschreiber \u2013 in allen Regenbogenfarben erh\u00e4ltlich. Umweltfreundliches Produkt. An den Kugelschreiber befestigen wir eine Kapsel mit Ihren ausgew\u00e4hlten Samen und verpacken ihn sch\u00f6n. PERSONALISIERBAR: Etikett am Kugelschreiber mit Vollfarbdruck, auf der R\u00fcckseite Pflanzanleitung, wei\u00dfes \u00d6kopapier oder Kraftpapier Optional: Druck auf den Stift in Mengen von 100 Stk., max. 7 x 50 mm WEITERE DETAILS: aus [&hellip;]","og_url":"https:\/\/tipu.ee\/de\/toode\/papierkugelschreiber-mit-samen\/","og_site_name":"TIPU","og_image":[{"width":850,"height":850,"url":"http:\/\/tipu.ee\/wp-content\/uploads\/2024\/02\/dlugopis-886x886-1.jpg","type":"image\/jpeg"}],"twitter_card":"summary_large_image","schema":{"@context":"https:\/\/schema.org","@graph":[{"@type":"WebPage","@id":"https:\/\/tipu.ee\/de\/toode\/papierkugelschreiber-mit-samen\/","url":"https:\/\/tipu.ee\/de\/toode\/papierkugelschreiber-mit-samen\/","name":"Papierkugelschreiber mit Samen - TIPU","isPartOf":{"@id":"https:\/\/tipu.ee\/#website"},"datePublished":"2024-02-14T23:46:59+00:00","dateModified":"2024-02-14T23:46:59+00:00","breadcrumb":{"@id":"https:\/\/tipu.ee\/de\/toode\/papierkugelschreiber-mit-samen\/#breadcrumb"},"inLanguage":"de","potentialAction":[{"@type":"ReadAction","target":["https:\/\/tipu.ee\/de\/toode\/papierkugelschreiber-mit-samen\/"]}]},{"@type":"BreadcrumbList","@id":"https:\/\/tipu.ee\/de\/toode\/papierkugelschreiber-mit-samen\/#breadcrumb","itemListElement":[{"@type":"ListItem","position":1,"name":"Home","item":"https:\/\/tipu.ee\/"},{"@type":"ListItem","position":2,"name":"Shop","item":"https:\/\/tipu.ee\/de\/shop\/"},{"@type":"ListItem","position":3,"name":"Papierkugelschreiber mit Samen"}]},{"@type":"WebSite","@id":"https:\/\/tipu.ee\/#website","url":"https:\/\/tipu.ee\/","name":"TIPU","description":"\u00d6koloogilised \u00e4rikingitused","publisher":{"@id":"https:\/\/tipu.ee\/#organization"},"potentialAction":[{"@type":"SearchAction","target":{"@type":"EntryPoint","urlTemplate":"https:\/\/tipu.ee\/?s={search_term_string}"},"query-input":"required name=search_term_string"}],"inLanguage":"de"},{"@type":"Organization","@id":"https:\/\/tipu.ee\/#organization","name":"TIPU","url":"https:\/\/tipu.ee\/","logo":{"@type":"ImageObject","inLanguage":"de","@id":"https:\/\/tipu.ee\/#\/schema\/logo\/image\/","url":"https:\/\/tipu.ee\/wp-content\/uploads\/2024\/01\/tipulogo.png","contentUrl":"https:\/\/tipu.ee\/wp-content\/uploads\/2024\/01\/tipulogo.png","width":205,"height":120,"caption":"TIPU"},"image":{"@id":"https:\/\/tipu.ee\/#\/schema\/logo\/image\/"}}]}},"_links":{"self":[{"href":"https:\/\/tipu.ee\/de\/wp-json\/wp\/v2\/product\/969","targetHints":{"allow":["GET"]}}],"collection":[{"href":"https:\/\/tipu.ee\/de\/wp-json\/wp\/v2\/product"}],"about":[{"href":"https:\/\/tipu.ee\/de\/wp-json\/wp\/v2\/types\/product"}],"replies":[{"embeddable":true,"href":"https:\/\/tipu.ee\/de\/wp-json\/wp\/v2\/comments?post=969"}],"wp:featuredmedia":[{"embeddable":true,"href":"https:\/\/tipu.ee\/de\/wp-json\/wp\/v2\/media\/884"}],"wp:attachment":[{"href":"https:\/\/tipu.ee\/de\/wp-json\/wp\/v2\/media?parent=969"}],"wp:term":[{"taxonomy":"product_cat","embeddable":true,"href":"https:\/\/tipu.ee\/de\/wp-json\/wp\/v2\/product_cat?post=969"},{"taxonomy":"product_tag","embeddable":true,"href":"https:\/\/tipu.ee\/de\/wp-json\/wp\/v2\/product_tag?post=969"}],"curies":[{"name":"wp","href":"https:\/\/api.w.org\/{rel}","templated":true}]}}