{"id":967,"date":"2024-02-14T23:57:33","date_gmt":"2024-02-14T23:57:33","guid":{"rendered":"https:\/\/tipu.ee\/toode\/anti-smog-mix-samenmischung\/"},"modified":"2024-02-14T23:57:33","modified_gmt":"2024-02-14T23:57:33","slug":"anti-smog-mix-samenmischung","status":"publish","type":"product","link":"https:\/\/tipu.ee\/de\/toode\/anti-smog-mix-samenmischung\/","title":{"rendered":"Anti-Smog-Mix Samenmischung"},"content":{"rendered":"<p>M\u00f6chten Sie die Luftqualit\u00e4t in Ihrer Umgebung verbessern? Schenken Sie Ihren Kunden Samen von smogresistenten Pflanzen! Wir haben eine Mischung aus europ\u00e4ischen Blumenarten ausgew\u00e4hlt, die gef\u00e4hrliche Elemente aus der Luft filtern. K\u00fcmmern Sie sich um die Umwelt \u2013 einfach und nat\u00fcrlich.<\/p>\n<p>PERSONALISIERBAR:<\/p>\n<p>Verpackung mit Pflanzanleitung auf der R\u00fcckseite, Vollfarbdruck, wei\u00dfes \u00d6kopapier oder Kraftpapier<br \/>\nVollfarbetikett auf der Verpackung mit Samen, \u00d8: 35 mm<\/p>\n<p>WEITERE ELEMENTE:<\/p>\n<p>Kraftpapierverpackung mit smogresistenter Samenmischung oder anderen Samen<\/p>\n<p>ABMESSUNGEN:<br \/>\nVerpackung: 70 x 70 x 5 mm [Breite x H\u00f6he x Tiefe]<br \/>\nVerpackung mit Samen: 55 x 55 mm<\/p>\n","protected":false},"excerpt":{"rendered":"<p>M\u00f6chten Sie die Luftqualit\u00e4t in Ihrer Umgebung verbessern? Schenken Sie Ihren Kunden Samen von smogresistenten Pflanzen! Wir haben eine Mischung aus europ\u00e4ischen Blumenarten ausgew\u00e4hlt, die gef\u00e4hrliche Elemente aus der Luft filtern. K\u00fcmmern Sie sich um die Umwelt \u2013 einfach und nat\u00fcrlich. PERSONALISIERBAR: Verpackung mit Pflanzanleitung auf der R\u00fcckseite, Vollfarbdruck, wei\u00dfes \u00d6kopapier oder Kraftpapier Vollfarbetikett auf [&hellip;]<\/p>\n","protected":false},"featured_media":889,"comment_status":"open","ping_status":"closed","template":"","meta":{"_acf_changed":false},"product_cat":[15],"product_tag":[],"class_list":{"0":"post-967","1":"product","2":"type-product","3":"status-publish","4":"has-post-thumbnail","6":"product_cat-kasvavad-kingitused","8":"first","9":"instock","10":"shipping-taxable","11":"product-type-simple"},"acf":[],"yoast_head":"<!-- This site is optimized with the Yoast SEO plugin v22.1 - https:\/\/yoast.com\/wordpress\/plugins\/seo\/ -->\n<title>Anti-Smog-Mix Samenmischung - TIPU<\/title>\n<meta name=\"robots\" content=\"index, follow, max-snippet:-1, max-image-preview:large, max-video-preview:-1\" \/>\n<link rel=\"canonical\" href=\"https:\/\/tipu.ee\/de\/toode\/anti-smog-mix-samenmischung\/\" \/>\n<meta property=\"og:locale\" content=\"de_DE\" \/>\n<meta property=\"og:type\" content=\"article\" \/>\n<meta property=\"og:title\" content=\"Anti-Smog-Mix Samenmischung - TIPU\" \/>\n<meta property=\"og:description\" content=\"M\u00f6chten Sie die Luftqualit\u00e4t in Ihrer Umgebung verbessern? Schenken Sie Ihren Kunden Samen von smogresistenten Pflanzen! Wir haben eine Mischung aus europ\u00e4ischen Blumenarten ausgew\u00e4hlt, die gef\u00e4hrliche Elemente aus der Luft filtern. K\u00fcmmern Sie sich um die Umwelt \u2013 einfach und nat\u00fcrlich. PERSONALISIERBAR: Verpackung mit Pflanzanleitung auf der R\u00fcckseite, Vollfarbdruck, wei\u00dfes \u00d6kopapier oder Kraftpapier Vollfarbetikett auf [&hellip;]\" \/>\n<meta property=\"og:url\" content=\"https:\/\/tipu.ee\/de\/toode\/anti-smog-mix-samenmischung\/\" \/>\n<meta property=\"og:site_name\" content=\"TIPU\" \/>\n<meta property=\"og:image\" content=\"http:\/\/tipu.ee\/wp-content\/uploads\/2024\/02\/850x850_antysmog-886x886-1.jpg\" \/>\n\t<meta property=\"og:image:width\" content=\"850\" \/>\n\t<meta property=\"og:image:height\" content=\"850\" \/>\n\t<meta property=\"og:image:type\" content=\"image\/jpeg\" \/>\n<meta name=\"twitter:card\" content=\"summary_large_image\" \/>\n<script type=\"application\/ld+json\" class=\"yoast-schema-graph\">{\"@context\":\"https:\/\/schema.org\",\"@graph\":[{\"@type\":\"WebPage\",\"@id\":\"https:\/\/tipu.ee\/de\/toode\/anti-smog-mix-samenmischung\/\",\"url\":\"https:\/\/tipu.ee\/de\/toode\/anti-smog-mix-samenmischung\/\",\"name\":\"Anti-Smog-Mix Samenmischung - TIPU\",\"isPartOf\":{\"@id\":\"https:\/\/tipu.ee\/#website\"},\"datePublished\":\"2024-02-14T23:57:33+00:00\",\"dateModified\":\"2024-02-14T23:57:33+00:00\",\"breadcrumb\":{\"@id\":\"https:\/\/tipu.ee\/de\/toode\/anti-smog-mix-samenmischung\/#breadcrumb\"},\"inLanguage\":\"de\",\"potentialAction\":[{\"@type\":\"ReadAction\",\"target\":[\"https:\/\/tipu.ee\/de\/toode\/anti-smog-mix-samenmischung\/\"]}]},{\"@type\":\"BreadcrumbList\",\"@id\":\"https:\/\/tipu.ee\/de\/toode\/anti-smog-mix-samenmischung\/#breadcrumb\",\"itemListElement\":[{\"@type\":\"ListItem\",\"position\":1,\"name\":\"Home\",\"item\":\"https:\/\/tipu.ee\/\"},{\"@type\":\"ListItem\",\"position\":2,\"name\":\"Shop\",\"item\":\"https:\/\/tipu.ee\/de\/shop\/\"},{\"@type\":\"ListItem\",\"position\":3,\"name\":\"Anti-Smog-Mix Samenmischung\"}]},{\"@type\":\"WebSite\",\"@id\":\"https:\/\/tipu.ee\/#website\",\"url\":\"https:\/\/tipu.ee\/\",\"name\":\"TIPU\",\"description\":\"\u00d6koloogilised \u00e4rikingitused\",\"publisher\":{\"@id\":\"https:\/\/tipu.ee\/#organization\"},\"potentialAction\":[{\"@type\":\"SearchAction\",\"target\":{\"@type\":\"EntryPoint\",\"urlTemplate\":\"https:\/\/tipu.ee\/?s={search_term_string}\"},\"query-input\":\"required name=search_term_string\"}],\"inLanguage\":\"de\"},{\"@type\":\"Organization\",\"@id\":\"https:\/\/tipu.ee\/#organization\",\"name\":\"TIPU\",\"url\":\"https:\/\/tipu.ee\/\",\"logo\":{\"@type\":\"ImageObject\",\"inLanguage\":\"de\",\"@id\":\"https:\/\/tipu.ee\/#\/schema\/logo\/image\/\",\"url\":\"https:\/\/tipu.ee\/wp-content\/uploads\/2024\/01\/tipulogo.png\",\"contentUrl\":\"https:\/\/tipu.ee\/wp-content\/uploads\/2024\/01\/tipulogo.png\",\"width\":205,\"height\":120,\"caption\":\"TIPU\"},\"image\":{\"@id\":\"https:\/\/tipu.ee\/#\/schema\/logo\/image\/\"}}]}<\/script>\n<!-- \/ Yoast SEO plugin. -->","yoast_head_json":{"title":"Anti-Smog-Mix Samenmischung - TIPU","robots":{"index":"index","follow":"follow","max-snippet":"max-snippet:-1","max-image-preview":"max-image-preview:large","max-video-preview":"max-video-preview:-1"},"canonical":"https:\/\/tipu.ee\/de\/toode\/anti-smog-mix-samenmischung\/","og_locale":"de_DE","og_type":"article","og_title":"Anti-Smog-Mix Samenmischung - TIPU","og_description":"M\u00f6chten Sie die Luftqualit\u00e4t in Ihrer Umgebung verbessern? Schenken Sie Ihren Kunden Samen von smogresistenten Pflanzen! Wir haben eine Mischung aus europ\u00e4ischen Blumenarten ausgew\u00e4hlt, die gef\u00e4hrliche Elemente aus der Luft filtern. K\u00fcmmern Sie sich um die Umwelt \u2013 einfach und nat\u00fcrlich. PERSONALISIERBAR: Verpackung mit Pflanzanleitung auf der R\u00fcckseite, Vollfarbdruck, wei\u00dfes \u00d6kopapier oder Kraftpapier Vollfarbetikett auf [&hellip;]","og_url":"https:\/\/tipu.ee\/de\/toode\/anti-smog-mix-samenmischung\/","og_site_name":"TIPU","og_image":[{"width":850,"height":850,"url":"http:\/\/tipu.ee\/wp-content\/uploads\/2024\/02\/850x850_antysmog-886x886-1.jpg","type":"image\/jpeg"}],"twitter_card":"summary_large_image","schema":{"@context":"https:\/\/schema.org","@graph":[{"@type":"WebPage","@id":"https:\/\/tipu.ee\/de\/toode\/anti-smog-mix-samenmischung\/","url":"https:\/\/tipu.ee\/de\/toode\/anti-smog-mix-samenmischung\/","name":"Anti-Smog-Mix Samenmischung - TIPU","isPartOf":{"@id":"https:\/\/tipu.ee\/#website"},"datePublished":"2024-02-14T23:57:33+00:00","dateModified":"2024-02-14T23:57:33+00:00","breadcrumb":{"@id":"https:\/\/tipu.ee\/de\/toode\/anti-smog-mix-samenmischung\/#breadcrumb"},"inLanguage":"de","potentialAction":[{"@type":"ReadAction","target":["https:\/\/tipu.ee\/de\/toode\/anti-smog-mix-samenmischung\/"]}]},{"@type":"BreadcrumbList","@id":"https:\/\/tipu.ee\/de\/toode\/anti-smog-mix-samenmischung\/#breadcrumb","itemListElement":[{"@type":"ListItem","position":1,"name":"Home","item":"https:\/\/tipu.ee\/"},{"@type":"ListItem","position":2,"name":"Shop","item":"https:\/\/tipu.ee\/de\/shop\/"},{"@type":"ListItem","position":3,"name":"Anti-Smog-Mix Samenmischung"}]},{"@type":"WebSite","@id":"https:\/\/tipu.ee\/#website","url":"https:\/\/tipu.ee\/","name":"TIPU","description":"\u00d6koloogilised \u00e4rikingitused","publisher":{"@id":"https:\/\/tipu.ee\/#organization"},"potentialAction":[{"@type":"SearchAction","target":{"@type":"EntryPoint","urlTemplate":"https:\/\/tipu.ee\/?s={search_term_string}"},"query-input":"required name=search_term_string"}],"inLanguage":"de"},{"@type":"Organization","@id":"https:\/\/tipu.ee\/#organization","name":"TIPU","url":"https:\/\/tipu.ee\/","logo":{"@type":"ImageObject","inLanguage":"de","@id":"https:\/\/tipu.ee\/#\/schema\/logo\/image\/","url":"https:\/\/tipu.ee\/wp-content\/uploads\/2024\/01\/tipulogo.png","contentUrl":"https:\/\/tipu.ee\/wp-content\/uploads\/2024\/01\/tipulogo.png","width":205,"height":120,"caption":"TIPU"},"image":{"@id":"https:\/\/tipu.ee\/#\/schema\/logo\/image\/"}}]}},"_links":{"self":[{"href":"https:\/\/tipu.ee\/de\/wp-json\/wp\/v2\/product\/967","targetHints":{"allow":["GET"]}}],"collection":[{"href":"https:\/\/tipu.ee\/de\/wp-json\/wp\/v2\/product"}],"about":[{"href":"https:\/\/tipu.ee\/de\/wp-json\/wp\/v2\/types\/product"}],"replies":[{"embeddable":true,"href":"https:\/\/tipu.ee\/de\/wp-json\/wp\/v2\/comments?post=967"}],"wp:featuredmedia":[{"embeddable":true,"href":"https:\/\/tipu.ee\/de\/wp-json\/wp\/v2\/media\/889"}],"wp:attachment":[{"href":"https:\/\/tipu.ee\/de\/wp-json\/wp\/v2\/media?parent=967"}],"wp:term":[{"taxonomy":"product_cat","embeddable":true,"href":"https:\/\/tipu.ee\/de\/wp-json\/wp\/v2\/product_cat?post=967"},{"taxonomy":"product_tag","embeddable":true,"href":"https:\/\/tipu.ee\/de\/wp-json\/wp\/v2\/product_tag?post=967"}],"curies":[{"name":"wp","href":"https:\/\/api.w.org\/{rel}","templated":true}]}}