{"id":966,"date":"2024-02-14T23:59:19","date_gmt":"2024-02-14T23:59:19","guid":{"rendered":"https:\/\/tipu.ee\/toode\/bleistift-mit-samen\/"},"modified":"2024-02-14T23:59:19","modified_gmt":"2024-02-14T23:59:19","slug":"bleistift-mit-samen","status":"publish","type":"product","link":"https:\/\/tipu.ee\/de\/toode\/bleistift-mit-samen\/","title":{"rendered":"Bleistift mit Samen"},"content":{"rendered":"<p>Das Ende dieses Bleistifts birgt eine \u00dcberraschung.<br \/>\nAnstelle eines Radiergummis befindet sich dort ein spezielles Gef\u00e4\u00df f\u00fcr Samen.<br \/>\nNach Gebrauch pflanzen Sie den Bleistift in die Erde und die Pflanzen beginnen zu wachsen.<\/p>\n<p>PERSONALISIERBAR:<\/p>\n<p>Gravur auf dem Bleistift, 7 x 70 mm<br \/>\nOptional:<br \/>\nVerpackung mit Pflanzanleitung auf der R\u00fcckseite. Beidseitiger Vollfarbdruck, wei\u00dfes \u00d6kopapier oder Kraftpapier<br \/>\nWEITERE ELEMENTE:<\/p>\n<p>Bleistift mit ausgew\u00e4hlten Samen<br \/>\nABMESSUNGEN:<br \/>\nBleistift: L: 190 mm<br \/>\nVerpackung: 55 x 210 mm [Breite x H\u00f6he]<\/p>\n","protected":false},"excerpt":{"rendered":"<p>Das Ende dieses Bleistifts birgt eine \u00dcberraschung. Anstelle eines Radiergummis befindet sich dort ein spezielles Gef\u00e4\u00df f\u00fcr Samen. Nach Gebrauch pflanzen Sie den Bleistift in die Erde und die Pflanzen beginnen zu wachsen. PERSONALISIERBAR: Gravur auf dem Bleistift, 7 x 70 mm Optional: Verpackung mit Pflanzanleitung auf der R\u00fcckseite. Beidseitiger Vollfarbdruck, wei\u00dfes \u00d6kopapier oder Kraftpapier [&hellip;]<\/p>\n","protected":false},"featured_media":890,"comment_status":"open","ping_status":"closed","template":"","meta":{"_acf_changed":false},"product_cat":[15],"product_tag":[],"class_list":{"0":"post-966","1":"product","2":"type-product","3":"status-publish","4":"has-post-thumbnail","6":"product_cat-kasvavad-kingitused","8":"first","9":"instock","10":"shipping-taxable","11":"product-type-simple"},"acf":[],"yoast_head":"<!-- This site is optimized with the Yoast SEO plugin v22.1 - https:\/\/yoast.com\/wordpress\/plugins\/seo\/ -->\n<title>Bleistift mit Samen - TIPU<\/title>\n<meta name=\"robots\" content=\"index, follow, max-snippet:-1, max-image-preview:large, max-video-preview:-1\" \/>\n<link rel=\"canonical\" href=\"https:\/\/tipu.ee\/de\/toode\/bleistift-mit-samen\/\" \/>\n<meta property=\"og:locale\" content=\"de_DE\" \/>\n<meta property=\"og:type\" content=\"article\" \/>\n<meta property=\"og:title\" content=\"Bleistift mit Samen - TIPU\" \/>\n<meta property=\"og:description\" content=\"Das Ende dieses Bleistifts birgt eine \u00dcberraschung. Anstelle eines Radiergummis befindet sich dort ein spezielles Gef\u00e4\u00df f\u00fcr Samen. Nach Gebrauch pflanzen Sie den Bleistift in die Erde und die Pflanzen beginnen zu wachsen. PERSONALISIERBAR: Gravur auf dem Bleistift, 7 x 70 mm Optional: Verpackung mit Pflanzanleitung auf der R\u00fcckseite. Beidseitiger Vollfarbdruck, wei\u00dfes \u00d6kopapier oder Kraftpapier [&hellip;]\" \/>\n<meta property=\"og:url\" content=\"https:\/\/tipu.ee\/de\/toode\/bleistift-mit-samen\/\" \/>\n<meta property=\"og:site_name\" content=\"TIPU\" \/>\n<meta property=\"og:image\" content=\"http:\/\/tipu.ee\/wp-content\/uploads\/2024\/02\/olowek__-886x886-1.jpg\" \/>\n\t<meta property=\"og:image:width\" content=\"850\" \/>\n\t<meta property=\"og:image:height\" content=\"850\" \/>\n\t<meta property=\"og:image:type\" content=\"image\/jpeg\" \/>\n<meta name=\"twitter:card\" content=\"summary_large_image\" \/>\n<script type=\"application\/ld+json\" class=\"yoast-schema-graph\">{\"@context\":\"https:\/\/schema.org\",\"@graph\":[{\"@type\":\"WebPage\",\"@id\":\"https:\/\/tipu.ee\/de\/toode\/bleistift-mit-samen\/\",\"url\":\"https:\/\/tipu.ee\/de\/toode\/bleistift-mit-samen\/\",\"name\":\"Bleistift mit Samen - TIPU\",\"isPartOf\":{\"@id\":\"https:\/\/tipu.ee\/#website\"},\"datePublished\":\"2024-02-14T23:59:19+00:00\",\"dateModified\":\"2024-02-14T23:59:19+00:00\",\"breadcrumb\":{\"@id\":\"https:\/\/tipu.ee\/de\/toode\/bleistift-mit-samen\/#breadcrumb\"},\"inLanguage\":\"de\",\"potentialAction\":[{\"@type\":\"ReadAction\",\"target\":[\"https:\/\/tipu.ee\/de\/toode\/bleistift-mit-samen\/\"]}]},{\"@type\":\"BreadcrumbList\",\"@id\":\"https:\/\/tipu.ee\/de\/toode\/bleistift-mit-samen\/#breadcrumb\",\"itemListElement\":[{\"@type\":\"ListItem\",\"position\":1,\"name\":\"Home\",\"item\":\"https:\/\/tipu.ee\/\"},{\"@type\":\"ListItem\",\"position\":2,\"name\":\"Shop\",\"item\":\"https:\/\/tipu.ee\/de\/shop\/\"},{\"@type\":\"ListItem\",\"position\":3,\"name\":\"Bleistift mit Samen\"}]},{\"@type\":\"WebSite\",\"@id\":\"https:\/\/tipu.ee\/#website\",\"url\":\"https:\/\/tipu.ee\/\",\"name\":\"TIPU\",\"description\":\"\u00d6koloogilised \u00e4rikingitused\",\"publisher\":{\"@id\":\"https:\/\/tipu.ee\/#organization\"},\"potentialAction\":[{\"@type\":\"SearchAction\",\"target\":{\"@type\":\"EntryPoint\",\"urlTemplate\":\"https:\/\/tipu.ee\/?s={search_term_string}\"},\"query-input\":\"required name=search_term_string\"}],\"inLanguage\":\"de\"},{\"@type\":\"Organization\",\"@id\":\"https:\/\/tipu.ee\/#organization\",\"name\":\"TIPU\",\"url\":\"https:\/\/tipu.ee\/\",\"logo\":{\"@type\":\"ImageObject\",\"inLanguage\":\"de\",\"@id\":\"https:\/\/tipu.ee\/#\/schema\/logo\/image\/\",\"url\":\"https:\/\/tipu.ee\/wp-content\/uploads\/2024\/01\/tipulogo.png\",\"contentUrl\":\"https:\/\/tipu.ee\/wp-content\/uploads\/2024\/01\/tipulogo.png\",\"width\":205,\"height\":120,\"caption\":\"TIPU\"},\"image\":{\"@id\":\"https:\/\/tipu.ee\/#\/schema\/logo\/image\/\"}}]}<\/script>\n<!-- \/ Yoast SEO plugin. -->","yoast_head_json":{"title":"Bleistift mit Samen - TIPU","robots":{"index":"index","follow":"follow","max-snippet":"max-snippet:-1","max-image-preview":"max-image-preview:large","max-video-preview":"max-video-preview:-1"},"canonical":"https:\/\/tipu.ee\/de\/toode\/bleistift-mit-samen\/","og_locale":"de_DE","og_type":"article","og_title":"Bleistift mit Samen - TIPU","og_description":"Das Ende dieses Bleistifts birgt eine \u00dcberraschung. Anstelle eines Radiergummis befindet sich dort ein spezielles Gef\u00e4\u00df f\u00fcr Samen. Nach Gebrauch pflanzen Sie den Bleistift in die Erde und die Pflanzen beginnen zu wachsen. PERSONALISIERBAR: Gravur auf dem Bleistift, 7 x 70 mm Optional: Verpackung mit Pflanzanleitung auf der R\u00fcckseite. Beidseitiger Vollfarbdruck, wei\u00dfes \u00d6kopapier oder Kraftpapier [&hellip;]","og_url":"https:\/\/tipu.ee\/de\/toode\/bleistift-mit-samen\/","og_site_name":"TIPU","og_image":[{"width":850,"height":850,"url":"http:\/\/tipu.ee\/wp-content\/uploads\/2024\/02\/olowek__-886x886-1.jpg","type":"image\/jpeg"}],"twitter_card":"summary_large_image","schema":{"@context":"https:\/\/schema.org","@graph":[{"@type":"WebPage","@id":"https:\/\/tipu.ee\/de\/toode\/bleistift-mit-samen\/","url":"https:\/\/tipu.ee\/de\/toode\/bleistift-mit-samen\/","name":"Bleistift mit Samen - TIPU","isPartOf":{"@id":"https:\/\/tipu.ee\/#website"},"datePublished":"2024-02-14T23:59:19+00:00","dateModified":"2024-02-14T23:59:19+00:00","breadcrumb":{"@id":"https:\/\/tipu.ee\/de\/toode\/bleistift-mit-samen\/#breadcrumb"},"inLanguage":"de","potentialAction":[{"@type":"ReadAction","target":["https:\/\/tipu.ee\/de\/toode\/bleistift-mit-samen\/"]}]},{"@type":"BreadcrumbList","@id":"https:\/\/tipu.ee\/de\/toode\/bleistift-mit-samen\/#breadcrumb","itemListElement":[{"@type":"ListItem","position":1,"name":"Home","item":"https:\/\/tipu.ee\/"},{"@type":"ListItem","position":2,"name":"Shop","item":"https:\/\/tipu.ee\/de\/shop\/"},{"@type":"ListItem","position":3,"name":"Bleistift mit Samen"}]},{"@type":"WebSite","@id":"https:\/\/tipu.ee\/#website","url":"https:\/\/tipu.ee\/","name":"TIPU","description":"\u00d6koloogilised \u00e4rikingitused","publisher":{"@id":"https:\/\/tipu.ee\/#organization"},"potentialAction":[{"@type":"SearchAction","target":{"@type":"EntryPoint","urlTemplate":"https:\/\/tipu.ee\/?s={search_term_string}"},"query-input":"required name=search_term_string"}],"inLanguage":"de"},{"@type":"Organization","@id":"https:\/\/tipu.ee\/#organization","name":"TIPU","url":"https:\/\/tipu.ee\/","logo":{"@type":"ImageObject","inLanguage":"de","@id":"https:\/\/tipu.ee\/#\/schema\/logo\/image\/","url":"https:\/\/tipu.ee\/wp-content\/uploads\/2024\/01\/tipulogo.png","contentUrl":"https:\/\/tipu.ee\/wp-content\/uploads\/2024\/01\/tipulogo.png","width":205,"height":120,"caption":"TIPU"},"image":{"@id":"https:\/\/tipu.ee\/#\/schema\/logo\/image\/"}}]}},"_links":{"self":[{"href":"https:\/\/tipu.ee\/de\/wp-json\/wp\/v2\/product\/966","targetHints":{"allow":["GET"]}}],"collection":[{"href":"https:\/\/tipu.ee\/de\/wp-json\/wp\/v2\/product"}],"about":[{"href":"https:\/\/tipu.ee\/de\/wp-json\/wp\/v2\/types\/product"}],"replies":[{"embeddable":true,"href":"https:\/\/tipu.ee\/de\/wp-json\/wp\/v2\/comments?post=966"}],"wp:featuredmedia":[{"embeddable":true,"href":"https:\/\/tipu.ee\/de\/wp-json\/wp\/v2\/media\/890"}],"wp:attachment":[{"href":"https:\/\/tipu.ee\/de\/wp-json\/wp\/v2\/media?parent=966"}],"wp:term":[{"taxonomy":"product_cat","embeddable":true,"href":"https:\/\/tipu.ee\/de\/wp-json\/wp\/v2\/product_cat?post=966"},{"taxonomy":"product_tag","embeddable":true,"href":"https:\/\/tipu.ee\/de\/wp-json\/wp\/v2\/product_tag?post=966"}],"curies":[{"name":"wp","href":"https:\/\/api.w.org\/{rel}","templated":true}]}}