{"id":964,"date":"2024-02-15T00:01:57","date_gmt":"2024-02-15T00:01:57","guid":{"rendered":"https:\/\/tipu.ee\/toode\/werbedruck-mit-samen\/"},"modified":"2024-02-15T00:01:57","modified_gmt":"2024-02-15T00:01:57","slug":"werbedruck-mit-samen","status":"publish","type":"product","link":"https:\/\/tipu.ee\/de\/toode\/werbedruck-mit-samen\/","title":{"rendered":"Werbedruck mit Samen"},"content":{"rendered":"<p>Eine einfache M\u00f6glichkeit zu werben \u2013 ein Druckerzeugnis mit von Ihnen ausgew\u00e4hlten Pflanzensamen. Eine kleine Geste, die viel aussagt!<\/p>\n<p>PERSONALISIERBAR:<\/p>\n<p>Umschlag mit beidseitigem Vollfarbdruck, wei\u00dfes \u00d6kopapier oder Kraftpapier<br \/>\nVollfarbetikett<br \/>\nMinipackung \u00d8: 35 mm<br \/>\nMini-Umschlag \u00d8: 45 mm<\/p>\n<p>Optional:<\/p>\n<p>Direktdruck auf den Umschlag ab 1000 St\u00fcck m\u00f6glich<br \/>\nWEITERE ELEMENTE:<\/p>\n<p>ausgew\u00e4hlte Samen der Pflanze<br \/>\nMinipackung oder Mini-Umschlag<br \/>\nABMESSUNGEN:<br \/>\nauf dem Bild: A4 gefaltet zu A5, verschiedene Formate verf\u00fcgbar<\/p>\n","protected":false},"excerpt":{"rendered":"<p>Eine einfache M\u00f6glichkeit zu werben \u2013 ein Druckerzeugnis mit von Ihnen ausgew\u00e4hlten Pflanzensamen. Eine kleine Geste, die viel aussagt! PERSONALISIERBAR: Umschlag mit beidseitigem Vollfarbdruck, wei\u00dfes \u00d6kopapier oder Kraftpapier Vollfarbetikett Minipackung \u00d8: 35 mm Mini-Umschlag \u00d8: 45 mm Optional: Direktdruck auf den Umschlag ab 1000 St\u00fcck m\u00f6glich WEITERE ELEMENTE: ausgew\u00e4hlte Samen der Pflanze Minipackung oder Mini-Umschlag [&hellip;]<\/p>\n","protected":false},"featured_media":895,"comment_status":"open","ping_status":"closed","template":"","meta":{"_acf_changed":false},"product_cat":[15],"product_tag":[],"class_list":{"0":"post-964","1":"product","2":"type-product","3":"status-publish","4":"has-post-thumbnail","6":"product_cat-kasvavad-kingitused","8":"first","9":"instock","10":"shipping-taxable","11":"product-type-simple"},"acf":[],"yoast_head":"<!-- This site is optimized with the Yoast SEO plugin v22.1 - https:\/\/yoast.com\/wordpress\/plugins\/seo\/ -->\n<title>Werbedruck mit Samen - TIPU<\/title>\n<meta name=\"robots\" content=\"index, follow, max-snippet:-1, max-image-preview:large, max-video-preview:-1\" \/>\n<link rel=\"canonical\" href=\"https:\/\/tipu.ee\/de\/toode\/werbedruck-mit-samen\/\" \/>\n<meta property=\"og:locale\" content=\"de_DE\" \/>\n<meta property=\"og:type\" content=\"article\" \/>\n<meta property=\"og:title\" content=\"Werbedruck mit Samen - TIPU\" \/>\n<meta property=\"og:description\" content=\"Eine einfache M\u00f6glichkeit zu werben \u2013 ein Druckerzeugnis mit von Ihnen ausgew\u00e4hlten Pflanzensamen. Eine kleine Geste, die viel aussagt! PERSONALISIERBAR: Umschlag mit beidseitigem Vollfarbdruck, wei\u00dfes \u00d6kopapier oder Kraftpapier Vollfarbetikett Minipackung \u00d8: 35 mm Mini-Umschlag \u00d8: 45 mm Optional: Direktdruck auf den Umschlag ab 1000 St\u00fcck m\u00f6glich WEITERE ELEMENTE: ausgew\u00e4hlte Samen der Pflanze Minipackung oder Mini-Umschlag [&hellip;]\" \/>\n<meta property=\"og:url\" content=\"https:\/\/tipu.ee\/de\/toode\/werbedruck-mit-samen\/\" \/>\n<meta property=\"og:site_name\" content=\"TIPU\" \/>\n<meta property=\"og:image\" content=\"http:\/\/tipu.ee\/wp-content\/uploads\/2024\/02\/Folder_nasiona-886x886-1.jpg\" \/>\n\t<meta property=\"og:image:width\" content=\"850\" \/>\n\t<meta property=\"og:image:height\" content=\"850\" \/>\n\t<meta property=\"og:image:type\" content=\"image\/jpeg\" \/>\n<meta name=\"twitter:card\" content=\"summary_large_image\" \/>\n<script type=\"application\/ld+json\" class=\"yoast-schema-graph\">{\"@context\":\"https:\/\/schema.org\",\"@graph\":[{\"@type\":\"WebPage\",\"@id\":\"https:\/\/tipu.ee\/de\/toode\/werbedruck-mit-samen\/\",\"url\":\"https:\/\/tipu.ee\/de\/toode\/werbedruck-mit-samen\/\",\"name\":\"Werbedruck mit Samen - TIPU\",\"isPartOf\":{\"@id\":\"https:\/\/tipu.ee\/#website\"},\"datePublished\":\"2024-02-15T00:01:57+00:00\",\"dateModified\":\"2024-02-15T00:01:57+00:00\",\"breadcrumb\":{\"@id\":\"https:\/\/tipu.ee\/de\/toode\/werbedruck-mit-samen\/#breadcrumb\"},\"inLanguage\":\"de\",\"potentialAction\":[{\"@type\":\"ReadAction\",\"target\":[\"https:\/\/tipu.ee\/de\/toode\/werbedruck-mit-samen\/\"]}]},{\"@type\":\"BreadcrumbList\",\"@id\":\"https:\/\/tipu.ee\/de\/toode\/werbedruck-mit-samen\/#breadcrumb\",\"itemListElement\":[{\"@type\":\"ListItem\",\"position\":1,\"name\":\"Home\",\"item\":\"https:\/\/tipu.ee\/\"},{\"@type\":\"ListItem\",\"position\":2,\"name\":\"Shop\",\"item\":\"https:\/\/tipu.ee\/de\/shop\/\"},{\"@type\":\"ListItem\",\"position\":3,\"name\":\"Werbedruck mit Samen\"}]},{\"@type\":\"WebSite\",\"@id\":\"https:\/\/tipu.ee\/#website\",\"url\":\"https:\/\/tipu.ee\/\",\"name\":\"TIPU\",\"description\":\"\u00d6koloogilised \u00e4rikingitused\",\"publisher\":{\"@id\":\"https:\/\/tipu.ee\/#organization\"},\"potentialAction\":[{\"@type\":\"SearchAction\",\"target\":{\"@type\":\"EntryPoint\",\"urlTemplate\":\"https:\/\/tipu.ee\/?s={search_term_string}\"},\"query-input\":\"required name=search_term_string\"}],\"inLanguage\":\"de\"},{\"@type\":\"Organization\",\"@id\":\"https:\/\/tipu.ee\/#organization\",\"name\":\"TIPU\",\"url\":\"https:\/\/tipu.ee\/\",\"logo\":{\"@type\":\"ImageObject\",\"inLanguage\":\"de\",\"@id\":\"https:\/\/tipu.ee\/#\/schema\/logo\/image\/\",\"url\":\"https:\/\/tipu.ee\/wp-content\/uploads\/2024\/01\/tipulogo.png\",\"contentUrl\":\"https:\/\/tipu.ee\/wp-content\/uploads\/2024\/01\/tipulogo.png\",\"width\":205,\"height\":120,\"caption\":\"TIPU\"},\"image\":{\"@id\":\"https:\/\/tipu.ee\/#\/schema\/logo\/image\/\"}}]}<\/script>\n<!-- \/ Yoast SEO plugin. -->","yoast_head_json":{"title":"Werbedruck mit Samen - TIPU","robots":{"index":"index","follow":"follow","max-snippet":"max-snippet:-1","max-image-preview":"max-image-preview:large","max-video-preview":"max-video-preview:-1"},"canonical":"https:\/\/tipu.ee\/de\/toode\/werbedruck-mit-samen\/","og_locale":"de_DE","og_type":"article","og_title":"Werbedruck mit Samen - TIPU","og_description":"Eine einfache M\u00f6glichkeit zu werben \u2013 ein Druckerzeugnis mit von Ihnen ausgew\u00e4hlten Pflanzensamen. Eine kleine Geste, die viel aussagt! PERSONALISIERBAR: Umschlag mit beidseitigem Vollfarbdruck, wei\u00dfes \u00d6kopapier oder Kraftpapier Vollfarbetikett Minipackung \u00d8: 35 mm Mini-Umschlag \u00d8: 45 mm Optional: Direktdruck auf den Umschlag ab 1000 St\u00fcck m\u00f6glich WEITERE ELEMENTE: ausgew\u00e4hlte Samen der Pflanze Minipackung oder Mini-Umschlag [&hellip;]","og_url":"https:\/\/tipu.ee\/de\/toode\/werbedruck-mit-samen\/","og_site_name":"TIPU","og_image":[{"width":850,"height":850,"url":"http:\/\/tipu.ee\/wp-content\/uploads\/2024\/02\/Folder_nasiona-886x886-1.jpg","type":"image\/jpeg"}],"twitter_card":"summary_large_image","schema":{"@context":"https:\/\/schema.org","@graph":[{"@type":"WebPage","@id":"https:\/\/tipu.ee\/de\/toode\/werbedruck-mit-samen\/","url":"https:\/\/tipu.ee\/de\/toode\/werbedruck-mit-samen\/","name":"Werbedruck mit Samen - TIPU","isPartOf":{"@id":"https:\/\/tipu.ee\/#website"},"datePublished":"2024-02-15T00:01:57+00:00","dateModified":"2024-02-15T00:01:57+00:00","breadcrumb":{"@id":"https:\/\/tipu.ee\/de\/toode\/werbedruck-mit-samen\/#breadcrumb"},"inLanguage":"de","potentialAction":[{"@type":"ReadAction","target":["https:\/\/tipu.ee\/de\/toode\/werbedruck-mit-samen\/"]}]},{"@type":"BreadcrumbList","@id":"https:\/\/tipu.ee\/de\/toode\/werbedruck-mit-samen\/#breadcrumb","itemListElement":[{"@type":"ListItem","position":1,"name":"Home","item":"https:\/\/tipu.ee\/"},{"@type":"ListItem","position":2,"name":"Shop","item":"https:\/\/tipu.ee\/de\/shop\/"},{"@type":"ListItem","position":3,"name":"Werbedruck mit Samen"}]},{"@type":"WebSite","@id":"https:\/\/tipu.ee\/#website","url":"https:\/\/tipu.ee\/","name":"TIPU","description":"\u00d6koloogilised \u00e4rikingitused","publisher":{"@id":"https:\/\/tipu.ee\/#organization"},"potentialAction":[{"@type":"SearchAction","target":{"@type":"EntryPoint","urlTemplate":"https:\/\/tipu.ee\/?s={search_term_string}"},"query-input":"required name=search_term_string"}],"inLanguage":"de"},{"@type":"Organization","@id":"https:\/\/tipu.ee\/#organization","name":"TIPU","url":"https:\/\/tipu.ee\/","logo":{"@type":"ImageObject","inLanguage":"de","@id":"https:\/\/tipu.ee\/#\/schema\/logo\/image\/","url":"https:\/\/tipu.ee\/wp-content\/uploads\/2024\/01\/tipulogo.png","contentUrl":"https:\/\/tipu.ee\/wp-content\/uploads\/2024\/01\/tipulogo.png","width":205,"height":120,"caption":"TIPU"},"image":{"@id":"https:\/\/tipu.ee\/#\/schema\/logo\/image\/"}}]}},"_links":{"self":[{"href":"https:\/\/tipu.ee\/de\/wp-json\/wp\/v2\/product\/964","targetHints":{"allow":["GET"]}}],"collection":[{"href":"https:\/\/tipu.ee\/de\/wp-json\/wp\/v2\/product"}],"about":[{"href":"https:\/\/tipu.ee\/de\/wp-json\/wp\/v2\/types\/product"}],"replies":[{"embeddable":true,"href":"https:\/\/tipu.ee\/de\/wp-json\/wp\/v2\/comments?post=964"}],"wp:featuredmedia":[{"embeddable":true,"href":"https:\/\/tipu.ee\/de\/wp-json\/wp\/v2\/media\/895"}],"wp:attachment":[{"href":"https:\/\/tipu.ee\/de\/wp-json\/wp\/v2\/media?parent=964"}],"wp:term":[{"taxonomy":"product_cat","embeddable":true,"href":"https:\/\/tipu.ee\/de\/wp-json\/wp\/v2\/product_cat?post=964"},{"taxonomy":"product_tag","embeddable":true,"href":"https:\/\/tipu.ee\/de\/wp-json\/wp\/v2\/product_tag?post=964"}],"curies":[{"name":"wp","href":"https:\/\/api.w.org\/{rel}","templated":true}]}}