{"id":963,"date":"2024-02-15T00:12:36","date_gmt":"2024-02-15T00:12:36","guid":{"rendered":"https:\/\/tipu.ee\/toode\/natuerliches-lesezeichen\/"},"modified":"2024-02-15T00:12:36","modified_gmt":"2024-02-15T00:12:36","slug":"natuerliches-lesezeichen","status":"publish","type":"product","link":"https:\/\/tipu.ee\/de\/toode\/natuerliches-lesezeichen\/","title":{"rendered":"Nat\u00fcrliches Lesezeichen"},"content":{"rendered":"<p>Traditionelles Lesezeichen, an dem ein Umschlag mit Samen Ihrer gew\u00e4hlten Pflanzen befestigt ist.<\/p>\n<ul>\n<li>Auf der R\u00fcckseite des Lesezeichens sind Pflanzanleitungen gedruckt, beidseitiger Vollfarbdruck, wei\u00dfes \u00d6kopapier oder Kraftpapier<\/li>\n<li>Vollfarbdrucketikett, wei\u00dfes \u00d6kopapier oder Kraftpapier<\/li>\n<li>Umschlag mit ausgew\u00e4hlten Pflanzensamen, wei\u00dfes \u00d6kopapier oder Kraftpapier<\/li>\n<\/ul>\n<p>Ma\u00dfe: 50 x 180 mm [Breite x H\u00f6he]<\/p>\n","protected":false},"excerpt":{"rendered":"<p>Traditionelles Lesezeichen, an dem ein Umschlag mit Samen Ihrer gew\u00e4hlten Pflanzen befestigt ist. Auf der R\u00fcckseite des Lesezeichens sind Pflanzanleitungen gedruckt, beidseitiger Vollfarbdruck, wei\u00dfes \u00d6kopapier oder Kraftpapier Vollfarbdrucketikett, wei\u00dfes \u00d6kopapier oder Kraftpapier Umschlag mit ausgew\u00e4hlten Pflanzensamen, wei\u00dfes \u00d6kopapier oder Kraftpapier Ma\u00dfe: 50 x 180 mm [Breite x H\u00f6he]<\/p>\n","protected":false},"featured_media":897,"comment_status":"open","ping_status":"closed","template":"","meta":{"_acf_changed":false},"product_cat":[15],"product_tag":[],"class_list":{"0":"post-963","1":"product","2":"type-product","3":"status-publish","4":"has-post-thumbnail","6":"product_cat-kasvavad-kingitused","8":"first","9":"instock","10":"shipping-taxable","11":"product-type-simple"},"acf":[],"yoast_head":"<!-- This site is optimized with the Yoast SEO plugin v22.1 - https:\/\/yoast.com\/wordpress\/plugins\/seo\/ -->\n<title>Nat\u00fcrliches Lesezeichen - TIPU<\/title>\n<meta name=\"robots\" content=\"index, follow, max-snippet:-1, max-image-preview:large, max-video-preview:-1\" \/>\n<link rel=\"canonical\" href=\"https:\/\/tipu.ee\/de\/toode\/natuerliches-lesezeichen\/\" \/>\n<meta property=\"og:locale\" content=\"de_DE\" \/>\n<meta property=\"og:type\" content=\"article\" \/>\n<meta property=\"og:title\" content=\"Nat\u00fcrliches Lesezeichen - TIPU\" \/>\n<meta property=\"og:description\" content=\"Traditionelles Lesezeichen, an dem ein Umschlag mit Samen Ihrer gew\u00e4hlten Pflanzen befestigt ist. Auf der R\u00fcckseite des Lesezeichens sind Pflanzanleitungen gedruckt, beidseitiger Vollfarbdruck, wei\u00dfes \u00d6kopapier oder Kraftpapier Vollfarbdrucketikett, wei\u00dfes \u00d6kopapier oder Kraftpapier Umschlag mit ausgew\u00e4hlten Pflanzensamen, wei\u00dfes \u00d6kopapier oder Kraftpapier Ma\u00dfe: 50 x 180 mm [Breite x H\u00f6he]\" \/>\n<meta property=\"og:url\" content=\"https:\/\/tipu.ee\/de\/toode\/natuerliches-lesezeichen\/\" \/>\n<meta property=\"og:site_name\" content=\"TIPU\" \/>\n<meta property=\"og:image\" content=\"http:\/\/tipu.ee\/wp-content\/uploads\/2024\/02\/850x850_zakladka02-886x886-1.jpg\" \/>\n\t<meta property=\"og:image:width\" content=\"850\" \/>\n\t<meta property=\"og:image:height\" content=\"850\" \/>\n\t<meta property=\"og:image:type\" content=\"image\/jpeg\" \/>\n<meta name=\"twitter:card\" content=\"summary_large_image\" \/>\n<script type=\"application\/ld+json\" class=\"yoast-schema-graph\">{\"@context\":\"https:\/\/schema.org\",\"@graph\":[{\"@type\":\"WebPage\",\"@id\":\"https:\/\/tipu.ee\/de\/toode\/natuerliches-lesezeichen\/\",\"url\":\"https:\/\/tipu.ee\/de\/toode\/natuerliches-lesezeichen\/\",\"name\":\"Nat\u00fcrliches Lesezeichen - TIPU\",\"isPartOf\":{\"@id\":\"https:\/\/tipu.ee\/#website\"},\"datePublished\":\"2024-02-15T00:12:36+00:00\",\"dateModified\":\"2024-02-15T00:12:36+00:00\",\"breadcrumb\":{\"@id\":\"https:\/\/tipu.ee\/de\/toode\/natuerliches-lesezeichen\/#breadcrumb\"},\"inLanguage\":\"de\",\"potentialAction\":[{\"@type\":\"ReadAction\",\"target\":[\"https:\/\/tipu.ee\/de\/toode\/natuerliches-lesezeichen\/\"]}]},{\"@type\":\"BreadcrumbList\",\"@id\":\"https:\/\/tipu.ee\/de\/toode\/natuerliches-lesezeichen\/#breadcrumb\",\"itemListElement\":[{\"@type\":\"ListItem\",\"position\":1,\"name\":\"Home\",\"item\":\"https:\/\/tipu.ee\/\"},{\"@type\":\"ListItem\",\"position\":2,\"name\":\"Shop\",\"item\":\"https:\/\/tipu.ee\/de\/shop\/\"},{\"@type\":\"ListItem\",\"position\":3,\"name\":\"Nat\u00fcrliches Lesezeichen\"}]},{\"@type\":\"WebSite\",\"@id\":\"https:\/\/tipu.ee\/#website\",\"url\":\"https:\/\/tipu.ee\/\",\"name\":\"TIPU\",\"description\":\"\u00d6koloogilised \u00e4rikingitused\",\"publisher\":{\"@id\":\"https:\/\/tipu.ee\/#organization\"},\"potentialAction\":[{\"@type\":\"SearchAction\",\"target\":{\"@type\":\"EntryPoint\",\"urlTemplate\":\"https:\/\/tipu.ee\/?s={search_term_string}\"},\"query-input\":\"required name=search_term_string\"}],\"inLanguage\":\"de\"},{\"@type\":\"Organization\",\"@id\":\"https:\/\/tipu.ee\/#organization\",\"name\":\"TIPU\",\"url\":\"https:\/\/tipu.ee\/\",\"logo\":{\"@type\":\"ImageObject\",\"inLanguage\":\"de\",\"@id\":\"https:\/\/tipu.ee\/#\/schema\/logo\/image\/\",\"url\":\"https:\/\/tipu.ee\/wp-content\/uploads\/2024\/01\/tipulogo.png\",\"contentUrl\":\"https:\/\/tipu.ee\/wp-content\/uploads\/2024\/01\/tipulogo.png\",\"width\":205,\"height\":120,\"caption\":\"TIPU\"},\"image\":{\"@id\":\"https:\/\/tipu.ee\/#\/schema\/logo\/image\/\"}}]}<\/script>\n<!-- \/ Yoast SEO plugin. -->","yoast_head_json":{"title":"Nat\u00fcrliches Lesezeichen - TIPU","robots":{"index":"index","follow":"follow","max-snippet":"max-snippet:-1","max-image-preview":"max-image-preview:large","max-video-preview":"max-video-preview:-1"},"canonical":"https:\/\/tipu.ee\/de\/toode\/natuerliches-lesezeichen\/","og_locale":"de_DE","og_type":"article","og_title":"Nat\u00fcrliches Lesezeichen - TIPU","og_description":"Traditionelles Lesezeichen, an dem ein Umschlag mit Samen Ihrer gew\u00e4hlten Pflanzen befestigt ist. Auf der R\u00fcckseite des Lesezeichens sind Pflanzanleitungen gedruckt, beidseitiger Vollfarbdruck, wei\u00dfes \u00d6kopapier oder Kraftpapier Vollfarbdrucketikett, wei\u00dfes \u00d6kopapier oder Kraftpapier Umschlag mit ausgew\u00e4hlten Pflanzensamen, wei\u00dfes \u00d6kopapier oder Kraftpapier Ma\u00dfe: 50 x 180 mm [Breite x H\u00f6he]","og_url":"https:\/\/tipu.ee\/de\/toode\/natuerliches-lesezeichen\/","og_site_name":"TIPU","og_image":[{"width":850,"height":850,"url":"http:\/\/tipu.ee\/wp-content\/uploads\/2024\/02\/850x850_zakladka02-886x886-1.jpg","type":"image\/jpeg"}],"twitter_card":"summary_large_image","schema":{"@context":"https:\/\/schema.org","@graph":[{"@type":"WebPage","@id":"https:\/\/tipu.ee\/de\/toode\/natuerliches-lesezeichen\/","url":"https:\/\/tipu.ee\/de\/toode\/natuerliches-lesezeichen\/","name":"Nat\u00fcrliches Lesezeichen - TIPU","isPartOf":{"@id":"https:\/\/tipu.ee\/#website"},"datePublished":"2024-02-15T00:12:36+00:00","dateModified":"2024-02-15T00:12:36+00:00","breadcrumb":{"@id":"https:\/\/tipu.ee\/de\/toode\/natuerliches-lesezeichen\/#breadcrumb"},"inLanguage":"de","potentialAction":[{"@type":"ReadAction","target":["https:\/\/tipu.ee\/de\/toode\/natuerliches-lesezeichen\/"]}]},{"@type":"BreadcrumbList","@id":"https:\/\/tipu.ee\/de\/toode\/natuerliches-lesezeichen\/#breadcrumb","itemListElement":[{"@type":"ListItem","position":1,"name":"Home","item":"https:\/\/tipu.ee\/"},{"@type":"ListItem","position":2,"name":"Shop","item":"https:\/\/tipu.ee\/de\/shop\/"},{"@type":"ListItem","position":3,"name":"Nat\u00fcrliches Lesezeichen"}]},{"@type":"WebSite","@id":"https:\/\/tipu.ee\/#website","url":"https:\/\/tipu.ee\/","name":"TIPU","description":"\u00d6koloogilised \u00e4rikingitused","publisher":{"@id":"https:\/\/tipu.ee\/#organization"},"potentialAction":[{"@type":"SearchAction","target":{"@type":"EntryPoint","urlTemplate":"https:\/\/tipu.ee\/?s={search_term_string}"},"query-input":"required name=search_term_string"}],"inLanguage":"de"},{"@type":"Organization","@id":"https:\/\/tipu.ee\/#organization","name":"TIPU","url":"https:\/\/tipu.ee\/","logo":{"@type":"ImageObject","inLanguage":"de","@id":"https:\/\/tipu.ee\/#\/schema\/logo\/image\/","url":"https:\/\/tipu.ee\/wp-content\/uploads\/2024\/01\/tipulogo.png","contentUrl":"https:\/\/tipu.ee\/wp-content\/uploads\/2024\/01\/tipulogo.png","width":205,"height":120,"caption":"TIPU"},"image":{"@id":"https:\/\/tipu.ee\/#\/schema\/logo\/image\/"}}]}},"_links":{"self":[{"href":"https:\/\/tipu.ee\/de\/wp-json\/wp\/v2\/product\/963","targetHints":{"allow":["GET"]}}],"collection":[{"href":"https:\/\/tipu.ee\/de\/wp-json\/wp\/v2\/product"}],"about":[{"href":"https:\/\/tipu.ee\/de\/wp-json\/wp\/v2\/types\/product"}],"replies":[{"embeddable":true,"href":"https:\/\/tipu.ee\/de\/wp-json\/wp\/v2\/comments?post=963"}],"wp:featuredmedia":[{"embeddable":true,"href":"https:\/\/tipu.ee\/de\/wp-json\/wp\/v2\/media\/897"}],"wp:attachment":[{"href":"https:\/\/tipu.ee\/de\/wp-json\/wp\/v2\/media?parent=963"}],"wp:term":[{"taxonomy":"product_cat","embeddable":true,"href":"https:\/\/tipu.ee\/de\/wp-json\/wp\/v2\/product_cat?post=963"},{"taxonomy":"product_tag","embeddable":true,"href":"https:\/\/tipu.ee\/de\/wp-json\/wp\/v2\/product_tag?post=963"}],"curies":[{"name":"wp","href":"https:\/\/api.w.org\/{rel}","templated":true}]}}