{"id":962,"date":"2024-02-15T00:41:08","date_gmt":"2024-02-15T00:41:08","guid":{"rendered":"https:\/\/tipu.ee\/toode\/blumenstrauss-im-roehrchen\/"},"modified":"2024-02-15T00:41:08","modified_gmt":"2024-02-15T00:41:08","slug":"blumenstrauss-im-roehrchen","status":"publish","type":"product","link":"https:\/\/tipu.ee\/de\/toode\/blumenstrauss-im-roehrchen\/","title":{"rendered":"Blumenstrau\u00df im R\u00f6hrchen"},"content":{"rendered":"<p>W\u00e4hlen Sie statt Schnittblumen einen Strau\u00df im R\u00f6hrchen! Ein elegantes, umweltfreundliches Gesch\u00e4ftsgeschenk. Das Glasr\u00f6hrchen mit nat\u00fcrlichem Korken verschlossen, enth\u00e4lt von Ihnen ausgew\u00e4hlte Samen und Erde, die das Wachstum der Pflanzen f\u00f6rdern. Gie\u00dfen Sie den Inhalt des R\u00f6hrchens in einen Topf oder direkt in die Erde und f\u00fcgen Sie Wasser hinzu, und die Blumen beginnen zu wachsen.<\/p>\n<ul>\n<li>Kartonverpackung mit Pflanzanleitung auf der R\u00fcckseite, beidseitiger Vollfarbdruck, wei\u00dfes \u00d6kopapier oder Kraftpapier<\/li>\n<li>ausgew\u00e4hlte Pflanzensamen und Erde<\/li>\n<li>Glasr\u00f6hrchen mit Korken<\/li>\n<\/ul>\n<p>R\u00fcckseite: 55 x 130 mm [Breite x H\u00f6he]<\/p>\n<p>R\u00f6hrchen: \u00d8: 22 mm, H\u00f6he: 80 mm<\/p>\n","protected":false},"excerpt":{"rendered":"<p>W\u00e4hlen Sie statt Schnittblumen einen Strau\u00df im R\u00f6hrchen! Ein elegantes, umweltfreundliches Gesch\u00e4ftsgeschenk. Das Glasr\u00f6hrchen mit nat\u00fcrlichem Korken verschlossen, enth\u00e4lt von Ihnen ausgew\u00e4hlte Samen und Erde, die das Wachstum der Pflanzen f\u00f6rdern. Gie\u00dfen Sie den Inhalt des R\u00f6hrchens in einen Topf oder direkt in die Erde und f\u00fcgen Sie Wasser hinzu, und die Blumen beginnen zu [&hellip;]<\/p>\n","protected":false},"featured_media":900,"comment_status":"open","ping_status":"closed","template":"","meta":{"_acf_changed":false},"product_cat":[15],"product_tag":[],"class_list":{"0":"post-962","1":"product","2":"type-product","3":"status-publish","4":"has-post-thumbnail","6":"product_cat-kasvavad-kingitused","8":"first","9":"instock","10":"shipping-taxable","11":"product-type-simple"},"acf":[],"yoast_head":"<!-- This site is optimized with the Yoast SEO plugin v22.1 - https:\/\/yoast.com\/wordpress\/plugins\/seo\/ -->\n<title>Blumenstrau\u00df im R\u00f6hrchen - TIPU<\/title>\n<meta name=\"robots\" content=\"index, follow, max-snippet:-1, max-image-preview:large, max-video-preview:-1\" \/>\n<link rel=\"canonical\" href=\"https:\/\/tipu.ee\/de\/toode\/blumenstrauss-im-roehrchen\/\" \/>\n<meta property=\"og:locale\" content=\"de_DE\" \/>\n<meta property=\"og:type\" content=\"article\" \/>\n<meta property=\"og:title\" content=\"Blumenstrau\u00df im R\u00f6hrchen - TIPU\" \/>\n<meta property=\"og:description\" content=\"W\u00e4hlen Sie statt Schnittblumen einen Strau\u00df im R\u00f6hrchen! Ein elegantes, umweltfreundliches Gesch\u00e4ftsgeschenk. Das Glasr\u00f6hrchen mit nat\u00fcrlichem Korken verschlossen, enth\u00e4lt von Ihnen ausgew\u00e4hlte Samen und Erde, die das Wachstum der Pflanzen f\u00f6rdern. Gie\u00dfen Sie den Inhalt des R\u00f6hrchens in einen Topf oder direkt in die Erde und f\u00fcgen Sie Wasser hinzu, und die Blumen beginnen zu [&hellip;]\" \/>\n<meta property=\"og:url\" content=\"https:\/\/tipu.ee\/de\/toode\/blumenstrauss-im-roehrchen\/\" \/>\n<meta property=\"og:site_name\" content=\"TIPU\" \/>\n<meta property=\"og:image\" content=\"http:\/\/tipu.ee\/wp-content\/uploads\/2024\/02\/fiolki_tyl_gold-886x886-1.jpg\" \/>\n\t<meta property=\"og:image:width\" content=\"850\" \/>\n\t<meta property=\"og:image:height\" content=\"850\" \/>\n\t<meta property=\"og:image:type\" content=\"image\/jpeg\" \/>\n<meta name=\"twitter:card\" content=\"summary_large_image\" \/>\n<meta name=\"twitter:label1\" content=\"Gesch\u00e4tzte Lesezeit\" \/>\n\t<meta name=\"twitter:data1\" content=\"1\u00a0Minute\" \/>\n<script type=\"application\/ld+json\" class=\"yoast-schema-graph\">{\"@context\":\"https:\/\/schema.org\",\"@graph\":[{\"@type\":\"WebPage\",\"@id\":\"https:\/\/tipu.ee\/de\/toode\/blumenstrauss-im-roehrchen\/\",\"url\":\"https:\/\/tipu.ee\/de\/toode\/blumenstrauss-im-roehrchen\/\",\"name\":\"Blumenstrau\u00df im R\u00f6hrchen - TIPU\",\"isPartOf\":{\"@id\":\"https:\/\/tipu.ee\/#website\"},\"datePublished\":\"2024-02-15T00:41:08+00:00\",\"dateModified\":\"2024-02-15T00:41:08+00:00\",\"breadcrumb\":{\"@id\":\"https:\/\/tipu.ee\/de\/toode\/blumenstrauss-im-roehrchen\/#breadcrumb\"},\"inLanguage\":\"de\",\"potentialAction\":[{\"@type\":\"ReadAction\",\"target\":[\"https:\/\/tipu.ee\/de\/toode\/blumenstrauss-im-roehrchen\/\"]}]},{\"@type\":\"BreadcrumbList\",\"@id\":\"https:\/\/tipu.ee\/de\/toode\/blumenstrauss-im-roehrchen\/#breadcrumb\",\"itemListElement\":[{\"@type\":\"ListItem\",\"position\":1,\"name\":\"Home\",\"item\":\"https:\/\/tipu.ee\/\"},{\"@type\":\"ListItem\",\"position\":2,\"name\":\"Shop\",\"item\":\"https:\/\/tipu.ee\/de\/shop\/\"},{\"@type\":\"ListItem\",\"position\":3,\"name\":\"Blumenstrau\u00df im R\u00f6hrchen\"}]},{\"@type\":\"WebSite\",\"@id\":\"https:\/\/tipu.ee\/#website\",\"url\":\"https:\/\/tipu.ee\/\",\"name\":\"TIPU\",\"description\":\"\u00d6koloogilised \u00e4rikingitused\",\"publisher\":{\"@id\":\"https:\/\/tipu.ee\/#organization\"},\"potentialAction\":[{\"@type\":\"SearchAction\",\"target\":{\"@type\":\"EntryPoint\",\"urlTemplate\":\"https:\/\/tipu.ee\/?s={search_term_string}\"},\"query-input\":\"required name=search_term_string\"}],\"inLanguage\":\"de\"},{\"@type\":\"Organization\",\"@id\":\"https:\/\/tipu.ee\/#organization\",\"name\":\"TIPU\",\"url\":\"https:\/\/tipu.ee\/\",\"logo\":{\"@type\":\"ImageObject\",\"inLanguage\":\"de\",\"@id\":\"https:\/\/tipu.ee\/#\/schema\/logo\/image\/\",\"url\":\"https:\/\/tipu.ee\/wp-content\/uploads\/2024\/01\/tipulogo.png\",\"contentUrl\":\"https:\/\/tipu.ee\/wp-content\/uploads\/2024\/01\/tipulogo.png\",\"width\":205,\"height\":120,\"caption\":\"TIPU\"},\"image\":{\"@id\":\"https:\/\/tipu.ee\/#\/schema\/logo\/image\/\"}}]}<\/script>\n<!-- \/ Yoast SEO plugin. -->","yoast_head_json":{"title":"Blumenstrau\u00df im R\u00f6hrchen - TIPU","robots":{"index":"index","follow":"follow","max-snippet":"max-snippet:-1","max-image-preview":"max-image-preview:large","max-video-preview":"max-video-preview:-1"},"canonical":"https:\/\/tipu.ee\/de\/toode\/blumenstrauss-im-roehrchen\/","og_locale":"de_DE","og_type":"article","og_title":"Blumenstrau\u00df im R\u00f6hrchen - TIPU","og_description":"W\u00e4hlen Sie statt Schnittblumen einen Strau\u00df im R\u00f6hrchen! Ein elegantes, umweltfreundliches Gesch\u00e4ftsgeschenk. Das Glasr\u00f6hrchen mit nat\u00fcrlichem Korken verschlossen, enth\u00e4lt von Ihnen ausgew\u00e4hlte Samen und Erde, die das Wachstum der Pflanzen f\u00f6rdern. Gie\u00dfen Sie den Inhalt des R\u00f6hrchens in einen Topf oder direkt in die Erde und f\u00fcgen Sie Wasser hinzu, und die Blumen beginnen zu [&hellip;]","og_url":"https:\/\/tipu.ee\/de\/toode\/blumenstrauss-im-roehrchen\/","og_site_name":"TIPU","og_image":[{"width":850,"height":850,"url":"http:\/\/tipu.ee\/wp-content\/uploads\/2024\/02\/fiolki_tyl_gold-886x886-1.jpg","type":"image\/jpeg"}],"twitter_card":"summary_large_image","twitter_misc":{"Gesch\u00e4tzte Lesezeit":"1\u00a0Minute"},"schema":{"@context":"https:\/\/schema.org","@graph":[{"@type":"WebPage","@id":"https:\/\/tipu.ee\/de\/toode\/blumenstrauss-im-roehrchen\/","url":"https:\/\/tipu.ee\/de\/toode\/blumenstrauss-im-roehrchen\/","name":"Blumenstrau\u00df im R\u00f6hrchen - TIPU","isPartOf":{"@id":"https:\/\/tipu.ee\/#website"},"datePublished":"2024-02-15T00:41:08+00:00","dateModified":"2024-02-15T00:41:08+00:00","breadcrumb":{"@id":"https:\/\/tipu.ee\/de\/toode\/blumenstrauss-im-roehrchen\/#breadcrumb"},"inLanguage":"de","potentialAction":[{"@type":"ReadAction","target":["https:\/\/tipu.ee\/de\/toode\/blumenstrauss-im-roehrchen\/"]}]},{"@type":"BreadcrumbList","@id":"https:\/\/tipu.ee\/de\/toode\/blumenstrauss-im-roehrchen\/#breadcrumb","itemListElement":[{"@type":"ListItem","position":1,"name":"Home","item":"https:\/\/tipu.ee\/"},{"@type":"ListItem","position":2,"name":"Shop","item":"https:\/\/tipu.ee\/de\/shop\/"},{"@type":"ListItem","position":3,"name":"Blumenstrau\u00df im R\u00f6hrchen"}]},{"@type":"WebSite","@id":"https:\/\/tipu.ee\/#website","url":"https:\/\/tipu.ee\/","name":"TIPU","description":"\u00d6koloogilised \u00e4rikingitused","publisher":{"@id":"https:\/\/tipu.ee\/#organization"},"potentialAction":[{"@type":"SearchAction","target":{"@type":"EntryPoint","urlTemplate":"https:\/\/tipu.ee\/?s={search_term_string}"},"query-input":"required name=search_term_string"}],"inLanguage":"de"},{"@type":"Organization","@id":"https:\/\/tipu.ee\/#organization","name":"TIPU","url":"https:\/\/tipu.ee\/","logo":{"@type":"ImageObject","inLanguage":"de","@id":"https:\/\/tipu.ee\/#\/schema\/logo\/image\/","url":"https:\/\/tipu.ee\/wp-content\/uploads\/2024\/01\/tipulogo.png","contentUrl":"https:\/\/tipu.ee\/wp-content\/uploads\/2024\/01\/tipulogo.png","width":205,"height":120,"caption":"TIPU"},"image":{"@id":"https:\/\/tipu.ee\/#\/schema\/logo\/image\/"}}]}},"_links":{"self":[{"href":"https:\/\/tipu.ee\/de\/wp-json\/wp\/v2\/product\/962","targetHints":{"allow":["GET"]}}],"collection":[{"href":"https:\/\/tipu.ee\/de\/wp-json\/wp\/v2\/product"}],"about":[{"href":"https:\/\/tipu.ee\/de\/wp-json\/wp\/v2\/types\/product"}],"replies":[{"embeddable":true,"href":"https:\/\/tipu.ee\/de\/wp-json\/wp\/v2\/comments?post=962"}],"wp:featuredmedia":[{"embeddable":true,"href":"https:\/\/tipu.ee\/de\/wp-json\/wp\/v2\/media\/900"}],"wp:attachment":[{"href":"https:\/\/tipu.ee\/de\/wp-json\/wp\/v2\/media?parent=962"}],"wp:term":[{"taxonomy":"product_cat","embeddable":true,"href":"https:\/\/tipu.ee\/de\/wp-json\/wp\/v2\/product_cat?post=962"},{"taxonomy":"product_tag","embeddable":true,"href":"https:\/\/tipu.ee\/de\/wp-json\/wp\/v2\/product_tag?post=962"}],"curies":[{"name":"wp","href":"https:\/\/api.w.org\/{rel}","templated":true}]}}