{"id":959,"date":"2024-02-15T23:48:56","date_gmt":"2024-02-15T23:48:56","guid":{"rendered":"https:\/\/tipu.ee\/toode\/dekoration-zum-aufhaengen-mit-samen\/"},"modified":"2024-03-04T16:14:06","modified_gmt":"2024-03-04T16:14:06","slug":"dekoration-zum-aufhaengen-mit-samen","status":"publish","type":"product","link":"https:\/\/tipu.ee\/de\/toode\/dekoration-zum-aufhaengen-mit-samen\/","title":{"rendered":"Dekoration zum Aufh\u00e4ngen mit Samen"},"content":{"rendered":"<p>Ein kleines geschmackvolles Geschenk? Oder vielleicht eine interessante Erg\u00e4nzung zu etwas Gr\u00f6\u00dferem? W\u00e4hlen Sie aus unserem Standardangebot ein passendes Dekorationsdesign oder erstellen Sie Ihr eigenes Design. Entscheiden Sie, welche Samen in die Biokapsel kommen, und Sie sind fertig.<\/p>\n<p>PERSONALISIERBAR:<\/p>\n<ul>\n<li>Karte mit Pflanzanleitung, beidseitiger Vollfarbdruck, wei\u00dfes \u00d6kopapier oder Kraftpapier<\/li>\n<li>Auswahl der Dekorationsform<\/li>\n<\/ul>\n<p>WEITERE ELEMENTE:<\/p>\n<ul>\n<li>Dekoration, wei\u00dfes \u00d6kopapier oder Kraftpapier<\/li>\n<li>Ausgew\u00e4hlte Pflanzensamen in einer Vegan-Kapsel<\/li>\n<\/ul>\n<p>ABMESSUNGEN: Karte: A6 (157 x 113 mm)<\/p>\n","protected":false},"excerpt":{"rendered":"<p>Ein kleines geschmackvolles Geschenk? Oder vielleicht eine interessante Erg\u00e4nzung zu etwas Gr\u00f6\u00dferem? W\u00e4hlen Sie aus unserem Standardangebot ein passendes Dekorationsdesign oder erstellen Sie Ihr eigenes Design. Entscheiden Sie, welche Samen in die Biokapsel kommen, und Sie sind fertig. PERSONALISIERBAR: Karte mit Pflanzanleitung, beidseitiger Vollfarbdruck, wei\u00dfes \u00d6kopapier oder Kraftpapier Auswahl der Dekorationsform WEITERE ELEMENTE: Dekoration, wei\u00dfes [&hellip;]<\/p>\n","protected":false},"featured_media":906,"comment_status":"open","ping_status":"closed","template":"","meta":{"_acf_changed":false},"product_cat":[15],"product_tag":[],"class_list":{"0":"post-959","1":"product","2":"type-product","3":"status-publish","4":"has-post-thumbnail","6":"product_cat-kasvavad-kingitused","8":"first","9":"instock","10":"shipping-taxable","11":"product-type-simple"},"acf":[],"yoast_head":"<!-- This site is optimized with the Yoast SEO plugin v22.1 - https:\/\/yoast.com\/wordpress\/plugins\/seo\/ -->\n<title>Dekoration zum Aufh\u00e4ngen mit Samen - TIPU<\/title>\n<meta name=\"robots\" content=\"index, follow, max-snippet:-1, max-image-preview:large, max-video-preview:-1\" \/>\n<link rel=\"canonical\" href=\"https:\/\/tipu.ee\/de\/toode\/dekoration-zum-aufhaengen-mit-samen\/\" \/>\n<meta property=\"og:locale\" content=\"de_DE\" \/>\n<meta property=\"og:type\" content=\"article\" \/>\n<meta property=\"og:title\" content=\"Dekoration zum Aufh\u00e4ngen mit Samen - TIPU\" \/>\n<meta property=\"og:description\" content=\"Ein kleines geschmackvolles Geschenk? Oder vielleicht eine interessante Erg\u00e4nzung zu etwas Gr\u00f6\u00dferem? W\u00e4hlen Sie aus unserem Standardangebot ein passendes Dekorationsdesign oder erstellen Sie Ihr eigenes Design. Entscheiden Sie, welche Samen in die Biokapsel kommen, und Sie sind fertig. PERSONALISIERBAR: Karte mit Pflanzanleitung, beidseitiger Vollfarbdruck, wei\u00dfes \u00d6kopapier oder Kraftpapier Auswahl der Dekorationsform WEITERE ELEMENTE: Dekoration, wei\u00dfes [&hellip;]\" \/>\n<meta property=\"og:url\" content=\"https:\/\/tipu.ee\/de\/toode\/dekoration-zum-aufhaengen-mit-samen\/\" \/>\n<meta property=\"og:site_name\" content=\"TIPU\" \/>\n<meta property=\"article:modified_time\" content=\"2024-03-04T16:14:06+00:00\" \/>\n<meta property=\"og:image\" content=\"http:\/\/tipu.ee\/wp-content\/uploads\/2024\/02\/kwiat-886x886-1.jpg\" \/>\n\t<meta property=\"og:image:width\" content=\"850\" \/>\n\t<meta property=\"og:image:height\" content=\"850\" \/>\n\t<meta property=\"og:image:type\" content=\"image\/jpeg\" \/>\n<meta name=\"twitter:card\" content=\"summary_large_image\" \/>\n<script type=\"application\/ld+json\" class=\"yoast-schema-graph\">{\"@context\":\"https:\/\/schema.org\",\"@graph\":[{\"@type\":\"WebPage\",\"@id\":\"https:\/\/tipu.ee\/de\/toode\/dekoration-zum-aufhaengen-mit-samen\/\",\"url\":\"https:\/\/tipu.ee\/de\/toode\/dekoration-zum-aufhaengen-mit-samen\/\",\"name\":\"Dekoration zum Aufh\u00e4ngen mit Samen - TIPU\",\"isPartOf\":{\"@id\":\"https:\/\/tipu.ee\/#website\"},\"datePublished\":\"2024-02-15T23:48:56+00:00\",\"dateModified\":\"2024-03-04T16:14:06+00:00\",\"breadcrumb\":{\"@id\":\"https:\/\/tipu.ee\/de\/toode\/dekoration-zum-aufhaengen-mit-samen\/#breadcrumb\"},\"inLanguage\":\"de\",\"potentialAction\":[{\"@type\":\"ReadAction\",\"target\":[\"https:\/\/tipu.ee\/de\/toode\/dekoration-zum-aufhaengen-mit-samen\/\"]}]},{\"@type\":\"BreadcrumbList\",\"@id\":\"https:\/\/tipu.ee\/de\/toode\/dekoration-zum-aufhaengen-mit-samen\/#breadcrumb\",\"itemListElement\":[{\"@type\":\"ListItem\",\"position\":1,\"name\":\"Home\",\"item\":\"https:\/\/tipu.ee\/\"},{\"@type\":\"ListItem\",\"position\":2,\"name\":\"Shop\",\"item\":\"https:\/\/tipu.ee\/de\/shop\/\"},{\"@type\":\"ListItem\",\"position\":3,\"name\":\"Dekoration zum Aufh\u00e4ngen mit Samen\"}]},{\"@type\":\"WebSite\",\"@id\":\"https:\/\/tipu.ee\/#website\",\"url\":\"https:\/\/tipu.ee\/\",\"name\":\"TIPU\",\"description\":\"\u00d6koloogilised \u00e4rikingitused\",\"publisher\":{\"@id\":\"https:\/\/tipu.ee\/#organization\"},\"potentialAction\":[{\"@type\":\"SearchAction\",\"target\":{\"@type\":\"EntryPoint\",\"urlTemplate\":\"https:\/\/tipu.ee\/?s={search_term_string}\"},\"query-input\":\"required name=search_term_string\"}],\"inLanguage\":\"de\"},{\"@type\":\"Organization\",\"@id\":\"https:\/\/tipu.ee\/#organization\",\"name\":\"TIPU\",\"url\":\"https:\/\/tipu.ee\/\",\"logo\":{\"@type\":\"ImageObject\",\"inLanguage\":\"de\",\"@id\":\"https:\/\/tipu.ee\/#\/schema\/logo\/image\/\",\"url\":\"https:\/\/tipu.ee\/wp-content\/uploads\/2024\/01\/tipulogo.png\",\"contentUrl\":\"https:\/\/tipu.ee\/wp-content\/uploads\/2024\/01\/tipulogo.png\",\"width\":205,\"height\":120,\"caption\":\"TIPU\"},\"image\":{\"@id\":\"https:\/\/tipu.ee\/#\/schema\/logo\/image\/\"}}]}<\/script>\n<!-- \/ Yoast SEO plugin. -->","yoast_head_json":{"title":"Dekoration zum Aufh\u00e4ngen mit Samen - TIPU","robots":{"index":"index","follow":"follow","max-snippet":"max-snippet:-1","max-image-preview":"max-image-preview:large","max-video-preview":"max-video-preview:-1"},"canonical":"https:\/\/tipu.ee\/de\/toode\/dekoration-zum-aufhaengen-mit-samen\/","og_locale":"de_DE","og_type":"article","og_title":"Dekoration zum Aufh\u00e4ngen mit Samen - TIPU","og_description":"Ein kleines geschmackvolles Geschenk? Oder vielleicht eine interessante Erg\u00e4nzung zu etwas Gr\u00f6\u00dferem? W\u00e4hlen Sie aus unserem Standardangebot ein passendes Dekorationsdesign oder erstellen Sie Ihr eigenes Design. Entscheiden Sie, welche Samen in die Biokapsel kommen, und Sie sind fertig. PERSONALISIERBAR: Karte mit Pflanzanleitung, beidseitiger Vollfarbdruck, wei\u00dfes \u00d6kopapier oder Kraftpapier Auswahl der Dekorationsform WEITERE ELEMENTE: Dekoration, wei\u00dfes [&hellip;]","og_url":"https:\/\/tipu.ee\/de\/toode\/dekoration-zum-aufhaengen-mit-samen\/","og_site_name":"TIPU","article_modified_time":"2024-03-04T16:14:06+00:00","og_image":[{"width":850,"height":850,"url":"http:\/\/tipu.ee\/wp-content\/uploads\/2024\/02\/kwiat-886x886-1.jpg","type":"image\/jpeg"}],"twitter_card":"summary_large_image","schema":{"@context":"https:\/\/schema.org","@graph":[{"@type":"WebPage","@id":"https:\/\/tipu.ee\/de\/toode\/dekoration-zum-aufhaengen-mit-samen\/","url":"https:\/\/tipu.ee\/de\/toode\/dekoration-zum-aufhaengen-mit-samen\/","name":"Dekoration zum Aufh\u00e4ngen mit Samen - TIPU","isPartOf":{"@id":"https:\/\/tipu.ee\/#website"},"datePublished":"2024-02-15T23:48:56+00:00","dateModified":"2024-03-04T16:14:06+00:00","breadcrumb":{"@id":"https:\/\/tipu.ee\/de\/toode\/dekoration-zum-aufhaengen-mit-samen\/#breadcrumb"},"inLanguage":"de","potentialAction":[{"@type":"ReadAction","target":["https:\/\/tipu.ee\/de\/toode\/dekoration-zum-aufhaengen-mit-samen\/"]}]},{"@type":"BreadcrumbList","@id":"https:\/\/tipu.ee\/de\/toode\/dekoration-zum-aufhaengen-mit-samen\/#breadcrumb","itemListElement":[{"@type":"ListItem","position":1,"name":"Home","item":"https:\/\/tipu.ee\/"},{"@type":"ListItem","position":2,"name":"Shop","item":"https:\/\/tipu.ee\/de\/shop\/"},{"@type":"ListItem","position":3,"name":"Dekoration zum Aufh\u00e4ngen mit Samen"}]},{"@type":"WebSite","@id":"https:\/\/tipu.ee\/#website","url":"https:\/\/tipu.ee\/","name":"TIPU","description":"\u00d6koloogilised \u00e4rikingitused","publisher":{"@id":"https:\/\/tipu.ee\/#organization"},"potentialAction":[{"@type":"SearchAction","target":{"@type":"EntryPoint","urlTemplate":"https:\/\/tipu.ee\/?s={search_term_string}"},"query-input":"required name=search_term_string"}],"inLanguage":"de"},{"@type":"Organization","@id":"https:\/\/tipu.ee\/#organization","name":"TIPU","url":"https:\/\/tipu.ee\/","logo":{"@type":"ImageObject","inLanguage":"de","@id":"https:\/\/tipu.ee\/#\/schema\/logo\/image\/","url":"https:\/\/tipu.ee\/wp-content\/uploads\/2024\/01\/tipulogo.png","contentUrl":"https:\/\/tipu.ee\/wp-content\/uploads\/2024\/01\/tipulogo.png","width":205,"height":120,"caption":"TIPU"},"image":{"@id":"https:\/\/tipu.ee\/#\/schema\/logo\/image\/"}}]}},"_links":{"self":[{"href":"https:\/\/tipu.ee\/de\/wp-json\/wp\/v2\/product\/959","targetHints":{"allow":["GET"]}}],"collection":[{"href":"https:\/\/tipu.ee\/de\/wp-json\/wp\/v2\/product"}],"about":[{"href":"https:\/\/tipu.ee\/de\/wp-json\/wp\/v2\/types\/product"}],"replies":[{"embeddable":true,"href":"https:\/\/tipu.ee\/de\/wp-json\/wp\/v2\/comments?post=959"}],"wp:featuredmedia":[{"embeddable":true,"href":"https:\/\/tipu.ee\/de\/wp-json\/wp\/v2\/media\/906"}],"wp:attachment":[{"href":"https:\/\/tipu.ee\/de\/wp-json\/wp\/v2\/media?parent=959"}],"wp:term":[{"taxonomy":"product_cat","embeddable":true,"href":"https:\/\/tipu.ee\/de\/wp-json\/wp\/v2\/product_cat?post=959"},{"taxonomy":"product_tag","embeddable":true,"href":"https:\/\/tipu.ee\/de\/wp-json\/wp\/v2\/product_tag?post=959"}],"curies":[{"name":"wp","href":"https:\/\/api.w.org\/{rel}","templated":true}]}}