{"id":958,"date":"2024-02-16T00:10:51","date_gmt":"2024-02-16T00:10:51","guid":{"rendered":"https:\/\/tipu.ee\/toode\/oekologisches-bueromaterial-set\/"},"modified":"2024-02-16T00:10:51","modified_gmt":"2024-02-16T00:10:51","slug":"oekologisches-bueromaterial-set","status":"publish","type":"product","link":"https:\/\/tipu.ee\/de\/toode\/oekologisches-bueromaterial-set\/","title":{"rendered":"\u00d6kologisches B\u00fcromaterial-Set"},"content":{"rendered":"<p>\u00d6kologisches B\u00fcromaterial-Set. Bleistift, Kugelschreiber aus Papier, Anspitzer und Notizblock in einem Buchenholz-Becher. Halten Sie Ihren Schreibtisch ordentlich!<\/p>\n<p>PERSONALISIERBAR:<\/p>\n<p>&#8211; Gravur auf dem Holzbecher-Geh\u00e4use, maximale Gr\u00f6\u00dfe: 30 x 80 mm<br \/>\n&#8211; Gravur auf dem Bleistift, 7 x 70 mm<br \/>\n&#8211; Zwischenblatt, Vollfarbdruck, wei\u00dfes \u00d6kopapier oder Kraftpapier<br \/>\n&#8211; Kartonh\u00fclle, Vollfarbdruck, wei\u00dfes \u00d6kopapier oder Kraftpapier<\/p>\n<p>Optional:<\/p>\n<p>Ab 500 St\u00fcck Vollfarbdruck auf dem Karton<\/p>\n<p>WEITERE ELEMENTE:<\/p>\n<p>&#8211; Bleistift mit ausgew\u00e4hlten Samen<br \/>\n&#8211; Stift aus Papier<br \/>\n&#8211; Bleistiftanspitzer<br \/>\n&#8211; Notizpapiere<br \/>\n&#8211; Karton aus Kraftpapier<\/p>\n<p>MA\u00dfE:<br \/>\n205 x 145 x 68 mm [L\u00e4nge x Breite x H\u00f6he]<\/p>\n","protected":false},"excerpt":{"rendered":"<p>\u00d6kologisches B\u00fcromaterial-Set. Bleistift, Kugelschreiber aus Papier, Anspitzer und Notizblock in einem Buchenholz-Becher. Halten Sie Ihren Schreibtisch ordentlich! PERSONALISIERBAR: &#8211; Gravur auf dem Holzbecher-Geh\u00e4use, maximale Gr\u00f6\u00dfe: 30 x 80 mm &#8211; Gravur auf dem Bleistift, 7 x 70 mm &#8211; Zwischenblatt, Vollfarbdruck, wei\u00dfes \u00d6kopapier oder Kraftpapier &#8211; Kartonh\u00fclle, Vollfarbdruck, wei\u00dfes \u00d6kopapier oder Kraftpapier Optional: Ab 500 [&hellip;]<\/p>\n","protected":false},"featured_media":917,"comment_status":"open","ping_status":"closed","template":"","meta":{"_acf_changed":false},"product_cat":[15],"product_tag":[],"class_list":{"0":"post-958","1":"product","2":"type-product","3":"status-publish","4":"has-post-thumbnail","6":"product_cat-kasvavad-kingitused","8":"first","9":"instock","10":"shipping-taxable","11":"product-type-simple"},"acf":[],"yoast_head":"<!-- This site is optimized with the Yoast SEO plugin v22.1 - https:\/\/yoast.com\/wordpress\/plugins\/seo\/ -->\n<title>\u00d6kologisches B\u00fcromaterial-Set - TIPU<\/title>\n<meta name=\"robots\" content=\"index, follow, max-snippet:-1, max-image-preview:large, max-video-preview:-1\" \/>\n<link rel=\"canonical\" href=\"https:\/\/tipu.ee\/de\/toode\/oekologisches-bueromaterial-set\/\" \/>\n<meta property=\"og:locale\" content=\"de_DE\" \/>\n<meta property=\"og:type\" content=\"article\" \/>\n<meta property=\"og:title\" content=\"\u00d6kologisches B\u00fcromaterial-Set - TIPU\" \/>\n<meta property=\"og:description\" content=\"\u00d6kologisches B\u00fcromaterial-Set. Bleistift, Kugelschreiber aus Papier, Anspitzer und Notizblock in einem Buchenholz-Becher. Halten Sie Ihren Schreibtisch ordentlich! PERSONALISIERBAR: &#8211; Gravur auf dem Holzbecher-Geh\u00e4use, maximale Gr\u00f6\u00dfe: 30 x 80 mm &#8211; Gravur auf dem Bleistift, 7 x 70 mm &#8211; Zwischenblatt, Vollfarbdruck, wei\u00dfes \u00d6kopapier oder Kraftpapier &#8211; Kartonh\u00fclle, Vollfarbdruck, wei\u00dfes \u00d6kopapier oder Kraftpapier Optional: Ab 500 [&hellip;]\" \/>\n<meta property=\"og:url\" content=\"https:\/\/tipu.ee\/de\/toode\/oekologisches-bueromaterial-set\/\" \/>\n<meta property=\"og:site_name\" content=\"TIPU\" \/>\n<meta property=\"og:image\" content=\"http:\/\/tipu.ee\/wp-content\/uploads\/2024\/02\/biuro_natura-886x886-1.jpg\" \/>\n\t<meta property=\"og:image:width\" content=\"850\" \/>\n\t<meta property=\"og:image:height\" content=\"850\" \/>\n\t<meta property=\"og:image:type\" content=\"image\/jpeg\" \/>\n<meta name=\"twitter:card\" content=\"summary_large_image\" \/>\n<script type=\"application\/ld+json\" class=\"yoast-schema-graph\">{\"@context\":\"https:\/\/schema.org\",\"@graph\":[{\"@type\":\"WebPage\",\"@id\":\"https:\/\/tipu.ee\/de\/toode\/oekologisches-bueromaterial-set\/\",\"url\":\"https:\/\/tipu.ee\/de\/toode\/oekologisches-bueromaterial-set\/\",\"name\":\"\u00d6kologisches B\u00fcromaterial-Set - TIPU\",\"isPartOf\":{\"@id\":\"https:\/\/tipu.ee\/#website\"},\"datePublished\":\"2024-02-16T00:10:51+00:00\",\"dateModified\":\"2024-02-16T00:10:51+00:00\",\"breadcrumb\":{\"@id\":\"https:\/\/tipu.ee\/de\/toode\/oekologisches-bueromaterial-set\/#breadcrumb\"},\"inLanguage\":\"de\",\"potentialAction\":[{\"@type\":\"ReadAction\",\"target\":[\"https:\/\/tipu.ee\/de\/toode\/oekologisches-bueromaterial-set\/\"]}]},{\"@type\":\"BreadcrumbList\",\"@id\":\"https:\/\/tipu.ee\/de\/toode\/oekologisches-bueromaterial-set\/#breadcrumb\",\"itemListElement\":[{\"@type\":\"ListItem\",\"position\":1,\"name\":\"Home\",\"item\":\"https:\/\/tipu.ee\/\"},{\"@type\":\"ListItem\",\"position\":2,\"name\":\"Shop\",\"item\":\"https:\/\/tipu.ee\/de\/shop\/\"},{\"@type\":\"ListItem\",\"position\":3,\"name\":\"\u00d6kologisches B\u00fcromaterial-Set\"}]},{\"@type\":\"WebSite\",\"@id\":\"https:\/\/tipu.ee\/#website\",\"url\":\"https:\/\/tipu.ee\/\",\"name\":\"TIPU\",\"description\":\"\u00d6koloogilised \u00e4rikingitused\",\"publisher\":{\"@id\":\"https:\/\/tipu.ee\/#organization\"},\"potentialAction\":[{\"@type\":\"SearchAction\",\"target\":{\"@type\":\"EntryPoint\",\"urlTemplate\":\"https:\/\/tipu.ee\/?s={search_term_string}\"},\"query-input\":\"required name=search_term_string\"}],\"inLanguage\":\"de\"},{\"@type\":\"Organization\",\"@id\":\"https:\/\/tipu.ee\/#organization\",\"name\":\"TIPU\",\"url\":\"https:\/\/tipu.ee\/\",\"logo\":{\"@type\":\"ImageObject\",\"inLanguage\":\"de\",\"@id\":\"https:\/\/tipu.ee\/#\/schema\/logo\/image\/\",\"url\":\"https:\/\/tipu.ee\/wp-content\/uploads\/2024\/01\/tipulogo.png\",\"contentUrl\":\"https:\/\/tipu.ee\/wp-content\/uploads\/2024\/01\/tipulogo.png\",\"width\":205,\"height\":120,\"caption\":\"TIPU\"},\"image\":{\"@id\":\"https:\/\/tipu.ee\/#\/schema\/logo\/image\/\"}}]}<\/script>\n<!-- \/ Yoast SEO plugin. -->","yoast_head_json":{"title":"\u00d6kologisches B\u00fcromaterial-Set - TIPU","robots":{"index":"index","follow":"follow","max-snippet":"max-snippet:-1","max-image-preview":"max-image-preview:large","max-video-preview":"max-video-preview:-1"},"canonical":"https:\/\/tipu.ee\/de\/toode\/oekologisches-bueromaterial-set\/","og_locale":"de_DE","og_type":"article","og_title":"\u00d6kologisches B\u00fcromaterial-Set - TIPU","og_description":"\u00d6kologisches B\u00fcromaterial-Set. Bleistift, Kugelschreiber aus Papier, Anspitzer und Notizblock in einem Buchenholz-Becher. Halten Sie Ihren Schreibtisch ordentlich! PERSONALISIERBAR: &#8211; Gravur auf dem Holzbecher-Geh\u00e4use, maximale Gr\u00f6\u00dfe: 30 x 80 mm &#8211; Gravur auf dem Bleistift, 7 x 70 mm &#8211; Zwischenblatt, Vollfarbdruck, wei\u00dfes \u00d6kopapier oder Kraftpapier &#8211; Kartonh\u00fclle, Vollfarbdruck, wei\u00dfes \u00d6kopapier oder Kraftpapier Optional: Ab 500 [&hellip;]","og_url":"https:\/\/tipu.ee\/de\/toode\/oekologisches-bueromaterial-set\/","og_site_name":"TIPU","og_image":[{"width":850,"height":850,"url":"http:\/\/tipu.ee\/wp-content\/uploads\/2024\/02\/biuro_natura-886x886-1.jpg","type":"image\/jpeg"}],"twitter_card":"summary_large_image","schema":{"@context":"https:\/\/schema.org","@graph":[{"@type":"WebPage","@id":"https:\/\/tipu.ee\/de\/toode\/oekologisches-bueromaterial-set\/","url":"https:\/\/tipu.ee\/de\/toode\/oekologisches-bueromaterial-set\/","name":"\u00d6kologisches B\u00fcromaterial-Set - TIPU","isPartOf":{"@id":"https:\/\/tipu.ee\/#website"},"datePublished":"2024-02-16T00:10:51+00:00","dateModified":"2024-02-16T00:10:51+00:00","breadcrumb":{"@id":"https:\/\/tipu.ee\/de\/toode\/oekologisches-bueromaterial-set\/#breadcrumb"},"inLanguage":"de","potentialAction":[{"@type":"ReadAction","target":["https:\/\/tipu.ee\/de\/toode\/oekologisches-bueromaterial-set\/"]}]},{"@type":"BreadcrumbList","@id":"https:\/\/tipu.ee\/de\/toode\/oekologisches-bueromaterial-set\/#breadcrumb","itemListElement":[{"@type":"ListItem","position":1,"name":"Home","item":"https:\/\/tipu.ee\/"},{"@type":"ListItem","position":2,"name":"Shop","item":"https:\/\/tipu.ee\/de\/shop\/"},{"@type":"ListItem","position":3,"name":"\u00d6kologisches B\u00fcromaterial-Set"}]},{"@type":"WebSite","@id":"https:\/\/tipu.ee\/#website","url":"https:\/\/tipu.ee\/","name":"TIPU","description":"\u00d6koloogilised \u00e4rikingitused","publisher":{"@id":"https:\/\/tipu.ee\/#organization"},"potentialAction":[{"@type":"SearchAction","target":{"@type":"EntryPoint","urlTemplate":"https:\/\/tipu.ee\/?s={search_term_string}"},"query-input":"required name=search_term_string"}],"inLanguage":"de"},{"@type":"Organization","@id":"https:\/\/tipu.ee\/#organization","name":"TIPU","url":"https:\/\/tipu.ee\/","logo":{"@type":"ImageObject","inLanguage":"de","@id":"https:\/\/tipu.ee\/#\/schema\/logo\/image\/","url":"https:\/\/tipu.ee\/wp-content\/uploads\/2024\/01\/tipulogo.png","contentUrl":"https:\/\/tipu.ee\/wp-content\/uploads\/2024\/01\/tipulogo.png","width":205,"height":120,"caption":"TIPU"},"image":{"@id":"https:\/\/tipu.ee\/#\/schema\/logo\/image\/"}}]}},"_links":{"self":[{"href":"https:\/\/tipu.ee\/de\/wp-json\/wp\/v2\/product\/958","targetHints":{"allow":["GET"]}}],"collection":[{"href":"https:\/\/tipu.ee\/de\/wp-json\/wp\/v2\/product"}],"about":[{"href":"https:\/\/tipu.ee\/de\/wp-json\/wp\/v2\/types\/product"}],"replies":[{"embeddable":true,"href":"https:\/\/tipu.ee\/de\/wp-json\/wp\/v2\/comments?post=958"}],"wp:featuredmedia":[{"embeddable":true,"href":"https:\/\/tipu.ee\/de\/wp-json\/wp\/v2\/media\/917"}],"wp:attachment":[{"href":"https:\/\/tipu.ee\/de\/wp-json\/wp\/v2\/media?parent=958"}],"wp:term":[{"taxonomy":"product_cat","embeddable":true,"href":"https:\/\/tipu.ee\/de\/wp-json\/wp\/v2\/product_cat?post=958"},{"taxonomy":"product_tag","embeddable":true,"href":"https:\/\/tipu.ee\/de\/wp-json\/wp\/v2\/product_tag?post=958"}],"curies":[{"name":"wp","href":"https:\/\/api.w.org\/{rel}","templated":true}]}}