{"id":957,"date":"2024-02-16T01:49:00","date_gmt":"2024-02-16T01:49:00","guid":{"rendered":"https:\/\/tipu.ee\/toode\/oeko-konferenzset\/"},"modified":"2024-02-16T01:49:00","modified_gmt":"2024-02-16T01:49:00","slug":"oeko-konferenzset","status":"publish","type":"product","link":"https:\/\/tipu.ee\/de\/toode\/oeko-konferenzset\/","title":{"rendered":"\u00d6ko-Konferenzset"},"content":{"rendered":"<p>F\u00fcr Konferenzen und Meetings erstelltes Schreibwarenset. Nat\u00fcrlich f\u00fcr dringende Notizen.<\/p>\n<p>PERSONALISIERUNG:<\/p>\n<ul>\n<li>Gravur auf dem Bleistift, 7 x 70 mm<\/li>\n<li>Inneres Zwischenblatt, Vollfarbdruck, wei\u00dfes \u00d6kopapier oder Kraftpapier<\/li>\n<li>Kartonh\u00fclle, Vollfarbdruck, wei\u00dfes \u00d6kopapier oder Kraftpapier<\/li>\n<\/ul>\n<p>Optional:<\/p>\n<ul>\n<li>Ab 500 St\u00fcck Vollfarbdruck auf dem Karton<\/li>\n<\/ul>\n<p>WEITERE ELEMENTE:<\/p>\n<ul>\n<li>Bleistift mit ausgew\u00e4hlten Samen<\/li>\n<li>Kugelschreiber aus Papier<\/li>\n<li>Bleistiftanspitzer<\/li>\n<li>Notizpapiere<\/li>\n<li>Karton aus Kraftpapier<\/li>\n<\/ul>\n<p>MA\u00dfE: 135 x 188 x 25 mm [L\u00e4nge x Breite x H\u00f6he]<\/p>\n","protected":false},"excerpt":{"rendered":"<p>F\u00fcr Konferenzen und Meetings erstelltes Schreibwarenset. Nat\u00fcrlich f\u00fcr dringende Notizen. PERSONALISIERUNG: Gravur auf dem Bleistift, 7 x 70 mm Inneres Zwischenblatt, Vollfarbdruck, wei\u00dfes \u00d6kopapier oder Kraftpapier Kartonh\u00fclle, Vollfarbdruck, wei\u00dfes \u00d6kopapier oder Kraftpapier Optional: Ab 500 St\u00fcck Vollfarbdruck auf dem Karton WEITERE ELEMENTE: Bleistift mit ausgew\u00e4hlten Samen Kugelschreiber aus Papier Bleistiftanspitzer Notizpapiere Karton aus Kraftpapier MA\u00dfE: [&hellip;]<\/p>\n","protected":false},"featured_media":919,"comment_status":"open","ping_status":"closed","template":"","meta":{"_acf_changed":false},"product_cat":[15],"product_tag":[],"class_list":{"0":"post-957","1":"product","2":"type-product","3":"status-publish","4":"has-post-thumbnail","6":"product_cat-kasvavad-kingitused","8":"first","9":"instock","10":"shipping-taxable","11":"product-type-simple"},"acf":[],"yoast_head":"<!-- This site is optimized with the Yoast SEO plugin v22.1 - https:\/\/yoast.com\/wordpress\/plugins\/seo\/ -->\n<title>\u00d6ko-Konferenzset - TIPU<\/title>\n<meta name=\"robots\" content=\"index, follow, max-snippet:-1, max-image-preview:large, max-video-preview:-1\" \/>\n<link rel=\"canonical\" href=\"https:\/\/tipu.ee\/de\/toode\/oeko-konferenzset\/\" \/>\n<meta property=\"og:locale\" content=\"de_DE\" \/>\n<meta property=\"og:type\" content=\"article\" \/>\n<meta property=\"og:title\" content=\"\u00d6ko-Konferenzset - TIPU\" \/>\n<meta property=\"og:description\" content=\"F\u00fcr Konferenzen und Meetings erstelltes Schreibwarenset. Nat\u00fcrlich f\u00fcr dringende Notizen. PERSONALISIERUNG: Gravur auf dem Bleistift, 7 x 70 mm Inneres Zwischenblatt, Vollfarbdruck, wei\u00dfes \u00d6kopapier oder Kraftpapier Kartonh\u00fclle, Vollfarbdruck, wei\u00dfes \u00d6kopapier oder Kraftpapier Optional: Ab 500 St\u00fcck Vollfarbdruck auf dem Karton WEITERE ELEMENTE: Bleistift mit ausgew\u00e4hlten Samen Kugelschreiber aus Papier Bleistiftanspitzer Notizpapiere Karton aus Kraftpapier MA\u00dfE: [&hellip;]\" \/>\n<meta property=\"og:url\" content=\"https:\/\/tipu.ee\/de\/toode\/oeko-konferenzset\/\" \/>\n<meta property=\"og:site_name\" content=\"TIPU\" \/>\n<meta property=\"og:image\" content=\"http:\/\/tipu.ee\/wp-content\/uploads\/2024\/02\/ekonferencja0-886x886-1.jpg\" \/>\n\t<meta property=\"og:image:width\" content=\"850\" \/>\n\t<meta property=\"og:image:height\" content=\"850\" \/>\n\t<meta property=\"og:image:type\" content=\"image\/jpeg\" \/>\n<meta name=\"twitter:card\" content=\"summary_large_image\" \/>\n<script type=\"application\/ld+json\" class=\"yoast-schema-graph\">{\"@context\":\"https:\/\/schema.org\",\"@graph\":[{\"@type\":\"WebPage\",\"@id\":\"https:\/\/tipu.ee\/de\/toode\/oeko-konferenzset\/\",\"url\":\"https:\/\/tipu.ee\/de\/toode\/oeko-konferenzset\/\",\"name\":\"\u00d6ko-Konferenzset - TIPU\",\"isPartOf\":{\"@id\":\"https:\/\/tipu.ee\/#website\"},\"datePublished\":\"2024-02-16T01:49:00+00:00\",\"dateModified\":\"2024-02-16T01:49:00+00:00\",\"breadcrumb\":{\"@id\":\"https:\/\/tipu.ee\/de\/toode\/oeko-konferenzset\/#breadcrumb\"},\"inLanguage\":\"de\",\"potentialAction\":[{\"@type\":\"ReadAction\",\"target\":[\"https:\/\/tipu.ee\/de\/toode\/oeko-konferenzset\/\"]}]},{\"@type\":\"BreadcrumbList\",\"@id\":\"https:\/\/tipu.ee\/de\/toode\/oeko-konferenzset\/#breadcrumb\",\"itemListElement\":[{\"@type\":\"ListItem\",\"position\":1,\"name\":\"Home\",\"item\":\"https:\/\/tipu.ee\/\"},{\"@type\":\"ListItem\",\"position\":2,\"name\":\"Shop\",\"item\":\"https:\/\/tipu.ee\/de\/shop\/\"},{\"@type\":\"ListItem\",\"position\":3,\"name\":\"\u00d6ko-Konferenzset\"}]},{\"@type\":\"WebSite\",\"@id\":\"https:\/\/tipu.ee\/#website\",\"url\":\"https:\/\/tipu.ee\/\",\"name\":\"TIPU\",\"description\":\"\u00d6koloogilised \u00e4rikingitused\",\"publisher\":{\"@id\":\"https:\/\/tipu.ee\/#organization\"},\"potentialAction\":[{\"@type\":\"SearchAction\",\"target\":{\"@type\":\"EntryPoint\",\"urlTemplate\":\"https:\/\/tipu.ee\/?s={search_term_string}\"},\"query-input\":\"required name=search_term_string\"}],\"inLanguage\":\"de\"},{\"@type\":\"Organization\",\"@id\":\"https:\/\/tipu.ee\/#organization\",\"name\":\"TIPU\",\"url\":\"https:\/\/tipu.ee\/\",\"logo\":{\"@type\":\"ImageObject\",\"inLanguage\":\"de\",\"@id\":\"https:\/\/tipu.ee\/#\/schema\/logo\/image\/\",\"url\":\"https:\/\/tipu.ee\/wp-content\/uploads\/2024\/01\/tipulogo.png\",\"contentUrl\":\"https:\/\/tipu.ee\/wp-content\/uploads\/2024\/01\/tipulogo.png\",\"width\":205,\"height\":120,\"caption\":\"TIPU\"},\"image\":{\"@id\":\"https:\/\/tipu.ee\/#\/schema\/logo\/image\/\"}}]}<\/script>\n<!-- \/ Yoast SEO plugin. -->","yoast_head_json":{"title":"\u00d6ko-Konferenzset - TIPU","robots":{"index":"index","follow":"follow","max-snippet":"max-snippet:-1","max-image-preview":"max-image-preview:large","max-video-preview":"max-video-preview:-1"},"canonical":"https:\/\/tipu.ee\/de\/toode\/oeko-konferenzset\/","og_locale":"de_DE","og_type":"article","og_title":"\u00d6ko-Konferenzset - TIPU","og_description":"F\u00fcr Konferenzen und Meetings erstelltes Schreibwarenset. Nat\u00fcrlich f\u00fcr dringende Notizen. PERSONALISIERUNG: Gravur auf dem Bleistift, 7 x 70 mm Inneres Zwischenblatt, Vollfarbdruck, wei\u00dfes \u00d6kopapier oder Kraftpapier Kartonh\u00fclle, Vollfarbdruck, wei\u00dfes \u00d6kopapier oder Kraftpapier Optional: Ab 500 St\u00fcck Vollfarbdruck auf dem Karton WEITERE ELEMENTE: Bleistift mit ausgew\u00e4hlten Samen Kugelschreiber aus Papier Bleistiftanspitzer Notizpapiere Karton aus Kraftpapier MA\u00dfE: [&hellip;]","og_url":"https:\/\/tipu.ee\/de\/toode\/oeko-konferenzset\/","og_site_name":"TIPU","og_image":[{"width":850,"height":850,"url":"http:\/\/tipu.ee\/wp-content\/uploads\/2024\/02\/ekonferencja0-886x886-1.jpg","type":"image\/jpeg"}],"twitter_card":"summary_large_image","schema":{"@context":"https:\/\/schema.org","@graph":[{"@type":"WebPage","@id":"https:\/\/tipu.ee\/de\/toode\/oeko-konferenzset\/","url":"https:\/\/tipu.ee\/de\/toode\/oeko-konferenzset\/","name":"\u00d6ko-Konferenzset - TIPU","isPartOf":{"@id":"https:\/\/tipu.ee\/#website"},"datePublished":"2024-02-16T01:49:00+00:00","dateModified":"2024-02-16T01:49:00+00:00","breadcrumb":{"@id":"https:\/\/tipu.ee\/de\/toode\/oeko-konferenzset\/#breadcrumb"},"inLanguage":"de","potentialAction":[{"@type":"ReadAction","target":["https:\/\/tipu.ee\/de\/toode\/oeko-konferenzset\/"]}]},{"@type":"BreadcrumbList","@id":"https:\/\/tipu.ee\/de\/toode\/oeko-konferenzset\/#breadcrumb","itemListElement":[{"@type":"ListItem","position":1,"name":"Home","item":"https:\/\/tipu.ee\/"},{"@type":"ListItem","position":2,"name":"Shop","item":"https:\/\/tipu.ee\/de\/shop\/"},{"@type":"ListItem","position":3,"name":"\u00d6ko-Konferenzset"}]},{"@type":"WebSite","@id":"https:\/\/tipu.ee\/#website","url":"https:\/\/tipu.ee\/","name":"TIPU","description":"\u00d6koloogilised \u00e4rikingitused","publisher":{"@id":"https:\/\/tipu.ee\/#organization"},"potentialAction":[{"@type":"SearchAction","target":{"@type":"EntryPoint","urlTemplate":"https:\/\/tipu.ee\/?s={search_term_string}"},"query-input":"required name=search_term_string"}],"inLanguage":"de"},{"@type":"Organization","@id":"https:\/\/tipu.ee\/#organization","name":"TIPU","url":"https:\/\/tipu.ee\/","logo":{"@type":"ImageObject","inLanguage":"de","@id":"https:\/\/tipu.ee\/#\/schema\/logo\/image\/","url":"https:\/\/tipu.ee\/wp-content\/uploads\/2024\/01\/tipulogo.png","contentUrl":"https:\/\/tipu.ee\/wp-content\/uploads\/2024\/01\/tipulogo.png","width":205,"height":120,"caption":"TIPU"},"image":{"@id":"https:\/\/tipu.ee\/#\/schema\/logo\/image\/"}}]}},"_links":{"self":[{"href":"https:\/\/tipu.ee\/de\/wp-json\/wp\/v2\/product\/957","targetHints":{"allow":["GET"]}}],"collection":[{"href":"https:\/\/tipu.ee\/de\/wp-json\/wp\/v2\/product"}],"about":[{"href":"https:\/\/tipu.ee\/de\/wp-json\/wp\/v2\/types\/product"}],"replies":[{"embeddable":true,"href":"https:\/\/tipu.ee\/de\/wp-json\/wp\/v2\/comments?post=957"}],"wp:featuredmedia":[{"embeddable":true,"href":"https:\/\/tipu.ee\/de\/wp-json\/wp\/v2\/media\/919"}],"wp:attachment":[{"href":"https:\/\/tipu.ee\/de\/wp-json\/wp\/v2\/media?parent=957"}],"wp:term":[{"taxonomy":"product_cat","embeddable":true,"href":"https:\/\/tipu.ee\/de\/wp-json\/wp\/v2\/product_cat?post=957"},{"taxonomy":"product_tag","embeddable":true,"href":"https:\/\/tipu.ee\/de\/wp-json\/wp\/v2\/product_tag?post=957"}],"curies":[{"name":"wp","href":"https:\/\/api.w.org\/{rel}","templated":true}]}}