{"id":956,"date":"2024-02-16T02:09:48","date_gmt":"2024-02-16T02:09:48","guid":{"rendered":"https:\/\/tipu.ee\/toode\/glasstrohhalm-in-huelle\/"},"modified":"2024-02-16T02:09:48","modified_gmt":"2024-02-16T02:09:48","slug":"glasstrohhalm-in-huelle","status":"publish","type":"product","link":"https:\/\/tipu.ee\/de\/toode\/glasstrohhalm-in-huelle\/","title":{"rendered":"Glasstrohhalm in H\u00fclle"},"content":{"rendered":"<p>\u00d6kologisch und praktisch \u2013 gravierte Glasstrohhalme in sch\u00f6ner Verpackung.<\/p>\n<p>PERSONALISIERBAR:<\/p>\n<ul>\n<li>Verpackung, einseitiger Vollfarbdruck, wei\u00dfes \u00d6kopapier oder Kraftpapier<\/li>\n<li>Gravur auf dem Strohhalm, 7 x 70 mm<\/li>\n<\/ul>\n<p>WEITERE ELEMENTE:<\/p>\n<ul>\n<li>Glasstrohhalm<\/li>\n<\/ul>\n<p>MA\u00dfE: Strohhalm: L\u00e4nge 200 mm<\/p>\n<p>H\u00fclle: 210 x 30 mm<\/p>\n","protected":false},"excerpt":{"rendered":"<p>\u00d6kologisch und praktisch \u2013 gravierte Glasstrohhalme in sch\u00f6ner Verpackung. PERSONALISIERBAR: Verpackung, einseitiger Vollfarbdruck, wei\u00dfes \u00d6kopapier oder Kraftpapier Gravur auf dem Strohhalm, 7 x 70 mm WEITERE ELEMENTE: Glasstrohhalm MA\u00dfE: Strohhalm: L\u00e4nge 200 mm H\u00fclle: 210 x 30 mm<\/p>\n","protected":false},"featured_media":921,"comment_status":"open","ping_status":"closed","template":"","meta":{"_acf_changed":false},"product_cat":[15],"product_tag":[],"class_list":{"0":"post-956","1":"product","2":"type-product","3":"status-publish","4":"has-post-thumbnail","6":"product_cat-kasvavad-kingitused","8":"first","9":"instock","10":"shipping-taxable","11":"product-type-simple"},"acf":[],"yoast_head":"<!-- This site is optimized with the Yoast SEO plugin v22.1 - https:\/\/yoast.com\/wordpress\/plugins\/seo\/ -->\n<title>Glasstrohhalm in H\u00fclle - TIPU<\/title>\n<meta name=\"robots\" content=\"index, follow, max-snippet:-1, max-image-preview:large, max-video-preview:-1\" \/>\n<link rel=\"canonical\" href=\"https:\/\/tipu.ee\/de\/toode\/glasstrohhalm-in-huelle\/\" \/>\n<meta property=\"og:locale\" content=\"de_DE\" \/>\n<meta property=\"og:type\" content=\"article\" \/>\n<meta property=\"og:title\" content=\"Glasstrohhalm in H\u00fclle - TIPU\" \/>\n<meta property=\"og:description\" content=\"\u00d6kologisch und praktisch \u2013 gravierte Glasstrohhalme in sch\u00f6ner Verpackung. PERSONALISIERBAR: Verpackung, einseitiger Vollfarbdruck, wei\u00dfes \u00d6kopapier oder Kraftpapier Gravur auf dem Strohhalm, 7 x 70 mm WEITERE ELEMENTE: Glasstrohhalm MA\u00dfE: Strohhalm: L\u00e4nge 200 mm H\u00fclle: 210 x 30 mm\" \/>\n<meta property=\"og:url\" content=\"https:\/\/tipu.ee\/de\/toode\/glasstrohhalm-in-huelle\/\" \/>\n<meta property=\"og:site_name\" content=\"TIPU\" \/>\n<meta property=\"og:image\" content=\"http:\/\/tipu.ee\/wp-content\/uploads\/2024\/02\/slomka-886x886-1.jpg\" \/>\n\t<meta property=\"og:image:width\" content=\"850\" \/>\n\t<meta property=\"og:image:height\" content=\"850\" \/>\n\t<meta property=\"og:image:type\" content=\"image\/jpeg\" \/>\n<meta name=\"twitter:card\" content=\"summary_large_image\" \/>\n<script type=\"application\/ld+json\" class=\"yoast-schema-graph\">{\"@context\":\"https:\/\/schema.org\",\"@graph\":[{\"@type\":\"WebPage\",\"@id\":\"https:\/\/tipu.ee\/de\/toode\/glasstrohhalm-in-huelle\/\",\"url\":\"https:\/\/tipu.ee\/de\/toode\/glasstrohhalm-in-huelle\/\",\"name\":\"Glasstrohhalm in H\u00fclle - TIPU\",\"isPartOf\":{\"@id\":\"https:\/\/tipu.ee\/#website\"},\"datePublished\":\"2024-02-16T02:09:48+00:00\",\"dateModified\":\"2024-02-16T02:09:48+00:00\",\"breadcrumb\":{\"@id\":\"https:\/\/tipu.ee\/de\/toode\/glasstrohhalm-in-huelle\/#breadcrumb\"},\"inLanguage\":\"de\",\"potentialAction\":[{\"@type\":\"ReadAction\",\"target\":[\"https:\/\/tipu.ee\/de\/toode\/glasstrohhalm-in-huelle\/\"]}]},{\"@type\":\"BreadcrumbList\",\"@id\":\"https:\/\/tipu.ee\/de\/toode\/glasstrohhalm-in-huelle\/#breadcrumb\",\"itemListElement\":[{\"@type\":\"ListItem\",\"position\":1,\"name\":\"Home\",\"item\":\"https:\/\/tipu.ee\/\"},{\"@type\":\"ListItem\",\"position\":2,\"name\":\"Shop\",\"item\":\"https:\/\/tipu.ee\/de\/shop\/\"},{\"@type\":\"ListItem\",\"position\":3,\"name\":\"Glasstrohhalm in H\u00fclle\"}]},{\"@type\":\"WebSite\",\"@id\":\"https:\/\/tipu.ee\/#website\",\"url\":\"https:\/\/tipu.ee\/\",\"name\":\"TIPU\",\"description\":\"\u00d6koloogilised \u00e4rikingitused\",\"publisher\":{\"@id\":\"https:\/\/tipu.ee\/#organization\"},\"potentialAction\":[{\"@type\":\"SearchAction\",\"target\":{\"@type\":\"EntryPoint\",\"urlTemplate\":\"https:\/\/tipu.ee\/?s={search_term_string}\"},\"query-input\":\"required name=search_term_string\"}],\"inLanguage\":\"de\"},{\"@type\":\"Organization\",\"@id\":\"https:\/\/tipu.ee\/#organization\",\"name\":\"TIPU\",\"url\":\"https:\/\/tipu.ee\/\",\"logo\":{\"@type\":\"ImageObject\",\"inLanguage\":\"de\",\"@id\":\"https:\/\/tipu.ee\/#\/schema\/logo\/image\/\",\"url\":\"https:\/\/tipu.ee\/wp-content\/uploads\/2024\/01\/tipulogo.png\",\"contentUrl\":\"https:\/\/tipu.ee\/wp-content\/uploads\/2024\/01\/tipulogo.png\",\"width\":205,\"height\":120,\"caption\":\"TIPU\"},\"image\":{\"@id\":\"https:\/\/tipu.ee\/#\/schema\/logo\/image\/\"}}]}<\/script>\n<!-- \/ Yoast SEO plugin. -->","yoast_head_json":{"title":"Glasstrohhalm in H\u00fclle - TIPU","robots":{"index":"index","follow":"follow","max-snippet":"max-snippet:-1","max-image-preview":"max-image-preview:large","max-video-preview":"max-video-preview:-1"},"canonical":"https:\/\/tipu.ee\/de\/toode\/glasstrohhalm-in-huelle\/","og_locale":"de_DE","og_type":"article","og_title":"Glasstrohhalm in H\u00fclle - TIPU","og_description":"\u00d6kologisch und praktisch \u2013 gravierte Glasstrohhalme in sch\u00f6ner Verpackung. PERSONALISIERBAR: Verpackung, einseitiger Vollfarbdruck, wei\u00dfes \u00d6kopapier oder Kraftpapier Gravur auf dem Strohhalm, 7 x 70 mm WEITERE ELEMENTE: Glasstrohhalm MA\u00dfE: Strohhalm: L\u00e4nge 200 mm H\u00fclle: 210 x 30 mm","og_url":"https:\/\/tipu.ee\/de\/toode\/glasstrohhalm-in-huelle\/","og_site_name":"TIPU","og_image":[{"width":850,"height":850,"url":"http:\/\/tipu.ee\/wp-content\/uploads\/2024\/02\/slomka-886x886-1.jpg","type":"image\/jpeg"}],"twitter_card":"summary_large_image","schema":{"@context":"https:\/\/schema.org","@graph":[{"@type":"WebPage","@id":"https:\/\/tipu.ee\/de\/toode\/glasstrohhalm-in-huelle\/","url":"https:\/\/tipu.ee\/de\/toode\/glasstrohhalm-in-huelle\/","name":"Glasstrohhalm in H\u00fclle - TIPU","isPartOf":{"@id":"https:\/\/tipu.ee\/#website"},"datePublished":"2024-02-16T02:09:48+00:00","dateModified":"2024-02-16T02:09:48+00:00","breadcrumb":{"@id":"https:\/\/tipu.ee\/de\/toode\/glasstrohhalm-in-huelle\/#breadcrumb"},"inLanguage":"de","potentialAction":[{"@type":"ReadAction","target":["https:\/\/tipu.ee\/de\/toode\/glasstrohhalm-in-huelle\/"]}]},{"@type":"BreadcrumbList","@id":"https:\/\/tipu.ee\/de\/toode\/glasstrohhalm-in-huelle\/#breadcrumb","itemListElement":[{"@type":"ListItem","position":1,"name":"Home","item":"https:\/\/tipu.ee\/"},{"@type":"ListItem","position":2,"name":"Shop","item":"https:\/\/tipu.ee\/de\/shop\/"},{"@type":"ListItem","position":3,"name":"Glasstrohhalm in H\u00fclle"}]},{"@type":"WebSite","@id":"https:\/\/tipu.ee\/#website","url":"https:\/\/tipu.ee\/","name":"TIPU","description":"\u00d6koloogilised \u00e4rikingitused","publisher":{"@id":"https:\/\/tipu.ee\/#organization"},"potentialAction":[{"@type":"SearchAction","target":{"@type":"EntryPoint","urlTemplate":"https:\/\/tipu.ee\/?s={search_term_string}"},"query-input":"required name=search_term_string"}],"inLanguage":"de"},{"@type":"Organization","@id":"https:\/\/tipu.ee\/#organization","name":"TIPU","url":"https:\/\/tipu.ee\/","logo":{"@type":"ImageObject","inLanguage":"de","@id":"https:\/\/tipu.ee\/#\/schema\/logo\/image\/","url":"https:\/\/tipu.ee\/wp-content\/uploads\/2024\/01\/tipulogo.png","contentUrl":"https:\/\/tipu.ee\/wp-content\/uploads\/2024\/01\/tipulogo.png","width":205,"height":120,"caption":"TIPU"},"image":{"@id":"https:\/\/tipu.ee\/#\/schema\/logo\/image\/"}}]}},"_links":{"self":[{"href":"https:\/\/tipu.ee\/de\/wp-json\/wp\/v2\/product\/956","targetHints":{"allow":["GET"]}}],"collection":[{"href":"https:\/\/tipu.ee\/de\/wp-json\/wp\/v2\/product"}],"about":[{"href":"https:\/\/tipu.ee\/de\/wp-json\/wp\/v2\/types\/product"}],"replies":[{"embeddable":true,"href":"https:\/\/tipu.ee\/de\/wp-json\/wp\/v2\/comments?post=956"}],"wp:featuredmedia":[{"embeddable":true,"href":"https:\/\/tipu.ee\/de\/wp-json\/wp\/v2\/media\/921"}],"wp:attachment":[{"href":"https:\/\/tipu.ee\/de\/wp-json\/wp\/v2\/media?parent=956"}],"wp:term":[{"taxonomy":"product_cat","embeddable":true,"href":"https:\/\/tipu.ee\/de\/wp-json\/wp\/v2\/product_cat?post=956"},{"taxonomy":"product_tag","embeddable":true,"href":"https:\/\/tipu.ee\/de\/wp-json\/wp\/v2\/product_tag?post=956"}],"curies":[{"name":"wp","href":"https:\/\/api.w.org\/{rel}","templated":true}]}}