{"id":955,"date":"2024-02-16T05:06:59","date_gmt":"2024-02-16T05:06:59","guid":{"rendered":"https:\/\/tipu.ee\/toode\/samenkapseln-im-karton\/"},"modified":"2024-02-16T05:06:59","modified_gmt":"2024-02-16T05:06:59","slug":"samenkapseln-im-karton","status":"publish","type":"product","link":"https:\/\/tipu.ee\/de\/toode\/samenkapseln-im-karton\/","title":{"rendered":"Samenkapseln im Karton"},"content":{"rendered":"<div class=\"flex-1 overflow-hidden\">\n<div class=\"react-scroll-to-bottom--css-hxaul-79elbk h-full\">\n<div class=\"react-scroll-to-bottom--css-hxaul-1n7m0yu\">\n<div class=\"flex flex-col text-sm pb-9\">\n<div class=\"w-full text-token-text-primary\" data-testid=\"conversation-turn-11\">\n<div class=\"px-4 py-2 justify-center text-base md:gap-6 m-auto\">\n<div class=\"flex flex-1 text-base mx-auto gap-3 md:px-5 lg:px-1 xl:px-5 md:max-w-3xl lg:max-w-[40rem] xl:max-w-[48rem] group final-completion\">\n<div class=\"relative flex w-full flex-col agent-turn\">\n<div class=\"flex-col gap-1 md:gap-3\">\n<div class=\"flex flex-grow flex-col max-w-full\">\n<div class=\"min-h-[20px] text-message flex flex-col items-start gap-3 whitespace-pre-wrap break-words [.text-message+&amp;]:mt-5 overflow-x-auto\" data-message-author-role=\"assistant\" data-message-id=\"064dc07c-e1a1-4886-a126-ff67e6f82594\">\n<div class=\"markdown prose w-full break-words dark:prose-invert light\">\n<p>Eine einzigartige Samenkapsel-Kollektion l\u00e4sst die Natur \u00fcppig wachsen. In der Box befinden sich 8 Biokapseln mit den Samen der von Ihnen gew\u00e4hlten Pflanzen.<\/p>\n<p>PERSONALISIERBAR:<\/p>\n<ul>\n<li>Blatt mit Pflanzanleitung im Inneren der Box, Vollfarbdruck, wei\u00dfes \u00d6kopapier oder Kraftpapier<\/li>\n<li>Kartonumschlag, Vollfarbdruck, wei\u00dfes \u00d6kopapier oder Kraftpapier<\/li>\n<\/ul>\n<p>WEITERE ELEMENTE:<\/p>\n<ul>\n<li>8 x ausgew\u00e4hlte Pflanzensamen in veganen Kapseln<\/li>\n<li>Pappkarton<\/li>\n<\/ul>\n<p>ABMESSUNGEN: 137 x 92 x 24 mm [L\u00e4nge x Breite x H\u00f6he]<\/p>\n<\/div>\n<\/div>\n<\/div>\n<\/div>\n<\/div>\n<\/div>\n<\/div>\n<\/div>\n<\/div>\n<\/div>\n<\/div>\n<\/div>\n","protected":false},"excerpt":{"rendered":"<p>Eine einzigartige Samenkapsel-Kollektion l\u00e4sst die Natur \u00fcppig wachsen. In der Box befinden sich 8 Biokapseln mit den Samen der von Ihnen gew\u00e4hlten Pflanzen. PERSONALISIERBAR: Blatt mit Pflanzanleitung im Inneren der Box, Vollfarbdruck, wei\u00dfes \u00d6kopapier oder Kraftpapier Kartonumschlag, Vollfarbdruck, wei\u00dfes \u00d6kopapier oder Kraftpapier WEITERE ELEMENTE: 8 x ausgew\u00e4hlte Pflanzensamen in veganen Kapseln Pappkarton ABMESSUNGEN: 137 x [&hellip;]<\/p>\n","protected":false},"featured_media":924,"comment_status":"open","ping_status":"closed","template":"","meta":{"_acf_changed":false},"product_cat":[15],"product_tag":[],"class_list":{"0":"post-955","1":"product","2":"type-product","3":"status-publish","4":"has-post-thumbnail","6":"product_cat-kasvavad-kingitused","8":"first","9":"instock","10":"shipping-taxable","11":"product-type-simple"},"acf":[],"yoast_head":"<!-- This site is optimized with the Yoast SEO plugin v22.1 - https:\/\/yoast.com\/wordpress\/plugins\/seo\/ -->\n<title>Samenkapseln im Karton - TIPU<\/title>\n<meta name=\"robots\" content=\"index, follow, max-snippet:-1, max-image-preview:large, max-video-preview:-1\" \/>\n<link rel=\"canonical\" href=\"https:\/\/tipu.ee\/de\/toode\/samenkapseln-im-karton\/\" \/>\n<meta property=\"og:locale\" content=\"de_DE\" \/>\n<meta property=\"og:type\" content=\"article\" \/>\n<meta property=\"og:title\" content=\"Samenkapseln im Karton - TIPU\" \/>\n<meta property=\"og:description\" content=\"Eine einzigartige Samenkapsel-Kollektion l\u00e4sst die Natur \u00fcppig wachsen. In der Box befinden sich 8 Biokapseln mit den Samen der von Ihnen gew\u00e4hlten Pflanzen. PERSONALISIERBAR: Blatt mit Pflanzanleitung im Inneren der Box, Vollfarbdruck, wei\u00dfes \u00d6kopapier oder Kraftpapier Kartonumschlag, Vollfarbdruck, wei\u00dfes \u00d6kopapier oder Kraftpapier WEITERE ELEMENTE: 8 x ausgew\u00e4hlte Pflanzensamen in veganen Kapseln Pappkarton ABMESSUNGEN: 137 x [&hellip;]\" \/>\n<meta property=\"og:url\" content=\"https:\/\/tipu.ee\/de\/toode\/samenkapseln-im-karton\/\" \/>\n<meta property=\"og:site_name\" content=\"TIPU\" \/>\n<meta property=\"og:image\" content=\"http:\/\/tipu.ee\/wp-content\/uploads\/2024\/02\/suplement3-886x886-1.jpg\" \/>\n\t<meta property=\"og:image:width\" content=\"850\" \/>\n\t<meta property=\"og:image:height\" content=\"850\" \/>\n\t<meta property=\"og:image:type\" content=\"image\/jpeg\" \/>\n<meta name=\"twitter:card\" content=\"summary_large_image\" \/>\n<script type=\"application\/ld+json\" class=\"yoast-schema-graph\">{\"@context\":\"https:\/\/schema.org\",\"@graph\":[{\"@type\":\"WebPage\",\"@id\":\"https:\/\/tipu.ee\/de\/toode\/samenkapseln-im-karton\/\",\"url\":\"https:\/\/tipu.ee\/de\/toode\/samenkapseln-im-karton\/\",\"name\":\"Samenkapseln im Karton - TIPU\",\"isPartOf\":{\"@id\":\"https:\/\/tipu.ee\/#website\"},\"datePublished\":\"2024-02-16T05:06:59+00:00\",\"dateModified\":\"2024-02-16T05:06:59+00:00\",\"breadcrumb\":{\"@id\":\"https:\/\/tipu.ee\/de\/toode\/samenkapseln-im-karton\/#breadcrumb\"},\"inLanguage\":\"de\",\"potentialAction\":[{\"@type\":\"ReadAction\",\"target\":[\"https:\/\/tipu.ee\/de\/toode\/samenkapseln-im-karton\/\"]}]},{\"@type\":\"BreadcrumbList\",\"@id\":\"https:\/\/tipu.ee\/de\/toode\/samenkapseln-im-karton\/#breadcrumb\",\"itemListElement\":[{\"@type\":\"ListItem\",\"position\":1,\"name\":\"Home\",\"item\":\"https:\/\/tipu.ee\/\"},{\"@type\":\"ListItem\",\"position\":2,\"name\":\"Shop\",\"item\":\"https:\/\/tipu.ee\/de\/shop\/\"},{\"@type\":\"ListItem\",\"position\":3,\"name\":\"Samenkapseln im Karton\"}]},{\"@type\":\"WebSite\",\"@id\":\"https:\/\/tipu.ee\/#website\",\"url\":\"https:\/\/tipu.ee\/\",\"name\":\"TIPU\",\"description\":\"\u00d6koloogilised \u00e4rikingitused\",\"publisher\":{\"@id\":\"https:\/\/tipu.ee\/#organization\"},\"potentialAction\":[{\"@type\":\"SearchAction\",\"target\":{\"@type\":\"EntryPoint\",\"urlTemplate\":\"https:\/\/tipu.ee\/?s={search_term_string}\"},\"query-input\":\"required name=search_term_string\"}],\"inLanguage\":\"de\"},{\"@type\":\"Organization\",\"@id\":\"https:\/\/tipu.ee\/#organization\",\"name\":\"TIPU\",\"url\":\"https:\/\/tipu.ee\/\",\"logo\":{\"@type\":\"ImageObject\",\"inLanguage\":\"de\",\"@id\":\"https:\/\/tipu.ee\/#\/schema\/logo\/image\/\",\"url\":\"https:\/\/tipu.ee\/wp-content\/uploads\/2024\/01\/tipulogo.png\",\"contentUrl\":\"https:\/\/tipu.ee\/wp-content\/uploads\/2024\/01\/tipulogo.png\",\"width\":205,\"height\":120,\"caption\":\"TIPU\"},\"image\":{\"@id\":\"https:\/\/tipu.ee\/#\/schema\/logo\/image\/\"}}]}<\/script>\n<!-- \/ Yoast SEO plugin. -->","yoast_head_json":{"title":"Samenkapseln im Karton - TIPU","robots":{"index":"index","follow":"follow","max-snippet":"max-snippet:-1","max-image-preview":"max-image-preview:large","max-video-preview":"max-video-preview:-1"},"canonical":"https:\/\/tipu.ee\/de\/toode\/samenkapseln-im-karton\/","og_locale":"de_DE","og_type":"article","og_title":"Samenkapseln im Karton - TIPU","og_description":"Eine einzigartige Samenkapsel-Kollektion l\u00e4sst die Natur \u00fcppig wachsen. In der Box befinden sich 8 Biokapseln mit den Samen der von Ihnen gew\u00e4hlten Pflanzen. PERSONALISIERBAR: Blatt mit Pflanzanleitung im Inneren der Box, Vollfarbdruck, wei\u00dfes \u00d6kopapier oder Kraftpapier Kartonumschlag, Vollfarbdruck, wei\u00dfes \u00d6kopapier oder Kraftpapier WEITERE ELEMENTE: 8 x ausgew\u00e4hlte Pflanzensamen in veganen Kapseln Pappkarton ABMESSUNGEN: 137 x [&hellip;]","og_url":"https:\/\/tipu.ee\/de\/toode\/samenkapseln-im-karton\/","og_site_name":"TIPU","og_image":[{"width":850,"height":850,"url":"http:\/\/tipu.ee\/wp-content\/uploads\/2024\/02\/suplement3-886x886-1.jpg","type":"image\/jpeg"}],"twitter_card":"summary_large_image","schema":{"@context":"https:\/\/schema.org","@graph":[{"@type":"WebPage","@id":"https:\/\/tipu.ee\/de\/toode\/samenkapseln-im-karton\/","url":"https:\/\/tipu.ee\/de\/toode\/samenkapseln-im-karton\/","name":"Samenkapseln im Karton - TIPU","isPartOf":{"@id":"https:\/\/tipu.ee\/#website"},"datePublished":"2024-02-16T05:06:59+00:00","dateModified":"2024-02-16T05:06:59+00:00","breadcrumb":{"@id":"https:\/\/tipu.ee\/de\/toode\/samenkapseln-im-karton\/#breadcrumb"},"inLanguage":"de","potentialAction":[{"@type":"ReadAction","target":["https:\/\/tipu.ee\/de\/toode\/samenkapseln-im-karton\/"]}]},{"@type":"BreadcrumbList","@id":"https:\/\/tipu.ee\/de\/toode\/samenkapseln-im-karton\/#breadcrumb","itemListElement":[{"@type":"ListItem","position":1,"name":"Home","item":"https:\/\/tipu.ee\/"},{"@type":"ListItem","position":2,"name":"Shop","item":"https:\/\/tipu.ee\/de\/shop\/"},{"@type":"ListItem","position":3,"name":"Samenkapseln im Karton"}]},{"@type":"WebSite","@id":"https:\/\/tipu.ee\/#website","url":"https:\/\/tipu.ee\/","name":"TIPU","description":"\u00d6koloogilised \u00e4rikingitused","publisher":{"@id":"https:\/\/tipu.ee\/#organization"},"potentialAction":[{"@type":"SearchAction","target":{"@type":"EntryPoint","urlTemplate":"https:\/\/tipu.ee\/?s={search_term_string}"},"query-input":"required name=search_term_string"}],"inLanguage":"de"},{"@type":"Organization","@id":"https:\/\/tipu.ee\/#organization","name":"TIPU","url":"https:\/\/tipu.ee\/","logo":{"@type":"ImageObject","inLanguage":"de","@id":"https:\/\/tipu.ee\/#\/schema\/logo\/image\/","url":"https:\/\/tipu.ee\/wp-content\/uploads\/2024\/01\/tipulogo.png","contentUrl":"https:\/\/tipu.ee\/wp-content\/uploads\/2024\/01\/tipulogo.png","width":205,"height":120,"caption":"TIPU"},"image":{"@id":"https:\/\/tipu.ee\/#\/schema\/logo\/image\/"}}]}},"_links":{"self":[{"href":"https:\/\/tipu.ee\/de\/wp-json\/wp\/v2\/product\/955","targetHints":{"allow":["GET"]}}],"collection":[{"href":"https:\/\/tipu.ee\/de\/wp-json\/wp\/v2\/product"}],"about":[{"href":"https:\/\/tipu.ee\/de\/wp-json\/wp\/v2\/types\/product"}],"replies":[{"embeddable":true,"href":"https:\/\/tipu.ee\/de\/wp-json\/wp\/v2\/comments?post=955"}],"wp:featuredmedia":[{"embeddable":true,"href":"https:\/\/tipu.ee\/de\/wp-json\/wp\/v2\/media\/924"}],"wp:attachment":[{"href":"https:\/\/tipu.ee\/de\/wp-json\/wp\/v2\/media?parent=955"}],"wp:term":[{"taxonomy":"product_cat","embeddable":true,"href":"https:\/\/tipu.ee\/de\/wp-json\/wp\/v2\/product_cat?post=955"},{"taxonomy":"product_tag","embeddable":true,"href":"https:\/\/tipu.ee\/de\/wp-json\/wp\/v2\/product_tag?post=955"}],"curies":[{"name":"wp","href":"https:\/\/api.w.org\/{rel}","templated":true}]}}