{"id":952,"date":"2024-02-16T06:30:53","date_gmt":"2024-02-16T06:30:53","guid":{"rendered":"https:\/\/tipu.ee\/toode\/set-mit-vier-samenbaellen\/"},"modified":"2024-02-16T06:30:53","modified_gmt":"2024-02-16T06:30:53","slug":"set-mit-vier-samenbaellen","status":"publish","type":"product","link":"https:\/\/tipu.ee\/de\/toode\/set-mit-vier-samenbaellen\/","title":{"rendered":"Set mit vier Samenb\u00e4llen"},"content":{"rendered":"<p>In der Box befinden sich vier Samenb\u00e4lle. Neben den \u00fcblichen Samenb\u00e4llen bieten wir auch farbige Versionen an. Die Farben entsprechen den Farben der in den B\u00e4llen enthaltenen Pflanzen \u2013 w\u00e4hlen Sie Ihre eigene Mischung!<\/p>\n<p>PERSONALISIERBAR:<\/p>\n<ul>\n<li>Blatt im Inneren der Box, Vollfarbdruck, Kraftpapier<\/li>\n<li>Boxh\u00fclle, Vollfarbdruck, \u00d6kopapier oder Kraftpapier<\/li>\n<li>Farben der Samenb\u00e4lle<\/li>\n<\/ul>\n<p>Optional:<\/p>\n<ul>\n<li>ab 500 St\u00fcck Vollfarbdruck auf der Box<\/li>\n<\/ul>\n<p>WEITERE ELEMENTE:<\/p>\n<ul>\n<li>4 ausgew\u00e4hlte Samenb\u00e4lle<\/li>\n<li>Box aus Kraftpapier<\/li>\n<\/ul>\n<p>ABMESSUNGEN:<\/p>\n<p>145 x 190 x 32 mm<\/p>\n","protected":false},"excerpt":{"rendered":"<p>In der Box befinden sich vier Samenb\u00e4lle. Neben den \u00fcblichen Samenb\u00e4llen bieten wir auch farbige Versionen an. Die Farben entsprechen den Farben der in den B\u00e4llen enthaltenen Pflanzen \u2013 w\u00e4hlen Sie Ihre eigene Mischung! PERSONALISIERBAR: Blatt im Inneren der Box, Vollfarbdruck, Kraftpapier Boxh\u00fclle, Vollfarbdruck, \u00d6kopapier oder Kraftpapier Farben der Samenb\u00e4lle Optional: ab 500 St\u00fcck Vollfarbdruck [&hellip;]<\/p>\n","protected":false},"featured_media":936,"comment_status":"open","ping_status":"closed","template":"","meta":{"_acf_changed":false},"product_cat":[15],"product_tag":[],"class_list":{"0":"post-952","1":"product","2":"type-product","3":"status-publish","4":"has-post-thumbnail","6":"product_cat-kasvavad-kingitused","8":"first","9":"instock","10":"shipping-taxable","11":"product-type-simple"},"acf":[],"yoast_head":"<!-- This site is optimized with the Yoast SEO plugin v22.1 - https:\/\/yoast.com\/wordpress\/plugins\/seo\/ -->\n<title>Set mit vier Samenb\u00e4llen - TIPU<\/title>\n<meta name=\"robots\" content=\"index, follow, max-snippet:-1, max-image-preview:large, max-video-preview:-1\" \/>\n<link rel=\"canonical\" href=\"https:\/\/tipu.ee\/de\/toode\/set-mit-vier-samenbaellen\/\" \/>\n<meta property=\"og:locale\" content=\"de_DE\" \/>\n<meta property=\"og:type\" content=\"article\" \/>\n<meta property=\"og:title\" content=\"Set mit vier Samenb\u00e4llen - TIPU\" \/>\n<meta property=\"og:description\" content=\"In der Box befinden sich vier Samenb\u00e4lle. Neben den \u00fcblichen Samenb\u00e4llen bieten wir auch farbige Versionen an. Die Farben entsprechen den Farben der in den B\u00e4llen enthaltenen Pflanzen \u2013 w\u00e4hlen Sie Ihre eigene Mischung! PERSONALISIERBAR: Blatt im Inneren der Box, Vollfarbdruck, Kraftpapier Boxh\u00fclle, Vollfarbdruck, \u00d6kopapier oder Kraftpapier Farben der Samenb\u00e4lle Optional: ab 500 St\u00fcck Vollfarbdruck [&hellip;]\" \/>\n<meta property=\"og:url\" content=\"https:\/\/tipu.ee\/de\/toode\/set-mit-vier-samenbaellen\/\" \/>\n<meta property=\"og:site_name\" content=\"TIPU\" \/>\n<meta property=\"og:image\" content=\"http:\/\/tipu.ee\/wp-content\/uploads\/2024\/02\/beebombs_4-pack-948x886-1.jpg\" \/>\n\t<meta property=\"og:image:width\" content=\"850\" \/>\n\t<meta property=\"og:image:height\" content=\"794\" \/>\n\t<meta property=\"og:image:type\" content=\"image\/jpeg\" \/>\n<meta name=\"twitter:card\" content=\"summary_large_image\" \/>\n<script type=\"application\/ld+json\" class=\"yoast-schema-graph\">{\"@context\":\"https:\/\/schema.org\",\"@graph\":[{\"@type\":\"WebPage\",\"@id\":\"https:\/\/tipu.ee\/de\/toode\/set-mit-vier-samenbaellen\/\",\"url\":\"https:\/\/tipu.ee\/de\/toode\/set-mit-vier-samenbaellen\/\",\"name\":\"Set mit vier Samenb\u00e4llen - TIPU\",\"isPartOf\":{\"@id\":\"https:\/\/tipu.ee\/#website\"},\"datePublished\":\"2024-02-16T06:30:53+00:00\",\"dateModified\":\"2024-02-16T06:30:53+00:00\",\"breadcrumb\":{\"@id\":\"https:\/\/tipu.ee\/de\/toode\/set-mit-vier-samenbaellen\/#breadcrumb\"},\"inLanguage\":\"de\",\"potentialAction\":[{\"@type\":\"ReadAction\",\"target\":[\"https:\/\/tipu.ee\/de\/toode\/set-mit-vier-samenbaellen\/\"]}]},{\"@type\":\"BreadcrumbList\",\"@id\":\"https:\/\/tipu.ee\/de\/toode\/set-mit-vier-samenbaellen\/#breadcrumb\",\"itemListElement\":[{\"@type\":\"ListItem\",\"position\":1,\"name\":\"Home\",\"item\":\"https:\/\/tipu.ee\/\"},{\"@type\":\"ListItem\",\"position\":2,\"name\":\"Shop\",\"item\":\"https:\/\/tipu.ee\/de\/shop\/\"},{\"@type\":\"ListItem\",\"position\":3,\"name\":\"Set mit vier Samenb\u00e4llen\"}]},{\"@type\":\"WebSite\",\"@id\":\"https:\/\/tipu.ee\/#website\",\"url\":\"https:\/\/tipu.ee\/\",\"name\":\"TIPU\",\"description\":\"\u00d6koloogilised \u00e4rikingitused\",\"publisher\":{\"@id\":\"https:\/\/tipu.ee\/#organization\"},\"potentialAction\":[{\"@type\":\"SearchAction\",\"target\":{\"@type\":\"EntryPoint\",\"urlTemplate\":\"https:\/\/tipu.ee\/?s={search_term_string}\"},\"query-input\":\"required name=search_term_string\"}],\"inLanguage\":\"de\"},{\"@type\":\"Organization\",\"@id\":\"https:\/\/tipu.ee\/#organization\",\"name\":\"TIPU\",\"url\":\"https:\/\/tipu.ee\/\",\"logo\":{\"@type\":\"ImageObject\",\"inLanguage\":\"de\",\"@id\":\"https:\/\/tipu.ee\/#\/schema\/logo\/image\/\",\"url\":\"https:\/\/tipu.ee\/wp-content\/uploads\/2024\/01\/tipulogo.png\",\"contentUrl\":\"https:\/\/tipu.ee\/wp-content\/uploads\/2024\/01\/tipulogo.png\",\"width\":205,\"height\":120,\"caption\":\"TIPU\"},\"image\":{\"@id\":\"https:\/\/tipu.ee\/#\/schema\/logo\/image\/\"}}]}<\/script>\n<!-- \/ Yoast SEO plugin. -->","yoast_head_json":{"title":"Set mit vier Samenb\u00e4llen - TIPU","robots":{"index":"index","follow":"follow","max-snippet":"max-snippet:-1","max-image-preview":"max-image-preview:large","max-video-preview":"max-video-preview:-1"},"canonical":"https:\/\/tipu.ee\/de\/toode\/set-mit-vier-samenbaellen\/","og_locale":"de_DE","og_type":"article","og_title":"Set mit vier Samenb\u00e4llen - TIPU","og_description":"In der Box befinden sich vier Samenb\u00e4lle. Neben den \u00fcblichen Samenb\u00e4llen bieten wir auch farbige Versionen an. Die Farben entsprechen den Farben der in den B\u00e4llen enthaltenen Pflanzen \u2013 w\u00e4hlen Sie Ihre eigene Mischung! PERSONALISIERBAR: Blatt im Inneren der Box, Vollfarbdruck, Kraftpapier Boxh\u00fclle, Vollfarbdruck, \u00d6kopapier oder Kraftpapier Farben der Samenb\u00e4lle Optional: ab 500 St\u00fcck Vollfarbdruck [&hellip;]","og_url":"https:\/\/tipu.ee\/de\/toode\/set-mit-vier-samenbaellen\/","og_site_name":"TIPU","og_image":[{"width":850,"height":794,"url":"http:\/\/tipu.ee\/wp-content\/uploads\/2024\/02\/beebombs_4-pack-948x886-1.jpg","type":"image\/jpeg"}],"twitter_card":"summary_large_image","schema":{"@context":"https:\/\/schema.org","@graph":[{"@type":"WebPage","@id":"https:\/\/tipu.ee\/de\/toode\/set-mit-vier-samenbaellen\/","url":"https:\/\/tipu.ee\/de\/toode\/set-mit-vier-samenbaellen\/","name":"Set mit vier Samenb\u00e4llen - TIPU","isPartOf":{"@id":"https:\/\/tipu.ee\/#website"},"datePublished":"2024-02-16T06:30:53+00:00","dateModified":"2024-02-16T06:30:53+00:00","breadcrumb":{"@id":"https:\/\/tipu.ee\/de\/toode\/set-mit-vier-samenbaellen\/#breadcrumb"},"inLanguage":"de","potentialAction":[{"@type":"ReadAction","target":["https:\/\/tipu.ee\/de\/toode\/set-mit-vier-samenbaellen\/"]}]},{"@type":"BreadcrumbList","@id":"https:\/\/tipu.ee\/de\/toode\/set-mit-vier-samenbaellen\/#breadcrumb","itemListElement":[{"@type":"ListItem","position":1,"name":"Home","item":"https:\/\/tipu.ee\/"},{"@type":"ListItem","position":2,"name":"Shop","item":"https:\/\/tipu.ee\/de\/shop\/"},{"@type":"ListItem","position":3,"name":"Set mit vier Samenb\u00e4llen"}]},{"@type":"WebSite","@id":"https:\/\/tipu.ee\/#website","url":"https:\/\/tipu.ee\/","name":"TIPU","description":"\u00d6koloogilised \u00e4rikingitused","publisher":{"@id":"https:\/\/tipu.ee\/#organization"},"potentialAction":[{"@type":"SearchAction","target":{"@type":"EntryPoint","urlTemplate":"https:\/\/tipu.ee\/?s={search_term_string}"},"query-input":"required name=search_term_string"}],"inLanguage":"de"},{"@type":"Organization","@id":"https:\/\/tipu.ee\/#organization","name":"TIPU","url":"https:\/\/tipu.ee\/","logo":{"@type":"ImageObject","inLanguage":"de","@id":"https:\/\/tipu.ee\/#\/schema\/logo\/image\/","url":"https:\/\/tipu.ee\/wp-content\/uploads\/2024\/01\/tipulogo.png","contentUrl":"https:\/\/tipu.ee\/wp-content\/uploads\/2024\/01\/tipulogo.png","width":205,"height":120,"caption":"TIPU"},"image":{"@id":"https:\/\/tipu.ee\/#\/schema\/logo\/image\/"}}]}},"_links":{"self":[{"href":"https:\/\/tipu.ee\/de\/wp-json\/wp\/v2\/product\/952","targetHints":{"allow":["GET"]}}],"collection":[{"href":"https:\/\/tipu.ee\/de\/wp-json\/wp\/v2\/product"}],"about":[{"href":"https:\/\/tipu.ee\/de\/wp-json\/wp\/v2\/types\/product"}],"replies":[{"embeddable":true,"href":"https:\/\/tipu.ee\/de\/wp-json\/wp\/v2\/comments?post=952"}],"wp:featuredmedia":[{"embeddable":true,"href":"https:\/\/tipu.ee\/de\/wp-json\/wp\/v2\/media\/936"}],"wp:attachment":[{"href":"https:\/\/tipu.ee\/de\/wp-json\/wp\/v2\/media?parent=952"}],"wp:term":[{"taxonomy":"product_cat","embeddable":true,"href":"https:\/\/tipu.ee\/de\/wp-json\/wp\/v2\/product_cat?post=952"},{"taxonomy":"product_tag","embeddable":true,"href":"https:\/\/tipu.ee\/de\/wp-json\/wp\/v2\/product_tag?post=952"}],"curies":[{"name":"wp","href":"https:\/\/api.w.org\/{rel}","templated":true}]}}