{"id":951,"date":"2024-02-16T06:37:44","date_gmt":"2024-02-16T06:37:44","guid":{"rendered":"https:\/\/tipu.ee\/toode\/samenball-im-jutesack\/"},"modified":"2024-02-16T06:37:44","modified_gmt":"2024-02-16T06:37:44","slug":"samenball-im-jutesack","status":"publish","type":"product","link":"https:\/\/tipu.ee\/de\/toode\/samenball-im-jutesack\/","title":{"rendered":"Samenball im Jutesack"},"content":{"rendered":"<p>Der Samenball enth\u00e4lt Samen von Bienenpflanzen und Humus. Werfen Sie den Samenball zum Beispiel in einen Park in der Stadt oder legen Sie ihn auf die Fensterbank in einen Blumentopf. Sie schaffen eine kleine Blumenwiese \u2013 ein echtes Buffet f\u00fcr Bienen!<\/p>\n<p>PERSONALISIERBAR:<\/p>\n<ul>\n<li>Etikett mit Pflanzanleitung auf der R\u00fcckseite, Vollfarbdruck, wei\u00dfes \u00d6kopapier oder Kraftpapier, 50 x 70 mm<\/li>\n<\/ul>\n<p>IM SET ENTHALTEN:<\/p>\n<ul>\n<li>Samenball<\/li>\n<li>Beutel aus nat\u00fcrlichem Jute<\/li>\n<\/ul>\n<p>MA\u00dfE: Beutel: 80 x 100 mm<\/p>\n","protected":false},"excerpt":{"rendered":"<p>Der Samenball enth\u00e4lt Samen von Bienenpflanzen und Humus. Werfen Sie den Samenball zum Beispiel in einen Park in der Stadt oder legen Sie ihn auf die Fensterbank in einen Blumentopf. Sie schaffen eine kleine Blumenwiese \u2013 ein echtes Buffet f\u00fcr Bienen! PERSONALISIERBAR: Etikett mit Pflanzanleitung auf der R\u00fcckseite, Vollfarbdruck, wei\u00dfes \u00d6kopapier oder Kraftpapier, 50 x [&hellip;]<\/p>\n","protected":false},"featured_media":929,"comment_status":"open","ping_status":"closed","template":"","meta":{"_acf_changed":false},"product_cat":[15],"product_tag":[],"class_list":{"0":"post-951","1":"product","2":"type-product","3":"status-publish","4":"has-post-thumbnail","6":"product_cat-kasvavad-kingitused","8":"first","9":"instock","10":"shipping-taxable","11":"product-type-simple"},"acf":[],"yoast_head":"<!-- This site is optimized with the Yoast SEO plugin v22.1 - https:\/\/yoast.com\/wordpress\/plugins\/seo\/ -->\n<title>Samenball im Jutesack - TIPU<\/title>\n<meta name=\"robots\" content=\"index, follow, max-snippet:-1, max-image-preview:large, max-video-preview:-1\" \/>\n<link rel=\"canonical\" href=\"https:\/\/tipu.ee\/de\/toode\/samenball-im-jutesack\/\" \/>\n<meta property=\"og:locale\" content=\"de_DE\" \/>\n<meta property=\"og:type\" content=\"article\" \/>\n<meta property=\"og:title\" content=\"Samenball im Jutesack - TIPU\" \/>\n<meta property=\"og:description\" content=\"Der Samenball enth\u00e4lt Samen von Bienenpflanzen und Humus. Werfen Sie den Samenball zum Beispiel in einen Park in der Stadt oder legen Sie ihn auf die Fensterbank in einen Blumentopf. Sie schaffen eine kleine Blumenwiese \u2013 ein echtes Buffet f\u00fcr Bienen! PERSONALISIERBAR: Etikett mit Pflanzanleitung auf der R\u00fcckseite, Vollfarbdruck, wei\u00dfes \u00d6kopapier oder Kraftpapier, 50 x [&hellip;]\" \/>\n<meta property=\"og:url\" content=\"https:\/\/tipu.ee\/de\/toode\/samenball-im-jutesack\/\" \/>\n<meta property=\"og:site_name\" content=\"TIPU\" \/>\n<meta property=\"og:image\" content=\"http:\/\/tipu.ee\/wp-content\/uploads\/2024\/01\/850x850_bomba_juta-886x886-1.jpg\" \/>\n\t<meta property=\"og:image:width\" content=\"850\" \/>\n\t<meta property=\"og:image:height\" content=\"850\" \/>\n\t<meta property=\"og:image:type\" content=\"image\/jpeg\" \/>\n<meta name=\"twitter:card\" content=\"summary_large_image\" \/>\n<script type=\"application\/ld+json\" class=\"yoast-schema-graph\">{\"@context\":\"https:\/\/schema.org\",\"@graph\":[{\"@type\":\"WebPage\",\"@id\":\"https:\/\/tipu.ee\/de\/toode\/samenball-im-jutesack\/\",\"url\":\"https:\/\/tipu.ee\/de\/toode\/samenball-im-jutesack\/\",\"name\":\"Samenball im Jutesack - TIPU\",\"isPartOf\":{\"@id\":\"https:\/\/tipu.ee\/#website\"},\"datePublished\":\"2024-02-16T06:37:44+00:00\",\"dateModified\":\"2024-02-16T06:37:44+00:00\",\"breadcrumb\":{\"@id\":\"https:\/\/tipu.ee\/de\/toode\/samenball-im-jutesack\/#breadcrumb\"},\"inLanguage\":\"de\",\"potentialAction\":[{\"@type\":\"ReadAction\",\"target\":[\"https:\/\/tipu.ee\/de\/toode\/samenball-im-jutesack\/\"]}]},{\"@type\":\"BreadcrumbList\",\"@id\":\"https:\/\/tipu.ee\/de\/toode\/samenball-im-jutesack\/#breadcrumb\",\"itemListElement\":[{\"@type\":\"ListItem\",\"position\":1,\"name\":\"Home\",\"item\":\"https:\/\/tipu.ee\/\"},{\"@type\":\"ListItem\",\"position\":2,\"name\":\"Shop\",\"item\":\"https:\/\/tipu.ee\/de\/shop\/\"},{\"@type\":\"ListItem\",\"position\":3,\"name\":\"Samenball im Jutesack\"}]},{\"@type\":\"WebSite\",\"@id\":\"https:\/\/tipu.ee\/#website\",\"url\":\"https:\/\/tipu.ee\/\",\"name\":\"TIPU\",\"description\":\"\u00d6koloogilised \u00e4rikingitused\",\"publisher\":{\"@id\":\"https:\/\/tipu.ee\/#organization\"},\"potentialAction\":[{\"@type\":\"SearchAction\",\"target\":{\"@type\":\"EntryPoint\",\"urlTemplate\":\"https:\/\/tipu.ee\/?s={search_term_string}\"},\"query-input\":\"required name=search_term_string\"}],\"inLanguage\":\"de\"},{\"@type\":\"Organization\",\"@id\":\"https:\/\/tipu.ee\/#organization\",\"name\":\"TIPU\",\"url\":\"https:\/\/tipu.ee\/\",\"logo\":{\"@type\":\"ImageObject\",\"inLanguage\":\"de\",\"@id\":\"https:\/\/tipu.ee\/#\/schema\/logo\/image\/\",\"url\":\"https:\/\/tipu.ee\/wp-content\/uploads\/2024\/01\/tipulogo.png\",\"contentUrl\":\"https:\/\/tipu.ee\/wp-content\/uploads\/2024\/01\/tipulogo.png\",\"width\":205,\"height\":120,\"caption\":\"TIPU\"},\"image\":{\"@id\":\"https:\/\/tipu.ee\/#\/schema\/logo\/image\/\"}}]}<\/script>\n<!-- \/ Yoast SEO plugin. -->","yoast_head_json":{"title":"Samenball im Jutesack - TIPU","robots":{"index":"index","follow":"follow","max-snippet":"max-snippet:-1","max-image-preview":"max-image-preview:large","max-video-preview":"max-video-preview:-1"},"canonical":"https:\/\/tipu.ee\/de\/toode\/samenball-im-jutesack\/","og_locale":"de_DE","og_type":"article","og_title":"Samenball im Jutesack - TIPU","og_description":"Der Samenball enth\u00e4lt Samen von Bienenpflanzen und Humus. Werfen Sie den Samenball zum Beispiel in einen Park in der Stadt oder legen Sie ihn auf die Fensterbank in einen Blumentopf. Sie schaffen eine kleine Blumenwiese \u2013 ein echtes Buffet f\u00fcr Bienen! PERSONALISIERBAR: Etikett mit Pflanzanleitung auf der R\u00fcckseite, Vollfarbdruck, wei\u00dfes \u00d6kopapier oder Kraftpapier, 50 x [&hellip;]","og_url":"https:\/\/tipu.ee\/de\/toode\/samenball-im-jutesack\/","og_site_name":"TIPU","og_image":[{"width":850,"height":850,"url":"http:\/\/tipu.ee\/wp-content\/uploads\/2024\/01\/850x850_bomba_juta-886x886-1.jpg","type":"image\/jpeg"}],"twitter_card":"summary_large_image","schema":{"@context":"https:\/\/schema.org","@graph":[{"@type":"WebPage","@id":"https:\/\/tipu.ee\/de\/toode\/samenball-im-jutesack\/","url":"https:\/\/tipu.ee\/de\/toode\/samenball-im-jutesack\/","name":"Samenball im Jutesack - TIPU","isPartOf":{"@id":"https:\/\/tipu.ee\/#website"},"datePublished":"2024-02-16T06:37:44+00:00","dateModified":"2024-02-16T06:37:44+00:00","breadcrumb":{"@id":"https:\/\/tipu.ee\/de\/toode\/samenball-im-jutesack\/#breadcrumb"},"inLanguage":"de","potentialAction":[{"@type":"ReadAction","target":["https:\/\/tipu.ee\/de\/toode\/samenball-im-jutesack\/"]}]},{"@type":"BreadcrumbList","@id":"https:\/\/tipu.ee\/de\/toode\/samenball-im-jutesack\/#breadcrumb","itemListElement":[{"@type":"ListItem","position":1,"name":"Home","item":"https:\/\/tipu.ee\/"},{"@type":"ListItem","position":2,"name":"Shop","item":"https:\/\/tipu.ee\/de\/shop\/"},{"@type":"ListItem","position":3,"name":"Samenball im Jutesack"}]},{"@type":"WebSite","@id":"https:\/\/tipu.ee\/#website","url":"https:\/\/tipu.ee\/","name":"TIPU","description":"\u00d6koloogilised \u00e4rikingitused","publisher":{"@id":"https:\/\/tipu.ee\/#organization"},"potentialAction":[{"@type":"SearchAction","target":{"@type":"EntryPoint","urlTemplate":"https:\/\/tipu.ee\/?s={search_term_string}"},"query-input":"required name=search_term_string"}],"inLanguage":"de"},{"@type":"Organization","@id":"https:\/\/tipu.ee\/#organization","name":"TIPU","url":"https:\/\/tipu.ee\/","logo":{"@type":"ImageObject","inLanguage":"de","@id":"https:\/\/tipu.ee\/#\/schema\/logo\/image\/","url":"https:\/\/tipu.ee\/wp-content\/uploads\/2024\/01\/tipulogo.png","contentUrl":"https:\/\/tipu.ee\/wp-content\/uploads\/2024\/01\/tipulogo.png","width":205,"height":120,"caption":"TIPU"},"image":{"@id":"https:\/\/tipu.ee\/#\/schema\/logo\/image\/"}}]}},"_links":{"self":[{"href":"https:\/\/tipu.ee\/de\/wp-json\/wp\/v2\/product\/951","targetHints":{"allow":["GET"]}}],"collection":[{"href":"https:\/\/tipu.ee\/de\/wp-json\/wp\/v2\/product"}],"about":[{"href":"https:\/\/tipu.ee\/de\/wp-json\/wp\/v2\/types\/product"}],"replies":[{"embeddable":true,"href":"https:\/\/tipu.ee\/de\/wp-json\/wp\/v2\/comments?post=951"}],"wp:featuredmedia":[{"embeddable":true,"href":"https:\/\/tipu.ee\/de\/wp-json\/wp\/v2\/media\/929"}],"wp:attachment":[{"href":"https:\/\/tipu.ee\/de\/wp-json\/wp\/v2\/media?parent=951"}],"wp:term":[{"taxonomy":"product_cat","embeddable":true,"href":"https:\/\/tipu.ee\/de\/wp-json\/wp\/v2\/product_cat?post=951"},{"taxonomy":"product_tag","embeddable":true,"href":"https:\/\/tipu.ee\/de\/wp-json\/wp\/v2\/product_tag?post=951"}],"curies":[{"name":"wp","href":"https:\/\/api.w.org\/{rel}","templated":true}]}}