{"id":950,"date":"2024-02-16T06:39:16","date_gmt":"2024-02-16T06:39:16","guid":{"rendered":"https:\/\/tipu.ee\/toode\/samenball-im-glas\/"},"modified":"2024-02-16T06:39:16","modified_gmt":"2024-02-16T06:39:16","slug":"samenball-im-glas","status":"publish","type":"product","link":"https:\/\/tipu.ee\/de\/toode\/samenball-im-glas\/","title":{"rendered":"Samenball im Glas"},"content":{"rendered":"<p>Der Samenball enth\u00e4lt Samen von Bienenpflanzen und Humus. Werfen Sie den Samenball zum Beispiel in einen Park in der Stadt oder legen Sie ihn auf die Fensterbank in einen Blumentopf. Sie schaffen eine kleine Blumenwiese \u2013 ein echtes Buffet f\u00fcr Bienen!<\/p>\n<p>PERSONALISIERBAR:<\/p>\n<ul>\n<li>Vollfarbetikett auf dem Glas, 52 x 20 mm<\/li>\n<li>Vollfarbetikett auf dem Deckel, \u00d8: 25 mm Optional:<\/li>\n<li>Box mit Vollfarbetikett, \u00d8: 25 mm oder Vollfarbdruck<\/li>\n<\/ul>\n<p>WEITERE ELEMENTE:<\/p>\n<ul>\n<li>Samenball<\/li>\n<li>Glasgef\u00e4\u00df 40 ml<\/li>\n<li>Anleitungsetikett am Boden des Gef\u00e4\u00dfes, \u00d8: 25 mm Optional:<\/li>\n<li>Kartonbox<\/li>\n<\/ul>\n<p>MA\u00dfE:<\/p>\n<p>Glas: \u00d8: 45 mm, H: 50 mm<\/p>\n<p>Box: 55 x 55 x 58 mm<\/p>\n","protected":false},"excerpt":{"rendered":"<p>Der Samenball enth\u00e4lt Samen von Bienenpflanzen und Humus. Werfen Sie den Samenball zum Beispiel in einen Park in der Stadt oder legen Sie ihn auf die Fensterbank in einen Blumentopf. Sie schaffen eine kleine Blumenwiese \u2013 ein echtes Buffet f\u00fcr Bienen! PERSONALISIERBAR: Vollfarbetikett auf dem Glas, 52 x 20 mm Vollfarbetikett auf dem Deckel, \u00d8: [&hellip;]<\/p>\n","protected":false},"featured_media":931,"comment_status":"open","ping_status":"closed","template":"","meta":{"_acf_changed":false},"product_cat":[15],"product_tag":[],"class_list":{"0":"post-950","1":"product","2":"type-product","3":"status-publish","4":"has-post-thumbnail","6":"product_cat-kasvavad-kingitused","8":"first","9":"instock","10":"shipping-taxable","11":"product-type-simple"},"acf":[],"yoast_head":"<!-- This site is optimized with the Yoast SEO plugin v22.1 - https:\/\/yoast.com\/wordpress\/plugins\/seo\/ -->\n<title>Samenball im Glas - TIPU<\/title>\n<meta name=\"robots\" content=\"index, follow, max-snippet:-1, max-image-preview:large, max-video-preview:-1\" \/>\n<link rel=\"canonical\" href=\"https:\/\/tipu.ee\/de\/toode\/samenball-im-glas\/\" \/>\n<meta property=\"og:locale\" content=\"de_DE\" \/>\n<meta property=\"og:type\" content=\"article\" \/>\n<meta property=\"og:title\" content=\"Samenball im Glas - TIPU\" \/>\n<meta property=\"og:description\" content=\"Der Samenball enth\u00e4lt Samen von Bienenpflanzen und Humus. Werfen Sie den Samenball zum Beispiel in einen Park in der Stadt oder legen Sie ihn auf die Fensterbank in einen Blumentopf. Sie schaffen eine kleine Blumenwiese \u2013 ein echtes Buffet f\u00fcr Bienen! PERSONALISIERBAR: Vollfarbetikett auf dem Glas, 52 x 20 mm Vollfarbetikett auf dem Deckel, \u00d8: [&hellip;]\" \/>\n<meta property=\"og:url\" content=\"https:\/\/tipu.ee\/de\/toode\/samenball-im-glas\/\" \/>\n<meta property=\"og:site_name\" content=\"TIPU\" \/>\n<meta property=\"og:image\" content=\"http:\/\/tipu.ee\/wp-content\/uploads\/2024\/01\/850x850_bomba_sloik03-1-886x886-1.jpg\" \/>\n\t<meta property=\"og:image:width\" content=\"850\" \/>\n\t<meta property=\"og:image:height\" content=\"850\" \/>\n\t<meta property=\"og:image:type\" content=\"image\/jpeg\" \/>\n<meta name=\"twitter:card\" content=\"summary_large_image\" \/>\n<script type=\"application\/ld+json\" class=\"yoast-schema-graph\">{\"@context\":\"https:\/\/schema.org\",\"@graph\":[{\"@type\":\"WebPage\",\"@id\":\"https:\/\/tipu.ee\/de\/toode\/samenball-im-glas\/\",\"url\":\"https:\/\/tipu.ee\/de\/toode\/samenball-im-glas\/\",\"name\":\"Samenball im Glas - TIPU\",\"isPartOf\":{\"@id\":\"https:\/\/tipu.ee\/#website\"},\"datePublished\":\"2024-02-16T06:39:16+00:00\",\"dateModified\":\"2024-02-16T06:39:16+00:00\",\"breadcrumb\":{\"@id\":\"https:\/\/tipu.ee\/de\/toode\/samenball-im-glas\/#breadcrumb\"},\"inLanguage\":\"de\",\"potentialAction\":[{\"@type\":\"ReadAction\",\"target\":[\"https:\/\/tipu.ee\/de\/toode\/samenball-im-glas\/\"]}]},{\"@type\":\"BreadcrumbList\",\"@id\":\"https:\/\/tipu.ee\/de\/toode\/samenball-im-glas\/#breadcrumb\",\"itemListElement\":[{\"@type\":\"ListItem\",\"position\":1,\"name\":\"Home\",\"item\":\"https:\/\/tipu.ee\/\"},{\"@type\":\"ListItem\",\"position\":2,\"name\":\"Shop\",\"item\":\"https:\/\/tipu.ee\/de\/shop\/\"},{\"@type\":\"ListItem\",\"position\":3,\"name\":\"Samenball im Glas\"}]},{\"@type\":\"WebSite\",\"@id\":\"https:\/\/tipu.ee\/#website\",\"url\":\"https:\/\/tipu.ee\/\",\"name\":\"TIPU\",\"description\":\"\u00d6koloogilised \u00e4rikingitused\",\"publisher\":{\"@id\":\"https:\/\/tipu.ee\/#organization\"},\"potentialAction\":[{\"@type\":\"SearchAction\",\"target\":{\"@type\":\"EntryPoint\",\"urlTemplate\":\"https:\/\/tipu.ee\/?s={search_term_string}\"},\"query-input\":\"required name=search_term_string\"}],\"inLanguage\":\"de\"},{\"@type\":\"Organization\",\"@id\":\"https:\/\/tipu.ee\/#organization\",\"name\":\"TIPU\",\"url\":\"https:\/\/tipu.ee\/\",\"logo\":{\"@type\":\"ImageObject\",\"inLanguage\":\"de\",\"@id\":\"https:\/\/tipu.ee\/#\/schema\/logo\/image\/\",\"url\":\"https:\/\/tipu.ee\/wp-content\/uploads\/2024\/01\/tipulogo.png\",\"contentUrl\":\"https:\/\/tipu.ee\/wp-content\/uploads\/2024\/01\/tipulogo.png\",\"width\":205,\"height\":120,\"caption\":\"TIPU\"},\"image\":{\"@id\":\"https:\/\/tipu.ee\/#\/schema\/logo\/image\/\"}}]}<\/script>\n<!-- \/ Yoast SEO plugin. -->","yoast_head_json":{"title":"Samenball im Glas - TIPU","robots":{"index":"index","follow":"follow","max-snippet":"max-snippet:-1","max-image-preview":"max-image-preview:large","max-video-preview":"max-video-preview:-1"},"canonical":"https:\/\/tipu.ee\/de\/toode\/samenball-im-glas\/","og_locale":"de_DE","og_type":"article","og_title":"Samenball im Glas - TIPU","og_description":"Der Samenball enth\u00e4lt Samen von Bienenpflanzen und Humus. Werfen Sie den Samenball zum Beispiel in einen Park in der Stadt oder legen Sie ihn auf die Fensterbank in einen Blumentopf. Sie schaffen eine kleine Blumenwiese \u2013 ein echtes Buffet f\u00fcr Bienen! PERSONALISIERBAR: Vollfarbetikett auf dem Glas, 52 x 20 mm Vollfarbetikett auf dem Deckel, \u00d8: [&hellip;]","og_url":"https:\/\/tipu.ee\/de\/toode\/samenball-im-glas\/","og_site_name":"TIPU","og_image":[{"width":850,"height":850,"url":"http:\/\/tipu.ee\/wp-content\/uploads\/2024\/01\/850x850_bomba_sloik03-1-886x886-1.jpg","type":"image\/jpeg"}],"twitter_card":"summary_large_image","schema":{"@context":"https:\/\/schema.org","@graph":[{"@type":"WebPage","@id":"https:\/\/tipu.ee\/de\/toode\/samenball-im-glas\/","url":"https:\/\/tipu.ee\/de\/toode\/samenball-im-glas\/","name":"Samenball im Glas - TIPU","isPartOf":{"@id":"https:\/\/tipu.ee\/#website"},"datePublished":"2024-02-16T06:39:16+00:00","dateModified":"2024-02-16T06:39:16+00:00","breadcrumb":{"@id":"https:\/\/tipu.ee\/de\/toode\/samenball-im-glas\/#breadcrumb"},"inLanguage":"de","potentialAction":[{"@type":"ReadAction","target":["https:\/\/tipu.ee\/de\/toode\/samenball-im-glas\/"]}]},{"@type":"BreadcrumbList","@id":"https:\/\/tipu.ee\/de\/toode\/samenball-im-glas\/#breadcrumb","itemListElement":[{"@type":"ListItem","position":1,"name":"Home","item":"https:\/\/tipu.ee\/"},{"@type":"ListItem","position":2,"name":"Shop","item":"https:\/\/tipu.ee\/de\/shop\/"},{"@type":"ListItem","position":3,"name":"Samenball im Glas"}]},{"@type":"WebSite","@id":"https:\/\/tipu.ee\/#website","url":"https:\/\/tipu.ee\/","name":"TIPU","description":"\u00d6koloogilised \u00e4rikingitused","publisher":{"@id":"https:\/\/tipu.ee\/#organization"},"potentialAction":[{"@type":"SearchAction","target":{"@type":"EntryPoint","urlTemplate":"https:\/\/tipu.ee\/?s={search_term_string}"},"query-input":"required name=search_term_string"}],"inLanguage":"de"},{"@type":"Organization","@id":"https:\/\/tipu.ee\/#organization","name":"TIPU","url":"https:\/\/tipu.ee\/","logo":{"@type":"ImageObject","inLanguage":"de","@id":"https:\/\/tipu.ee\/#\/schema\/logo\/image\/","url":"https:\/\/tipu.ee\/wp-content\/uploads\/2024\/01\/tipulogo.png","contentUrl":"https:\/\/tipu.ee\/wp-content\/uploads\/2024\/01\/tipulogo.png","width":205,"height":120,"caption":"TIPU"},"image":{"@id":"https:\/\/tipu.ee\/#\/schema\/logo\/image\/"}}]}},"_links":{"self":[{"href":"https:\/\/tipu.ee\/de\/wp-json\/wp\/v2\/product\/950","targetHints":{"allow":["GET"]}}],"collection":[{"href":"https:\/\/tipu.ee\/de\/wp-json\/wp\/v2\/product"}],"about":[{"href":"https:\/\/tipu.ee\/de\/wp-json\/wp\/v2\/types\/product"}],"replies":[{"embeddable":true,"href":"https:\/\/tipu.ee\/de\/wp-json\/wp\/v2\/comments?post=950"}],"wp:featuredmedia":[{"embeddable":true,"href":"https:\/\/tipu.ee\/de\/wp-json\/wp\/v2\/media\/931"}],"wp:attachment":[{"href":"https:\/\/tipu.ee\/de\/wp-json\/wp\/v2\/media?parent=950"}],"wp:term":[{"taxonomy":"product_cat","embeddable":true,"href":"https:\/\/tipu.ee\/de\/wp-json\/wp\/v2\/product_cat?post=950"},{"taxonomy":"product_tag","embeddable":true,"href":"https:\/\/tipu.ee\/de\/wp-json\/wp\/v2\/product_tag?post=950"}],"curies":[{"name":"wp","href":"https:\/\/api.w.org\/{rel}","templated":true}]}}